{"id":47164,"date":"2025-08-04T19:29:12","date_gmt":"2025-08-04T19:29:12","guid":{"rendered":"https:\/\/smartyplantsnursery.com\/diseno-de-jardines-gratis\/"},"modified":"2025-08-19T18:20:15","modified_gmt":"2025-08-19T18:20:15","slug":"diseno-de-jardines-gratis","status":"publish","type":"page","link":"https:\/\/smartyplantsnursery.com\/es\/diseno-de-jardines-gratis\/","title":{"rendered":"Dise\u00f1o de jardines GRATIS"},"content":{"rendered":"\t\t<div data-elementor-type=\"wp-page\" data-elementor-id=\"47164\" class=\"elementor elementor-47164 elementor-41328\" data-elementor-post-type=\"page\">\n\t\t\t\t<div class=\"elementor-element elementor-element-3a69044 e-flex e-con-boxed e-con e-parent\" data-id=\"3a69044\" data-element_type=\"container\" data-e-type=\"container\">\n\t\t\t\t\t<div class=\"e-con-inner\">\n\t\t\t\t<div class=\"elementor-element elementor-element-8f0aca4 elementor-widget elementor-widget-heading\" data-id=\"8f0aca4\" data-element_type=\"widget\" data-e-type=\"widget\" data-widget_type=\"heading.default\">\n\t\t\t\t<div class=\"elementor-widget-container\">\n\t\t\t\t\t<h2 class=\"elementor-heading-title elementor-size-default\">Dise\u00f1o de jardines GRATIS<\/h2>\t\t\t\t<\/div>\n\t\t\t\t<\/div>\n\t\t\t\t\t<\/div>\n\t\t\t\t<\/div>\n\t\t<div class=\"elementor-element elementor-element-3c2aa69 e-flex e-con-boxed e-con e-parent\" data-id=\"3c2aa69\" data-element_type=\"container\" data-e-type=\"container\">\n\t\t\t\t\t<div class=\"e-con-inner\">\n\t\t<div class=\"elementor-element elementor-element-7684793 e-con-full e-flex e-con e-child\" data-id=\"7684793\" data-element_type=\"container\" data-e-type=\"container\">\n\t\t\t\t<div class=\"elementor-element elementor-element-654bc34 elementor-widget elementor-widget-video\" data-id=\"654bc34\" data-element_type=\"widget\" data-e-type=\"widget\" data-settings=\"{&quot;youtube_url&quot;:&quot;https:\\\/\\\/youtu.be\\\/bYIGpmmPoFw?si=ZGRxbaoWNoeMEZM2&quot;,&quot;video_type&quot;:&quot;youtube&quot;,&quot;controls&quot;:&quot;yes&quot;}\" data-widget_type=\"video.default\">\n\t\t\t\t<div class=\"elementor-widget-container\">\n\t\t\t\t\t\t\t<div class=\"elementor-wrapper elementor-open-inline\">\n\t\t\t<div class=\"elementor-video\"><\/div>\t\t<\/div>\n\t\t\t\t\t\t<\/div>\n\t\t\t\t<\/div>\n\t\t\t\t<\/div>\n\t\t<div class=\"elementor-element elementor-element-09012c4 e-con-full e-flex e-con e-child\" data-id=\"09012c4\" data-element_type=\"container\" data-e-type=\"container\">\n\t\t\t\t<div class=\"elementor-element elementor-element-10c2788 elementor-widget elementor-widget-text-editor\" data-id=\"10c2788\" data-element_type=\"widget\" data-e-type=\"widget\" data-widget_type=\"text-editor.default\">\n\t\t\t\t<div class=\"elementor-widget-container\">\n\t\t\t\t\t\t\t\t\t<p>Dise\u00f1e su propio jard\u00edn de forma f\u00e1cil y r\u00e1pida con solo unos clics utilizando las herramientas GRATUITAS de Smarty Plants Nursery. A continuaci\u00f3n, a\u00f1ada sus plantas al carrito para obtener un presupuesto inmediato y Smarty Plants Nursery har\u00e1 el resto: entregar\u00e1 e instalar\u00e1 las plantas. Por favor, vea el v\u00eddeo para obtener m\u00e1s detalles sobre c\u00f3mo dise\u00f1ar su jard\u00edn utilizando SmartyPlantsNursery.com.<\/p>\t\t\t\t\t\t\t\t<\/div>\n\t\t\t\t<\/div>\n\t\t\t\t<\/div>\n\t\t\t\t\t<\/div>\n\t\t\t\t<\/div>\n\t\t\t\t<\/div>\n\t\t","protected":false},"excerpt":{"rendered":"<p>Dise\u00f1o de jardines GRATIS https:\/\/youtu.be\/bYIGpmmPoFw?si=ZGRxbaoWNoeMEZM2 Dise\u00f1e su propio jard\u00edn de forma f\u00e1cil y r\u00e1pida con solo unos clics utilizando las herramientas GRATUITAS de Smarty Plants Nursery. A continuaci\u00f3n, a\u00f1ada sus plantas al carrito para obtener un presupuesto inmediato y Smarty Plants Nursery har\u00e1 el resto: entregar\u00e1 e instalar\u00e1 las plantas. Por favor, vea el v\u00eddeo [&hellip;]<\/p>\n","protected":false},"author":1,"featured_media":0,"parent":0,"menu_order":0,"comment_status":"closed","ping_status":"closed","template":"","meta":{"footnotes":""},"class_list":["post-47164","page","type-page","status-publish","hentry"],"aioseo_notices":[],"_links":{"self":[{"href":"https:\/\/smartyplantsnursery.com\/es\/wp-json\/wp\/v2\/pages\/47164","targetHints":{"allow":["GET"]}}],"collection":[{"href":"https:\/\/smartyplantsnursery.com\/es\/wp-json\/wp\/v2\/pages"}],"about":[{"href":"https:\/\/smartyplantsnursery.com\/es\/wp-json\/wp\/v2\/types\/page"}],"author":[{"embeddable":true,"href":"https:\/\/smartyplantsnursery.com\/es\/wp-json\/wp\/v2\/users\/1"}],"replies":[{"embeddable":true,"href":"https:\/\/smartyplantsnursery.com\/es\/wp-json\/wp\/v2\/comments?post=47164"}],"version-history":[{"count":0,"href":"https:\/\/smartyplantsnursery.com\/es\/wp-json\/wp\/v2\/pages\/47164\/revisions"}],"wp:attachment":[{"href":"https:\/\/smartyplantsnursery.com\/es\/wp-json\/wp\/v2\/media?parent=47164"}],"curies":[{"name":"wp","href":"https:\/\/api.w.org\/{rel}","templated":true}]}}