{"id":47187,"date":"2023-05-04T20:56:36","date_gmt":"2023-05-04T20:56:36","guid":{"rendered":"https:\/\/smartyplantsnursery.com\/acuerdo-de-instalacion-de-jardines\/"},"modified":"2025-08-19T18:20:45","modified_gmt":"2025-08-19T18:20:45","slug":"acuerdo-de-instalacion-de-jardines","status":"publish","type":"page","link":"https:\/\/smartyplantsnursery.com\/es\/acuerdo-de-instalacion-de-jardines\/","title":{"rendered":"Acuerdo de instalaci\u00f3n de jardines"},"content":{"rendered":"\t\t<div data-elementor-type=\"wp-page\" data-elementor-id=\"47187\" class=\"elementor elementor-47187 elementor-32439\" data-elementor-post-type=\"page\">\n\t\t\t\t\t\t<section class=\"elementor-section elementor-top-section elementor-element elementor-element-e3f7172 elementor-section-boxed elementor-section-height-default elementor-section-height-default\" data-id=\"e3f7172\" data-element_type=\"section\" data-e-type=\"section\">\n\t\t\t\t\t\t<div class=\"elementor-container elementor-column-gap-default\">\n\t\t\t\t\t<div class=\"elementor-column elementor-col-100 elementor-top-column elementor-element elementor-element-2026d00\" data-id=\"2026d00\" data-element_type=\"column\" data-e-type=\"column\">\n\t\t\t<div class=\"elementor-widget-wrap elementor-element-populated\">\n\t\t\t\t\t\t<div class=\"elementor-element elementor-element-ca3f4d5 elementor-widget elementor-widget-heading\" data-id=\"ca3f4d5\" data-element_type=\"widget\" data-e-type=\"widget\" data-widget_type=\"heading.default\">\n\t\t\t\t<div class=\"elementor-widget-container\">\n\t\t\t\t\t<h2 class=\"elementor-heading-title elementor-size-default\">Acuerdo de instalaci\u00f3n de jardines<\/h2>\t\t\t\t<\/div>\n\t\t\t\t<\/div>\n\t\t\t\t\t<\/div>\n\t\t<\/div>\n\t\t\t\t\t<\/div>\n\t\t<\/section>\n\t\t\t\t<section class=\"elementor-section elementor-top-section elementor-element elementor-element-f5f1c55 elementor-section-boxed elementor-section-height-default elementor-section-height-default\" data-id=\"f5f1c55\" data-element_type=\"section\" data-e-type=\"section\">\n\t\t\t\t\t\t<div class=\"elementor-container elementor-column-gap-default\">\n\t\t\t\t\t<div class=\"elementor-column elementor-col-100 elementor-top-column elementor-element elementor-element-8dbb0f2\" data-id=\"8dbb0f2\" data-element_type=\"column\" data-e-type=\"column\">\n\t\t\t<div class=\"elementor-widget-wrap elementor-element-populated\">\n\t\t\t\t\t\t<div class=\"elementor-element elementor-element-aa38f13 elementor-widget elementor-widget-text-editor\" data-id=\"aa38f13\" data-element_type=\"widget\" data-e-type=\"widget\" data-widget_type=\"text-editor.default\">\n\t\t\t\t<div class=\"elementor-widget-container\">\n\t\t\t\t\t\t\t\t\t<div class=\"page\" title=\"P\u00e1gina 1\"><div class=\"layoutArea\"><div class=\"column\"><div class=\"page\" title=\"P\u00e1gina 1\"><div class=\"layoutArea\"><div class=\"column\"><p>Las plantas se instalar\u00e1n cuando se entreguen el martes o el viernes.<\/p><p>El servicio de plantaci\u00f3n de Smarty Plants Nursery incluye lo siguiente:<\/p><ul><li>Cavar un hoyo con el di\u00e1metro y la profundidad necesarios, adecuados para el sitio y la planta<\/li><li>Se incluye el entutorado de los \u00e1rboles cuando el instalador lo considere necesario<\/li><li>Retirada de las macetas desechadas<\/li><\/ul><\/div><\/div><\/div><div class=\"page\" title=\"P\u00e1gina 1\"><div class=\"layoutArea\"><div class=\"column\"><p>Reconozco que el \u00e1rea para plantar est\u00e1 despejada y es accesible. Los empleados de Smarty Plants Nursery no son responsables de mover ning\u00fan elemento necesario para acceder. <\/p><div class=\"page\" title=\"P\u00e1gina 1\"><div class=\"layoutArea\"><div class=\"column\"><p>Reconozco que Smarty Plants Nursery no se hace responsable de los da\u00f1os que puedan sufrir las tuber\u00edas y los servicios subterr\u00e1neos durante el proceso de instalaci\u00f3n. (Por favor, revele la ubicaci\u00f3n del sistema s\u00e9ptico antes de la instalaci\u00f3n). <\/p><div class=\"page\" title=\"P\u00e1gina 1\"><div class=\"layoutArea\"><div class=\"column\"><p>Reconozco que Smarty Plants Nursery no se hace responsable de la retirada de tocones o material vegetal del lugar de plantaci\u00f3n. Si se desea instalar una nueva planta sobre un \u00e1rbol previamente retirado, me asegurar\u00e9 de que el toc\u00f3n se retire por completo o se \u201ccave profundamente\u201d hasta una profundidad m\u00ednima de seis pulgadas mayor que la profundidad del contenedor de la nueva planta. <\/p><\/div><\/div><\/div><\/div><\/div><\/div><\/div><\/div><\/div><p>Reconozco que el servicio de instalaci\u00f3n incluye la retirada de suficiente c\u00e9sped solo para la nueva planta. La retirada de c\u00e9sped para nuevos macizos debe realizarse antes de la fecha de entrega. Tambi\u00e9n entiendo que es muy recomendable retirar toda la franja de c\u00e9sped para la instalaci\u00f3n de nuevos setos.  <\/p><\/div><p>Reconozco que el servicio de instalaci\u00f3n no incluye la eliminaci\u00f3n de tierra o rocas.<\/p><\/div><\/div>\t\t\t\t\t\t\t\t<\/div>\n\t\t\t\t<\/div>\n\t\t\t\t\t<\/div>\n\t\t<\/div>\n\t\t\t\t\t<\/div>\n\t\t<\/section>\n\t\t\t\t<section class=\"elementor-section elementor-top-section elementor-element elementor-element-b049bde elementor-section-boxed elementor-section-height-default elementor-section-height-default\" data-id=\"b049bde\" data-element_type=\"section\" data-e-type=\"section\">\n\t\t\t\t\t\t<div class=\"elementor-container elementor-column-gap-default\">\n\t\t\t\t\t<div class=\"elementor-column elementor-col-100 elementor-top-column elementor-element elementor-element-7e3c067\" data-id=\"7e3c067\" data-element_type=\"column\" data-e-type=\"column\">\n\t\t\t<div class=\"elementor-widget-wrap elementor-element-populated\">\n\t\t\t\t\t\t<div class=\"elementor-element elementor-element-f0e3424 elementor-widget elementor-widget-text-editor\" data-id=\"f0e3424\" data-element_type=\"widget\" data-e-type=\"widget\" data-widget_type=\"text-editor.default\">\n\t\t\t\t<div class=\"elementor-widget-container\">\n\t\t\t\t\t\t\t\t\t<script type=\"text\/javascript\">\n\/* <![CDATA[ *\/\nvar gform;gform||(document.addEventListener(\"gform_main_scripts_loaded\",function(){gform.scriptsLoaded=!0}),document.addEventListener(\"gform\/theme\/scripts_loaded\",function(){gform.themeScriptsLoaded=!0}),window.addEventListener(\"DOMContentLoaded\",function(){gform.domLoaded=!0}),gform={domLoaded:!1,scriptsLoaded:!1,themeScriptsLoaded:!1,isFormEditor:()=>\"function\"==typeof InitializeEditor,callIfLoaded:function(o){return!(!gform.domLoaded||!gform.scriptsLoaded||!gform.themeScriptsLoaded&&!gform.isFormEditor()||(gform.isFormEditor()&&console.warn(\"The use of gform.initializeOnLoaded() is deprecated in the form editor context and will be removed in Gravity Forms 3.1.\"),o(),0))},initializeOnLoaded:function(o){gform.callIfLoaded(o)||(document.addEventListener(\"gform_main_scripts_loaded\",()=>{gform.scriptsLoaded=!0,gform.callIfLoaded(o)}),document.addEventListener(\"gform\/theme\/scripts_loaded\",()=>{gform.themeScriptsLoaded=!0,gform.callIfLoaded(o)}),window.addEventListener(\"DOMContentLoaded\",()=>{gform.domLoaded=!0,gform.callIfLoaded(o)}))},hooks:{action:{},filter:{}},addAction:function(o,r,e,t){gform.addHook(\"action\",o,r,e,t)},addFilter:function(o,r,e,t){gform.addHook(\"filter\",o,r,e,t)},doAction:function(o){gform.doHook(\"action\",o,arguments)},applyFilters:function(o){return gform.doHook(\"filter\",o,arguments)},removeAction:function(o,r){gform.removeHook(\"action\",o,r)},removeFilter:function(o,r,e){gform.removeHook(\"filter\",o,r,e)},addHook:function(o,r,e,t,n){null==gform.hooks[o][r]&&(gform.hooks[o][r]=[]);var d=gform.hooks[o][r];null==n&&(n=r+\"_\"+d.length),gform.hooks[o][r].push({tag:n,callable:e,priority:t=null==t?10:t})},doHook:function(r,o,e){var t;if(e=Array.prototype.slice.call(e,1),null!=gform.hooks[r][o]&&((o=gform.hooks[r][o]).sort(function(o,r){return o.priority-r.priority}),o.forEach(function(o){\"function\"!=typeof(t=o.callable)&&(t=window[t]),\"action\"==r?t.apply(null,e):e[0]=t.apply(null,e)})),\"filter\"==r)return e[0]},removeHook:function(o,r,t,n){var e;null!=gform.hooks[o][r]&&(e=(e=gform.hooks[o][r]).filter(function(o,r,e){return!!(null!=n&&n!=o.tag||null!=t&&t!=o.priority)}),gform.hooks[o][r]=e)}});\n\/* ]]> *\/\n<\/script>\n\n                <div class='gf_browser_gecko gform_wrapper gravity-theme gform-theme--no-framework' data-form-theme='gravity-theme' data-form-index='0' id='gform_wrapper_3' >\n                        <div class='gform_heading'>\n                            <h2 class=\"gform_title\">Acuerdo de instalaci\u00f3n de jardines<\/h2>\n                            <p class='gform_description'><\/p>\n                        <\/div><form method='post' enctype='multipart\/form-data'  id='gform_3'  action='\/es\/wp-json\/wp\/v2\/pages\/47187' data-formid='3' novalidate>\n                        <div class='gform-body gform_body'><div id='gform_fields_3' class='gform_fields top_label form_sublabel_below description_below validation_below'><fieldset id=\"field_3_1\" class=\"gfield gfield--type-checkbox gfield--type-choice gfield_contains_required field_sublabel_below gfield--no-description field_description_below field_validation_below gfield_visibility_visible\"  ><legend class='gfield_label gform-field-label gfield_label_before_complex' >Acuerdo de instalaci\u00f3n de jardines<span class=\"gfield_required\"><span class=\"gfield_required gfield_required_text\">(Obligatorio)<\/span><\/span><\/legend><div class='ginput_container ginput_container_checkbox'><div class='gfield_checkbox ' id='input_3_1'><div class='gchoice gchoice_3_1_1'>\n\t\t\t\t\t\t\t\t<input class='gfield-choice-input' name='input_1.1' type='checkbox'  value='He le\u00eddo y acepto todos los t\u00e9rminos del Acuerdo de Instalaci\u00f3n de Jardines de Smarty Plants Nursery.'  id='choice_3_1_1'   \/>\n\t\t\t\t\t\t\t\t<label for='choice_3_1_1' id='label_3_1_1' class='gform-field-label gform-field-label--type-inline'>He le\u00eddo y acepto todos los t\u00e9rminos del Acuerdo de Instalaci\u00f3n de Jardines de Smarty Plants Nursery.<\/label>\n\t\t\t\t\t\t\t<\/div><\/div><\/div><\/fieldset><fieldset id=\"field_3_3\" class=\"gfield gfield--type-name gfield--width-full gfield_contains_required field_sublabel_below gfield--no-description field_description_below field_validation_below gfield_visibility_visible\"  ><legend class='gfield_label gform-field-label gfield_label_before_complex' >Nombre<span class=\"gfield_required\"><span class=\"gfield_required gfield_required_text\">(Obligatorio)<\/span><\/span><\/legend><div class='ginput_complex ginput_container ginput_container--name no_prefix has_first_name no_middle_name has_last_name no_suffix gf_name_has_2 ginput_container_name gform-grid-row' id='input_3_3'>\n                            \n                            <span id='input_3_3_3_container' class='name_first gform-grid-col gform-grid-col--size-auto' >\n                                                    <input type='text' name='input_3.3' id='input_3_3_3' value=''   aria-required='true'     \/>\n                                                    <label for='input_3_3_3' class='gform-field-label gform-field-label--type-sub '>Nombre<\/label>\n                                                <\/span>\n                            \n                            <span id='input_3_3_6_container' class='name_last gform-grid-col gform-grid-col--size-auto' >\n                                                    <input type='text' name='input_3.6' id='input_3_3_6' value=''   aria-required='true'     \/>\n                                                    <label for='input_3_3_6' class='gform-field-label gform-field-label--type-sub '>Apellidos<\/label>\n                                                <\/span>\n                            \n                        <\/div><\/fieldset><div id=\"field_3_4\" class=\"gfield gfield--type-date gfield--input-type-datepicker gfield--datepicker-no-icon gfield--width-full gfield_contains_required field_sublabel_below gfield--no-description field_description_below field_validation_below gfield_visibility_visible\"  ><label class='gfield_label gform-field-label' for='input_3_4'>Fecha<span class=\"gfield_required\"><span class=\"gfield_required gfield_required_text\">(Obligatorio)<\/span><\/span><\/label><div class='ginput_container ginput_container_date'>\n                            <input name='input_4' id='input_3_4' type='text' value='' class='datepicker gform-datepicker mdy datepicker_no_icon gdatepicker-no-icon'   placeholder='mm\/dd\/aaaa' aria-describedby=\"input_3_4_date_format\" aria-invalid=\"false\" aria-required=\"true\"\/>\n                            <span id='input_3_4_date_format' class='screen-reader-text'>MM barra DD barra AAAA<\/span>\n                        <\/div>\n                        <input type='hidden' id='gforms_calendar_icon_input_3_4' class='gform_hidden' value='https:\/\/smartyplantsnursery.com\/wp-content\/plugins\/gravityforms\/images\/datepicker\/datepicker.svg'\/><\/div><\/div><\/div>\n        <div class='gform-footer gform_footer top_label'> <input type='submit' id='gform_submit_button_3' class='gform_button button' onclick='gform.submission.handleButtonClick(this);' data-submission-type='submit' value='Enviar'  \/> \n            <input type='hidden' class='gform_hidden' name='gform_submission_method' data-js='gform_submission_method_3' value='postback' \/>\n            <input type='hidden' class='gform_hidden' name='gform_theme' data-js='gform_theme_3' id='gform_theme_3' value='gravity-theme' \/>\n            <input type='hidden' class='gform_hidden' name='gform_style_settings' data-js='gform_style_settings_3' id='gform_style_settings_3' value='[]' \/>\n            <input type='hidden' class='gform_hidden' name='is_submit_3' value='1' \/>\n            <input type='hidden' class='gform_hidden' name='gform_submit' value='3' \/>\n            \n            <input type='hidden' class='gform_hidden' name='gform_currency' data-currency='USD' value='Q4ybP36Nu3J5GksoFyA9FLWm247DtKU5VdpY32FrQKUapbNRs4CNmGmLVemebEWmsu33epPaSGOZrKd1npoO86LMK005JJDtTyrjePwbsOOGEH8=' \/>\n            <input type='hidden' class='gform_hidden' name='gform_unique_id' value='' \/>\n            <input type='hidden' class='gform_hidden' name='state_3' value='WyJ7XCIxLjFcIjpcImFmZWUzMmYyZjJiOGYzZWViYjdkZTZhZDU2ZTYzZTRjXCJ9IiwiMDI4MWFhNWFkN2I0NDdiZjdlM2RkODJlMWQ1NTdmYTMiXQ==' \/>\n            <input type='hidden' autocomplete='off' class='gform_hidden' name='gform_target_page_number_3' id='gform_target_page_number_3' value='0' \/>\n            <input type='hidden' autocomplete='off' class='gform_hidden' name='gform_source_page_number_3' id='gform_source_page_number_3' value='1' \/>\n            <input type='hidden' name='gform_field_values' value='' \/>\n            \n        <\/div>\n                        <\/form>\n                        <\/div><script type=\"text\/javascript\">\n\/* <![CDATA[ *\/\n gform.initializeOnLoaded( function() {gformInitSpinner( 3, 'https:\/\/smartyplantsnursery.com\/wp-content\/plugins\/gravityforms\/images\/spinner.svg', true );jQuery('#gform_ajax_frame_3').on('load',function(){var contents = jQuery(this).contents().find('*').html();var is_postback = contents.indexOf('GF_AJAX_POSTBACK') >= 0;if(!is_postback){return;}var form_content = jQuery(this).contents().find('#gform_wrapper_3');var is_confirmation = jQuery(this).contents().find('#gform_confirmation_wrapper_3').length > 0;var is_redirect = contents.indexOf('gformRedirect(){') >= 0;var is_form = form_content.length > 0 && ! is_redirect && ! is_confirmation;var mt = parseInt(jQuery('html').css('margin-top'), 10) + parseInt(jQuery('body').css('margin-top'), 10) + 100;if(is_form){jQuery('#gform_wrapper_3').html(form_content.html());if(form_content.hasClass('gform_validation_error')){jQuery('#gform_wrapper_3').addClass('gform_validation_error');} else {jQuery('#gform_wrapper_3').removeClass('gform_validation_error');}setTimeout( function() { \/* delay the scroll by 50 milliseconds to fix a bug in chrome *\/  }, 50 );if(window['gformInitDatepicker']) {gformInitDatepicker();}if(window['gformInitPriceFields']) {gformInitPriceFields();}var current_page = jQuery('#gform_source_page_number_3').val();gformInitSpinner( 3, 'https:\/\/smartyplantsnursery.com\/wp-content\/plugins\/gravityforms\/images\/spinner.svg', true );jQuery(document).trigger('gform_page_loaded', [3, current_page]);window['gf_submitting_3'] = false;}else if(!is_redirect){var confirmation_content = jQuery(this).contents().find('.GF_AJAX_POSTBACK').html();if(!confirmation_content){confirmation_content = contents;}jQuery('#gform_wrapper_3').replaceWith(confirmation_content);jQuery(document).trigger('gform_confirmation_loaded', [3]);window['gf_submitting_3'] = false;wp.a11y.speak(jQuery('#gform_confirmation_message_3').text());}else{jQuery('#gform_3').append(contents);if(window['gformRedirect']) {gformRedirect();}}jQuery(document).trigger(\"gform_pre_post_render\", [{ formId: \"3\", currentPage: \"current_page\", abort: function() { this.preventDefault(); } }]);        if (event && event.defaultPrevented) {                return;        }        const gformWrapperDiv = document.getElementById( \"gform_wrapper_3\" );        if ( gformWrapperDiv ) {            const visibilitySpan = document.createElement( \"span\" );            visibilitySpan.id = \"gform_visibility_test_3\";            gformWrapperDiv.insertAdjacentElement( \"afterend\", visibilitySpan );        }        const visibilityTestDiv = document.getElementById( \"gform_visibility_test_3\" );        let postRenderFired = false;        function triggerPostRender() {            if ( postRenderFired ) {                return;            }            postRenderFired = true;            gform.core.triggerPostRenderEvents( 3, current_page );            if ( visibilityTestDiv ) {                visibilityTestDiv.parentNode.removeChild( visibilityTestDiv );            }        }        function debounce( func, wait, immediate ) {            var timeout;            return function() {                var context = this, args = arguments;                var later = function() {                    timeout = null;                    if ( !immediate ) func.apply( context, args );                };                var callNow = immediate && !timeout;                clearTimeout( timeout );                timeout = setTimeout( later, wait );                if ( callNow ) func.apply( context, args );            };        }        const debouncedTriggerPostRender = debounce( function() {            triggerPostRender();        }, 200 );        if ( visibilityTestDiv && visibilityTestDiv.offsetParent === null ) {            const observer = new MutationObserver( ( mutations ) => {                mutations.forEach( ( mutation ) => {                    if ( mutation.type === 'attributes' && visibilityTestDiv.offsetParent !== null ) {                        debouncedTriggerPostRender();                        observer.disconnect();                    }                });            });            observer.observe( document.body, {                attributes: true,                childList: false,                subtree: true,                attributeFilter: [ 'style', 'class' ],            });        } else {            triggerPostRender();        }    } );} ); \n\/* ]]> *\/\n<\/script>\n\t\t\t\t\t\t\t\t<\/div>\n\t\t\t\t<\/div>\n\t\t\t\t\t<\/div>\n\t\t<\/div>\n\t\t\t\t\t<\/div>\n\t\t<\/section>\n\t\t\t\t<\/div>\n\t\t","protected":false},"excerpt":{"rendered":"<p>Acuerdo de instalaci\u00f3n de jardines Las plantas se instalar\u00e1n cuando se entreguen el martes o el viernes. El servicio de plantaci\u00f3n de Smarty Plants Nursery incluye lo siguiente: Cavar un hoyo con el di\u00e1metro y la profundidad necesarios, adecuados para el sitio y la planta Se incluye el entutorado de los \u00e1rboles cuando el instalador [&hellip;]<\/p>\n","protected":false},"author":1,"featured_media":0,"parent":0,"menu_order":0,"comment_status":"closed","ping_status":"closed","template":"","meta":{"footnotes":""},"class_list":["post-47187","page","type-page","status-publish","hentry"],"aioseo_notices":[],"_links":{"self":[{"href":"https:\/\/smartyplantsnursery.com\/es\/wp-json\/wp\/v2\/pages\/47187","targetHints":{"allow":["GET"]}}],"collection":[{"href":"https:\/\/smartyplantsnursery.com\/es\/wp-json\/wp\/v2\/pages"}],"about":[{"href":"https:\/\/smartyplantsnursery.com\/es\/wp-json\/wp\/v2\/types\/page"}],"author":[{"embeddable":true,"href":"https:\/\/smartyplantsnursery.com\/es\/wp-json\/wp\/v2\/users\/1"}],"replies":[{"embeddable":true,"href":"https:\/\/smartyplantsnursery.com\/es\/wp-json\/wp\/v2\/comments?post=47187"}],"version-history":[{"count":0,"href":"https:\/\/smartyplantsnursery.com\/es\/wp-json\/wp\/v2\/pages\/47187\/revisions"}],"wp:attachment":[{"href":"https:\/\/smartyplantsnursery.com\/es\/wp-json\/wp\/v2\/media?parent=47187"}],"curies":[{"name":"wp","href":"https:\/\/api.w.org\/{rel}","templated":true}]}}