{"id":47191,"date":"2023-04-21T18:47:54","date_gmt":"2023-04-21T18:47:54","guid":{"rendered":"https:\/\/smartyplantsnursery.com\/revisar\/"},"modified":"2025-08-20T21:28:52","modified_gmt":"2025-08-20T21:28:52","slug":"revisar","status":"publish","type":"page","link":"https:\/\/smartyplantsnursery.com\/es\/revisar\/","title":{"rendered":"Revisar"},"content":{"rendered":"<h2>Escriba una rese\u00f1a en Google, Facebook o sobre una planta y obtenga 12,50 $ de descuento<\/h2>\n<p>\t\t\t\t\t\t\t\t\t\t\t\t<a tabindex=\"0\">Google<\/a><\/p>\n<p>Paso 1: Haga clic <a href=\"https:\/\/g.page\/r\/CVdbSxWHGhtDEBM\/review\">aqu\u00ed<\/a> para escribir una rese\u00f1a.<a href=\"https:\/\/smartyplantsnursery.com\/wp-content\/uploads\/2024\/02\/Screen-Shot-2024-02-08-at-6.08.47-PM.png\"><br \/><\/a><\/p>\n<p>Paso 2: Env\u00ede un <a href=\"mailto:%20info@smartyplantsnursery.com?subject=Google%20Review!&amp;body=I%20submitted%20a%20Google%20Review,%20please%20email%20me%20the%20coupon%20code.\">correo electr\u00f3nico<\/a> a Smarty Plants Nursery.<\/p>\n<p>Paso 3: Smarty Plants Nursery le enviar\u00e1 el c\u00f3digo de cup\u00f3n por correo electr\u00f3nico.<\/p>\n<p>\t\t\t\t\t\t\t\t\t\t\t\t<a tabindex=\"0\">Facebook<\/a><\/p>\n<p>Paso 1: Haga clic <a href=\"https:\/\/www.facebook.com\/people\/Smarty-Plants-Nursery\/100092758385361\/\">aqu\u00ed<\/a> para escribir una rese\u00f1a.<a href=\"https:\/\/smartyplantsnursery.com\/wp-content\/uploads\/2024\/02\/Screen-Shot-2024-02-08-at-6.08.47-PM.png\"><br \/><\/a><\/p>\n<p>Paso 2: Env\u00ede un <a href=\"mailto:%20info@smartyplantsnursery.com?subject=Google%20Review!&amp;body=I%20submitted%20a%20Google%20Review,%20please%20email%20me%20the%20coupon%20code.\">correo electr\u00f3nico<\/a> a Smarty Plants Nursery.<\/p>\n<p>Paso 3: Smarty Plants Nursery le enviar\u00e1 el c\u00f3digo de cup\u00f3n por correo electr\u00f3nico.<\/p>\n<p>\t\t\t\t\t\t\t\t\t\t\t\t<a tabindex=\"0\">Planta<\/a><\/p>\n<p>Paso 1: Visite la <a href=\"https:\/\/smartyplantsnursery.com\/shop\/\">tienda<\/a>.<\/p>\n<p>Paso 2: Haga clic en cualquier planta.<\/p>\n<p><a href=\"https:\/\/smartyplantsnursery.com\/wp-content\/uploads\/2024\/02\/Screen-Shot-2024-02-08-at-7.01.10-PM.png\"><img fetchpriority=\"high\" decoding=\"async\" src=\"https:\/\/smartyplantsnursery.com\/wp-content\/uploads\/2024\/02\/Screen-Shot-2024-02-08-at-7.01.10-PM-225x300.png\" alt=\"\" width=\"225\" height=\"300\"><\/a><\/p>\n<p>Paso 3: Despl\u00e1cese hacia abajo y haga clic en rese\u00f1as<\/p>\n<p><a href=\"https:\/\/smartyplantsnursery.com\/wp-content\/uploads\/2024\/02\/Screen-Shot-2024-02-08-at-7.02.17-PM.png\"><img decoding=\"async\" src=\"https:\/\/smartyplantsnursery.com\/wp-content\/uploads\/2024\/02\/Screen-Shot-2024-02-08-at-7.02.17-PM.png\" alt=\"\" width=\"169\" height=\"87\"><\/a><\/p>\n<p>Paso 4: Escriba su rese\u00f1a y haga clic en Enviar<\/p>\n<p><a href=\"https:\/\/smartyplantsnursery.com\/wp-content\/uploads\/2024\/02\/Screen-Shot-2024-02-08-at-7.03.52-PM.png\"><img decoding=\"async\" src=\"https:\/\/smartyplantsnursery.com\/wp-content\/uploads\/2024\/02\/Screen-Shot-2024-02-08-at-7.03.52-PM-300x131.png\" alt=\"\" width=\"300\" height=\"131\"><\/a><\/p>\n<p>Paso 5: Smarty Plants Nursery le enviar\u00e1 el c\u00f3digo de cup\u00f3n por correo electr\u00f3nico.<\/p>\n","protected":false},"excerpt":{"rendered":"<p>Escriba una rese\u00f1a en Google, Facebook o sobre una planta y obtenga 12,50 $ de descuento Google Paso 1: Haga clic aqu\u00ed para escribir una rese\u00f1a. Paso 2: Env\u00ede un correo electr\u00f3nico a Smarty Plants Nursery. Paso 3: Smarty Plants Nursery le enviar\u00e1 el c\u00f3digo de cup\u00f3n por correo electr\u00f3nico. Facebook Paso 1: Haga clic [&hellip;]<\/p>\n","protected":false},"author":1,"featured_media":0,"parent":0,"menu_order":0,"comment_status":"closed","ping_status":"closed","template":"","meta":{"footnotes":""},"class_list":["post-47191","page","type-page","status-publish","hentry"],"aioseo_notices":[],"_links":{"self":[{"href":"https:\/\/smartyplantsnursery.com\/es\/wp-json\/wp\/v2\/pages\/47191","targetHints":{"allow":["GET"]}}],"collection":[{"href":"https:\/\/smartyplantsnursery.com\/es\/wp-json\/wp\/v2\/pages"}],"about":[{"href":"https:\/\/smartyplantsnursery.com\/es\/wp-json\/wp\/v2\/types\/page"}],"author":[{"embeddable":true,"href":"https:\/\/smartyplantsnursery.com\/es\/wp-json\/wp\/v2\/users\/1"}],"replies":[{"embeddable":true,"href":"https:\/\/smartyplantsnursery.com\/es\/wp-json\/wp\/v2\/comments?post=47191"}],"version-history":[{"count":0,"href":"https:\/\/smartyplantsnursery.com\/es\/wp-json\/wp\/v2\/pages\/47191\/revisions"}],"wp:attachment":[{"href":"https:\/\/smartyplantsnursery.com\/es\/wp-json\/wp\/v2\/media?parent=47191"}],"curies":[{"name":"wp","href":"https:\/\/api.w.org\/{rel}","templated":true}]}}