{"id":47195,"date":"2023-10-26T00:09:59","date_gmt":"2023-10-26T00:09:59","guid":{"rendered":"https:\/\/smartyplantsnursery.com\/por-que-elegirnos\/"},"modified":"2026-04-02T16:02:37","modified_gmt":"2026-04-02T16:02:37","slug":"por-que-elegirnos","status":"publish","type":"page","link":"https:\/\/smartyplantsnursery.com\/es\/por-que-elegirnos\/","title":{"rendered":"\u00bfPor qu\u00e9 elegirnos?"},"content":{"rendered":"\t\t<div data-elementor-type=\"wp-page\" data-elementor-id=\"47195\" class=\"elementor elementor-47195 elementor-35244\" data-elementor-post-type=\"page\">\n\t\t\t\t\t\t<section class=\"elementor-section elementor-top-section elementor-element elementor-element-48bec7c elementor-section-boxed elementor-section-height-default elementor-section-height-default\" data-id=\"48bec7c\" data-element_type=\"section\" data-e-type=\"section\">\n\t\t\t\t\t\t<div class=\"elementor-container elementor-column-gap-default\">\n\t\t\t\t\t<div class=\"elementor-column elementor-col-100 elementor-top-column elementor-element elementor-element-07f25bc\" data-id=\"07f25bc\" data-element_type=\"column\" data-e-type=\"column\">\n\t\t\t<div class=\"elementor-widget-wrap elementor-element-populated\">\n\t\t\t\t\t\t<div class=\"elementor-element elementor-element-c2ec79c elementor-widget elementor-widget-heading\" data-id=\"c2ec79c\" data-element_type=\"widget\" data-e-type=\"widget\" data-widget_type=\"heading.default\">\n\t\t\t\t<div class=\"elementor-widget-container\">\n\t\t\t\t\t<h2 class=\"elementor-heading-title elementor-size-default\">\u00bfPor qu\u00e9 elegirnos?<\/h2>\t\t\t\t<\/div>\n\t\t\t\t<\/div>\n\t\t\t\t\t<\/div>\n\t\t<\/div>\n\t\t\t\t\t<\/div>\n\t\t<\/section>\n\t\t<div class=\"elementor-element elementor-element-d825f52 e-flex e-con-boxed e-con e-parent\" data-id=\"d825f52\" data-element_type=\"container\" data-e-type=\"container\">\n\t\t\t\t\t<div class=\"e-con-inner\">\n\t\t<div class=\"elementor-element elementor-element-fd54115 e-con-full e-flex e-con e-child\" data-id=\"fd54115\" data-element_type=\"container\" data-e-type=\"container\">\n\t\t\t\t<div class=\"elementor-element elementor-element-43dedd5 elementor-widget elementor-widget-image\" data-id=\"43dedd5\" data-element_type=\"widget\" data-e-type=\"widget\" data-widget_type=\"image.default\">\n\t\t\t\t<div class=\"elementor-widget-container\">\n\t\t\t\t\t\t\t\t\t\t\t\t\t\t\t<img decoding=\"async\" width=\"281\" height=\"167\" src=\"https:\/\/smartyplantsnursery.com\/wp-content\/uploads\/2023\/10\/Screen-Shot-2023-10-25-at-8.18.45-PM.webp\" class=\"attachment-full size-full wp-image-42938\" alt=\"\" \/>\t\t\t\t\t\t\t\t\t\t\t\t\t\t\t<\/div>\n\t\t\t\t<\/div>\n\t\t\t\t<\/div>\n\t\t<div class=\"elementor-element elementor-element-b225352 e-con-full e-flex e-con e-child\" data-id=\"b225352\" data-element_type=\"container\" data-e-type=\"container\">\n\t\t\t\t<div class=\"elementor-element elementor-element-65a07b1 elementor-widget elementor-widget-heading\" data-id=\"65a07b1\" data-element_type=\"widget\" data-e-type=\"widget\" data-widget_type=\"heading.default\">\n\t\t\t\t<div class=\"elementor-widget-container\">\n\t\t\t\t\t<h2 class=\"elementor-heading-title elementor-size-default\">Vivero online<\/h2>\t\t\t\t<\/div>\n\t\t\t\t<\/div>\n\t\t\t\t<div class=\"elementor-element elementor-element-72c94e4 elementor-widget elementor-widget-text-editor\" data-id=\"72c94e4\" data-element_type=\"widget\" data-e-type=\"widget\" data-widget_type=\"text-editor.default\">\n\t\t\t\t<div class=\"elementor-widget-container\">\n\t\t\t\t\t\t\t\t\t<p>Dado que Smarty Plants Nursery es un vivero en l\u00ednea, puede ofrecerle las siguientes ventajas que no se pueden obtener en un vivero tradicional:<\/p><ul><li><b>LAS PLANTAS M\u00c1S BONITAS<\/b> \u2013 Smarty Plants Nursery tiene acceso a cientos de acres de cultivadores, por lo que siempre puede encontrar las plantas m\u00e1s bonitas<\/li><li><b>MEJOR PRECIO<\/b><strong>S<\/strong>: el modelo de negocio online de bajo coste permite a Smarty Plants Nursery trasladarte los ahorros a TI en forma de los mejores precios. Si encuentras un precio mejor en otro vivero, <a href=\"https:\/\/smartyplantsnursery.com\/es\/mejor-precio\/\">av\u00edsanos<\/a> e igualaremos el precio. <\/li><li><b>VARIEDAD<\/b>: m\u00e1s de 400 especies de plantas en varios tama\u00f1os de maceta: de 1 gal\u00f3n a 200 galones<\/li><li><b>COMODIDAD<\/b> \u2013 posibilidad de comprar sus plantas con solo unos clics<\/li><\/ul>\t\t\t\t\t\t\t\t<\/div>\n\t\t\t\t<\/div>\n\t\t\t\t<\/div>\n\t\t\t\t\t<\/div>\n\t\t\t\t<\/div>\n\t\t<div class=\"elementor-element elementor-element-1f4b107 e-flex e-con-boxed e-con e-parent\" data-id=\"1f4b107\" data-element_type=\"container\" data-e-type=\"container\" data-settings=\"{&quot;background_background&quot;:&quot;classic&quot;}\">\n\t\t\t\t\t<div class=\"e-con-inner\">\n\t\t<div class=\"elementor-element elementor-element-434a7b2 e-con-full e-flex e-con e-child\" data-id=\"434a7b2\" data-element_type=\"container\" data-e-type=\"container\">\n\t\t\t\t<div class=\"elementor-element elementor-element-0bd9b97 elementor-widget elementor-widget-image\" data-id=\"0bd9b97\" data-element_type=\"widget\" data-e-type=\"widget\" data-widget_type=\"image.default\">\n\t\t\t\t<div class=\"elementor-widget-container\">\n\t\t\t\t\t\t\t\t\t\t\t\t\t\t\t<img fetchpriority=\"high\" decoding=\"async\" width=\"500\" height=\"500\" src=\"https:\/\/smartyplantsnursery.com\/wp-content\/uploads\/2025\/06\/delivery.webp\" class=\"attachment-large size-large wp-image-43355\" alt=\"\" \/>\t\t\t\t\t\t\t\t\t\t\t\t\t\t\t<\/div>\n\t\t\t\t<\/div>\n\t\t\t\t<\/div>\n\t\t<div class=\"elementor-element elementor-element-9edf5a5 e-con-full e-flex e-con e-child\" data-id=\"9edf5a5\" data-element_type=\"container\" data-e-type=\"container\">\n\t\t\t\t<div class=\"elementor-element elementor-element-6738881 elementor-widget elementor-widget-heading\" data-id=\"6738881\" data-element_type=\"widget\" data-e-type=\"widget\" data-widget_type=\"heading.default\">\n\t\t\t\t<div class=\"elementor-widget-container\">\n\t\t\t\t\t<h2 class=\"elementor-heading-title elementor-size-default\">Recoger o<\/h2>\t\t\t\t<\/div>\n\t\t\t\t<\/div>\n\t\t\t\t<div class=\"elementor-element elementor-element-865d8af elementor-widget elementor-widget-text-editor\" data-id=\"865d8af\" data-element_type=\"widget\" data-e-type=\"widget\" data-widget_type=\"text-editor.default\">\n\t\t\t\t<div class=\"elementor-widget-container\">\n\t\t\t\t\t\t\t\t\t<p>\u00bfNo quiere pagar la tarifa de env\u00edo? Entonces puede recoger su planta en Miami, FL.<\/p>\t\t\t\t\t\t\t\t<\/div>\n\t\t\t\t<\/div>\n\t\t\t\t<div class=\"elementor-element elementor-element-40ba3ff elementor-widget elementor-widget-heading\" data-id=\"40ba3ff\" data-element_type=\"widget\" data-e-type=\"widget\" data-widget_type=\"heading.default\">\n\t\t\t\t<div class=\"elementor-widget-container\">\n\t\t\t\t\t<h2 class=\"elementor-heading-title elementor-size-default\">Entrega<\/h2>\t\t\t\t<\/div>\n\t\t\t\t<\/div>\n\t\t\t\t<div class=\"elementor-element elementor-element-b1c1dd5 elementor-widget elementor-widget-text-editor\" data-id=\"b1c1dd5\" data-element_type=\"widget\" data-e-type=\"widget\" data-widget_type=\"text-editor.default\">\n\t\t\t\t<div class=\"elementor-widget-container\">\n\t\t\t\t\t\t\t\t\t<p><b>LA TARIFA DE ENV\u00cdO M\u00c1S BAJA<\/b> \u2013 Para pedidos superiores a 200 $, el env\u00edo es GRATUITO. Si el pedido es inferior a 200 $, la entrega es de solo 0,55 $ por milla.<\/p><p><b>R\u00c1PIDO<\/b> \u2013 la entrega es todos los martes y viernes<\/p><p><b>SEGUIMIENTO<\/b> \u2013 el d\u00eda de la entrega, recibir\u00e1 un mensaje de texto con un enlace que le permitir\u00e1 realizar un seguimiento de su entrega. Ver\u00e1 exactamente d\u00f3nde est\u00e1 el cami\u00f3n, la hora estimada de llegada y se le notificar\u00e1 una vez que se complete la entrega.<\/p><p><b>PLANTAS MANIPULADAS CON CUIDADO<\/b> \u2013 la mejor manera de transportar plantas vivas es en cami\u00f3n, ya que las plantas est\u00e1n dentro del cami\u00f3n durante menos de 24 horas, por lo que llegan a su destino en las mismas condiciones en que estaban en el vivero<\/p>\t\t\t\t\t\t\t\t<\/div>\n\t\t\t\t<\/div>\n\t\t\t\t<\/div>\n\t\t\t\t\t<\/div>\n\t\t\t\t<\/div>\n\t\t<div class=\"elementor-element elementor-element-9f47ddd e-flex e-con-boxed e-con e-parent\" data-id=\"9f47ddd\" data-element_type=\"container\" data-e-type=\"container\">\n\t\t\t\t\t<div class=\"e-con-inner\">\n\t\t<div class=\"elementor-element elementor-element-102b42c e-con-full e-flex e-con e-child\" data-id=\"102b42c\" data-element_type=\"container\" data-e-type=\"container\">\n\t\t\t\t<div class=\"elementor-element elementor-element-855b837 elementor-widget elementor-widget-image\" data-id=\"855b837\" data-element_type=\"widget\" data-e-type=\"widget\" data-widget_type=\"image.default\">\n\t\t\t\t<div class=\"elementor-widget-container\">\n\t\t\t\t\t\t\t\t\t\t\t\t\t\t\t<img decoding=\"async\" width=\"365\" height=\"259\" src=\"https:\/\/smartyplantsnursery.com\/wp-content\/uploads\/2023\/07\/Screen-Shot-2023-07-19-at-1.51.59-PM.webp\" class=\"attachment-large size-large wp-image-42754\" alt=\"\" \/>\t\t\t\t\t\t\t\t\t\t\t\t\t\t\t<\/div>\n\t\t\t\t<\/div>\n\t\t\t\t<\/div>\n\t\t<div class=\"elementor-element elementor-element-b950bbc e-con-full e-flex e-con e-child\" data-id=\"b950bbc\" data-element_type=\"container\" data-e-type=\"container\">\n\t\t\t\t<div class=\"elementor-element elementor-element-e3636e2 elementor-widget elementor-widget-heading\" data-id=\"e3636e2\" data-element_type=\"widget\" data-e-type=\"widget\" data-widget_type=\"heading.default\">\n\t\t\t\t<div class=\"elementor-widget-container\">\n\t\t\t\t\t<h2 class=\"elementor-heading-title elementor-size-default\">Instalaci\u00f3n<\/h2>\t\t\t\t<\/div>\n\t\t\t\t<\/div>\n\t\t\t\t<div class=\"elementor-element elementor-element-1b791c8 elementor-widget elementor-widget-text-editor\" data-id=\"1b791c8\" data-element_type=\"widget\" data-e-type=\"widget\" data-widget_type=\"text-editor.default\">\n\t\t\t\t<div class=\"elementor-widget-container\">\n\t\t\t\t\t\t\t\t\t<p>\u00bfNo quiere cavar agujeros para plantar sus Smarty Plants? No hay problema. Smarty Plants Nursery instalar\u00e1 las plantas por usted cuando se entreguen los martes o viernes por solo:<\/p><ul><li>1 gal\u00f3n\/6&#8243; \u2013 4,00 $<\/li><li>3 galones\/10&#8243; \u2013 8,00 $<\/li><li>7 galones\/14&#8243; &#8211; 25,00 $<\/li><li>15 galones\/17&#8243; \u2013 45,00 $<\/li><li>25 galones\/21&#8243; \u2013 75,00 $<\/li><li>45 galones\/28&#8243; &#8211; 130 $<\/li><li>65 galones\/32&#8243; &#8211; 300 $<\/li><li>100 galones\/36&#8243; &#8211; 500 $<\/li><li>200 galones\/48&#8243; &#8211; 800 $<\/li><li>Bolsa &#8211; 3,00 $<\/li><\/ul>\t\t\t\t\t\t\t\t<\/div>\n\t\t\t\t<\/div>\n\t\t\t\t<\/div>\n\t\t\t\t\t<\/div>\n\t\t\t\t<\/div>\n\t\t<div class=\"elementor-element elementor-element-2ef7483 e-flex e-con-boxed e-con e-parent\" data-id=\"2ef7483\" data-element_type=\"container\" data-e-type=\"container\" data-settings=\"{&quot;background_background&quot;:&quot;classic&quot;}\">\n\t\t\t\t\t<div class=\"e-con-inner\">\n\t\t<div class=\"elementor-element elementor-element-55eb397 e-con-full e-flex e-con e-child\" data-id=\"55eb397\" data-element_type=\"container\" data-e-type=\"container\">\n\t\t\t\t<div class=\"elementor-element elementor-element-e074c2e elementor-widget elementor-widget-image\" data-id=\"e074c2e\" data-element_type=\"widget\" data-e-type=\"widget\" data-widget_type=\"image.default\">\n\t\t\t\t<div class=\"elementor-widget-container\">\n\t\t\t\t\t\t\t\t\t\t\t\t\t\t\t<img loading=\"lazy\" decoding=\"async\" width=\"480\" height=\"640\" src=\"https:\/\/smartyplantsnursery.com\/wp-content\/uploads\/2023\/06\/image4-1-rotated.webp\" class=\"attachment-large size-large wp-image-42922\" alt=\"\" \/>\t\t\t\t\t\t\t\t\t\t\t\t\t\t\t<\/div>\n\t\t\t\t<\/div>\n\t\t\t\t<\/div>\n\t\t<div class=\"elementor-element elementor-element-c3a555c e-con-full e-flex e-con e-child\" data-id=\"c3a555c\" data-element_type=\"container\" data-e-type=\"container\">\n\t\t\t\t<div class=\"elementor-element elementor-element-69caa1b elementor-widget elementor-widget-heading\" data-id=\"69caa1b\" data-element_type=\"widget\" data-e-type=\"widget\" data-widget_type=\"heading.default\">\n\t\t\t\t<div class=\"elementor-widget-container\">\n\t\t\t\t\t<h2 class=\"elementor-heading-title elementor-size-default\">Foto de la planta antes y despu\u00e9s de la compra<\/h2>\t\t\t\t<\/div>\n\t\t\t\t<\/div>\n\t\t\t\t<div class=\"elementor-element elementor-element-461a73d elementor-widget elementor-widget-text-editor\" data-id=\"461a73d\" data-element_type=\"widget\" data-e-type=\"widget\" data-widget_type=\"text-editor.default\">\n\t\t\t\t<div class=\"elementor-widget-container\">\n\t\t\t\t\t\t\t\t\t<p>En Smarty Plants Nursery te enviaremos una foto de tu planta antes de la compra (si lo solicitas) y el d\u00eda antes de la entrega. Si no te convence la foto, cancelaremos tu pedido y recibir\u00e1s un reembolso completo de acuerdo con la garant\u00eda de 30 d\u00edas. <\/p>\t\t\t\t\t\t\t\t<\/div>\n\t\t\t\t<\/div>\n\t\t\t\t<\/div>\n\t\t\t\t\t<\/div>\n\t\t\t\t<\/div>\n\t\t<div class=\"elementor-element elementor-element-9302f78 e-flex e-con-boxed e-con e-parent\" data-id=\"9302f78\" data-element_type=\"container\" data-e-type=\"container\">\n\t\t\t\t\t<div class=\"e-con-inner\">\n\t\t<div class=\"elementor-element elementor-element-443c0bc e-con-full e-flex e-con e-child\" data-id=\"443c0bc\" data-element_type=\"container\" data-e-type=\"container\">\n\t\t\t\t<div class=\"elementor-element elementor-element-32949db elementor-widget elementor-widget-image\" data-id=\"32949db\" data-element_type=\"widget\" data-e-type=\"widget\" data-widget_type=\"image.default\">\n\t\t\t\t<div class=\"elementor-widget-container\">\n\t\t\t\t\t\t\t\t\t\t\t\t\t\t\t<img loading=\"lazy\" decoding=\"async\" width=\"300\" height=\"300\" src=\"https:\/\/smartyplantsnursery.com\/wp-content\/uploads\/2023\/10\/30-Day-Guarantee-Blue-icon-300x300-1.webp\" class=\"attachment-large size-large wp-image-42940\" alt=\"\" \/>\t\t\t\t\t\t\t\t\t\t\t\t\t\t\t<\/div>\n\t\t\t\t<\/div>\n\t\t\t\t<\/div>\n\t\t<div class=\"elementor-element elementor-element-8f56cb8 e-con-full e-flex e-con e-child\" data-id=\"8f56cb8\" data-element_type=\"container\" data-e-type=\"container\">\n\t\t\t\t<div class=\"elementor-element elementor-element-637525c elementor-widget elementor-widget-heading\" data-id=\"637525c\" data-element_type=\"widget\" data-e-type=\"widget\" data-widget_type=\"heading.default\">\n\t\t\t\t<div class=\"elementor-widget-container\">\n\t\t\t\t\t<h2 class=\"elementor-heading-title elementor-size-default\">Garant\u00eda de 30 d\u00edas\n<\/h2>\t\t\t\t<\/div>\n\t\t\t\t<\/div>\n\t\t\t\t<div class=\"elementor-element elementor-element-ad97268 elementor-widget elementor-widget-text-editor\" data-id=\"ad97268\" data-element_type=\"widget\" data-e-type=\"widget\" data-widget_type=\"text-editor.default\">\n\t\t\t\t<div class=\"elementor-widget-container\">\n\t\t\t\t\t\t\t\t\tEstamos tan seguros de que le encantar\u00e1n sus Smarty Plants, que le ofrecemos una garant\u00eda de 30 d\u00edas.\n\n\t\t\t\t\t\t\t\t<\/div>\n\t\t\t\t<\/div>\n\t\t\t\t<\/div>\n\t\t\t\t\t<\/div>\n\t\t\t\t<\/div>\n\t\t<div class=\"elementor-element elementor-element-2456279 e-flex e-con-boxed e-con e-parent\" data-id=\"2456279\" data-element_type=\"container\" data-e-type=\"container\" data-settings=\"{&quot;background_background&quot;:&quot;classic&quot;}\">\n\t\t\t\t\t<div class=\"e-con-inner\">\n\t\t<div class=\"elementor-element elementor-element-f76d29e e-con-full e-flex e-con e-child\" data-id=\"f76d29e\" data-element_type=\"container\" data-e-type=\"container\">\n\t\t\t\t<div class=\"elementor-element elementor-element-651c9c1 elementor-widget elementor-widget-image\" data-id=\"651c9c1\" data-element_type=\"widget\" data-e-type=\"widget\" data-widget_type=\"image.default\">\n\t\t\t\t<div class=\"elementor-widget-container\">\n\t\t\t\t\t\t\t\t\t\t\t\t\t\t\t<img loading=\"lazy\" decoding=\"async\" width=\"602\" height=\"341\" src=\"https:\/\/smartyplantsnursery.com\/wp-content\/uploads\/2023\/10\/Screen-Shot-2023-10-25-at-8.39.40-PM.webp\" class=\"attachment-large size-large wp-image-42941\" alt=\"\" \/>\t\t\t\t\t\t\t\t\t\t\t\t\t\t\t<\/div>\n\t\t\t\t<\/div>\n\t\t\t\t<\/div>\n\t\t<div class=\"elementor-element elementor-element-bf220c3 e-con-full e-flex e-con e-child\" data-id=\"bf220c3\" data-element_type=\"container\" data-e-type=\"container\">\n\t\t\t\t<div class=\"elementor-element elementor-element-65263b1 elementor-widget elementor-widget-heading\" data-id=\"65263b1\" data-element_type=\"widget\" data-e-type=\"widget\" data-widget_type=\"heading.default\">\n\t\t\t\t<div class=\"elementor-widget-container\">\n\t\t\t\t\t<h2 class=\"elementor-heading-title elementor-size-default\">Atenci\u00f3n al cliente excepcional<\/h2>\t\t\t\t<\/div>\n\t\t\t\t<\/div>\n\t\t\t\t<div class=\"elementor-element elementor-element-f995244 elementor-widget elementor-widget-text-editor\" data-id=\"f995244\" data-element_type=\"widget\" data-e-type=\"widget\" data-widget_type=\"text-editor.default\">\n\t\t\t\t<div class=\"elementor-widget-container\">\n\t\t\t\t\t\t\t\t\tP\u00f3ngase en contacto con Smarty Plants Nursery por tel\u00e9fono o correo electr\u00f3nico y Smarty Plants Nursery le responder\u00e1 con un servicio de atenci\u00f3n al cliente de primera categor\u00eda.\t\t\t\t\t\t\t\t<\/div>\n\t\t\t\t<\/div>\n\t\t\t\t<\/div>\n\t\t\t\t\t<\/div>\n\t\t\t\t<\/div>\n\t\t<div class=\"elementor-element elementor-element-6ed18c7 e-flex e-con-boxed e-con e-parent\" data-id=\"6ed18c7\" data-element_type=\"container\" data-e-type=\"container\">\n\t\t\t\t\t<div class=\"e-con-inner\">\n\t\t<div class=\"elementor-element elementor-element-2ff1548 e-con-full e-flex e-con e-child\" data-id=\"2ff1548\" data-element_type=\"container\" data-e-type=\"container\">\n\t\t\t\t<div class=\"elementor-element elementor-element-5c7ee80 elementor-widget elementor-widget-image\" data-id=\"5c7ee80\" data-element_type=\"widget\" data-e-type=\"widget\" data-widget_type=\"image.default\">\n\t\t\t\t<div class=\"elementor-widget-container\">\n\t\t\t\t\t\t\t\t\t\t\t\t\t\t\t<img loading=\"lazy\" decoding=\"async\" width=\"596\" height=\"397\" src=\"https:\/\/smartyplantsnursery.com\/wp-content\/uploads\/2023\/04\/Screen-Shot-2023-04-19-at-8.11.31-PM.webp\" class=\"attachment-large size-large wp-image-42189\" alt=\"Dise\u00f1o de jardines\" \/>\t\t\t\t\t\t\t\t\t\t\t\t\t\t\t<\/div>\n\t\t\t\t<\/div>\n\t\t\t\t<\/div>\n\t\t<div class=\"elementor-element elementor-element-7a8f5ec e-con-full e-flex e-con e-child\" data-id=\"7a8f5ec\" data-element_type=\"container\" data-e-type=\"container\">\n\t\t\t\t<div class=\"elementor-element elementor-element-0301e29 elementor-widget elementor-widget-heading\" data-id=\"0301e29\" data-element_type=\"widget\" data-e-type=\"widget\" data-widget_type=\"heading.default\">\n\t\t\t\t<div class=\"elementor-widget-container\">\n\t\t\t\t\t<h2 class=\"elementor-heading-title elementor-size-default\">Dise\u00f1o de jardines GRATIS<\/h2>\t\t\t\t<\/div>\n\t\t\t\t<\/div>\n\t\t\t\t<div class=\"elementor-element elementor-element-8b8007e elementor-widget elementor-widget-text-editor\" data-id=\"8b8007e\" data-element_type=\"widget\" data-e-type=\"widget\" data-widget_type=\"text-editor.default\">\n\t\t\t\t<div class=\"elementor-widget-container\">\n\t\t\t\t\t\t\t\t\t<p>Dise\u00f1e su propio paisaje de forma f\u00e1cil y r\u00e1pida con solo unos clics utilizando las herramientas GRATUITAS de Smarty Plants Nursery. A continuaci\u00f3n, a\u00f1ada sus plantas al carrito para obtener un presupuesto inmediato y, a continuaci\u00f3n, Smarty Plants Nursery har\u00e1 el resto: entregar e instalar las plantas. Por favor, vea <a href=\"https:\/\/youtu.be\/bYIGpmmPoFw?si=ZGRxbaoWNoeMEZM2\">el v\u00eddeo<\/a> para obtener m\u00e1s detalles sobre c\u00f3mo dise\u00f1ar el paisaje utilizando SmartyPlantsNursery.com.<\/p>\t\t\t\t\t\t\t\t<\/div>\n\t\t\t\t<\/div>\n\t\t\t\t<\/div>\n\t\t\t\t\t<\/div>\n\t\t\t\t<\/div>\n\t\t<div class=\"elementor-element elementor-element-bdfef37 e-flex e-con-boxed e-con e-parent\" data-id=\"bdfef37\" data-element_type=\"container\" data-e-type=\"container\" data-settings=\"{&quot;background_background&quot;:&quot;classic&quot;}\">\n\t\t\t\t\t<div class=\"e-con-inner\">\n\t\t<div class=\"elementor-element elementor-element-d21cc9f e-con-full e-flex e-con e-child\" data-id=\"d21cc9f\" data-element_type=\"container\" data-e-type=\"container\">\n\t\t\t\t<div class=\"elementor-element elementor-element-7467bf7 elementor-widget elementor-widget-image\" data-id=\"7467bf7\" data-element_type=\"widget\" data-e-type=\"widget\" data-widget_type=\"image.default\">\n\t\t\t\t<div class=\"elementor-widget-container\">\n\t\t\t\t\t\t\t\t\t\t\t\t\t\t\t<img loading=\"lazy\" decoding=\"async\" width=\"480\" height=\"640\" src=\"https:\/\/smartyplantsnursery.com\/wp-content\/uploads\/2023\/05\/image0-1-rotated.webp\" class=\"attachment-large size-large wp-image-42897\" alt=\"\" \/>\t\t\t\t\t\t\t\t\t\t\t\t\t\t\t<\/div>\n\t\t\t\t<\/div>\n\t\t\t\t<\/div>\n\t\t<div class=\"elementor-element elementor-element-0b79ec6 e-con-full e-flex e-con e-child\" data-id=\"0b79ec6\" data-element_type=\"container\" data-e-type=\"container\">\n\t\t\t\t<div class=\"elementor-element elementor-element-d719ca6 elementor-widget elementor-widget-heading\" data-id=\"d719ca6\" data-element_type=\"widget\" data-e-type=\"widget\" data-widget_type=\"heading.default\">\n\t\t\t\t<div class=\"elementor-widget-container\">\n\t\t\t\t\t<h2 class=\"elementor-heading-title elementor-size-default\">Amplia experiencia\n<\/h2>\t\t\t\t<\/div>\n\t\t\t\t<\/div>\n\t\t\t\t<div class=\"elementor-element elementor-element-086e9da elementor-widget elementor-widget-text-editor\" data-id=\"086e9da\" data-element_type=\"widget\" data-e-type=\"widget\" data-widget_type=\"text-editor.default\">\n\t\t\t\t<div class=\"elementor-widget-container\">\n\t\t\t\t\t\t\t\t\tSmarty Plants Nursery ofrece plantas de alta calidad a los mejores precios desde 2016.\n\n\t\t\t\t\t\t\t\t<\/div>\n\t\t\t\t<\/div>\n\t\t\t\t<\/div>\n\t\t\t\t\t<\/div>\n\t\t\t\t<\/div>\n\t\t<div class=\"elementor-element elementor-element-85c9566 e-flex e-con-boxed e-con e-parent\" data-id=\"85c9566\" data-element_type=\"container\" data-e-type=\"container\">\n\t\t\t\t\t<div class=\"e-con-inner\">\n\t\t<div class=\"elementor-element elementor-element-1b31b82 e-con-full e-flex e-con e-child\" data-id=\"1b31b82\" data-element_type=\"container\" data-e-type=\"container\">\n\t\t\t\t<div class=\"elementor-element elementor-element-203b6d7 elementor-widget elementor-widget-image\" data-id=\"203b6d7\" data-element_type=\"widget\" data-e-type=\"widget\" data-widget_type=\"image.default\">\n\t\t\t\t<div class=\"elementor-widget-container\">\n\t\t\t\t\t\t\t\t\t\t\t\t\t\t\t<img loading=\"lazy\" decoding=\"async\" width=\"769\" height=\"1024\" src=\"https:\/\/smartyplantsnursery.com\/wp-content\/uploads\/2023\/04\/Photoroom_20250714_132658-769x1024.png\" class=\"attachment-large size-large wp-image-43622\" alt=\"\" \/>\t\t\t\t\t\t\t\t\t\t\t\t\t\t\t<\/div>\n\t\t\t\t<\/div>\n\t\t\t\t<\/div>\n\t\t<div class=\"elementor-element elementor-element-463d72f e-con-full e-flex e-con e-child\" data-id=\"463d72f\" data-element_type=\"container\" data-e-type=\"container\">\n\t\t\t\t<div class=\"elementor-element elementor-element-9e9f91f elementor-widget elementor-widget-heading\" data-id=\"9e9f91f\" data-element_type=\"widget\" data-e-type=\"widget\" data-widget_type=\"heading.default\">\n\t\t\t\t<div class=\"elementor-widget-container\">\n\t\t\t\t\t<h2 class=\"elementor-heading-title elementor-size-default\">Plantas aut\u00f3ctonas\n<\/h2>\t\t\t\t<\/div>\n\t\t\t\t<\/div>\n\t\t\t\t<div class=\"elementor-element elementor-element-6a1c256 elementor-widget elementor-widget-text-editor\" data-id=\"6a1c256\" data-element_type=\"widget\" data-e-type=\"widget\" data-widget_type=\"text-editor.default\">\n\t\t\t\t<div class=\"elementor-widget-container\">\n\t\t\t\t\t\t\t\t\t<p>Smarty Plants Nursery tiene m\u00e1s de 100 especies de plantas aut\u00f3ctonas disponibles.<\/p>\t\t\t\t\t\t\t\t<\/div>\n\t\t\t\t<\/div>\n\t\t\t\t<\/div>\n\t\t\t\t\t<\/div>\n\t\t\t\t<\/div>\n\t\t<div class=\"elementor-element elementor-element-8d24844 e-flex e-con-boxed e-con e-parent\" data-id=\"8d24844\" data-element_type=\"container\" data-e-type=\"container\" data-settings=\"{&quot;background_background&quot;:&quot;classic&quot;}\">\n\t\t\t\t\t<div class=\"e-con-inner\">\n\t\t<div class=\"elementor-element elementor-element-bc1c369 e-con-full e-flex e-con e-child\" data-id=\"bc1c369\" data-element_type=\"container\" data-e-type=\"container\">\n\t\t\t\t<div class=\"elementor-element elementor-element-84f3cb1 elementor-widget elementor-widget-text-editor\" data-id=\"84f3cb1\" data-element_type=\"widget\" data-e-type=\"widget\" data-widget_type=\"text-editor.default\">\n\t\t\t\t<div class=\"elementor-widget-container\">\n\t\t\t\t\t\t\t\t\t<h2>Con licencia y seguro<\/h2><p>Smarty Plants Nursery es un vivero con licencia del Departamento de Agricultura de Florida y tiene un seguro de responsabilidad civil general con GEICO.<\/p>\t\t\t\t\t\t\t\t<\/div>\n\t\t\t\t<\/div>\n\t\t\t\t<\/div>\n\t\t<div class=\"elementor-element elementor-element-19f25ee e-con-full e-flex e-con e-child\" data-id=\"19f25ee\" data-element_type=\"container\" data-e-type=\"container\">\n\t\t\t\t<div class=\"elementor-element elementor-element-a21464e elementor-widget elementor-widget-image\" data-id=\"a21464e\" data-element_type=\"widget\" data-e-type=\"widget\" data-widget_type=\"image.default\">\n\t\t\t\t<div class=\"elementor-widget-container\">\n\t\t\t\t\t\t\t\t\t\t\t\t\t\t\t<img loading=\"lazy\" decoding=\"async\" width=\"612\" height=\"792\" src=\"https:\/\/smartyplantsnursery.com\/wp-content\/uploads\/2025\/09\/COI.webp\" class=\"attachment-large size-large wp-image-48761\" alt=\"\" \/>\t\t\t\t\t\t\t\t\t\t\t\t\t\t\t<\/div>\n\t\t\t\t<\/div>\n\t\t\t\t<\/div>\n\t\t\t\t\t<\/div>\n\t\t\t\t<\/div>\n\t\t\t\t<\/div>\n\t\t","protected":false},"excerpt":{"rendered":"<p>\u00bfPor qu\u00e9 elegirnos? Vivero online Dado que Smarty Plants Nursery es un vivero en l\u00ednea, puede ofrecerle las siguientes ventajas que no se pueden obtener en un vivero tradicional: LAS PLANTAS M\u00c1S BONITAS \u2013 Smarty Plants Nursery tiene acceso a cientos de acres de cultivadores, por lo que siempre puede encontrar las plantas m\u00e1s bonitas [&hellip;]<\/p>\n","protected":false},"author":974,"featured_media":0,"parent":0,"menu_order":0,"comment_status":"closed","ping_status":"closed","template":"","meta":{"footnotes":""},"class_list":["post-47195","page","type-page","status-publish","hentry"],"aioseo_notices":[],"_links":{"self":[{"href":"https:\/\/smartyplantsnursery.com\/es\/wp-json\/wp\/v2\/pages\/47195","targetHints":{"allow":["GET"]}}],"collection":[{"href":"https:\/\/smartyplantsnursery.com\/es\/wp-json\/wp\/v2\/pages"}],"about":[{"href":"https:\/\/smartyplantsnursery.com\/es\/wp-json\/wp\/v2\/types\/page"}],"author":[{"embeddable":true,"href":"https:\/\/smartyplantsnursery.com\/es\/wp-json\/wp\/v2\/users\/974"}],"replies":[{"embeddable":true,"href":"https:\/\/smartyplantsnursery.com\/es\/wp-json\/wp\/v2\/comments?post=47195"}],"version-history":[{"count":9,"href":"https:\/\/smartyplantsnursery.com\/es\/wp-json\/wp\/v2\/pages\/47195\/revisions"}],"predecessor-version":[{"id":56295,"href":"https:\/\/smartyplantsnursery.com\/es\/wp-json\/wp\/v2\/pages\/47195\/revisions\/56295"}],"wp:attachment":[{"href":"https:\/\/smartyplantsnursery.com\/es\/wp-json\/wp\/v2\/media?parent=47195"}],"curies":[{"name":"wp","href":"https:\/\/api.w.org\/{rel}","templated":true}]}}