{"id":47199,"date":"2021-09-17T03:39:49","date_gmt":"2021-09-17T03:39:49","guid":{"rendered":"https:\/\/smartyplantsnursery.com\/blog\/"},"modified":"2025-08-19T18:20:47","modified_gmt":"2025-08-19T18:20:47","slug":"blog","status":"publish","type":"page","link":"https:\/\/smartyplantsnursery.com\/es\/blog\/","title":{"rendered":"Blog"},"content":{"rendered":"\n<div class=\"wp-block-query is-layout-flow wp-block-query-is-layout-flow\"><ul class=\"wp-block-post-template is-layout-flow wp-block-post-template-is-layout-flow\"><li class=\"wp-block-post post-47162 post type-post status-publish format-standard hentry category-maintenance\">\n<h2 class=\"wp-block-post-title\"><a href=\"https:\/\/smartyplantsnursery.com\/es\/consejos-para-el-riego\/\" target=\"_self\" >Consejos para el riego<\/a><\/h2>\n\n\n\n<div class=\"wp-block-post-excerpt\"><p class=\"wp-block-post-excerpt__excerpt\">Ahora que ha recibido sus Smarty Plants, deber\u00e1 regarlas durante al menos un mes, independientemente de si las deja en las macetas o si las planta en el suelo. Este art\u00edculo responde a las preguntas qui\u00e9n, qu\u00e9, d\u00f3nde, cu\u00e1ndo, por qu\u00e9 y c\u00f3mo regar cualquier planta, ya sea aut\u00f3ctona o ex\u00f3tica. \u00bfQui\u00e9n? Qui\u00e9n necesita agua&#8230; <\/p><\/div>\n\n\n<hr class=\"wp-block-separator has-css-opacity\"\/>\n\n\n<div class=\"wp-block-post-date\"><time datetime=\"2023-07-02T12:47:26+00:00\">2 de julio de 2023<\/time><\/div>\n<\/li><\/ul><\/div>\n","protected":false},"excerpt":{"rendered":"","protected":false},"author":1,"featured_media":0,"parent":0,"menu_order":0,"comment_status":"closed","ping_status":"closed","template":"","meta":{"footnotes":""},"class_list":["post-47199","page","type-page","status-publish","hentry"],"aioseo_notices":[],"_links":{"self":[{"href":"https:\/\/smartyplantsnursery.com\/es\/wp-json\/wp\/v2\/pages\/47199","targetHints":{"allow":["GET"]}}],"collection":[{"href":"https:\/\/smartyplantsnursery.com\/es\/wp-json\/wp\/v2\/pages"}],"about":[{"href":"https:\/\/smartyplantsnursery.com\/es\/wp-json\/wp\/v2\/types\/page"}],"author":[{"embeddable":true,"href":"https:\/\/smartyplantsnursery.com\/es\/wp-json\/wp\/v2\/users\/1"}],"replies":[{"embeddable":true,"href":"https:\/\/smartyplantsnursery.com\/es\/wp-json\/wp\/v2\/comments?post=47199"}],"version-history":[{"count":0,"href":"https:\/\/smartyplantsnursery.com\/es\/wp-json\/wp\/v2\/pages\/47199\/revisions"}],"wp:attachment":[{"href":"https:\/\/smartyplantsnursery.com\/es\/wp-json\/wp\/v2\/media?parent=47199"}],"curies":[{"name":"wp","href":"https:\/\/api.w.org\/{rel}","templated":true}]}}