{"id":48892,"date":"2025-09-18T13:48:17","date_gmt":"2025-09-18T13:48:17","guid":{"rendered":"https:\/\/smartyplantsnursery.com\/politica-de-devoluciones\/"},"modified":"2025-10-09T16:52:35","modified_gmt":"2025-10-09T16:52:35","slug":"politica-de-devoluciones","status":"publish","type":"page","link":"https:\/\/smartyplantsnursery.com\/es\/politica-de-devoluciones\/","title":{"rendered":"Pol\u00edtica de devoluciones"},"content":{"rendered":"\t\t<div data-elementor-type=\"wp-page\" data-elementor-id=\"48892\" class=\"elementor elementor-48892 elementor-48890\" data-elementor-post-type=\"page\">\n\t\t\t\t<div class=\"elementor-element elementor-element-ee64e93 e-flex e-con-boxed e-con e-parent\" data-id=\"ee64e93\" data-element_type=\"container\" data-e-type=\"container\">\n\t\t\t\t\t<div class=\"e-con-inner\">\n\t\t\t\t<div class=\"elementor-element elementor-element-e860d11 elementor-widget elementor-widget-heading\" data-id=\"e860d11\" data-element_type=\"widget\" data-e-type=\"widget\" data-widget_type=\"heading.default\">\n\t\t\t\t<div class=\"elementor-widget-container\">\n\t\t\t\t\t<h2 class=\"elementor-heading-title elementor-size-default\">Pol\u00edtica de devoluciones<\/h2>\t\t\t\t<\/div>\n\t\t\t\t<\/div>\n\t\t\t\t<div class=\"elementor-element elementor-element-a0ea3c1 elementor-widget elementor-widget-text-editor\" data-id=\"a0ea3c1\" data-element_type=\"widget\" data-e-type=\"widget\" data-widget_type=\"text-editor.default\">\n\t\t\t\t<div class=\"elementor-widget-container\">\n\t\t\t\t\t\t\t\t\t<p>Smarty Plants Nursery ofrece una garant\u00eda de devoluci\u00f3n del dinero de 30 d\u00edas despu\u00e9s de la entrega o recogida en todas las plantas. Las plantas se pueden devolver <strong>\n  <em>una vez<\/em>\n<\/strong> durante el per\u00edodo de garant\u00eda. <\/p><p>Excepciones<\/p><ul><li>Plantas muertas (Smarty Plants Nursery no es responsable de la falta de cuidado durante el per\u00edodo de garant\u00eda)<\/li><li>Plantas que no est\u00e1n en las mismas condiciones en que fueron recibidas<\/li><li>Plantas no instaladas por Smarty Plants Nursery<\/li><li>Plantas instaladas por Smarty Plants Nursery pero que se mueven despu\u00e9s de la instalaci\u00f3n<\/li><li>Plantas que no superen la inspecci\u00f3n (es responsabilidad del cliente proporcionar a Smarty Plants Nursery los planos o especificaciones para que Smarty Plants Nursery seleccione plantas que pasen la inspecci\u00f3n).<\/li><\/ul><p> <\/p><p>Las plantas devueltas que fueron entregadas por Smarty Plants Nursery son recogidas por Smarty Plants Nursery en la direcci\u00f3n de entrega. Las plantas que se recogen deben devolverse a 11600 SW 136th St. Miami, FL 33176. <\/p>\t\t\t\t\t\t\t\t<\/div>\n\t\t\t\t<\/div>\n\t\t\t\t\t<\/div>\n\t\t\t\t<\/div>\n\t\t<div class=\"elementor-element elementor-element-85a0742 e-flex e-con-boxed e-con e-parent\" data-id=\"85a0742\" data-element_type=\"container\" data-e-type=\"container\">\n\t\t\t\t\t<div class=\"e-con-inner\">\n\t\t\t\t\t<\/div>\n\t\t\t\t<\/div>\n\t\t\t\t<\/div>\n\t\t","protected":false},"excerpt":{"rendered":"<p>Pol\u00edtica de devoluciones Smarty Plants Nursery ofrece una garant\u00eda de devoluci\u00f3n del dinero de 30 d\u00edas despu\u00e9s de la entrega o recogida en todas las plantas. Las plantas se pueden devolver una vez durante el per\u00edodo de garant\u00eda. Excepciones Plantas muertas (Smarty Plants Nursery no es responsable de la falta de cuidado durante el per\u00edodo [&hellip;]<\/p>\n","protected":false},"author":1,"featured_media":0,"parent":0,"menu_order":0,"comment_status":"closed","ping_status":"closed","template":"","meta":{"footnotes":""},"class_list":["post-48892","page","type-page","status-publish","hentry"],"aioseo_notices":[],"_links":{"self":[{"href":"https:\/\/smartyplantsnursery.com\/es\/wp-json\/wp\/v2\/pages\/48892","targetHints":{"allow":["GET"]}}],"collection":[{"href":"https:\/\/smartyplantsnursery.com\/es\/wp-json\/wp\/v2\/pages"}],"about":[{"href":"https:\/\/smartyplantsnursery.com\/es\/wp-json\/wp\/v2\/types\/page"}],"author":[{"embeddable":true,"href":"https:\/\/smartyplantsnursery.com\/es\/wp-json\/wp\/v2\/users\/1"}],"replies":[{"embeddable":true,"href":"https:\/\/smartyplantsnursery.com\/es\/wp-json\/wp\/v2\/comments?post=48892"}],"version-history":[{"count":0,"href":"https:\/\/smartyplantsnursery.com\/es\/wp-json\/wp\/v2\/pages\/48892\/revisions"}],"wp:attachment":[{"href":"https:\/\/smartyplantsnursery.com\/es\/wp-json\/wp\/v2\/media?parent=48892"}],"curies":[{"name":"wp","href":"https:\/\/api.w.org\/{rel}","templated":true}]}}