{"id":48905,"date":"2025-09-18T14:33:26","date_gmt":"2025-09-18T14:33:26","guid":{"rendered":"https:\/\/smartyplantsnursery.com\/politica-de-envios\/"},"modified":"2025-10-11T13:13:43","modified_gmt":"2025-10-11T13:13:43","slug":"politica-de-envios","status":"publish","type":"page","link":"https:\/\/smartyplantsnursery.com\/es\/politica-de-envios\/","title":{"rendered":"Pol\u00edtica de env\u00edos"},"content":{"rendered":"\t\t<div data-elementor-type=\"wp-page\" data-elementor-id=\"48905\" class=\"elementor elementor-48905 elementor-48903\" data-elementor-post-type=\"page\">\n\t\t\t\t<div class=\"elementor-element elementor-element-4a06b0f e-flex e-con-boxed e-con e-parent\" data-id=\"4a06b0f\" data-element_type=\"container\" data-e-type=\"container\">\n\t\t\t\t\t<div class=\"e-con-inner\">\n\t\t\t\t<div class=\"elementor-element elementor-element-0f53c4d elementor-widget elementor-widget-heading\" data-id=\"0f53c4d\" data-element_type=\"widget\" data-e-type=\"widget\" data-widget_type=\"heading.default\">\n\t\t\t\t<div class=\"elementor-widget-container\">\n\t\t\t\t\t<h2 class=\"elementor-heading-title elementor-size-default\">Pol\u00edtica de env\u00edos<\/h2>\t\t\t\t<\/div>\n\t\t\t\t<\/div>\n\t\t\t\t\t<\/div>\n\t\t\t\t<\/div>\n\t\t<div class=\"elementor-element elementor-element-fd55227 e-flex e-con-boxed e-con e-parent\" data-id=\"fd55227\" data-element_type=\"container\" data-e-type=\"container\">\n\t\t\t\t\t<div class=\"e-con-inner\">\n\t\t\t\t<div class=\"elementor-element elementor-element-5662159 elementor-widget elementor-widget-text-editor\" data-id=\"5662159\" data-element_type=\"widget\" data-e-type=\"widget\" data-widget_type=\"text-editor.default\">\n\t\t\t\t<div class=\"elementor-widget-container\">\n\t\t\t\t\t\t\t\t\t<p>Este documento establece la pol\u00edtica de env\u00edo que se aplica a los clientes que realizan una compra en SmartyPlantsNursery.com. Si tiene alguna pregunta, p\u00f3ngase en contacto con nuestro equipo de atenci\u00f3n al cliente en el (786) 349-3502 o en info@smartyplantsnursery.com. <\/p><p><b>Opciones de env\u00edo y costes de entrega<\/b><\/p><p>Ofrecemos las siguientes opciones de env\u00edo (recogida o entrega); se le pedir\u00e1 que seleccione un m\u00e9todo de env\u00edo al finalizar la compra.<\/p><p>Para pedidos superiores a 200,00 $, el env\u00edo es gratuito; para pedidos inferiores a 200,00 $, el env\u00edo cuesta 0,50 $\/milla.<\/p><p><b>Tiempo de procesamiento del pedido<\/b><\/p><p>Todos los pedidos realizados antes de las 12 PM del lunes se procesan el lunes y se env\u00edan el martes; todos los pedidos realizados antes de las 12 PM del jueves se procesan el jueves y se env\u00edan el viernes. Si Smarty Plants Nursery necesita modificar la fecha de entrega, te lo notificar\u00e1 por correo electr\u00f3nico. <\/p><p><b>Direcci\u00f3n de entrega y apartados de correos<\/b><\/p><p>Tenga en cuenta que no podemos modificar la direcci\u00f3n de entrega una vez que haya realizado su pedido. Lamentamos comunicarle que no realizamos env\u00edos a apartados de correos. <\/p><p><b>Seguimiento de su pedido<\/b><\/p><p>Una vez que tu pedido haya sido enviado, te mandaremos un correo electr\u00f3nico y un mensaje de texto con la informaci\u00f3n de seguimiento. Podr\u00e1s seguir tu env\u00edo directamente en Shipday. <\/p>\t\t\t\t\t\t\t\t<\/div>\n\t\t\t\t<\/div>\n\t\t\t\t\t<\/div>\n\t\t\t\t<\/div>\n\t\t\t\t<\/div>\n\t\t","protected":false},"excerpt":{"rendered":"<p>Pol\u00edtica de env\u00edos Este documento establece la pol\u00edtica de env\u00edo que se aplica a los clientes que realizan una compra en SmartyPlantsNursery.com. Si tiene alguna pregunta, p\u00f3ngase en contacto con nuestro equipo de atenci\u00f3n al cliente en el (786) 349-3502 o en info@smartyplantsnursery.com. Opciones de env\u00edo y costes de entrega Ofrecemos las siguientes opciones de [&hellip;]<\/p>\n","protected":false},"author":1,"featured_media":0,"parent":0,"menu_order":0,"comment_status":"closed","ping_status":"closed","template":"","meta":{"footnotes":""},"class_list":["post-48905","page","type-page","status-publish","hentry"],"aioseo_notices":[],"_links":{"self":[{"href":"https:\/\/smartyplantsnursery.com\/es\/wp-json\/wp\/v2\/pages\/48905","targetHints":{"allow":["GET"]}}],"collection":[{"href":"https:\/\/smartyplantsnursery.com\/es\/wp-json\/wp\/v2\/pages"}],"about":[{"href":"https:\/\/smartyplantsnursery.com\/es\/wp-json\/wp\/v2\/types\/page"}],"author":[{"embeddable":true,"href":"https:\/\/smartyplantsnursery.com\/es\/wp-json\/wp\/v2\/users\/1"}],"replies":[{"embeddable":true,"href":"https:\/\/smartyplantsnursery.com\/es\/wp-json\/wp\/v2\/comments?post=48905"}],"version-history":[{"count":0,"href":"https:\/\/smartyplantsnursery.com\/es\/wp-json\/wp\/v2\/pages\/48905\/revisions"}],"wp:attachment":[{"href":"https:\/\/smartyplantsnursery.com\/es\/wp-json\/wp\/v2\/media?parent=48905"}],"curies":[{"name":"wp","href":"https:\/\/api.w.org\/{rel}","templated":true}]}}