{"id":44733,"date":"2018-05-30T05:03:00","date_gmt":"2018-05-30T05:03:00","guid":{"rendered":"https:\/\/smartyplantsnursery.com\/product\/poto-epipremnum-aureum\/"},"modified":"2026-04-07T13:30:03","modified_gmt":"2026-04-07T13:30:03","slug":"poto-epipremnum-aureum","status":"publish","type":"product","link":"https:\/\/smartyplantsnursery.com\/es\/product\/poto-epipremnum-aureum\/","title":{"rendered":"Poto &#8211; epipremnum aureum"},"content":{"rendered":"<div>\n<p class=\"\"><b class=\"\">Usos generales en el paisaje:<\/b> Cobertura del suelo y control de la erosi\u00f3n, vegetaci\u00f3n vertical y para trepar, exhibiciones colgantes y en contenedores, jardines acu\u00e1ticos<\/p>\n<p class=\"\"><b class=\"\">Notas sobre la restauraci\u00f3n ecol\u00f3gica:<\/b> Control de la erosi\u00f3n, purificaci\u00f3n del aire y del agua, creaci\u00f3n de microh\u00e1bitats<\/p>\n<p class=\"\"><b class=\"\">Descripci\u00f3n:<\/b> Enredadera de hoja perenne.<\/p>\n<p class=\"\"><b class=\"\">Dimensiones:<\/b> Altura 6 &#8211; 12 m; Extensi\u00f3n 1 &#8211; 2 m.<\/p>\n<p class=\"\"><b class=\"\">Tasa de crecimiento:<\/b> r\u00e1pida<\/p>\n<p class=\"\"><b class=\"\">Distribuci\u00f3n nativa:<\/b> Sudeste asi\u00e1tico y las Islas Salom\u00f3n<\/p>\n<p class=\"\"><b class=\"\">H\u00e1bitats nativos:<\/b> Bosques tropicales<\/p>\n<p class=\"\"><b class=\"\">Suelos:<\/b> Con buen drenaje<\/p>\n<p class=\"\"><b class=\"\">Requisitos nutricionales:<\/b> moderados<\/p>\n<p class=\"\"><b class=\"\">Tolerancia al agua salada:<\/b> baja<\/p>\n<p class=\"\"><b class=\"\">Tolerancia al viento salado:<\/b> baja<\/p>\n<p class=\"\"><b class=\"\">Tolerancia a la sequ\u00eda:<\/b> moderada<\/p>\n<p class=\"\"><b class=\"\">Requisitos de luz:<\/b> Sombra parcial<\/p>\n<p class=\"\"><b class=\"\">Color de la flor:<\/b> Verde claro, crema o blanquecino<\/p>\n<p class=\"\"><b class=\"\">Caracter\u00edsticas de la flor:<\/b> Llamativa, consiste en un esp\u00e1dice encerrado por una espata<\/p>\n<p class=\"\"><b class=\"\">Temporada de floraci\u00f3n:<\/b> Desde finales de primavera hasta verano<\/p>\n<p class=\"\"><b class=\"\">Fruto:<\/b> Peque\u00f1o, parecido a una baya<\/p>\n<p class=\"\"><b class=\"\">Vida silvestre y ecolog\u00eda:<\/b> Trepadora de bosques, crecimiento epifito, proveedor de microh\u00e1bitats, purificaci\u00f3n del aire y del suelo<\/p>\n<p class=\"\"><b class=\"\">Notas de horticultura:<\/b> Se cultiva a partir de esquejes<\/p>\n<p class=\"\"><b class=\"\">Comentarios:<\/b><\/p>\n<\/div>\n","protected":false},"excerpt":{"rendered":"<p><img fetchpriority=\"high\" decoding=\"async\" class=\"alignnone size-medium wp-image-54744\" src=\"https:\/\/smartyplantsnursery.com\/wp-content\/uploads\/2023\/04\/Screenshot-2026-03-03-at-2.22.47-PM-300x185.webp\" alt=\"\" width=\"300\" height=\"185\"><\/p>\n<div class=\"container\">\n<div class=\"table-container\">\n<table>\n<thead>\n<tr>\n<th>Tama\u00f1o de la maceta<\/th>\n<th>Altura media plantada (desde la tierra hasta la parte superior de la planta)<\/th>\n<\/tr>\n<\/thead>\n<tbody>\n<tr>\n<td>1 gal\u00f3n\/6&#8243;<\/td>\n<td>0 &#8211; 1 ft.<\/td>\n<\/tr>\n<tr>\n<td>3 galones\/10&#8243;<\/td>\n<td>1 &#8211; 2 pies<\/td>\n<\/tr>\n<\/tbody>\n<\/table>\n<\/div>\n<p>&nbsp;<\/p>\n<\/div>\n","protected":false},"featured_media":41801,"comment_status":"open","ping_status":"closed","template":"","meta":[],"product_brand":[],"product_cat":[312,311,310,321,317,320,325,315,302,305,324,309,313,323,322,303,307],"product_tag":[318,328,327],"class_list":{"0":"post-44733","1":"product","2":"type-product","3":"status-publish","4":"has-post-thumbnail","6":"product_cat-baja-es","7":"product_cat-baja","8":"product_cat-bien-drenado","9":"product_cat-cobertura-del-suelo","10":"product_cat-contenedor","11":"product_cat-enredadera","12":"product_cat-espata-y-espadice","13":"product_cat-esquejes","14":"product_cat-exotica","15":"product_cat-interior","16":"product_cat-llamativo","17":"product_cat-moderada","18":"product_cat-moderada-es","19":"product_cat-primavera","20":"product_cat-rapido","21":"product_cat-sol-parcial","22":"product_cat-verano","23":"product_tag-blanco","24":"product_tag-crema","25":"product_tag-verde","26":"pa_pot-size-1-galon-6","27":"pa_pot-size-3-galones-10","28":"pa_pot-size-7-galones-14","31":"first","32":"instock","33":"taxable","34":"shipping-taxable","35":"purchasable","36":"product-type-variable"},"aioseo_notices":[],"_links":{"self":[{"href":"https:\/\/smartyplantsnursery.com\/es\/wp-json\/wp\/v2\/product\/44733","targetHints":{"allow":["GET"]}}],"collection":[{"href":"https:\/\/smartyplantsnursery.com\/es\/wp-json\/wp\/v2\/product"}],"about":[{"href":"https:\/\/smartyplantsnursery.com\/es\/wp-json\/wp\/v2\/types\/product"}],"replies":[{"embeddable":true,"href":"https:\/\/smartyplantsnursery.com\/es\/wp-json\/wp\/v2\/comments?post=44733"}],"wp:featuredmedia":[{"embeddable":true,"href":"https:\/\/smartyplantsnursery.com\/es\/wp-json\/wp\/v2\/media\/41801"}],"wp:attachment":[{"href":"https:\/\/smartyplantsnursery.com\/es\/wp-json\/wp\/v2\/media?parent=44733"}],"wp:term":[{"taxonomy":"product_brand","embeddable":true,"href":"https:\/\/smartyplantsnursery.com\/es\/wp-json\/wp\/v2\/product_brand?post=44733"},{"taxonomy":"product_cat","embeddable":true,"href":"https:\/\/smartyplantsnursery.com\/es\/wp-json\/wp\/v2\/product_cat?post=44733"},{"taxonomy":"product_tag","embeddable":true,"href":"https:\/\/smartyplantsnursery.com\/es\/wp-json\/wp\/v2\/product_tag?post=44733"}],"curies":[{"name":"wp","href":"https:\/\/api.w.org\/{rel}","templated":true}]}}