{"id":44751,"date":"2020-04-07T07:43:28","date_gmt":"2020-04-07T07:43:28","guid":{"rendered":"https:\/\/smartyplantsnursery.com\/product\/echeveria-echeveria\/"},"modified":"2025-12-16T23:40:42","modified_gmt":"2025-12-16T23:40:42","slug":"echeveria-echeveria","status":"publish","type":"product","link":"https:\/\/smartyplantsnursery.com\/es\/product\/echeveria-echeveria\/","title":{"rendered":"Echeveria &#8211; echeveria"},"content":{"rendered":"<p class=\"\" style=\"text-align: left;\"><b class=\"\">Usos generales en el paisaje:<\/b> Cobertura del suelo, xerojardiner\u00eda, contenedores y cestas colgantes, interior<\/p>\n<p class=\"\"><b class=\"\">Notas sobre la restauraci\u00f3n ecol\u00f3gica:<\/b> Estabilizaci\u00f3n del suelo y control de la erosi\u00f3n, creaci\u00f3n de h\u00e1bitat para polinizadores, cobertura del suelo tolerante a la sequ\u00eda<\/p>\n<p class=\"\"><b class=\"\">Descripci\u00f3n:<\/b> Una planta suculenta conocida por sus hojas carnosas en forma de roseta y sus colores vibrantes.<\/p>\n<p class=\"\"><b class=\"\">Dimensiones:<\/b> altura 5 &#8211; 60 cm; extensi\u00f3n 5 &#8211; 30 cm.<\/p>\n<p class=\"\"><b class=\"\">Tasa de crecimiento:<\/b> Lento a moderado<\/p>\n<p class=\"\"><b class=\"\">Distribuci\u00f3n nativa:<\/b> Am\u00e9rica Central, Am\u00e9rica del Norte, Am\u00e9rica del Sur<\/p>\n<p class=\"\"><b class=\"\">H\u00e1bitats nativos:<\/b> Monta\u00f1as y laderas, matorrales des\u00e9rticos, acantilados y valles<\/p>\n<p class=\"\"><b class=\"\">Suelos:<\/b> Con buen drenaje, de \u00e1cido a neutro (pH 6 &#8211; 7,5)<\/p>\n<p class=\"\"><b class=\"\">Requisitos nutricionales:<\/b> moderados<\/p>\n<p class=\"\"><b class=\"\">Tolerancia al agua salada:<\/b> baja<\/p>\n<p class=\"\"><b class=\"\">Tolerancia al viento salado:<\/b> baja<\/p>\n<p class=\"\"><b class=\"\">Tolerancia a la sequ\u00eda:<\/b> alta<\/p>\n<p class=\"\"><b class=\"\">Requisitos de luz:<\/b> pleno sol<\/p>\n<p class=\"\"><b class=\"\">Color de la flor:<\/b> Rosa, naranja, blanco, amarillo, rojo<\/p>\n<p class=\"\"><b class=\"\">Caracter\u00edsticas de la flor:<\/b> En forma de estrella en tallos florales altos<\/p>\n<p class=\"\"><b class=\"\">Temporada de floraci\u00f3n:<\/b> Primavera, verano<\/p>\n<p class=\"\"><b class=\"\">Fruto:<\/b> C\u00e1psula peque\u00f1a e discreta que es de color verde a amarillo cuando es inmadura, y se vuelve marr\u00f3n o se seca a medida que madura<\/p>\n<p class=\"\"><b class=\"\">Vida silvestre y ecolog\u00eda:<\/b> Estabilizaci\u00f3n del suelo, conservaci\u00f3n del agua, h\u00e1bitat para la peque\u00f1a fauna<\/p>\n<p class=\"\"><b class=\"\">Notas de horticultura:<\/b> Se cultiva a partir de esquejes, hijuelos (cr\u00edas), semillas<\/p>\n<p class=\"\"><b class=\"\">Comentarios:<\/b><\/p>\n<div id=\"mntl-sc-block_1-0-3\" class=\"comp u-no-article-width-restriction mntl-sc-block lifestyle-sc-block-adslot mntl-sc-block-adslot mntl-block\"><\/div>\n<p>&nbsp;<\/p>\n","protected":false},"excerpt":{"rendered":"<p><img decoding=\"async\" class=\"alignnone size-medium wp-image-31863\" src=\"https:\/\/smartyplantsnursery.com\/wp-content\/uploads\/2023\/04\/Screen-Shot-2023-04-22-at-11.28.02-PM-300x134.png\" alt=\"\" width=\"300\" height=\"134\"><\/p>\n<div class=\"container\">\n<div class=\"table-container\">\n<table>\n<thead>\n<tr>\n<th>Tama\u00f1o de la maceta<\/th>\n<th>Altura media plantada (desde la tierra hasta la parte superior de la planta)<\/th>\n<\/tr>\n<\/thead>\n<tbody>\n<tr>\n<td>1 gal\u00f3n\/6&#8243;<\/td>\n<td>0 &#8211; 15 cm<\/td>\n<\/tr>\n<\/tbody>\n<\/table>\n<\/div>\n<\/div>\n","protected":false},"featured_media":41835,"comment_status":"open","ping_status":"closed","template":"","meta":[],"product_brand":[],"product_cat":[343,340,311,312,310,321,317,315,302,305,306,309,326,345,335,323,339,347,307,342],"product_tag":[319,318,351,350,352],"class_list":{"0":"post-44751","1":"product","2":"type-product","3":"status-publish","4":"has-post-thumbnail","6":"product_cat-acido","7":"product_cat-alta","8":"product_cat-baja","9":"product_cat-baja-es","10":"product_cat-bien-drenado","11":"product_cat-cobertura-del-suelo","12":"product_cat-contenedor","13":"product_cat-esquejes","14":"product_cat-exotica","15":"product_cat-interior","16":"product_cat-lenta","17":"product_cat-moderada","18":"product_cat-moderada-es-2","19":"product_cat-neutro","20":"product_cat-pleno-sol","21":"product_cat-primavera","22":"product_cat-suculenta","23":"product_cat-vastago","24":"product_cat-verano","25":"product_cat-xerojardin","26":"product_tag-amarillo","27":"product_tag-blanco","28":"product_tag-naranja","29":"product_tag-rojo","30":"product_tag-rosa","31":"pa_pot-size-1-galon-6","34":"first","35":"instock","36":"taxable","37":"shipping-taxable","38":"purchasable","39":"product-type-variable"},"aioseo_notices":[],"_links":{"self":[{"href":"https:\/\/smartyplantsnursery.com\/es\/wp-json\/wp\/v2\/product\/44751","targetHints":{"allow":["GET"]}}],"collection":[{"href":"https:\/\/smartyplantsnursery.com\/es\/wp-json\/wp\/v2\/product"}],"about":[{"href":"https:\/\/smartyplantsnursery.com\/es\/wp-json\/wp\/v2\/types\/product"}],"replies":[{"embeddable":true,"href":"https:\/\/smartyplantsnursery.com\/es\/wp-json\/wp\/v2\/comments?post=44751"}],"wp:featuredmedia":[{"embeddable":true,"href":"https:\/\/smartyplantsnursery.com\/es\/wp-json\/wp\/v2\/media\/41835"}],"wp:attachment":[{"href":"https:\/\/smartyplantsnursery.com\/es\/wp-json\/wp\/v2\/media?parent=44751"}],"wp:term":[{"taxonomy":"product_brand","embeddable":true,"href":"https:\/\/smartyplantsnursery.com\/es\/wp-json\/wp\/v2\/product_brand?post=44751"},{"taxonomy":"product_cat","embeddable":true,"href":"https:\/\/smartyplantsnursery.com\/es\/wp-json\/wp\/v2\/product_cat?post=44751"},{"taxonomy":"product_tag","embeddable":true,"href":"https:\/\/smartyplantsnursery.com\/es\/wp-json\/wp\/v2\/product_tag?post=44751"}],"curies":[{"name":"wp","href":"https:\/\/api.w.org\/{rel}","templated":true}]}}