{"id":44764,"date":"2023-04-13T18:32:26","date_gmt":"2023-04-13T18:32:26","guid":{"rendered":"https:\/\/smartyplantsnursery.com\/product\/crabwood-oysterwood-gymnanthes-lucida\/"},"modified":"2026-04-03T17:02:44","modified_gmt":"2026-04-03T17:02:44","slug":"crabwood-oysterwood-gymnanthes-lucida","status":"publish","type":"product","link":"https:\/\/smartyplantsnursery.com\/es\/product\/crabwood-oysterwood-gymnanthes-lucida\/","title":{"rendered":"Palo de cangrejo, Palo de osti\u00f3n (Arbusto) &#8211; Gymnanthes lucida"},"content":{"rendered":"<p><b>Usos paisaj\u00edsticos generales:<\/b> arbusto de acento o \u00e1rbol peque\u00f1o. Plantaciones de pantalla.<\/p>\n<p><b>Notas sobre la restauraci\u00f3n ecol\u00f3gica:<\/b> Un \u00e1rbol de subdosel relativamente com\u00fan en las hamacas dentro de un rango geogr\u00e1fico limitado.<\/p>\n<p><b>Descripci\u00f3n:<\/b> \u00c1rbol peque\u00f1o a mediano con un tronco erecto y una copa estrecha. Troncos de hasta 15-20 cm de di\u00e1metro. Corteza de color gris a marr\u00f3n rojizo oscuro, la corteza exterior se descama para exponer la corteza interior de color marr\u00f3n claro. Hojas tropicales semi-caducifolias, de color verde oscuro, de unos 5-10 cm de largo.   <\/p>\n<p><b>Dimensiones:<\/b> T\u00edpicamente de 3 a 7,5 metros de altura; hasta 10 metros en el sur de Florida. Por lo general, m\u00e1s alto que ancho. <\/p>\n<p><b>Tasa de crecimiento:<\/b> De lento a moderado.<\/p>\n<p><b>Distribuci\u00f3n:<\/b> Cayos del Condado de Monroe y Condado de Miami-Dade; disyunto en el Condado de Palm Beach, donde hist\u00f3ricamente fue extirpado; Indias Occidentales, M\u00e9xico y Am\u00e9rica Central. En el Condado de Miami-Dade, conocido solo desde Miami Rock Ridge al sur del r\u00edo Miami y los Cayos de Florida en y alrededor de Elliott Key en el Parque Nacional Biscayne. Recolectado una vez en el Condado de Palm Beach en Lake Worth en 1891, probablemente en la isla de Palm Beach.  <\/p>\n<p><b>H\u00e1bitats:<\/b> hamacas.<\/p>\n<p><b>Suelos:<\/b> Suelos calizos h\u00famedos y bien drenados, con una capa superior humosa.<\/p>\n<p><b>Requisitos nutricionales:<\/b> Moderado; puede crecer en suelos pobres en nutrientes, pero necesita algo de contenido org\u00e1nico para prosperar.<\/p>\n<p><b>Tolerancia al agua salada:<\/b> Baja; no tolera las inundaciones a largo plazo con agua salada o salobre.<\/p>\n<p><b>Tolerancia al viento salino:<\/b> Moderada; crece cerca del agua salada, pero est\u00e1 protegido de la pulverizaci\u00f3n directa de sal por otra vegetaci\u00f3n.<\/p>\n<p><b>Tolerancia a la sequ\u00eda:<\/b> Moderada; generalmente requiere suelos h\u00famedos, pero es tolerante a cortos per\u00edodos de sequ\u00eda una vez establecido.<\/p>\n<p><b>Requisitos de luz:<\/b> Pleno sol a sombra ligera.<\/p>\n<p><b>Color de la flor:<\/b> Flores femeninas rojas, masculinas verdes.<\/p>\n<p><b>Caracter\u00edsticas de la flor:<\/b> Poco llamativas; las flores son unisexuales.<\/p>\n<p><b>Temporada de floraci\u00f3n:<\/b> Todo el a\u00f1o; pico en primavera-verano.<\/p>\n<p><b>Fruto:<\/b> C\u00e1psula verde poco llamativa que se vuelve marr\u00f3n en la madurez.<\/p>\n<p><b>Vida silvestre y ecolog\u00eda:<\/b> Los l\u00edquenes grises crecen directamente sobre las hojas. Las flores son polinizadas por el viento. <\/p>\n<p><b>Notas de horticultura:<\/b> Se puede cultivar a partir de semillas.<\/p>\n","protected":false},"excerpt":{"rendered":"<p><img fetchpriority=\"high\" decoding=\"async\" class=\"alignnone size-medium wp-image-54744\" src=\"https:\/\/smartyplantsnursery.com\/wp-content\/uploads\/2023\/04\/Screenshot-2026-03-03-at-2.22.47-PM-300x185.webp\" alt=\"\" width=\"300\" height=\"185\"><\/p>\n<div class=\"container\">\n<div class=\"table-container\">\n<table>\n<thead>\n<tr>\n<th>Tama\u00f1o de la maceta<\/th>\n<th>Altura media plantada (desde la tierra hasta la parte superior de la planta)<\/th>\n<\/tr>\n<\/thead>\n<tbody>\n<tr>\n<td>3 galones\/10&#8243;<\/td>\n<td>1 &#8211; 2 pies<\/td>\n<\/tr>\n<tr>\n<td>7 galones\/14&#8243;<\/td>\n<td>2 &#8211; 4 pies<\/td>\n<\/tr>\n<tr>\n<td>15 galones\/17&#8243;<\/td>\n<td>1,2 &#8211; 1,5 m<\/td>\n<\/tr>\n<tr>\n<td>Maceta de 95 L\/53 cm<\/td>\n<td>1,5 &#8211; 2,1 m<\/td>\n<\/tr>\n<tr>\n<td>Maceta de 170 L\/71 cm<\/td>\n<td>2,1 &#8211; 2,7 m<\/td>\n<\/tr>\n<\/tbody>\n<\/table>\n<\/div>\n<\/div>\n","protected":false},"featured_media":43686,"comment_status":"open","ping_status":"closed","template":"","meta":[],"product_brand":[],"product_cat":[304,311,346,310,365,355,306,309,313,326,361,341,308,334,335,323,468,330,332,303,349,367,307],"product_tag":[350,327],"class_list":{"0":"post-44764","1":"product","2":"type-product","3":"status-publish","4":"has-post-thumbnail","6":"product_cat-arbusto","7":"product_cat-baja","8":"product_cat-bajo-mantenimiento","9":"product_cat-bien-drenado","10":"product_cat-inconspicuo","11":"product_cat-invierno","12":"product_cat-lenta","13":"product_cat-moderada","14":"product_cat-moderada-es","15":"product_cat-moderada-es-2","16":"product_cat-moderada-es-4","17":"product_cat-nativo","18":"product_cat-otono","19":"product_cat-planta-de-acento","20":"product_cat-pleno-sol","21":"product_cat-primavera","22":"product_cat-roca-2","23":"product_cat-semilla","24":"product_cat-seto","25":"product_cat-sol-parcial","26":"product_cat-sombra","27":"product_cat-unisexual-es","28":"product_cat-verano","29":"product_tag-rojo","30":"product_tag-verde","31":"pa_pot-size-1-galon-6","32":"pa_pot-size-15-galones-17","33":"pa_pot-size-25-galones-21","34":"pa_pot-size-3-galones-10","35":"pa_pot-size-45-galones-28","36":"pa_pot-size-7-galones-14","39":"first","40":"instock","41":"taxable","42":"shipping-taxable","43":"purchasable","44":"product-type-variable"},"aioseo_notices":[],"_links":{"self":[{"href":"https:\/\/smartyplantsnursery.com\/es\/wp-json\/wp\/v2\/product\/44764","targetHints":{"allow":["GET"]}}],"collection":[{"href":"https:\/\/smartyplantsnursery.com\/es\/wp-json\/wp\/v2\/product"}],"about":[{"href":"https:\/\/smartyplantsnursery.com\/es\/wp-json\/wp\/v2\/types\/product"}],"replies":[{"embeddable":true,"href":"https:\/\/smartyplantsnursery.com\/es\/wp-json\/wp\/v2\/comments?post=44764"}],"wp:featuredmedia":[{"embeddable":true,"href":"https:\/\/smartyplantsnursery.com\/es\/wp-json\/wp\/v2\/media\/43686"}],"wp:attachment":[{"href":"https:\/\/smartyplantsnursery.com\/es\/wp-json\/wp\/v2\/media?parent=44764"}],"wp:term":[{"taxonomy":"product_brand","embeddable":true,"href":"https:\/\/smartyplantsnursery.com\/es\/wp-json\/wp\/v2\/product_brand?post=44764"},{"taxonomy":"product_cat","embeddable":true,"href":"https:\/\/smartyplantsnursery.com\/es\/wp-json\/wp\/v2\/product_cat?post=44764"},{"taxonomy":"product_tag","embeddable":true,"href":"https:\/\/smartyplantsnursery.com\/es\/wp-json\/wp\/v2\/product_tag?post=44764"}],"curies":[{"name":"wp","href":"https:\/\/api.w.org\/{rel}","templated":true}]}}