{"id":44769,"date":"2023-04-13T18:29:14","date_gmt":"2023-04-13T18:29:14","guid":{"rendered":"https:\/\/smartyplantsnursery.com\/product\/torchwood-comun-torchwood-marino-amyris-elemifera\/"},"modified":"2026-04-02T13:38:51","modified_gmt":"2026-04-02T13:38:51","slug":"torchwood-comun-torchwood-marino-amyris-elemifera","status":"publish","type":"product","link":"https:\/\/smartyplantsnursery.com\/es\/product\/torchwood-comun-torchwood-marino-amyris-elemifera\/","title":{"rendered":"Torchwood com\u00fan, Torchwood marino &#8211; amyris elemifera"},"content":{"rendered":"<p><b>Usos generales en el paisajismo:<\/b> Un peque\u00f1o \u00e1rbol esp\u00e9cimen atractivo para ubicaciones costeras. Tambi\u00e9n es \u00fatil en plantaciones de amortiguamiento. <\/p>\n<p><b>Notas sobre la restauraci\u00f3n ecol\u00f3gica:<\/b> Un elemento ocasional de las hamacas costeras, especialmente a lo largo de los bordes.<\/p>\n<p><b>Descripci\u00f3n:<\/b> \u00c1rbol peque\u00f1o y delgado o arbusto grande con una copa redondeada que comprende algunas ramas delgadas. Troncos delgados, de 3 a 5 pulgadas de di\u00e1metro o, a veces, m\u00e1s. Hojas brillantes, delgadas a cori\u00e1ceas, 3-5 foliadas, 1-3 pulgadas de largo; arom\u00e1ticas cuando se trituran. Corteza de color marr\u00f3n gris\u00e1ceo p\u00e1lido, delgada y lisa, rugosa por peque\u00f1os parches de corteza exfoliante.   <\/p>\n<p><b>Dimensiones:<\/b> Por lo general, de 10 a 15 pies de altura; hasta 22 pies en el sur de Florida<\/p>\n<p><b>Tasa de crecimiento:<\/b> Muy lento a lento.<\/p>\n<p><b>Rango:<\/b> Cayos del condado de Monroe al norte a lo largo de la costa este hasta el condado de Flagler; Indias Occidentales, M\u00e9xico y Am\u00e9rica Central.<\/p>\n<p><b>H\u00e1bitats:<\/b> Hamacas y matorrales costeros.<\/p>\n<p><b>Suelos:<\/b> Suelos arenosos o calizos h\u00famedos y bien drenados, con una capa superior rica en humus.<\/p>\n<p><b>Requisitos nutricionales:<\/b> De moderados a altos; crece mejor con cierto contenido org\u00e1nico y puede languidecer en suelos pobres en nutrientes.<\/p>\n<p><b>Tolerancia al agua salada:<\/b> Baja; no tolera las inundaciones a largo plazo con agua salada o salobre.<\/p>\n<p><b>Tolerancia al viento salino:<\/b> Moderada; crece cerca del agua salada, pero est\u00e1 protegido de la pulverizaci\u00f3n directa de sal por otra vegetaci\u00f3n.<\/p>\n<p><b>Tolerancia a la sequ\u00eda:<\/b> Moderada; generalmente requiere suelos h\u00famedos, pero es tolerante a cortos per\u00edodos de sequ\u00eda una vez establecido.<\/p>\n<p><b>Requisitos de luz:<\/b> Pleno sol a sombra ligera.<\/p>\n<p><b>Color de la flor:<\/b> blanquecino.<\/p>\n<p><b>Caracter\u00edsticas de la flor:<\/b> Semillamativas; diminutas en racimos ramificados.<\/p>\n<p><b>Temporada de floraci\u00f3n:<\/b> Todo el a\u00f1o; pico primavera-oto\u00f1o.<\/p>\n<p><b>Fruta:<\/b> Drupa de color p\u00farpura a negro, 1\/4&#8243; de di\u00e1metro. Arom\u00e1tico. Comestible, con un sabor agradable. Las semillas son solitarias, de color marr\u00f3n p\u00e1lido.   <\/p>\n<p><b>Vida silvestre y ecolog\u00eda:<\/b> Proporciona alimento significativo y cantidades moderadas de cobertura para la vida silvestre. <b>Planta hu\u00e9sped larvaria<\/b> para la mariposa gigante cola de golondrina (<i>Papilio cresphontes<\/i>), la mariposa cola de golondrina de Schaus (<i>Papilio aristodemus ponceanus<\/i>) y otras mariposas. Las flores atraen a una amplia variedad de polinizadores. Las aves y los peque\u00f1os mam\u00edferos se comen la fruta.  <\/p>\n<p><b>Notas de horticultura:<\/b> Se puede cultivar a partir de semillas, aunque con cierta dificultad.<\/p>\n<p><b>Comentarios:<\/b> La madera madura es dura, de grano fino y de color naranja claro. La madera verde se ha utilizado para hacer antorchas. Las ramitas se queman como incienso.  <\/p>\n","protected":false},"excerpt":{"rendered":"<p><img fetchpriority=\"high\" decoding=\"async\" class=\"alignnone size-medium wp-image-54744\" src=\"https:\/\/smartyplantsnursery.com\/wp-content\/uploads\/2023\/04\/Screenshot-2026-03-03-at-2.22.47-PM-300x185.webp\" alt=\"\" width=\"300\" height=\"185\"><\/p>\n<div class=\"container\">\n<div class=\"table-container\">\n<table>\n<thead>\n<tr>\n<th>Tama\u00f1o de la maceta<\/th>\n<th>Altura media plantada (desde la tierra hasta la parte superior de la planta)<\/th>\n<\/tr>\n<\/thead>\n<tbody>\n<tr>\n<td>1 gal\u00f3n\/6&#8243;<\/td>\n<td>15 cm &#8211; 30 cm<\/td>\n<\/tr>\n<tr>\n<td>3 galones\/10&#8243;<\/td>\n<td>1 &#8211; 2 pies<\/td>\n<\/tr>\n<tr>\n<td>7 galones\/14&#8243;<\/td>\n<td>2 &#8211; 4 pies<\/td>\n<\/tr>\n<tr>\n<td>15 galones\/17&#8243;<\/td>\n<td>4 &#8211; 6 pies<\/td>\n<\/tr>\n<tr>\n<td>25 galones\/21&#8243;<\/td>\n<td>1,8 &#8211; 2,1 m<\/td>\n<\/tr>\n<\/tbody>\n<\/table>\n<\/div>\n<\/div>\n","protected":false},"featured_media":50072,"comment_status":"open","ping_status":"closed","template":"","meta":[],"product_brand":[],"product_cat":[348,344,359,311,346,310,355,306,324,313,309,361,341,308,314,358,335,323,468,330,303,307],"product_tag":[318],"class_list":{"0":"post-44769","1":"product","2":"type-product","3":"status-publish","4":"has-post-thumbnail","6":"product_cat-alta-es","7":"product_cat-arbol","8":"product_cat-arena","9":"product_cat-baja","10":"product_cat-bajo-mantenimiento","11":"product_cat-bien-drenado","12":"product_cat-invierno","13":"product_cat-lenta","14":"product_cat-llamativo","15":"product_cat-moderada-es","16":"product_cat-moderada","17":"product_cat-moderada-es-4","18":"product_cat-nativo","19":"product_cat-otono","20":"product_cat-planta-de-especimen","21":"product_cat-plantas-para-mariposas-plantas-para-polinizadores","22":"product_cat-pleno-sol","23":"product_cat-primavera","24":"product_cat-roca-2","25":"product_cat-semilla","26":"product_cat-sol-parcial","27":"product_cat-verano","28":"product_tag-blanco","29":"pa_pot-size-1-galon-6","30":"pa_pot-size-15-galones-17","31":"pa_pot-size-25-galones-21","32":"pa_pot-size-3-galones-10","33":"pa_pot-size-7-galones-14","36":"first","37":"instock","38":"taxable","39":"shipping-taxable","40":"purchasable","41":"product-type-variable"},"aioseo_notices":[],"_links":{"self":[{"href":"https:\/\/smartyplantsnursery.com\/es\/wp-json\/wp\/v2\/product\/44769","targetHints":{"allow":["GET"]}}],"collection":[{"href":"https:\/\/smartyplantsnursery.com\/es\/wp-json\/wp\/v2\/product"}],"about":[{"href":"https:\/\/smartyplantsnursery.com\/es\/wp-json\/wp\/v2\/types\/product"}],"replies":[{"embeddable":true,"href":"https:\/\/smartyplantsnursery.com\/es\/wp-json\/wp\/v2\/comments?post=44769"}],"wp:featuredmedia":[{"embeddable":true,"href":"https:\/\/smartyplantsnursery.com\/es\/wp-json\/wp\/v2\/media\/50072"}],"wp:attachment":[{"href":"https:\/\/smartyplantsnursery.com\/es\/wp-json\/wp\/v2\/media?parent=44769"}],"wp:term":[{"taxonomy":"product_brand","embeddable":true,"href":"https:\/\/smartyplantsnursery.com\/es\/wp-json\/wp\/v2\/product_brand?post=44769"},{"taxonomy":"product_cat","embeddable":true,"href":"https:\/\/smartyplantsnursery.com\/es\/wp-json\/wp\/v2\/product_cat?post=44769"},{"taxonomy":"product_tag","embeddable":true,"href":"https:\/\/smartyplantsnursery.com\/es\/wp-json\/wp\/v2\/product_tag?post=44769"}],"curies":[{"name":"wp","href":"https:\/\/api.w.org\/{rel}","templated":true}]}}