{"id":44784,"date":"2023-04-13T18:35:27","date_gmt":"2023-04-13T18:35:27","guid":{"rendered":"https:\/\/smartyplantsnursery.com\/product\/acebo-de-dahoon-dahoon-ilex-cassine\/"},"modified":"2026-04-07T12:50:31","modified_gmt":"2026-04-07T12:50:31","slug":"acebo-de-dahoon-dahoon-ilex-cassine","status":"publish","type":"product","link":"https:\/\/smartyplantsnursery.com\/es\/product\/acebo-de-dahoon-dahoon-ilex-cassine\/","title":{"rendered":"Acebo de Dahoon, dahoon &#8211; ilex cassine"},"content":{"rendered":"<p><b>Usos generales en el paisaje:<\/b> Un excelente \u00e1rbol de acento o esp\u00e9cimen, o un arbusto grande en lugares h\u00famedos o mojados, pero es intolerante a los suelos m\u00e1s secos y languidecer\u00e1 en ellos.<\/p>\n<p><b>Notas sobre restauraci\u00f3n ecol\u00f3gica:<\/b> Un elemento com\u00fan de matorrales de humedales y m\u00e1rgenes de pantanos.<\/p>\n<p><b>Descripci\u00f3n:<\/b> \u00c1rbol peque\u00f1o a mediano, o raramente un \u00e1rbol grande con copas variables compuestas por numerosas ramas. Troncos a menudo cortos, ramific\u00e1ndose cerca del suelo, de 15 a 30 cm de di\u00e1metro. Corteza blanquecina a gris\u00e1cea o casi negra, a menudo cubierta de numerosos l\u00edquenes y otras ep\u00edfitas. Hojas planas, cori\u00e1ceas de 5 a 10 cm de largo, oscuras en la parte superior, m\u00e1s p\u00e1lidas en la parte inferior.   <\/p>\n<p><b>Dimensiones:<\/b> T\u00edpicamente de 3 a 9 metros de altura; hasta 20 metros en el sur de Florida. Por lo general, m\u00e1s alto que ancho. <\/p>\n<p><b>Tasa de crecimiento:<\/b> De moderada a lenta.<\/p>\n<p><b>Distribuci\u00f3n:<\/b> Sudeste de los Estados Unidos al oeste de Texas y al sur del condado de Miami Dade y el continente del condado de Monroe; Bahamas, Cuba, M\u00e9xico y Am\u00e9rica Central.<\/p>\n<p><b>H\u00e1bitats:<\/b> Pantanos y bosques h\u00famedos.<\/p>\n<p><b>Suelos:<\/b> H\u00famedos a mojados, moderadamente bien drenados a mal drenados, org\u00e1nicos o arenosos, a menudo con pH \u00e1cido.<\/p>\n<p><b>Requisitos nutricionales:<\/b> Altos; requiere suelos org\u00e1nicos ricos para un crecimiento \u00f3ptimo.<\/p>\n<p><b>Tolerancia al agua salada:<\/b> Baja; no tolera las inundaciones a largo plazo con agua salada o salobre.<\/p>\n<p><b>Tolerancia al viento salino:<\/b> Moderada; crece cerca del agua salada, pero est\u00e1 protegido de la pulverizaci\u00f3n directa de sal por otra vegetaci\u00f3n.<\/p>\n<p><b>Tolerancia a la sequ\u00eda:<\/b> Moderada a baja; requiere suelos h\u00famedos a mojados, pero tolera cortos per\u00edodos de sequ\u00eda una vez establecido.<\/p>\n<p><b>Requisitos de luz:<\/b> Pleno sol a sombra ligera.<\/p>\n<p><b>Color de la flor:<\/b> Blanco amarillento.<\/p>\n<p><b>Caracter\u00edsticas de la flor:<\/b> Poco visible. Dioico, con flores masculinas y femeninas en plantas separadas. <\/p>\n<p><b>Temporada de floraci\u00f3n:<\/b> Todo el a\u00f1o; pico en primavera.<\/p>\n<p><b>Fruto:<\/b> Una drupa de 6 mm de di\u00e1metro, generalmente roja, a veces amarilla o naranja. Madura principalmente en oto\u00f1o. Comestible pero no sabroso.  <\/p>\n<p><b>Vida silvestre y ecolog\u00eda:<\/b> Proporciona alimento y cobertura significativos para la vida silvestre. Los ciervos ramonean los brotes j\u00f3venes. Atrae a abejas polinizadoras. Peque\u00f1os mam\u00edferos, pavos, codornices, vireos ojirrojos y una gran variedad de aves migratorias consumen sus frutos. El denso follaje ofrece un refugio excelente para p\u00e1jaros peque\u00f1os. Alberga una amplia diversidad de insectos y ara\u00f1as que, a su vez, sirven de alimento para muchas especies de aves.    <\/p>\n<p><b>Notas de horticultura:<\/b> Se puede cultivar a partir de semillas sin pulpa despu\u00e9s de que la fruta est\u00e9 completamente madura. Limpie y plante de inmediato; las semillas no se almacenan bien. Plante en un recipiente con al menos 5 cm de tierra. Espolvoree tierra para cubrir las semillas. Coloque en sombra parcial. Tambi\u00e9n se cultiva a partir de esquejes, mejor tratados con una hormona de enraizamiento.     <\/p>\n<p><b>Comentarios:<\/b> Este peque\u00f1o \u00e1rbol es excelente para lugares bajos en el jard\u00edn. Las bayas rojas son una excelente decoraci\u00f3n navide\u00f1a. <\/p>\n","protected":false},"excerpt":{"rendered":"<p><img fetchpriority=\"high\" decoding=\"async\" class=\"alignnone size-medium wp-image-54744\" src=\"https:\/\/smartyplantsnursery.com\/wp-content\/uploads\/2023\/04\/Screenshot-2026-03-03-at-2.22.47-PM-300x185.webp\" alt=\"\" width=\"300\" height=\"185\"><\/p>\n<div class=\"container\">\n<div class=\"table-container\">\n<table>\n<thead>\n<tr>\n<th>Tama\u00f1o de la maceta<\/th>\n<th>Altura media plantada (desde la tierra hasta la parte superior de la planta)<\/th>\n<th>Calibre<\/th>\n<\/tr>\n<\/thead>\n<tbody>\n<tr>\n<td>3 galones\/10&#8243;<\/td>\n<td>0,6 &#8211; 1,2 m<\/td>\n<td><\/td>\n<\/tr>\n<tr>\n<td>7 galones\/14&#8243;<\/td>\n<td>1,2 &#8211; 1,8 m<\/td>\n<td><\/td>\n<\/tr>\n<tr>\n<td>Maceta de 56,8 litros\/43 cm<\/td>\n<td>1,8 &#8211; 2,4 m<\/td>\n<td>2,5 &#8211; 3,2 cm<\/td>\n<\/tr>\n<tr>\n<td>Maceta de 94,6 litros\/53 cm<\/td>\n<td>2,4 &#8211; 3 m<\/td>\n<td>3,2 &#8211; 3,8 cm<\/td>\n<\/tr>\n<tr>\n<td>45 galones\/28&#8243;<\/td>\n<td>3 &#8211; 3,7 m<\/td>\n<td>3,8 &#8211; 5 cm<\/td>\n<\/tr>\n<\/tbody>\n<\/table>\n<\/div>\n<\/div>\n","protected":false},"featured_media":53784,"comment_status":"open","ping_status":"closed","template":"","meta":[],"product_brand":[],"product_cat":[343,348,344,359,311,329,346,310,366,365,355,306,354,313,326,361,341,308,334,314,358,335,323,330,303,307],"product_tag":[319,318],"class_list":{"0":"post-44784","1":"product","2":"type-product","3":"status-publish","4":"has-post-thumbnail","6":"product_cat-acido","7":"product_cat-alta-es","8":"product_cat-arbol","9":"product_cat-arena","10":"product_cat-baja","11":"product_cat-baja-es-2","12":"product_cat-bajo-mantenimiento","13":"product_cat-bien-drenado","14":"product_cat-dioico","15":"product_cat-inconspicuo","16":"product_cat-invierno","17":"product_cat-lenta","18":"product_cat-mal-drenado","19":"product_cat-moderada-es","20":"product_cat-moderada-es-2","21":"product_cat-moderada-es-4","22":"product_cat-nativo","23":"product_cat-otono","24":"product_cat-planta-de-acento","25":"product_cat-planta-de-especimen","26":"product_cat-plantas-para-mariposas-plantas-para-polinizadores","27":"product_cat-pleno-sol","28":"product_cat-primavera","29":"product_cat-semilla","30":"product_cat-sol-parcial","31":"product_cat-verano","32":"product_tag-amarillo","33":"product_tag-blanco","34":"pa_pot-size-15-galones-17","35":"pa_pot-size-25-galones-21","36":"pa_pot-size-3-galones-10","37":"pa_pot-size-45-galones-28","38":"pa_pot-size-7-galones-14","41":"first","42":"instock","43":"taxable","44":"shipping-taxable","45":"purchasable","46":"product-type-variable"},"aioseo_notices":[],"_links":{"self":[{"href":"https:\/\/smartyplantsnursery.com\/es\/wp-json\/wp\/v2\/product\/44784","targetHints":{"allow":["GET"]}}],"collection":[{"href":"https:\/\/smartyplantsnursery.com\/es\/wp-json\/wp\/v2\/product"}],"about":[{"href":"https:\/\/smartyplantsnursery.com\/es\/wp-json\/wp\/v2\/types\/product"}],"replies":[{"embeddable":true,"href":"https:\/\/smartyplantsnursery.com\/es\/wp-json\/wp\/v2\/comments?post=44784"}],"wp:featuredmedia":[{"embeddable":true,"href":"https:\/\/smartyplantsnursery.com\/es\/wp-json\/wp\/v2\/media\/53784"}],"wp:attachment":[{"href":"https:\/\/smartyplantsnursery.com\/es\/wp-json\/wp\/v2\/media?parent=44784"}],"wp:term":[{"taxonomy":"product_brand","embeddable":true,"href":"https:\/\/smartyplantsnursery.com\/es\/wp-json\/wp\/v2\/product_brand?post=44784"},{"taxonomy":"product_cat","embeddable":true,"href":"https:\/\/smartyplantsnursery.com\/es\/wp-json\/wp\/v2\/product_cat?post=44784"},{"taxonomy":"product_tag","embeddable":true,"href":"https:\/\/smartyplantsnursery.com\/es\/wp-json\/wp\/v2\/product_tag?post=44784"}],"curies":[{"name":"wp","href":"https:\/\/api.w.org\/{rel}","templated":true}]}}