{"id":44801,"date":"2023-04-13T22:05:20","date_gmt":"2023-04-13T22:05:20","guid":{"rendered":"https:\/\/smartyplantsnursery.com\/product\/manzana-de-paso-clusia-rosea\/"},"modified":"2026-03-07T13:56:43","modified_gmt":"2026-03-07T13:56:43","slug":"manzana-de-paso-clusia-rosea","status":"publish","type":"product","link":"https:\/\/smartyplantsnursery.com\/es\/product\/manzana-de-paso-clusia-rosea\/","title":{"rendered":"Manzana de paso &#8211; clusia rosea"},"content":{"rendered":"<p><b>Usos generales en el paisaje:<\/b> No se recomienda para uso general en el paisaje. Es nativa solo de los Cayos Inferiores de Florida, donde probablemente fue extirpada y luego reintroducida a partir de plantas cultivadas. <\/p>\n<p><b>Notas sobre la restauraci\u00f3n ecol\u00f3gica:<\/b> No se recomienda para proyectos de restauraci\u00f3n de h\u00e1bitats. Ya est\u00e1 demasiado plantada dentro de su \u00e1rea de distribuci\u00f3n nativa y escapando del cultivo en otros lugares. <\/p>\n<p><b>Descripci\u00f3n:<\/b> \u00c1rbol grande.<\/p>\n<p><b>Dimensiones:<\/b> Normalmente de 20 a 50 pies de altura. A menudo tan ancho como alto. <\/p>\n<p><b>Tasa de crecimiento:<\/b> moderada.<\/p>\n<p><b>Distribuci\u00f3n:<\/b> Cayos del Condado de Monroe (Cayo Hueso, Cayo Big Pine); las Indias Occidentales, M\u00e9xico, Am\u00e9rica Central y Am\u00e9rica del Sur.<\/p>\n<p><b>H\u00e1bitats:<\/b> hamacas.<\/p>\n<p><b>Suelos:<\/b> Suelos arenosos o calizos h\u00famedos y bien drenados, con o sin capa superior de humus. Es una hemiep\u00edfita, que a menudo echa ra\u00edces en otras plantas y luego env\u00eda ra\u00edces a\u00e9reas hacia abajo. <\/p>\n<p><b>Tolerancia al agua salada:<\/b> Baja; no tolera las inundaciones a largo plazo con agua salada o salobre.<\/p>\n<p><b>Tolerancia al viento salado:<\/b> Alta; puede tolerar cantidades moderadas de viento salado sin da\u00f1os significativos.<\/p>\n<p><b>Tolerancia a la sequ\u00eda:<\/b> Alta; no requiere agua suplementaria una vez establecida.<\/p>\n<p><b>Requisitos de luz:<\/b> Pleno sol a sombra ligera.<\/p>\n<p><b>Color de la flor:<\/b> Blanco a rosa p\u00e1lido<\/p>\n<p><b>Caracter\u00edsticas de la flor:<\/b> Grande, vistosa<\/p>\n<p><b>Temporada de floraci\u00f3n:<\/b> Primavera a verano<\/p>\n<p><b>Fruto:<\/b> C\u00e1psula redonda que es verde y se vuelve de color marr\u00f3n verdoso a marr\u00f3n a medida que madura<\/p>\n<p><b>Vida silvestre y ecolog\u00eda:<\/b> Atracci\u00f3n de polinizadores y h\u00e1bitat para la vida silvestre<\/p>\n<p><b>Notas de horticultura:<\/b> Se cultiva a partir de semillas, esquejes, acodo a\u00e9reo<\/p>\n<p><b>Comentarios:<\/b><\/p>\n","protected":false},"excerpt":{"rendered":"<p><img decoding=\"async\" class=\"alignnone size-medium wp-image-31863\" src=\"https:\/\/smartyplantsnursery.com\/wp-content\/uploads\/2023\/04\/Screen-Shot-2023-04-22-at-11.28.02-PM-300x134.png\" alt=\"\" width=\"300\" height=\"134\"><\/p>\n<div class=\"container\">\n<div class=\"table-container\">\n<table>\n<thead>\n<tr>\n<th>Tama\u00f1o de la maceta<\/th>\n<th>Altura media plantada (desde la tierra hasta la parte superior de la planta)<\/th>\n<th>Calibre<\/th>\n<\/tr>\n<\/thead>\n<tbody>\n<tr>\n<td>3 galones\/10&#8243;<\/td>\n<td>0,6 &#8211; 1,2 m<\/td>\n<td><\/td>\n<\/tr>\n<tr>\n<td>7 galones\/14&#8243;<\/td>\n<td>1,2 &#8211; 1,8 m<\/td>\n<td><\/td>\n<\/tr>\n<tr>\n<td>15 galones\/17&#8243;<\/td>\n<td>6 &#8211; 8 pies<\/td>\n<td><\/td>\n<\/tr>\n<tr>\n<td>25 galones\/21&#8243;<\/td>\n<td>8 &#8211; 10 pies<\/td>\n<td>1,5 &#8211; 2 pulg.<\/td>\n<\/tr>\n<tr>\n<td>170 litros\/71 cm<\/td>\n<td>3 &#8211; 3,7 m<\/td>\n<td>7,6 &#8211; 10 cm<\/td>\n<\/tr>\n<tr>\n<td>100 galones\/36&#8243;<\/td>\n<td>4,3 &#8211; 4,9 m<\/td>\n<td>10 &#8211; 12,7 cm<\/td>\n<\/tr>\n<\/tbody>\n<\/table>\n<\/div>\n<\/div>\n","protected":false},"featured_media":44639,"comment_status":"open","ping_status":"closed","template":"","meta":[],"product_brand":[59,60],"product_cat":[336,340,362,344,311,346,310,315,368,324,326,341,335,323,330,303,307],"product_tag":[318,352],"class_list":{"0":"post-44801","1":"product","2":"type-product","3":"status-publish","4":"has-post-thumbnail","6":"product_brand-fann","7":"product_brand-fnps","8":"product_cat-acodo-aereo","9":"product_cat-alta","10":"product_cat-alta-es-2","11":"product_cat-arbol","12":"product_cat-baja","13":"product_cat-bajo-mantenimiento","14":"product_cat-bien-drenado","15":"product_cat-esquejes","16":"product_cat-grande","17":"product_cat-llamativo","18":"product_cat-moderada-es-2","19":"product_cat-nativo","20":"product_cat-pleno-sol","21":"product_cat-primavera","22":"product_cat-semilla","23":"product_cat-sol-parcial","24":"product_cat-verano","25":"product_tag-blanco","26":"product_tag-rosa","27":"pa_pot-size-100-galones-36","28":"pa_pot-size-15-galones-17","29":"pa_pot-size-25-galones-21","30":"pa_pot-size-3-galones-10","31":"pa_pot-size-45-galones-28","32":"pa_pot-size-7-galones-14","35":"first","36":"instock","37":"taxable","38":"shipping-taxable","39":"purchasable","40":"product-type-variable"},"aioseo_notices":[],"_links":{"self":[{"href":"https:\/\/smartyplantsnursery.com\/es\/wp-json\/wp\/v2\/product\/44801","targetHints":{"allow":["GET"]}}],"collection":[{"href":"https:\/\/smartyplantsnursery.com\/es\/wp-json\/wp\/v2\/product"}],"about":[{"href":"https:\/\/smartyplantsnursery.com\/es\/wp-json\/wp\/v2\/types\/product"}],"replies":[{"embeddable":true,"href":"https:\/\/smartyplantsnursery.com\/es\/wp-json\/wp\/v2\/comments?post=44801"}],"wp:featuredmedia":[{"embeddable":true,"href":"https:\/\/smartyplantsnursery.com\/es\/wp-json\/wp\/v2\/media\/44639"}],"wp:attachment":[{"href":"https:\/\/smartyplantsnursery.com\/es\/wp-json\/wp\/v2\/media?parent=44801"}],"wp:term":[{"taxonomy":"product_brand","embeddable":true,"href":"https:\/\/smartyplantsnursery.com\/es\/wp-json\/wp\/v2\/product_brand?post=44801"},{"taxonomy":"product_cat","embeddable":true,"href":"https:\/\/smartyplantsnursery.com\/es\/wp-json\/wp\/v2\/product_cat?post=44801"},{"taxonomy":"product_tag","embeddable":true,"href":"https:\/\/smartyplantsnursery.com\/es\/wp-json\/wp\/v2\/product_tag?post=44801"}],"curies":[{"name":"wp","href":"https:\/\/api.w.org\/{rel}","templated":true}]}}