{"id":44818,"date":"2023-08-09T16:53:25","date_gmt":"2023-08-09T16:53:25","guid":{"rendered":"https:\/\/smartyplantsnursery.com\/product\/higuera-llorona-ficus-benghalensis-audrey\/"},"modified":"2026-03-07T14:45:51","modified_gmt":"2026-03-07T14:45:51","slug":"higuera-llorona-ficus-benghalensis-audrey","status":"publish","type":"product","link":"https:\/\/smartyplantsnursery.com\/es\/product\/higuera-llorona-ficus-benghalensis-audrey\/","title":{"rendered":"Higuera llorona &#8211; ficus benghalensis \u201cAudrey\u201d"},"content":{"rendered":"<p class=\"\"><b class=\"\">Usos generales en el paisaje:<\/b> \u00c1rbol ornamental, \u00e1rbol de sombra, planta de contenedor<\/p>\n<p class=\"\"><b class=\"\">Notas sobre la restauraci\u00f3n ecol\u00f3gica:<\/b> Apoyo a la biodiversidad a trav\u00e9s de la cobertura del dosel y la producci\u00f3n de higos<\/p>\n<p class=\"\"><b class=\"\">Descripci\u00f3n:<\/b> \u00c1rbol de hoja perenne<\/p>\n<p class=\"\"><b class=\"\">Dimensiones:<\/b> Altura 15 &#8211; 30 m.<\/p>\n<p class=\"\"><b class=\"\">Tasa de crecimiento:<\/b> De moderada a r\u00e1pida<\/p>\n<p class=\"\"><b class=\"\">Distribuci\u00f3n nativa:<\/b> Asia<\/p>\n<p class=\"\"><b class=\"\">H\u00e1bitats nativos:<\/b> Bosques tropicales y subtropicales, bosques abiertos, riberas de r\u00edos, bosques monz\u00f3nicos<\/p>\n<p class=\"\"><b class=\"\">Suelos:<\/b> H\u00famedos pero bien drenados, \u00e1cidos, arenosos o limosos<\/p>\n<p class=\"\"><b class=\"\">Requisitos nutricionales:<\/b> moderados<\/p>\n<p class=\"\"><b class=\"\">Tolerancia al agua salada:<\/b> baja<\/p>\n<p class=\"\"><b class=\"\">Tolerancia al viento salado:<\/b> baja<\/p>\n<p class=\"\"><b class=\"\">Tolerancia a la sequ\u00eda:<\/b> Moderada a alta<\/p>\n<p class=\"\"><b class=\"\">Requisitos de luz:<\/b> sol parcial<\/p>\n<p class=\"\"><b class=\"\">Color de la flor:<\/b> Crema p\u00e1lido a blanco<\/p>\n<p class=\"\"><b class=\"\">Caracter\u00edsticas de la flor:<\/b> Interna, oculta dentro del fruto<\/p>\n<p class=\"\"><b class=\"\">Temporada de floraci\u00f3n:<\/b> Irregular; ocurre cuando el polinizador est\u00e1 presente y las condiciones clim\u00e1ticas son favorables (principalmente en el \u00e1rea de distribuci\u00f3n nativa)<\/p>\n<p class=\"\"><b class=\"\">Fruto:<\/b> Sicono, verde que madura a p\u00farpura<\/p>\n<p class=\"\"><b class=\"\">Vida silvestre y ecolog\u00eda:<\/b> El fruto es importante para aves y mam\u00edferos<\/p>\n<p class=\"\"><b class=\"\">Notas de horticultura:<\/b> Se propaga por esquejes, acodo a\u00e9reo<\/p>\n<p class=\"\"><b class=\"\">Comentarios:<\/b><\/p>\n","protected":false},"excerpt":{"rendered":"<p><img decoding=\"async\" class=\"alignnone size-medium wp-image-31863\" src=\"https:\/\/smartyplantsnursery.com\/wp-content\/uploads\/2023\/04\/Screen-Shot-2023-04-22-at-11.28.02-PM-300x134.png\" alt=\"\" width=\"300\" height=\"134\"><\/p>\n<div class=\"container\">\n<div class=\"table-container\">\n<table>\n<thead>\n<tr>\n<th>Tama\u00f1o de la maceta<\/th>\n<th>Altura media plantada (desde la tierra hasta la parte superior de la planta)<\/th>\n<\/tr>\n<\/thead>\n<tbody>\n<tr>\n<td>1 gal\u00f3n\/6&#8243;<\/td>\n<td>0 &#8211; 2 ft<\/td>\n<\/tr>\n<tr>\n<td>3 galones\/10&#8243;<\/td>\n<td>0,6 &#8211; 1,2 m<\/td>\n<\/tr>\n<\/tbody>\n<\/table>\n<\/div>\n<\/div>\n","protected":false},"featured_media":48683,"comment_status":"open","ping_status":"closed","template":"","meta":[],"product_brand":[],"product_cat":[343,336,340,344,371,359,311,312,310,317,315,302,369,365,305,309,313,326,314,322,303],"product_tag":[318,328],"class_list":{"0":"post-44818","1":"product","2":"type-product","3":"status-publish","4":"has-post-thumbnail","6":"product_cat-acido","7":"product_cat-acodo-aereo","8":"product_cat-alta","9":"product_cat-arbol","10":"product_cat-arbol-de-sombra","11":"product_cat-arena","12":"product_cat-baja","13":"product_cat-baja-es","14":"product_cat-bien-drenado","15":"product_cat-contenedor","16":"product_cat-esquejes","17":"product_cat-exotica","18":"product_cat-franco","19":"product_cat-inconspicuo","20":"product_cat-interior","21":"product_cat-moderada","22":"product_cat-moderada-es","23":"product_cat-moderada-es-2","24":"product_cat-planta-de-especimen","25":"product_cat-rapido","26":"product_cat-sol-parcial","27":"product_tag-blanco","28":"product_tag-crema","29":"pa_pot-size-1-galon-6","30":"pa_pot-size-3-galones-10","33":"first","34":"instock","35":"taxable","36":"shipping-taxable","37":"purchasable","38":"product-type-variable"},"aioseo_notices":[],"_links":{"self":[{"href":"https:\/\/smartyplantsnursery.com\/es\/wp-json\/wp\/v2\/product\/44818","targetHints":{"allow":["GET"]}}],"collection":[{"href":"https:\/\/smartyplantsnursery.com\/es\/wp-json\/wp\/v2\/product"}],"about":[{"href":"https:\/\/smartyplantsnursery.com\/es\/wp-json\/wp\/v2\/types\/product"}],"replies":[{"embeddable":true,"href":"https:\/\/smartyplantsnursery.com\/es\/wp-json\/wp\/v2\/comments?post=44818"}],"wp:featuredmedia":[{"embeddable":true,"href":"https:\/\/smartyplantsnursery.com\/es\/wp-json\/wp\/v2\/media\/48683"}],"wp:attachment":[{"href":"https:\/\/smartyplantsnursery.com\/es\/wp-json\/wp\/v2\/media?parent=44818"}],"wp:term":[{"taxonomy":"product_brand","embeddable":true,"href":"https:\/\/smartyplantsnursery.com\/es\/wp-json\/wp\/v2\/product_brand?post=44818"},{"taxonomy":"product_cat","embeddable":true,"href":"https:\/\/smartyplantsnursery.com\/es\/wp-json\/wp\/v2\/product_cat?post=44818"},{"taxonomy":"product_tag","embeddable":true,"href":"https:\/\/smartyplantsnursery.com\/es\/wp-json\/wp\/v2\/product_tag?post=44818"}],"curies":[{"name":"wp","href":"https:\/\/api.w.org\/{rel}","templated":true}]}}