{"id":44819,"date":"2023-08-12T01:21:44","date_gmt":"2023-08-12T01:21:44","guid":{"rendered":"https:\/\/smartyplantsnursery.com\/product\/palmera-montgomery-veitchia-arecina\/"},"modified":"2026-01-27T19:50:04","modified_gmt":"2026-01-27T19:50:04","slug":"palmera-montgomery-veitchia-arecina","status":"publish","type":"product","link":"https:\/\/smartyplantsnursery.com\/es\/product\/palmera-montgomery-veitchia-arecina\/","title":{"rendered":"Palmera Montgomery &#8211; veitchia arecina"},"content":{"rendered":"<p class=\"\"><b class=\"\">Usos generales en el paisaje:<\/b> Jardines, parques, a lo largo de calles<\/p>\n<p class=\"\"><b class=\"\">Notas sobre restauraci\u00f3n ecol\u00f3gica:<\/b> No se utiliza fuera de Vanuatu porque es end\u00e9mica de all\u00ed.<\/p>\n<p class=\"\"><b class=\"\">Descripci\u00f3n:<\/b> Esta es una palmera hermosa. Es una de las Veitchias m\u00e1s f\u00e1ciles de cultivar; tambi\u00e9n es una de las m\u00e1s bonitas. Merece la pena probarla en la mayor\u00eda de los jardines.  <\/p>\n<p class=\"\"><b class=\"\">Dimensiones:<\/b> Altura 20 pies.<\/p>\n<p class=\"\"><b class=\"\">Tasa de crecimiento:<\/b> de moderada a r\u00e1pida<\/p>\n<p class=\"\"><b class=\"\">Distribuci\u00f3n nativa:<\/b> Vanuatu<\/p>\n<p class=\"\"><b class=\"\">H\u00e1bitats nativos:<\/b> Selvas tropicales de tierras bajas, ecosistemas de bosques costeros<\/p>\n<p class=\"\"><b class=\"\">Suelos:<\/b> Ricos y arenosos con buen drenaje<\/p>\n<p class=\"\"><b class=\"\">Requisitos nutricionales:<\/b> De moderados a altos<\/p>\n<p class=\"\"><b class=\"\">Tolerancia al agua salada:<\/b> moderada<\/p>\n<p class=\"\"><b class=\"\">Tolerancia al viento salado:<\/b> De baja a moderada<\/p>\n<p class=\"\"><b class=\"\">Tolerancia a la sequ\u00eda:<\/b> De baja a moderada<\/p>\n<p class=\"\"><b class=\"\">Requisitos de luz:<\/b> De parcial a pleno sol.<\/p>\n<p class=\"\"><b class=\"\">Color de la flor:<\/b> Blanco cremoso<\/p>\n<p class=\"\"><b class=\"\">Caracter\u00edsticas de la flor:<\/b> Peque\u00f1as, crecen en racimos<\/p>\n<p class=\"\"><b class=\"\">Temporada de floraci\u00f3n:<\/b> Desde finales de primavera hasta principios de verano<\/p>\n<p class=\"\"><b class=\"\">Fruto:<\/b> Peque\u00f1o, redondo, rojo cuando est\u00e1 maduro<\/p>\n<p class=\"\"><b class=\"\">Vida silvestre y ecolog\u00eda:<\/b> Proporciona refugio y alimento para aves, insectos y peque\u00f1os mam\u00edferos locales.<\/p>\n<p class=\"\"><b class=\"\">Notas de horticultura:<\/b> Se propaga por semilla<\/p>\n<p class=\"\"><b class=\"\">Comentarios:<\/b><\/p>\n<p>&nbsp;<\/p>\n","protected":false},"excerpt":{"rendered":"<p><img decoding=\"async\" class=\"alignnone size-medium wp-image-31863\" src=\"https:\/\/smartyplantsnursery.com\/wp-content\/uploads\/2023\/04\/Screen-Shot-2023-04-22-at-11.28.02-PM-300x134.png\" alt=\"Compre con confianza en el vivero de plantas inteligentes\" width=\"300\" height=\"134\"><\/p>\n<div class=\"container\">\n<div class=\"table-container\">\n<table>\n<thead>\n<tr>\n<th>Tama\u00f1o de la maceta<\/th>\n<th>Altura media plantada (desde la tierra hasta la parte superior de la planta)<\/th>\n<\/tr>\n<\/thead>\n<tbody>\n<tr>\n<td>3 galones\/10&#8243;<\/td>\n<td>0,6 &#8211; 1,2 m<\/td>\n<\/tr>\n<tr>\n<td>7 galones\/14&#8243;<\/td>\n<td>1,2 &#8211; 1,8 m<\/td>\n<\/tr>\n<tr>\n<td>Maceta de 57 l\/43 cm<\/td>\n<td>1,8 &#8211; 3 m<\/td>\n<\/tr>\n<tr>\n<td>25 galones\/21&#8243;<\/td>\n<td>3 &#8211; 3,6 m<\/td>\n<\/tr>\n<tr>\n<td>45 galones\/28&#8243;<\/td>\n<td>3,7 &#8211; 4,3 m<\/td>\n<\/tr>\n<\/tbody>\n<\/table>\n<\/div>\n<\/div>\n","protected":false},"featured_media":44472,"comment_status":"open","ping_status":"closed","template":"","meta":[],"product_brand":[],"product_cat":[348,344,359,329,312,302,313,361,360,309,326,370,316,335,323,372,322,330,303,307],"product_tag":[318,328],"class_list":{"0":"post-44819","1":"product","2":"type-product","3":"status-publish","4":"has-post-thumbnail","6":"product_cat-alta-es","7":"product_cat-arbol","8":"product_cat-arena","9":"product_cat-baja-es-2","10":"product_cat-baja-es","11":"product_cat-exotica","12":"product_cat-moderada-es","13":"product_cat-moderada-es-4","14":"product_cat-moderada-es-3","15":"product_cat-moderada","16":"product_cat-moderada-es-2","17":"product_cat-palma","18":"product_cat-pequena","19":"product_cat-pleno-sol","20":"product_cat-primavera","21":"product_cat-racimo","22":"product_cat-rapido","23":"product_cat-semilla","24":"product_cat-sol-parcial","25":"product_cat-verano","26":"product_tag-blanco","27":"product_tag-crema","28":"pa_pot-size-15-galones-17","29":"pa_pot-size-25-galones-21","30":"pa_pot-size-3-galones-10","31":"pa_pot-size-45-galones-28","32":"pa_pot-size-7-galones-14","35":"first","36":"instock","37":"taxable","38":"shipping-taxable","39":"purchasable","40":"product-type-variable"},"aioseo_notices":[],"_links":{"self":[{"href":"https:\/\/smartyplantsnursery.com\/es\/wp-json\/wp\/v2\/product\/44819","targetHints":{"allow":["GET"]}}],"collection":[{"href":"https:\/\/smartyplantsnursery.com\/es\/wp-json\/wp\/v2\/product"}],"about":[{"href":"https:\/\/smartyplantsnursery.com\/es\/wp-json\/wp\/v2\/types\/product"}],"replies":[{"embeddable":true,"href":"https:\/\/smartyplantsnursery.com\/es\/wp-json\/wp\/v2\/comments?post=44819"}],"wp:featuredmedia":[{"embeddable":true,"href":"https:\/\/smartyplantsnursery.com\/es\/wp-json\/wp\/v2\/media\/44472"}],"wp:attachment":[{"href":"https:\/\/smartyplantsnursery.com\/es\/wp-json\/wp\/v2\/media?parent=44819"}],"wp:term":[{"taxonomy":"product_brand","embeddable":true,"href":"https:\/\/smartyplantsnursery.com\/es\/wp-json\/wp\/v2\/product_brand?post=44819"},{"taxonomy":"product_cat","embeddable":true,"href":"https:\/\/smartyplantsnursery.com\/es\/wp-json\/wp\/v2\/product_cat?post=44819"},{"taxonomy":"product_tag","embeddable":true,"href":"https:\/\/smartyplantsnursery.com\/es\/wp-json\/wp\/v2\/product_tag?post=44819"}],"curies":[{"name":"wp","href":"https:\/\/api.w.org\/{rel}","templated":true}]}}