{"id":44832,"date":"2023-08-09T16:44:13","date_gmt":"2023-08-09T16:44:13","guid":{"rendered":"https:\/\/smartyplantsnursery.com\/product\/planta-de-maiz-dracaena-fragrans-massangeana\/"},"modified":"2026-04-03T16:46:59","modified_gmt":"2026-04-03T16:46:59","slug":"planta-de-maiz-dracaena-fragrans-massangeana","status":"publish","type":"product","link":"https:\/\/smartyplantsnursery.com\/es\/product\/planta-de-maiz-dracaena-fragrans-massangeana\/","title":{"rendered":"Planta de ma\u00edz &#8211; dracaena fragrans \u201cmassangeana\u201d"},"content":{"rendered":"<p class=\"\"><b class=\"\">Usos generales en el paisaje:<\/b> Planta de interior, planta de oficina y arbusto tropical de jardiner\u00eda<\/p>\n<p class=\"\"><b class=\"\">Notas sobre la restauraci\u00f3n ecol\u00f3gica:<\/b> Estabilizaci\u00f3n del suelo, purificaci\u00f3n del aire<\/p>\n<p class=\"\"><b class=\"\">Descripci\u00f3n:<\/b> Arbusto ornamental tropical apreciado por su follaje variegado, su bajo mantenimiento y sus cualidades purificadoras del aire.<\/p>\n<p class=\"\"><b class=\"\">Dimensiones:<\/b> Altura 3 &#8211; 6 pies; Extensi\u00f3n 2 &#8211; 3 pies.<\/p>\n<p class=\"\"><b class=\"\">Tasa de crecimiento:<\/b> lenta<\/p>\n<p class=\"\"><b class=\"\">Distribuci\u00f3n nativa:<\/b> \u00c1frica tropical<\/p>\n<p class=\"\"><b class=\"\">H\u00e1bitats nativos:<\/b> Selvas tropicales, bosques, sabanas<\/p>\n<p class=\"\"><b class=\"\">Suelos:<\/b> Con buen drenaje, francos<\/p>\n<p class=\"\"><b class=\"\">Requisitos nutricionales:<\/b> moderados<\/p>\n<p class=\"\"><b class=\"\">Tolerancia al agua salada:<\/b> baja<\/p>\n<p class=\"\"><b class=\"\">Tolerancia al viento salado:<\/b> baja<\/p>\n<p class=\"\"><b class=\"\">Tolerancia a la sequ\u00eda:<\/b> moderada<\/p>\n<p class=\"\"><b class=\"\">Requisitos de luz:<\/b> sol parcial a sombra<\/p>\n<p class=\"\"><b class=\"\">Color de la flor:<\/b> Blanco<\/p>\n<p class=\"\"><b class=\"\">Caracter\u00edsticas de la flor:<\/b> Fragantes, en forma de estrella<\/p>\n<p class=\"\"><b class=\"\">Temporada de floraci\u00f3n:<\/b> Desde finales de oto\u00f1o hasta invierno o principios de primavera<\/p>\n<p class=\"\"><b class=\"\">Fruto:<\/b> Bayas peque\u00f1as y carnosas que son verdes y se vuelven naranjas o rojas cuando est\u00e1n maduras<\/p>\n<p class=\"\"><b class=\"\">Fauna y ecolog\u00eda:<\/b> Proporciona refugio a peque\u00f1os insectos y animales, contribuyendo a la restauraci\u00f3n del microh\u00e1bitat<\/p>\n<p class=\"\"><b class=\"\">Notas de horticultura:<\/b> Se cultiva a partir de esquejes o acodo a\u00e9reo<\/p>\n<p class=\"\"><b class=\"\">Comentarios:<\/b><\/p>\n<p>&nbsp;<\/p>\n","protected":false},"excerpt":{"rendered":"<p><img fetchpriority=\"high\" decoding=\"async\" class=\"alignnone size-medium wp-image-54744\" src=\"https:\/\/smartyplantsnursery.com\/wp-content\/uploads\/2023\/04\/Screenshot-2026-03-03-at-2.22.47-PM-300x185.webp\" alt=\"\" width=\"300\" height=\"185\"><\/p>\n<div class=\"container\">\n<div class=\"table-container\">\n<table>\n<thead>\n<tr>\n<th>Tama\u00f1o de la maceta<\/th>\n<th>Altura media plantada (desde la tierra hasta la parte superior de la planta)<\/th>\n<\/tr>\n<\/thead>\n<tbody>\n<tr>\n<td>3 galones\/10&#8243;<\/td>\n<td>0,6 &#8211; 1,2 m<\/td>\n<\/tr>\n<tr>\n<td>7 galones\/14&#8243;<\/td>\n<td>1,2 &#8211; 1,8 m<\/td>\n<\/tr>\n<\/tbody>\n<\/table>\n<\/div>\n<\/div>\n","protected":false},"featured_media":43679,"comment_status":"open","ping_status":"closed","template":"","meta":[],"product_brand":[],"product_cat":[336,344,311,312,310,315,302,374,369,305,355,306,309,313,323,303,349],"product_tag":[318],"class_list":{"0":"post-44832","1":"product","2":"type-product","3":"status-publish","4":"has-post-thumbnail","6":"product_cat-acodo-aereo","7":"product_cat-arbol","8":"product_cat-baja","9":"product_cat-baja-es","10":"product_cat-bien-drenado","11":"product_cat-esquejes","12":"product_cat-exotica","13":"product_cat-fragante-2","14":"product_cat-franco","15":"product_cat-interior","16":"product_cat-invierno","17":"product_cat-lenta","18":"product_cat-moderada","19":"product_cat-moderada-es","20":"product_cat-primavera","21":"product_cat-sol-parcial","22":"product_cat-sombra","23":"product_tag-blanco","24":"pa_pot-size-3-galones-10","25":"pa_pot-size-7-galones-14","28":"first","29":"instock","30":"taxable","31":"shipping-taxable","32":"purchasable","33":"product-type-variable"},"aioseo_notices":[],"_links":{"self":[{"href":"https:\/\/smartyplantsnursery.com\/es\/wp-json\/wp\/v2\/product\/44832","targetHints":{"allow":["GET"]}}],"collection":[{"href":"https:\/\/smartyplantsnursery.com\/es\/wp-json\/wp\/v2\/product"}],"about":[{"href":"https:\/\/smartyplantsnursery.com\/es\/wp-json\/wp\/v2\/types\/product"}],"replies":[{"embeddable":true,"href":"https:\/\/smartyplantsnursery.com\/es\/wp-json\/wp\/v2\/comments?post=44832"}],"wp:featuredmedia":[{"embeddable":true,"href":"https:\/\/smartyplantsnursery.com\/es\/wp-json\/wp\/v2\/media\/43679"}],"wp:attachment":[{"href":"https:\/\/smartyplantsnursery.com\/es\/wp-json\/wp\/v2\/media?parent=44832"}],"wp:term":[{"taxonomy":"product_brand","embeddable":true,"href":"https:\/\/smartyplantsnursery.com\/es\/wp-json\/wp\/v2\/product_brand?post=44832"},{"taxonomy":"product_cat","embeddable":true,"href":"https:\/\/smartyplantsnursery.com\/es\/wp-json\/wp\/v2\/product_cat?post=44832"},{"taxonomy":"product_tag","embeddable":true,"href":"https:\/\/smartyplantsnursery.com\/es\/wp-json\/wp\/v2\/product_tag?post=44832"}],"curies":[{"name":"wp","href":"https:\/\/api.w.org\/{rel}","templated":true}]}}