{"id":44841,"date":"2023-08-09T18:29:04","date_gmt":"2023-08-09T18:29:04","guid":{"rendered":"https:\/\/smartyplantsnursery.com\/product\/poto-dorado-poto-del-diablo-vid-de-ciempies-epipremnum-aureum-neon\/"},"modified":"2026-05-08T17:46:31","modified_gmt":"2026-05-08T17:46:31","slug":"poto-dorado-poto-del-diablo-vid-de-ciempies-epipremnum-aureum-neon","status":"publish","type":"product","link":"https:\/\/smartyplantsnursery.com\/es\/product\/poto-dorado-poto-del-diablo-vid-de-ciempies-epipremnum-aureum-neon\/","title":{"rendered":"Poto dorado, poto del diablo, vid de ciempi\u00e9s &#8211; epipremnum aureum \u201cne\u00f3n\u201d"},"content":{"rendered":"<div>\n<p class=\"\"><b class=\"\">Usos generales en el paisaje:<\/b> Cobertura del suelo, enredadera trepadora, jardiner\u00eda en macetas, plantaci\u00f3n en sotobosque<\/p>\n<p class=\"\"><b class=\"\">Notas sobre la restauraci\u00f3n ecol\u00f3gica:<\/b> No se utiliza debido a su condici\u00f3n de especie no nativa y potencialmente invasora.<\/p>\n<p class=\"\"><b class=\"\">Descripci\u00f3n:<\/b> Una variedad llamativa de poto conocida por sus hojas vibrantes de color chartreuse.<\/p>\n<p class=\"\"><b class=\"\">Dimensiones:<\/b> Altura 3 &#8211; 6 m; Extensi\u00f3n 0,3 &#8211; 0,6 m.<\/p>\n<p class=\"\"><b class=\"\">Tasa de crecimiento:<\/b> r\u00e1pida<\/p>\n<p class=\"\"><b class=\"\">Distribuci\u00f3n nativa:<\/b> Mo&#8217;orea<\/p>\n<p class=\"\"><b class=\"\">H\u00e1bitats nativos:<\/b> Selvas tropicales<\/p>\n<p class=\"\"><b class=\"\">Suelos:<\/b> Con buen drenaje<\/p>\n<p class=\"\"><b class=\"\">Requisitos nutricionales:<\/b> moderados<\/p>\n<p class=\"\"><b class=\"\">Tolerancia al agua salada:<\/b> baja<\/p>\n<p class=\"\"><b class=\"\">Tolerancia al viento salado:<\/b> baja<\/p>\n<p class=\"\"><b class=\"\">Tolerancia a la sequ\u00eda:<\/b> moderada<\/p>\n<p class=\"\"><b class=\"\">Requisitos de luz:<\/b> sol parcial<\/p>\n<p class=\"\"><b class=\"\">Color de la flor:<\/b> Espata de color amarillo verdoso<\/p>\n<p class=\"\"><b class=\"\">Caracter\u00edsticas de la flor:<\/b> peque\u00f1a, discreta<\/p>\n<p class=\"\"><b class=\"\">Temporada de floraci\u00f3n:<\/b> C\u00e1lida, h\u00fameda<\/p>\n<p class=\"\"><b class=\"\">Fruto:<\/b> Peque\u00f1o, parecido a una baya<\/p>\n<p class=\"\"><b class=\"\">Vida silvestre y ecolog\u00eda:<\/b> Purificaci\u00f3n del aire, control de la erosi\u00f3n, atracci\u00f3n de polinizadores<\/p>\n<p class=\"\"><b class=\"\">Notas de horticultura:<\/b> Se cultiva a partir de esquejes.<\/p>\n<p class=\"\"><b class=\"\">Comentarios:<\/b><\/p>\n<\/div>\n<div class=\"row\"><\/div>\n","protected":false},"excerpt":{"rendered":"<p><img fetchpriority=\"high\" decoding=\"async\" class=\"alignnone size-medium wp-image-54744\" src=\"https:\/\/smartyplantsnursery.com\/wp-content\/uploads\/2023\/04\/Screenshot-2026-03-03-at-2.22.47-PM-300x185.webp\" alt=\"\" width=\"300\" height=\"185\"><\/p>\n<div class=\"container\">\n<div class=\"table-container\">\n<table>\n<thead>\n<tr>\n<th>Tama\u00f1o de la maceta<\/th>\n<th>Altura media plantada (desde la tierra hasta la parte superior de la planta)<\/th>\n<\/tr>\n<\/thead>\n<tbody>\n<tr>\n<td>1 gal\u00f3n\/6&#8243;<\/td>\n<td>0 &#8211; 1 ft.<\/td>\n<\/tr>\n<\/tbody>\n<\/table>\n<\/div>\n<\/div>\n","protected":false},"featured_media":44013,"comment_status":"open","ping_status":"closed","template":"","meta":[],"product_brand":[],"product_cat":[311,312,310,321,317,320,325,315,302,365,305,309,313,316,322,303,377],"product_tag":[319,327],"class_list":{"0":"post-44841","1":"product","2":"type-product","3":"status-publish","4":"has-post-thumbnail","6":"product_cat-baja","7":"product_cat-baja-es","8":"product_cat-bien-drenado","9":"product_cat-cobertura-del-suelo","10":"product_cat-contenedor","11":"product_cat-enredadera","12":"product_cat-espata-y-espadice","13":"product_cat-esquejes","14":"product_cat-exotica","15":"product_cat-inconspicuo","16":"product_cat-interior","17":"product_cat-moderada","18":"product_cat-moderada-es","19":"product_cat-pequena","20":"product_cat-rapido","21":"product_cat-sol-parcial","22":"product_cat-sotobosque","23":"product_tag-amarillo","24":"product_tag-verde","25":"pa_pot-size-1-galon-6","28":"first","29":"instock","30":"taxable","31":"shipping-taxable","32":"purchasable","33":"product-type-variable"},"aioseo_notices":[],"_links":{"self":[{"href":"https:\/\/smartyplantsnursery.com\/es\/wp-json\/wp\/v2\/product\/44841","targetHints":{"allow":["GET"]}}],"collection":[{"href":"https:\/\/smartyplantsnursery.com\/es\/wp-json\/wp\/v2\/product"}],"about":[{"href":"https:\/\/smartyplantsnursery.com\/es\/wp-json\/wp\/v2\/types\/product"}],"replies":[{"embeddable":true,"href":"https:\/\/smartyplantsnursery.com\/es\/wp-json\/wp\/v2\/comments?post=44841"}],"wp:featuredmedia":[{"embeddable":true,"href":"https:\/\/smartyplantsnursery.com\/es\/wp-json\/wp\/v2\/media\/44013"}],"wp:attachment":[{"href":"https:\/\/smartyplantsnursery.com\/es\/wp-json\/wp\/v2\/media?parent=44841"}],"wp:term":[{"taxonomy":"product_brand","embeddable":true,"href":"https:\/\/smartyplantsnursery.com\/es\/wp-json\/wp\/v2\/product_brand?post=44841"},{"taxonomy":"product_cat","embeddable":true,"href":"https:\/\/smartyplantsnursery.com\/es\/wp-json\/wp\/v2\/product_cat?post=44841"},{"taxonomy":"product_tag","embeddable":true,"href":"https:\/\/smartyplantsnursery.com\/es\/wp-json\/wp\/v2\/product_tag?post=44841"}],"curies":[{"name":"wp","href":"https:\/\/api.w.org\/{rel}","templated":true}]}}