{"id":44851,"date":"2023-08-09T18:21:53","date_gmt":"2023-08-09T18:21:53","guid":{"rendered":"https:\/\/smartyplantsnursery.com\/product\/higuera-de-hoja-larga-ficus-binnendijkii-alii\/"},"modified":"2026-03-07T14:00:16","modified_gmt":"2026-03-07T14:00:16","slug":"higuera-de-hoja-larga-ficus-binnendijkii-alii","status":"publish","type":"product","link":"https:\/\/smartyplantsnursery.com\/es\/product\/higuera-de-hoja-larga-ficus-binnendijkii-alii\/","title":{"rendered":"Ficus de hoja larga (\u00e1rbol) &#8211; ficus binnendijkii &#8216;alii&#8217;"},"content":{"rendered":"<p class=\"\"><b class=\"\">Usos generales en el paisajismo:<\/b> \u00c1rbol ornamental, pantalla de privacidad y cortavientos, plantaci\u00f3n en patios, jardines tropicales, plantaci\u00f3n en sotobosque<\/p>\n<p class=\"\"><b class=\"\">Notas sobre la restauraci\u00f3n ecol\u00f3gica:<\/b> Secuestro de carbono, control de la erosi\u00f3n y estabilizaci\u00f3n del suelo, h\u00e1bitat de vida silvestre y apoyo a la biodiversidad<\/p>\n<p class=\"\"><b class=\"\">Descripci\u00f3n:<\/b> \u00c1rbol tropical de hoja perenne con hojas largas, estrechas, lanceoladas (en forma de espada) que suelen ser de un verde oscuro intenso.<\/p>\n<p class=\"\"><b class=\"\">Dimensiones:<\/b> Altura 20 &#8211; 30 pies; Extensi\u00f3n 10 &#8211; 20 pies.<\/p>\n<p class=\"\"><b class=\"\">Tasa de crecimiento:<\/b> r\u00e1pida<\/p>\n<p class=\"\"><b class=\"\">Distribuci\u00f3n nativa:<\/b> Asia, Malasia e India<\/p>\n<p class=\"\"><b class=\"\">H\u00e1bitats nativos:<\/b> Selvas tropicales y bosques de tierras bajas, zonas ribere\u00f1as y bosques h\u00famedos,<\/p>\n<p class=\"\"><b class=\"\">Suelos:<\/b> Bien drenados y aireados, de \u00e1cidos a neutros (pH 5,5 &#8211; 7,5)<\/p>\n<p class=\"\"><b class=\"\">Requisitos nutricionales:<\/b> moderados<\/p>\n<p class=\"\"><b class=\"\">Tolerancia al agua salada:<\/b> De baja a moderada<\/p>\n<p class=\"\"><b class=\"\">Tolerancia al viento salado:<\/b> De baja a moderada<\/p>\n<p class=\"\"><b class=\"\">Tolerancia a la sequ\u00eda:<\/b> moderada<\/p>\n<p class=\"\"><b class=\"\">Requisitos de luz:<\/b> sol parcial<\/p>\n<p class=\"\"><b class=\"\">Color de la flor:<\/b> De verde a marr\u00f3n rojizo<\/p>\n<p class=\"\"><b class=\"\">Caracter\u00edsticas de la flor:<\/b> Estructuras internas ocultas llamadas siconos<\/p>\n<p class=\"\"><b class=\"\">Temporada de floraci\u00f3n:<\/b> Todo el a\u00f1o<\/p>\n<p class=\"\"><b class=\"\">Fruto:<\/b> similar a un higo<\/p>\n<p class=\"\"><b class=\"\">Vida silvestre y ecolog\u00eda:<\/b> Proporciona refugio y lugares de anidaci\u00f3n para aves e insectos, los frutos atraen a peque\u00f1as aves y mam\u00edferos<\/p>\n<p class=\"\"><b class=\"\">Notas de horticultura:<\/b> Se cultiva a partir de esquejes<\/p>\n<p class=\"\"><b class=\"\">Comentarios:<\/b><\/p>\n<p>&nbsp;<\/p>\n","protected":false},"excerpt":{"rendered":"<p><img decoding=\"async\" class=\"alignnone size-medium wp-image-31863\" src=\"https:\/\/smartyplantsnursery.com\/wp-content\/uploads\/2023\/04\/Screen-Shot-2023-04-22-at-11.28.02-PM-300x134.png\" alt=\"\" width=\"300\" height=\"134\"><\/p>\n<div class=\"container\">\n<div class=\"table-container\">\n<table>\n<thead>\n<tr>\n<th>Tama\u00f1o de la maceta<\/th>\n<th>Altura media plantada (desde la tierra hasta la parte superior de la planta)<\/th>\n<\/tr>\n<\/thead>\n<tbody>\n<tr>\n<td>45 galones\/28&#8243;<\/td>\n<td>2,4 &#8211; 3,7 m<\/td>\n<\/tr>\n<\/tbody>\n<\/table>\n<\/div>\n<\/div>\n","protected":false},"featured_media":53555,"comment_status":"open","ping_status":"closed","template":"","meta":[],"product_brand":[],"product_cat":[343,344,311,312,310,315,302,365,305,313,361,360,309,345,378,314,322,303,377],"product_tag":[356,350,327],"class_list":{"0":"post-44851","1":"product","2":"type-product","3":"status-publish","4":"has-post-thumbnail","6":"product_cat-acido","7":"product_cat-arbol","8":"product_cat-baja","9":"product_cat-baja-es","10":"product_cat-bien-drenado","11":"product_cat-esquejes","12":"product_cat-exotica","13":"product_cat-inconspicuo","14":"product_cat-interior","15":"product_cat-moderada-es","16":"product_cat-moderada-es-4","17":"product_cat-moderada-es-3","18":"product_cat-moderada","19":"product_cat-neutro","20":"product_cat-pantalla","21":"product_cat-planta-de-especimen","22":"product_cat-rapido","23":"product_cat-sol-parcial","24":"product_cat-sotobosque","25":"product_tag-marron","26":"product_tag-rojo","27":"product_tag-verde","28":"pa_pot-size-45-galones-28","31":"first","32":"instock","33":"taxable","34":"shipping-taxable","35":"purchasable","36":"product-type-variable"},"aioseo_notices":[],"_links":{"self":[{"href":"https:\/\/smartyplantsnursery.com\/es\/wp-json\/wp\/v2\/product\/44851","targetHints":{"allow":["GET"]}}],"collection":[{"href":"https:\/\/smartyplantsnursery.com\/es\/wp-json\/wp\/v2\/product"}],"about":[{"href":"https:\/\/smartyplantsnursery.com\/es\/wp-json\/wp\/v2\/types\/product"}],"replies":[{"embeddable":true,"href":"https:\/\/smartyplantsnursery.com\/es\/wp-json\/wp\/v2\/comments?post=44851"}],"wp:featuredmedia":[{"embeddable":true,"href":"https:\/\/smartyplantsnursery.com\/es\/wp-json\/wp\/v2\/media\/53555"}],"wp:attachment":[{"href":"https:\/\/smartyplantsnursery.com\/es\/wp-json\/wp\/v2\/media?parent=44851"}],"wp:term":[{"taxonomy":"product_brand","embeddable":true,"href":"https:\/\/smartyplantsnursery.com\/es\/wp-json\/wp\/v2\/product_brand?post=44851"},{"taxonomy":"product_cat","embeddable":true,"href":"https:\/\/smartyplantsnursery.com\/es\/wp-json\/wp\/v2\/product_cat?post=44851"},{"taxonomy":"product_tag","embeddable":true,"href":"https:\/\/smartyplantsnursery.com\/es\/wp-json\/wp\/v2\/product_tag?post=44851"}],"curies":[{"name":"wp","href":"https:\/\/api.w.org\/{rel}","templated":true}]}}