{"id":44857,"date":"2023-08-09T17:24:03","date_gmt":"2023-08-09T17:24:03","guid":{"rendered":"https:\/\/smartyplantsnursery.com\/product\/cyrtostachys-lakka-palma-de-lapiz-labial-palma-de-cera-roja-cyrtostachys-renda\/"},"modified":"2026-04-07T12:42:13","modified_gmt":"2026-04-07T12:42:13","slug":"cyrtostachys-lakka-palma-de-lapiz-labial-palma-de-cera-roja-cyrtostachys-renda","status":"publish","type":"product","link":"https:\/\/smartyplantsnursery.com\/es\/product\/cyrtostachys-lakka-palma-de-lapiz-labial-palma-de-cera-roja-cyrtostachys-renda\/","title":{"rendered":"Cyrtostachys lakka, palma de l\u00e1piz labial, palma de cera roja &#8211; cyrtostachys renda"},"content":{"rendered":"<div>\n<p class=\"\"><b class=\"\">Usos generales en el paisajismo:<\/b> Paisajismo ornamental y tropical, jardines acu\u00e1ticos y paisajismo de humedales, pantallas de privacidad y cortavientos<\/p>\n<p class=\"\"><b class=\"\">Notas sobre restauraci\u00f3n ecol\u00f3gica:<\/b> Estabilizaci\u00f3n del suelo y control de la erosi\u00f3n, filtraci\u00f3n de agua y control de inundaciones<\/p>\n<p class=\"\"><b class=\"\">Descripci\u00f3n:<\/b> Una llamativa palma tropical conocida por sus brillantes ejes de corona y pec\u00edolos rojos.<\/p>\n<p class=\"\"><b class=\"\">Dimensiones:<\/b> Altura 8 &#8211; 15 pies; Extensi\u00f3n 5 &#8211; 10 pies.<\/p>\n<p class=\"\"><b class=\"\">Tasa de crecimiento:<\/b> Moderada a lenta<\/p>\n<p class=\"\"><b class=\"\">Distribuci\u00f3n nativa:<\/b> Pen\u00ednsula de Malaca, Borneo, Sumatra<\/p>\n<p class=\"\"><b class=\"\">H\u00e1bitats nativos:<\/b> Selvas tropicales de tierras bajas, riberas de r\u00edos y pantanos de turba<\/p>\n<p class=\"\"><b class=\"\">Suelos:<\/b> Rico, arcilloso, con buen drenaje<\/p>\n<p class=\"\"><b class=\"\">Requisitos nutricionales:<\/b> moderados<\/p>\n<p class=\"\"><b class=\"\">Tolerancia al agua salada:<\/b> baja<\/p>\n<p class=\"\"><b class=\"\">Tolerancia al viento salado:<\/b> baja<\/p>\n<p class=\"\"><b class=\"\">Tolerancia a la sequ\u00eda:<\/b> moderada<\/p>\n<p class=\"\"><b class=\"\">Requisitos de luz:<\/b> Pleno sol a sol parcial<\/p>\n<p class=\"\"><b class=\"\">Color de la flor:<\/b> Blanco verdoso<\/p>\n<p class=\"\"><b class=\"\">Caracter\u00edsticas de la flor:<\/b> llamativa<\/p>\n<p class=\"\"><b class=\"\">Temporada de floraci\u00f3n:<\/b> Julio<\/p>\n<p class=\"\"><b class=\"\">Fruta:<\/b> Peque\u00f1a, redonda y negra cuando est\u00e1 madura<\/p>\n<p class=\"\"><b class=\"\">Vida silvestre y ecolog\u00eda:<\/b> Las flores atraen a las abejas y a los peque\u00f1os insectos polinizadores. Las aves y los peque\u00f1os mam\u00edferos se comen los frutos, lo que ayuda a la dispersi\u00f3n de las semillas. <\/p>\n<p class=\"\"><b class=\"\">Notas de horticultura:<\/b> Cultivado a partir de semillas, divisi\u00f3n de matas<\/p>\n<p class=\"\"><b class=\"\">Comentarios:<\/b><\/p>\n<\/div>\n<div id=\"MainContentPlaceHolder_NativeRangeRow\" class=\"row\"><\/div>\n<div class=\"row\"><\/div>\n","protected":false},"excerpt":{"rendered":"<p><img fetchpriority=\"high\" decoding=\"async\" class=\"alignnone size-medium wp-image-54744\" src=\"https:\/\/smartyplantsnursery.com\/wp-content\/uploads\/2023\/04\/Screenshot-2026-03-03-at-2.22.47-PM-300x185.webp\" alt=\"\" width=\"300\" height=\"185\"><\/p>\n<div class=\"container\">\n<div class=\"table-container\">\n<table>\n<thead>\n<tr>\n<th>Tama\u00f1o de la maceta<\/th>\n<th>Altura media plantada (desde la tierra hasta la parte superior de la planta)<\/th>\n<\/tr>\n<\/thead>\n<tbody>\n<tr>\n<td>3 galones\/10&#8243;<\/td>\n<td>1 &#8211; 2 pies<\/td>\n<\/tr>\n<tr>\n<td>7 galones\/14&#8243;<\/td>\n<td>2 &#8211; 4 pies<\/td>\n<\/tr>\n<tr>\n<td>15 galones\/17&#8243;<\/td>\n<td>4 &#8211; 6 pies<\/td>\n<\/tr>\n<tr>\n<td>25 galones\/21&#8243;<\/td>\n<td>6 &#8211; 8 pies<\/td>\n<\/tr>\n<tr>\n<td>45 galones\/28&#8243;<\/td>\n<td>2,4 &#8211; 2,7 m<\/td>\n<\/tr>\n<\/tbody>\n<\/table>\n<\/div>\n<\/div>\n","protected":false},"featured_media":43753,"comment_status":"open","ping_status":"closed","template":"","meta":[],"product_brand":[],"product_cat":[344,311,312,310,331,302,369,306,324,313,326,309,370,378,335,330,303,307],"product_tag":[318,327],"class_list":{"0":"post-44857","1":"product","2":"type-product","3":"status-publish","4":"has-post-thumbnail","6":"product_cat-arbol","7":"product_cat-baja","8":"product_cat-baja-es","9":"product_cat-bien-drenado","10":"product_cat-division-es","11":"product_cat-exotica","12":"product_cat-franco","13":"product_cat-lenta","14":"product_cat-llamativo","15":"product_cat-moderada-es","16":"product_cat-moderada-es-2","17":"product_cat-moderada","18":"product_cat-palma","19":"product_cat-pantalla","20":"product_cat-pleno-sol","21":"product_cat-semilla","22":"product_cat-sol-parcial","23":"product_cat-verano","24":"product_tag-blanco","25":"product_tag-verde","26":"pa_pot-size-15-galones-17","27":"pa_pot-size-25-galones-21","28":"pa_pot-size-3-galones-10","29":"pa_pot-size-45-galones-28","30":"pa_pot-size-7-galones-14","33":"first","34":"instock","35":"taxable","36":"shipping-taxable","37":"purchasable","38":"product-type-variable"},"aioseo_notices":[],"_links":{"self":[{"href":"https:\/\/smartyplantsnursery.com\/es\/wp-json\/wp\/v2\/product\/44857","targetHints":{"allow":["GET"]}}],"collection":[{"href":"https:\/\/smartyplantsnursery.com\/es\/wp-json\/wp\/v2\/product"}],"about":[{"href":"https:\/\/smartyplantsnursery.com\/es\/wp-json\/wp\/v2\/types\/product"}],"replies":[{"embeddable":true,"href":"https:\/\/smartyplantsnursery.com\/es\/wp-json\/wp\/v2\/comments?post=44857"}],"wp:featuredmedia":[{"embeddable":true,"href":"https:\/\/smartyplantsnursery.com\/es\/wp-json\/wp\/v2\/media\/43753"}],"wp:attachment":[{"href":"https:\/\/smartyplantsnursery.com\/es\/wp-json\/wp\/v2\/media?parent=44857"}],"wp:term":[{"taxonomy":"product_brand","embeddable":true,"href":"https:\/\/smartyplantsnursery.com\/es\/wp-json\/wp\/v2\/product_brand?post=44857"},{"taxonomy":"product_cat","embeddable":true,"href":"https:\/\/smartyplantsnursery.com\/es\/wp-json\/wp\/v2\/product_cat?post=44857"},{"taxonomy":"product_tag","embeddable":true,"href":"https:\/\/smartyplantsnursery.com\/es\/wp-json\/wp\/v2\/product_tag?post=44857"}],"curies":[{"name":"wp","href":"https:\/\/api.w.org\/{rel}","templated":true}]}}