{"id":44869,"date":"2023-08-03T13:48:57","date_gmt":"2023-08-03T13:48:57","guid":{"rendered":"https:\/\/smartyplantsnursery.com\/product\/buganvilla-arbusto-buganvilla-gold\/"},"modified":"2026-03-13T14:32:17","modified_gmt":"2026-03-13T14:32:17","slug":"buganvilla-arbusto-buganvilla-gold","status":"publish","type":"product","link":"https:\/\/smartyplantsnursery.com\/es\/product\/buganvilla-arbusto-buganvilla-gold\/","title":{"rendered":"Buganvilla (arbusto) &#8211; buganvilla \u201cGold\u201d"},"content":{"rendered":"<p class=\"\"><b class=\"\">Usos generales en el paisajismo:<\/b> Enredadera, seto o pantalla, planta de contenedor, cobertura del suelo<\/p>\n<p class=\"\"><b class=\"\">Notas sobre la restauraci\u00f3n ecol\u00f3gica:<\/b> Estabilizaci\u00f3n del suelo y control de la erosi\u00f3n, apoyo a los polinizadores, zonas de amortiguamiento costeras,<\/p>\n<p class=\"\"><b class=\"\">Descripci\u00f3n:<\/b> La buganvilla es una planta perenne resistente que viene en muchos colores, florece durante todo el a\u00f1o y es ideal para \u00e1reas secas y soleadas. Se puede mantener como un arbusto o entrenar a lo largo de una espaldera para usarla como una enredadera. <\/p>\n<p class=\"\"><b class=\"\">Dimensiones:<\/b> Altura 2,4 m.<\/p>\n<p class=\"\"><b class=\"\">Tasa de crecimiento:<\/b> r\u00e1pida<\/p>\n<p class=\"\"><b class=\"\">Distribuci\u00f3n nativa:<\/b> Sudam\u00e9rica, concretamente las regiones costeras de Brasil, Per\u00fa y Argentina<\/p>\n<p class=\"\"><b class=\"\">H\u00e1bitats nativos:<\/b> Bosques secos y matorrales, laderas costeras y afloramientos rocosos<\/p>\n<p class=\"\"><b class=\"\">Suelos:<\/b> Bien drenados, ligeramente \u00e1cidos a neutros<\/p>\n<p class=\"\"><b class=\"\">Requisitos nutricionales:<\/b> moderados<\/p>\n<p class=\"\"><b class=\"\">Tolerancia al agua salada:<\/b> Moderada a alta<\/p>\n<p class=\"\"><b class=\"\">Tolerancia al viento salado:<\/b> alta<\/p>\n<p class=\"\"><b class=\"\">Tolerancia a la sequ\u00eda:<\/b> alta<\/p>\n<p class=\"\"><b class=\"\">Requisitos de luz:<\/b> pleno sol<\/p>\n<p class=\"\"><b class=\"\">Color de la flor:<\/b> blanco rodeado de br\u00e1cteas doradas<\/p>\n<p class=\"\"><b class=\"\">Caracter\u00edsticas de la flor:<\/b> Las br\u00e1cteas doradas rodean las verdaderas flores<\/p>\n<p class=\"\"><b class=\"\">Temporada de floraci\u00f3n:<\/b> Todo el a\u00f1o<\/p>\n<p class=\"\"><b class=\"\">Fruto:<\/b> Frutos peque\u00f1os y secos<\/p>\n<p class=\"\"><b class=\"\">Fauna y ecolog\u00eda:<\/b> Atrae a mariposas, abejas y colibr\u00edes, mejorando la biodiversidad del jard\u00edn. Su denso crecimiento ofrece refugio a peque\u00f1os p\u00e1jaros e insectos. <\/p>\n<p class=\"\"><b class=\"\">Notas de horticultura:<\/b> Propagaci\u00f3n por esquejes, acodo o semillas.<\/p>\n<p class=\"\"><b class=\"\">Comentarios:<\/b><\/p>\n<p>&nbsp;<\/p>\n<div class=\"chkout-product-info-lbl\"><\/div>\n","protected":false},"excerpt":{"rendered":"<p><img fetchpriority=\"high\" decoding=\"async\" class=\"alignnone size-medium wp-image-54744\" src=\"https:\/\/smartyplantsnursery.com\/wp-content\/uploads\/2023\/04\/Screenshot-2026-03-03-at-2.22.47-PM-300x185.webp\" alt=\"\" width=\"300\" height=\"185\"><\/p>\n<div class=\"container\">\n<div class=\"table-container\">\n<table>\n<thead>\n<tr>\n<th>Tama\u00f1o de la maceta<\/th>\n<th>Altura media plantada (desde la tierra hasta la parte superior de la planta)<\/th>\n<\/tr>\n<\/thead>\n<tbody>\n<tr>\n<td>3 galones\/10&#8243;<\/td>\n<td>1 &#8211; 2 pies<\/td>\n<\/tr>\n<tr>\n<td>7 galones\/14&#8243;<\/td>\n<td>0,6 &#8211; 0,9 m<\/td>\n<\/tr>\n<\/tbody>\n<\/table>\n<\/div>\n<\/div>\n","protected":false},"featured_media":51256,"comment_status":"open","ping_status":"closed","template":"","meta":[],"product_brand":[],"product_cat":[343,336,340,362,376,304,310,321,317,315,302,355,309,360,345,308,378,335,323,322,330,332,307],"product_tag":[319,318],"class_list":{"0":"post-44869","1":"product","2":"type-product","3":"status-publish","4":"has-post-thumbnail","6":"product_cat-acido","7":"product_cat-acodo-aereo","8":"product_cat-alta","9":"product_cat-alta-es-2","10":"product_cat-alta-es-3","11":"product_cat-arbusto","12":"product_cat-bien-drenado","13":"product_cat-cobertura-del-suelo","14":"product_cat-contenedor","15":"product_cat-esquejes","16":"product_cat-exotica","17":"product_cat-invierno","18":"product_cat-moderada","19":"product_cat-moderada-es-3","20":"product_cat-neutro","21":"product_cat-otono","22":"product_cat-pantalla","23":"product_cat-pleno-sol","24":"product_cat-primavera","25":"product_cat-rapido","26":"product_cat-semilla","27":"product_cat-seto","28":"product_cat-verano","29":"product_tag-amarillo","30":"product_tag-blanco","31":"pa_pot-size-1-galon-6","32":"pa_pot-size-3-galones-10","33":"pa_pot-size-7-galones-14","36":"first","37":"instock","38":"taxable","39":"shipping-taxable","40":"purchasable","41":"product-type-variable"},"aioseo_notices":[],"_links":{"self":[{"href":"https:\/\/smartyplantsnursery.com\/es\/wp-json\/wp\/v2\/product\/44869","targetHints":{"allow":["GET"]}}],"collection":[{"href":"https:\/\/smartyplantsnursery.com\/es\/wp-json\/wp\/v2\/product"}],"about":[{"href":"https:\/\/smartyplantsnursery.com\/es\/wp-json\/wp\/v2\/types\/product"}],"replies":[{"embeddable":true,"href":"https:\/\/smartyplantsnursery.com\/es\/wp-json\/wp\/v2\/comments?post=44869"}],"wp:featuredmedia":[{"embeddable":true,"href":"https:\/\/smartyplantsnursery.com\/es\/wp-json\/wp\/v2\/media\/51256"}],"wp:attachment":[{"href":"https:\/\/smartyplantsnursery.com\/es\/wp-json\/wp\/v2\/media?parent=44869"}],"wp:term":[{"taxonomy":"product_brand","embeddable":true,"href":"https:\/\/smartyplantsnursery.com\/es\/wp-json\/wp\/v2\/product_brand?post=44869"},{"taxonomy":"product_cat","embeddable":true,"href":"https:\/\/smartyplantsnursery.com\/es\/wp-json\/wp\/v2\/product_cat?post=44869"},{"taxonomy":"product_tag","embeddable":true,"href":"https:\/\/smartyplantsnursery.com\/es\/wp-json\/wp\/v2\/product_tag?post=44869"}],"curies":[{"name":"wp","href":"https:\/\/api.w.org\/{rel}","templated":true}]}}