{"id":44883,"date":"2023-08-03T17:38:23","date_gmt":"2023-08-03T17:38:23","guid":{"rendered":"https:\/\/smartyplantsnursery.com\/product\/planta-misionera-china-planta-china-del-dinero-pilea-peperomioides\/"},"modified":"2026-04-01T13:23:40","modified_gmt":"2026-04-01T13:23:40","slug":"planta-misionera-china-planta-china-del-dinero-pilea-peperomioides","status":"publish","type":"product","link":"https:\/\/smartyplantsnursery.com\/es\/product\/planta-misionera-china-planta-china-del-dinero-pilea-peperomioides\/","title":{"rendered":"Planta misionera china, planta china del dinero &#8211; Pilea peperomioides"},"content":{"rendered":"<p class=\"\"><b class=\"\">Usos generales en el paisajismo:<\/b> Planta de interior, oficina y espacio de trabajo, terrarios y jardines en recipientes<\/p>\n<p class=\"\"><b class=\"\">Notas sobre la restauraci\u00f3n ecol\u00f3gica:<\/b> Restauraci\u00f3n del h\u00e1bitat nativo, salud del suelo y retenci\u00f3n de la humedad<\/p>\n<p class=\"\"><b class=\"\">Descripci\u00f3n:<\/b> Perenne de hoja perenne con hojas redondas en forma de moneda<\/p>\n<p class=\"\"><b class=\"\">Dimensiones:<\/b> altura 30 cm; extensi\u00f3n 20 &#8211; 30 cm<\/p>\n<p class=\"\"><b class=\"\">Tasa de crecimiento:<\/b> De moderada a r\u00e1pida<\/p>\n<p class=\"\"><b class=\"\">Distribuci\u00f3n nativa:<\/b> China<\/p>\n<p class=\"\"><b class=\"\">H\u00e1bitats nativos:<\/b> Regiones boscosas y sombr\u00edas<\/p>\n<p class=\"\"><b class=\"\">Suelos:<\/b> Bien drenados, \u00e1cidos, neutros<\/p>\n<p class=\"\"><b class=\"\">Requisitos nutricionales:<\/b> moderados<\/p>\n<p class=\"\"><b class=\"\">Tolerancia al agua salada:<\/b> baja<\/p>\n<p class=\"\"><b class=\"\">Tolerancia al viento salado:<\/b> baja<\/p>\n<p class=\"\"><b class=\"\">Tolerancia a la sequ\u00eda:<\/b> De baja a moderada<\/p>\n<p class=\"\"><b class=\"\">Requisitos de luz:<\/b> sol parcial<\/p>\n<p class=\"\"><b class=\"\">Color de la flor:<\/b> Blanco a rosa p\u00e1lido<\/p>\n<p class=\"\"><b class=\"\">Caracter\u00edsticas de la flor:<\/b> Peque\u00f1as, insignificantes<\/p>\n<p class=\"\"><b class=\"\">Temporada de floraci\u00f3n:<\/b> Primavera<\/p>\n<p class=\"\"><b class=\"\">Fruto:<\/b> Aquenios diminutos, secos e inconspicuos que son de color marr\u00f3n claro a beige cuando maduran<\/p>\n<p class=\"\"><b class=\"\">Fauna y ecolog\u00eda:<\/b> Contribuye a la salud del suelo, la biodiversidad y la estructura del microh\u00e1bitat.<\/p>\n<p class=\"\"><b class=\"\">Notas de horticultura:<\/b> Se propaga por hijuelos (brotes) o esquejes<\/p>\n<p class=\"\"><b class=\"\">Comentarios:<\/b><\/p>\n<p>&nbsp;<\/p>\n","protected":false},"excerpt":{"rendered":"<p><img fetchpriority=\"high\" decoding=\"async\" class=\"alignnone size-medium wp-image-54744\" src=\"https:\/\/smartyplantsnursery.com\/wp-content\/uploads\/2023\/04\/Screenshot-2026-03-03-at-2.22.47-PM-300x185.webp\" alt=\"\" width=\"300\" height=\"185\"><\/p>\n<div class=\"container\">\n<div class=\"table-container\">\n<table>\n<thead>\n<tr>\n<th>Tama\u00f1o de la maceta<\/th>\n<th>Altura media plantada (desde la tierra hasta la parte superior de la planta)<\/th>\n<\/tr>\n<\/thead>\n<tbody>\n<tr>\n<td>1 gal\u00f3n\/6&#8243;<\/td>\n<td>15 cm &#8211; 30 cm <\/td>\n<\/tr>\n<tr>\n<td>3 galones\/10&#8243;<\/td>\n<td>30 cm<\/td>\n<\/tr>\n<\/tbody>\n<\/table>\n<\/div>\n<\/div>\n","protected":false},"featured_media":43603,"comment_status":"open","ping_status":"closed","template":"","meta":[],"product_brand":[],"product_cat":[343,311,329,312,310,315,302,381,365,305,309,313,326,345,316,323,322,303,347],"product_tag":[318,352],"class_list":{"0":"post-44883","1":"product","2":"type-product","3":"status-publish","4":"has-post-thumbnail","6":"product_cat-acido","7":"product_cat-baja","8":"product_cat-baja-es-2","9":"product_cat-baja-es","10":"product_cat-bien-drenado","11":"product_cat-esquejes","12":"product_cat-exotica","13":"product_cat-hierba","14":"product_cat-inconspicuo","15":"product_cat-interior","16":"product_cat-moderada","17":"product_cat-moderada-es","18":"product_cat-moderada-es-2","19":"product_cat-neutro","20":"product_cat-pequena","21":"product_cat-primavera","22":"product_cat-rapido","23":"product_cat-sol-parcial","24":"product_cat-vastago","25":"product_tag-blanco","26":"product_tag-rosa","27":"pa_pot-size-1-galon-6","28":"pa_pot-size-3-galones-10","31":"first","32":"instock","33":"taxable","34":"shipping-taxable","35":"purchasable","36":"product-type-variable"},"aioseo_notices":[],"_links":{"self":[{"href":"https:\/\/smartyplantsnursery.com\/es\/wp-json\/wp\/v2\/product\/44883","targetHints":{"allow":["GET"]}}],"collection":[{"href":"https:\/\/smartyplantsnursery.com\/es\/wp-json\/wp\/v2\/product"}],"about":[{"href":"https:\/\/smartyplantsnursery.com\/es\/wp-json\/wp\/v2\/types\/product"}],"replies":[{"embeddable":true,"href":"https:\/\/smartyplantsnursery.com\/es\/wp-json\/wp\/v2\/comments?post=44883"}],"wp:featuredmedia":[{"embeddable":true,"href":"https:\/\/smartyplantsnursery.com\/es\/wp-json\/wp\/v2\/media\/43603"}],"wp:attachment":[{"href":"https:\/\/smartyplantsnursery.com\/es\/wp-json\/wp\/v2\/media?parent=44883"}],"wp:term":[{"taxonomy":"product_brand","embeddable":true,"href":"https:\/\/smartyplantsnursery.com\/es\/wp-json\/wp\/v2\/product_brand?post=44883"},{"taxonomy":"product_cat","embeddable":true,"href":"https:\/\/smartyplantsnursery.com\/es\/wp-json\/wp\/v2\/product_cat?post=44883"},{"taxonomy":"product_tag","embeddable":true,"href":"https:\/\/smartyplantsnursery.com\/es\/wp-json\/wp\/v2\/product_tag?post=44883"}],"curies":[{"name":"wp","href":"https:\/\/api.w.org\/{rel}","templated":true}]}}