{"id":44886,"date":"2023-08-02T16:01:12","date_gmt":"2023-08-02T16:01:12","guid":{"rendered":"https:\/\/smartyplantsnursery.com\/product\/peregrina-arbol-jatropha-integerrima\/"},"modified":"2026-01-29T16:47:49","modified_gmt":"2026-01-29T16:47:49","slug":"peregrina-arbol-jatropha-integerrima","status":"publish","type":"product","link":"https:\/\/smartyplantsnursery.com\/es\/product\/peregrina-arbol-jatropha-integerrima\/","title":{"rendered":"Peregrina (\u00e1rbol) &#8211; jatropha integerrima"},"content":{"rendered":"<p class=\"\"><b class=\"\">Usos generales en el paisaje: <\/b>Arbusto de acento o \u00e1rbol peque\u00f1o, seto o pantalla de flores, plantaci\u00f3n en contenedor<\/p>\n<p class=\"\"><b class=\"\">Notas de restauraci\u00f3n ecol\u00f3gica: <\/b>Apoyo a polinizadores, estabilizaci\u00f3n del suelo<\/p>\n<p class=\"\"><b class=\"\">Descripci\u00f3n: <\/b>Arbusto de flores o \u00e1rbol peque\u00f1o<\/p>\n<p class=\"\"><b class=\"\">Dimensiones: <\/b>Altura 2,4 &#8211; 3 m; Extensi\u00f3n 2,4 &#8211; 3 m<\/p>\n<p class=\"\"><b class=\"\">Tasa de crecimiento: <\/b>de moderada a r\u00e1pida<\/p>\n<p class=\"\"><b class=\"\">Distribuci\u00f3n nativa: <\/b>Indias Occidentales y Cuba<\/p>\n<p class=\"\"><b class=\"\">H\u00e1bitats nativos: <\/b>Bosques secos tropicales y matorrales, laderas costeras<\/p>\n<p class=\"\"><b class=\"\">Suelos: <\/b>los suelos pueden variar: arcilla, marga y arena, de \u00e1cidos a alcalinos. No es exigente con el pH del suelo. Bien drenados. <\/p>\n<p class=\"\"><b class=\"\">Requisitos nutricionales:<\/b> moderados<\/p>\n<p class=\"\"><b class=\"\">Tolerancia al agua salada:<\/b> De baja a moderada<\/p>\n<p class=\"\"><b class=\"\">Tolerancia al viento salado:<\/b> baja<\/p>\n<p class=\"\"><b class=\"\">Tolerancia a la sequ\u00eda:<\/b> moderada<\/p>\n<p class=\"\"><b class=\"\">Requisitos de luz: <\/b>de sol parcial a pleno sol<\/p>\n<p class=\"\"><b class=\"\">Color de la flor: <\/b>Rojo, Rosa<\/p>\n<p class=\"\"><b class=\"\">Caracter\u00edsticas de la flor:<\/b> Peque\u00f1a, en forma de estrella<\/p>\n<p class=\"\"><b class=\"\">Temporada de floraci\u00f3n:<\/b> Todo el a\u00f1o<\/p>\n<p class=\"\"><b class=\"\">Fruto: <\/b>Peque\u00f1o, parecido a una c\u00e1psula, verde cuando es inmaduro y se vuelve marr\u00f3n o tostado a medida que madura<\/p>\n<p class=\"\"><b class=\"\">Vida silvestre y ecolog\u00eda: <\/b>Atrae a mariposas, abejas y colibr\u00edes<\/p>\n<p class=\"\"><b class=\"\">Notas de horticultura:<\/b> Se propaga por semilla, esquejes<\/p>\n<p class=\"\"><b class=\"\">Comentarios:<\/b><\/p>\n","protected":false},"excerpt":{"rendered":"<p><img decoding=\"async\" class=\"alignnone size-medium wp-image-31863\" src=\"https:\/\/smartyplantsnursery.com\/wp-content\/uploads\/2023\/04\/Screen-Shot-2023-04-22-at-11.28.02-PM-300x134.png\" alt=\"\" width=\"300\" height=\"134\"><\/p>\n<div class=\"container\">\n<div class=\"table-container\">\n<table>\n<thead>\n<tr>\n<th>Tama\u00f1o de la maceta<\/th>\n<th>Altura media plantada (desde la tierra hasta la parte superior de la planta)<\/th>\n<\/tr>\n<\/thead>\n<tbody>\n<tr>\n<td>3 galones\/10&#8243;<\/td>\n<td>1 &#8211; 2 pies<\/td>\n<\/tr>\n<tr>\n<td>7 galones\/14&#8243;<\/td>\n<td>2 &#8211; 4 pies<\/td>\n<\/tr>\n<tr>\n<td>15 galones\/17&#8243;<\/td>\n<td>4 &#8211; 6 pies<\/td>\n<\/tr>\n<tr>\n<td>25 galones\/21&#8243;<\/td>\n<td>6 &#8211; 8 pies<\/td>\n<\/tr>\n<\/tbody>\n<\/table>\n<\/div>\n<\/div>\n","protected":false},"featured_media":44580,"comment_status":"open","ping_status":"closed","template":"","meta":[],"product_brand":[],"product_cat":[343,380,344,382,359,311,312,310,317,315,302,369,355,360,309,313,326,308,316,335,323,322,330,303,307],"product_tag":[350,352],"class_list":{"0":"post-44886","1":"product","2":"type-product","3":"status-publish","4":"has-post-thumbnail","6":"product_cat-acido","7":"product_cat-alcalino","8":"product_cat-arbol","9":"product_cat-arcilla","10":"product_cat-arena","11":"product_cat-baja","12":"product_cat-baja-es","13":"product_cat-bien-drenado","14":"product_cat-contenedor","15":"product_cat-esquejes","16":"product_cat-exotica","17":"product_cat-franco","18":"product_cat-invierno","19":"product_cat-moderada-es-3","20":"product_cat-moderada","21":"product_cat-moderada-es","22":"product_cat-moderada-es-2","23":"product_cat-otono","24":"product_cat-pequena","25":"product_cat-pleno-sol","26":"product_cat-primavera","27":"product_cat-rapido","28":"product_cat-semilla","29":"product_cat-sol-parcial","30":"product_cat-verano","31":"product_tag-rojo","32":"product_tag-rosa","33":"pa_pot-size-15-galones-17","34":"pa_pot-size-25-galones-21","35":"pa_pot-size-3-galones-10","36":"pa_pot-size-7-galones-14","39":"first","40":"instock","41":"taxable","42":"shipping-taxable","43":"purchasable","44":"product-type-variable"},"aioseo_notices":[],"_links":{"self":[{"href":"https:\/\/smartyplantsnursery.com\/es\/wp-json\/wp\/v2\/product\/44886","targetHints":{"allow":["GET"]}}],"collection":[{"href":"https:\/\/smartyplantsnursery.com\/es\/wp-json\/wp\/v2\/product"}],"about":[{"href":"https:\/\/smartyplantsnursery.com\/es\/wp-json\/wp\/v2\/types\/product"}],"replies":[{"embeddable":true,"href":"https:\/\/smartyplantsnursery.com\/es\/wp-json\/wp\/v2\/comments?post=44886"}],"wp:featuredmedia":[{"embeddable":true,"href":"https:\/\/smartyplantsnursery.com\/es\/wp-json\/wp\/v2\/media\/44580"}],"wp:attachment":[{"href":"https:\/\/smartyplantsnursery.com\/es\/wp-json\/wp\/v2\/media?parent=44886"}],"wp:term":[{"taxonomy":"product_brand","embeddable":true,"href":"https:\/\/smartyplantsnursery.com\/es\/wp-json\/wp\/v2\/product_brand?post=44886"},{"taxonomy":"product_cat","embeddable":true,"href":"https:\/\/smartyplantsnursery.com\/es\/wp-json\/wp\/v2\/product_cat?post=44886"},{"taxonomy":"product_tag","embeddable":true,"href":"https:\/\/smartyplantsnursery.com\/es\/wp-json\/wp\/v2\/product_tag?post=44886"}],"curies":[{"name":"wp","href":"https:\/\/api.w.org\/{rel}","templated":true}]}}