{"id":44894,"date":"2023-08-03T17:27:07","date_gmt":"2023-08-03T17:27:07","guid":{"rendered":"https:\/\/smartyplantsnursery.com\/product\/filodendro-hederaceum-philodendron-hederaceum-brasil\/"},"modified":"2025-12-30T16:34:14","modified_gmt":"2025-12-30T16:34:14","slug":"filodendro-hederaceum-philodendron-hederaceum-brasil","status":"publish","type":"product","link":"https:\/\/smartyplantsnursery.com\/es\/product\/filodendro-hederaceum-philodendron-hederaceum-brasil\/","title":{"rendered":"Filodendro hederaceum &#8211; philodendron hederaceum \u201cbrasil\u201d"},"content":{"rendered":"<p class=\"\"><b class=\"\">Usos generales en el paisajismo:<\/b> Cobertura del suelo en \u00e1reas sombreadas, jardines colgantes y verticales, jardines tropicales, planta de sotobosque en jardines estilo jungla, planta en macetas para espacios de vida al aire libre, muro verde o cerca viva<\/p>\n<p class=\"\"><b class=\"\">Notas sobre la restauraci\u00f3n ecol\u00f3gica:<\/b> Estabilizaci\u00f3n del suelo en \u00e1reas sombreadas, aumento de la cobertura verde en bosques degradados<\/p>\n<p class=\"\"><b class=\"\">Descripci\u00f3n:<\/b> Presenta hojas en forma de coraz\u00f3n con una mezcla de vetas verdes y amarillas brillantes.<\/p>\n<p class=\"\"><b class=\"\">Dimensiones:<\/b> altura 15 &#8211; 91 cm; extensi\u00f3n 30 &#8211; 91 cm.<\/p>\n<p class=\"\"><b class=\"\">Tasa de crecimiento:<\/b> De moderada a r\u00e1pida<\/p>\n<p class=\"\"><b class=\"\">Distribuci\u00f3n nativa:<\/b> Sudam\u00e9rica<\/p>\n<p class=\"\"><b class=\"\">H\u00e1bitats nativos:<\/b> Selvas tropicales<\/p>\n<p class=\"\"><b class=\"\">Suelos:<\/b> Francos, h\u00famedos pero bien drenados, \u00e1cidos<\/p>\n<p class=\"\"><b class=\"\">Requisitos nutricionales:<\/b> moderados<\/p>\n<p class=\"\"><b class=\"\">Tolerancia al agua salada:<\/b> baja<\/p>\n<p class=\"\"><b class=\"\">Tolerancia al viento salado:<\/b> baja<\/p>\n<p class=\"\"><b class=\"\">Tolerancia a la sequ\u00eda:<\/b> De baja a moderada<\/p>\n<p class=\"\"><b class=\"\">Requisitos de luz:<\/b> sol parcial<\/p>\n<p class=\"\"><b class=\"\">Color de la flor:<\/b> Blanco verdoso a crema p\u00e1lido<\/p>\n<p class=\"\"><b class=\"\">Caracter\u00edsticas de la flor:<\/b> Produce una inflorescencia t\u00edpica de las ar\u00e1ceas, que consiste en una espata que rodea un esp\u00e1dice.<\/p>\n<p class=\"\"><b class=\"\">Temporada de floraci\u00f3n:<\/b> Primavera, verano<\/p>\n<p class=\"\"><b class=\"\">Fruto:<\/b> Un fruto peque\u00f1o, carnoso, parecido a una baya, que es verde cuando est\u00e1 inmaduro y se vuelve naranja o rojo a medida que madura.<\/p>\n<p class=\"\"><b class=\"\">Vida silvestre y ecolog\u00eda:<\/b> Proporciona refugio y microh\u00e1bitats para peque\u00f1os insectos, anfibios y otras criaturas de la selva tropical.<\/p>\n<p class=\"\"><b class=\"\">Notas de horticultura:<\/b> Se propaga por esquejes, divisi\u00f3n<\/p>\n<p class=\"\"><b class=\"\">Comentarios:<\/b><\/p>\n<p>&nbsp;<\/p>\n","protected":false},"excerpt":{"rendered":"<p><img decoding=\"async\" class=\"alignnone size-medium wp-image-31863\" src=\"https:\/\/smartyplantsnursery.com\/wp-content\/uploads\/2023\/04\/Screen-Shot-2023-04-22-at-11.28.02-PM-300x134.png\" alt=\"\" width=\"300\" height=\"134\"><\/p>\n<div class=\"container\">\n<div class=\"table-container\">\n<table>\n<thead>\n<tr>\n<th>Tama\u00f1o de la maceta<\/th>\n<th>Altura media plantada (desde la tierra hasta la parte superior de la planta)<\/th>\n<\/tr>\n<\/thead>\n<tbody>\n<tr>\n<td>1 gal\u00f3n\/6&#8243;<\/td>\n<td>0 &#8211; 1 ft.<\/td>\n<\/tr>\n<tr>\n<td>3 galones\/10&#8243;<\/td>\n<td>1 &#8211; 2 pies<\/td>\n<\/tr>\n<\/tbody>\n<\/table>\n<\/div>\n<\/div>\n","protected":false},"featured_media":44091,"comment_status":"open","ping_status":"closed","template":"","meta":[],"product_brand":[],"product_cat":[329,311,312,321,317,331,320,325,315,302,326,313,323,322,303,377,307],"product_tag":[318,327],"class_list":{"0":"post-44894","1":"product","2":"type-product","3":"status-publish","4":"has-post-thumbnail","6":"product_cat-baja-es-2","7":"product_cat-baja","8":"product_cat-baja-es","9":"product_cat-cobertura-del-suelo","10":"product_cat-contenedor","11":"product_cat-division-es","12":"product_cat-enredadera","13":"product_cat-espata-y-espadice","14":"product_cat-esquejes","15":"product_cat-exotica","16":"product_cat-moderada-es-2","17":"product_cat-moderada-es","18":"product_cat-primavera","19":"product_cat-rapido","20":"product_cat-sol-parcial","21":"product_cat-sotobosque","22":"product_cat-verano","23":"product_tag-blanco","24":"product_tag-verde","25":"pa_pot-size-1-galon-6","26":"pa_pot-size-3-galones-10","29":"first","30":"instock","31":"taxable","32":"shipping-taxable","33":"purchasable","34":"product-type-variable"},"aioseo_notices":[],"_links":{"self":[{"href":"https:\/\/smartyplantsnursery.com\/es\/wp-json\/wp\/v2\/product\/44894","targetHints":{"allow":["GET"]}}],"collection":[{"href":"https:\/\/smartyplantsnursery.com\/es\/wp-json\/wp\/v2\/product"}],"about":[{"href":"https:\/\/smartyplantsnursery.com\/es\/wp-json\/wp\/v2\/types\/product"}],"replies":[{"embeddable":true,"href":"https:\/\/smartyplantsnursery.com\/es\/wp-json\/wp\/v2\/comments?post=44894"}],"wp:featuredmedia":[{"embeddable":true,"href":"https:\/\/smartyplantsnursery.com\/es\/wp-json\/wp\/v2\/media\/44091"}],"wp:attachment":[{"href":"https:\/\/smartyplantsnursery.com\/es\/wp-json\/wp\/v2\/media?parent=44894"}],"wp:term":[{"taxonomy":"product_brand","embeddable":true,"href":"https:\/\/smartyplantsnursery.com\/es\/wp-json\/wp\/v2\/product_brand?post=44894"},{"taxonomy":"product_cat","embeddable":true,"href":"https:\/\/smartyplantsnursery.com\/es\/wp-json\/wp\/v2\/product_cat?post=44894"},{"taxonomy":"product_tag","embeddable":true,"href":"https:\/\/smartyplantsnursery.com\/es\/wp-json\/wp\/v2\/product_tag?post=44894"}],"curies":[{"name":"wp","href":"https:\/\/api.w.org\/{rel}","templated":true}]}}