{"id":44906,"date":"2023-07-31T12:24:17","date_gmt":"2023-07-31T12:24:17","guid":{"rendered":"https:\/\/smartyplantsnursery.com\/product\/chirimoya-annona-cherimola\/"},"modified":"2026-04-06T15:05:20","modified_gmt":"2026-04-06T15:05:20","slug":"chirimoya-annona-cherimola","status":"publish","type":"product","link":"https:\/\/smartyplantsnursery.com\/es\/product\/chirimoya-annona-cherimola\/","title":{"rendered":"Chirimoya &#8211; annona cherimola"},"content":{"rendered":"<p class=\"\"><b class=\"\">Usos generales en el paisaje: <\/b>\u00c1rbol de sombra, huerto y jardiner\u00eda comestible, \u00e1rbol ornamental, cortavientos y pantalla de privacidad, atracci\u00f3n de polinizadores y vida silvestre<\/p>\n<p class=\"\"><b class=\"\">Notas sobre la restauraci\u00f3n ecol\u00f3gica: <\/b>Mejora del suelo y control de la erosi\u00f3n, mejora de la biodiversidad, secuestro de carbono<\/p>\n<p class=\"\"><b class=\"\">Descripci\u00f3n:<\/b> \u00c1rbol frutal tropical.<\/p>\n<p class=\"\"><b class=\"\">Dimensiones: <\/b>Altura 21 &#8211; 27 pies.<\/p>\n<p class=\"\"><b class=\"\">Tasa de crecimiento:<\/b> De moderada a r\u00e1pida<\/p>\n<p class=\"\"><b class=\"\">Distribuci\u00f3n nativa: <\/b>Valles andinos de Sudam\u00e9rica<\/p>\n<p class=\"\"><b class=\"\">H\u00e1bitats nativos: <\/b>Subtropical de gran altitud<\/p>\n<p class=\"\"><b class=\"\">Suelos:<\/b> Bien drenados<\/p>\n<p class=\"\"><b class=\"\">Requisitos nutricionales:<\/b> moderados<\/p>\n<p class=\"\"><b class=\"\">Tolerancia al agua salada:<\/b> baja<\/p>\n<p class=\"\"><b class=\"\">Tolerancia al viento salado:<\/b> baja<\/p>\n<p class=\"\"><b class=\"\">Tolerancia a la sequ\u00eda:<\/b> moderada<\/p>\n<p class=\"\"><b class=\"\">Requisitos de luz:<\/b> pleno sol<\/p>\n<p class=\"\"><b class=\"\">Color de la flor: <\/b>Amarillo verdoso<\/p>\n<p class=\"\"><b class=\"\">Caracter\u00edsticas de la flor: <\/b>Triangular o ligeramente ovalada con un h\u00e1bito colgante.<\/p>\n<p class=\"\"><b class=\"\">Temporada de floraci\u00f3n:<\/b> Primavera a principios de verano<\/p>\n<p class=\"\"><b class=\"\">Fruta: <\/b>Verde, con forma de coraz\u00f3n o redondeada con una textura escamosa. La pulpa es de color blanco cremoso, jugosa y dulce, con una consistencia similar a la de la crema pastelera. <\/p>\n<p class=\"\"><b class=\"\">Vida silvestre y ecolog\u00eda: <\/b>Redes de polinizaci\u00f3n, estabilizaci\u00f3n del suelo y apoyo a la biodiversidad<\/p>\n<p class=\"\"><b class=\"\">Notas de horticultura: <\/b>Cultivado a partir de semillas, injertos, acodos a\u00e9reos y esquejes<\/p>\n<p class=\"\"><b class=\"\">Comentarios:<\/b><\/p>\n<p>&nbsp;<\/p>\n","protected":false},"excerpt":{"rendered":"<p><img fetchpriority=\"high\" decoding=\"async\" class=\"alignnone size-medium wp-image-54744\" src=\"https:\/\/smartyplantsnursery.com\/wp-content\/uploads\/2023\/04\/Screenshot-2026-03-03-at-2.22.47-PM-300x185.webp\" alt=\"\" width=\"300\" height=\"185\"><\/p>\n<div class=\"container\">\n<div class=\"table-container\">\n<table>\n<thead>\n<tr>\n<th>Tama\u00f1o de la maceta<\/th>\n<th>Altura media plantada (desde la tierra hasta la parte superior de la planta)<\/th>\n<\/tr>\n<\/thead>\n<tbody>\n<tr>\n<td>3 galones\/10&#8243;<\/td>\n<td>1 &#8211; 2 pies<\/td>\n<\/tr>\n<\/tbody>\n<\/table>\n<\/div>\n<\/div>\n","protected":false},"featured_media":43745,"comment_status":"open","ping_status":"closed","template":"","meta":[],"product_brand":[],"product_cat":[336,344,371,311,312,310,353,315,302,379,313,326,378,314,358,335,323,322,330,307],"product_tag":[319,327],"class_list":{"0":"post-44906","1":"product","2":"type-product","3":"status-publish","4":"has-post-thumbnail","6":"product_cat-acodo-aereo","7":"product_cat-arbol","8":"product_cat-arbol-de-sombra","9":"product_cat-baja","10":"product_cat-baja-es","11":"product_cat-bien-drenado","12":"product_cat-comestible","13":"product_cat-esquejes","14":"product_cat-exotica","15":"product_cat-injerto","16":"product_cat-moderada-es","17":"product_cat-moderada-es-2","18":"product_cat-pantalla","19":"product_cat-planta-de-especimen","20":"product_cat-plantas-para-mariposas-plantas-para-polinizadores","21":"product_cat-pleno-sol","22":"product_cat-primavera","23":"product_cat-rapido","24":"product_cat-semilla","25":"product_cat-verano","26":"product_tag-amarillo","27":"product_tag-verde","28":"pa_pot-size-3-galones-10","31":"first","32":"instock","33":"taxable","34":"shipping-taxable","35":"purchasable","36":"product-type-variable"},"aioseo_notices":[],"_links":{"self":[{"href":"https:\/\/smartyplantsnursery.com\/es\/wp-json\/wp\/v2\/product\/44906","targetHints":{"allow":["GET"]}}],"collection":[{"href":"https:\/\/smartyplantsnursery.com\/es\/wp-json\/wp\/v2\/product"}],"about":[{"href":"https:\/\/smartyplantsnursery.com\/es\/wp-json\/wp\/v2\/types\/product"}],"replies":[{"embeddable":true,"href":"https:\/\/smartyplantsnursery.com\/es\/wp-json\/wp\/v2\/comments?post=44906"}],"wp:featuredmedia":[{"embeddable":true,"href":"https:\/\/smartyplantsnursery.com\/es\/wp-json\/wp\/v2\/media\/43745"}],"wp:attachment":[{"href":"https:\/\/smartyplantsnursery.com\/es\/wp-json\/wp\/v2\/media?parent=44906"}],"wp:term":[{"taxonomy":"product_brand","embeddable":true,"href":"https:\/\/smartyplantsnursery.com\/es\/wp-json\/wp\/v2\/product_brand?post=44906"},{"taxonomy":"product_cat","embeddable":true,"href":"https:\/\/smartyplantsnursery.com\/es\/wp-json\/wp\/v2\/product_cat?post=44906"},{"taxonomy":"product_tag","embeddable":true,"href":"https:\/\/smartyplantsnursery.com\/es\/wp-json\/wp\/v2\/product_tag?post=44906"}],"curies":[{"name":"wp","href":"https:\/\/api.w.org\/{rel}","templated":true}]}}