{"id":44919,"date":"2023-07-29T13:56:54","date_gmt":"2023-07-29T13:56:54","guid":{"rendered":"https:\/\/smartyplantsnursery.com\/product\/ixora-duffii-super-king-ixora-casei-super-king\/"},"modified":"2025-12-30T17:47:13","modified_gmt":"2025-12-30T17:47:13","slug":"ixora-duffii-super-king-ixora-casei-super-king","status":"publish","type":"product","link":"https:\/\/smartyplantsnursery.com\/es\/product\/ixora-duffii-super-king-ixora-casei-super-king\/","title":{"rendered":"Ixora duffii \u201csuper King\u201d &#8211; ixora casei \u201csuper King\u201d"},"content":{"rendered":"<p class=\"\"><b class=\"\">Usos generales en el paisajismo:<\/b> Seto, borde, plantaci\u00f3n de ejemplares<\/p>\n<p class=\"\"><b class=\"\">Notas sobre la restauraci\u00f3n ecol\u00f3gica:<\/b> Atracci\u00f3n de polinizadores, apoyo a la vida silvestre, control de la erosi\u00f3n, purificaci\u00f3n del aire<\/p>\n<p class=\"\"><b class=\"\">Descripci\u00f3n:<\/b> Arbusto tropical con flores conocido por sus vibrantes racimos de flores de gran tama\u00f1o y su denso follaje perenne.<\/p>\n<p class=\"\"><b class=\"\">Dimensiones:<\/b> Altura 1,8 &#8211; 2,4 m; Extensi\u00f3n 0,9 &#8211; 1,2 m<\/p>\n<p class=\"\"><b class=\"\">Tasa de crecimiento:<\/b> moderada<\/p>\n<p class=\"\"><b class=\"\">Distribuci\u00f3n nativa:<\/b> Asia tropical<\/p>\n<p class=\"\"><b class=\"\">H\u00e1bitats nativos:<\/b> Bosques tropicales, bosques de tierras bajas, bordes de bosques<\/p>\n<p class=\"\"><b class=\"\">Suelos:<\/b> Ligeramente \u00e1cido (6,1 \u2013 6,5), Neutro (6,6 \u2013 7,3), con buen drenaje<\/p>\n<p class=\"\"><b class=\"\">Requisitos nutricionales:<\/b> moderados<\/p>\n<p class=\"\"><b class=\"\">Tolerancia al agua salada:<\/b> moderada<\/p>\n<p class=\"\"><b class=\"\">Tolerancia al viento salado:<\/b> moderada<\/p>\n<p class=\"\"><b class=\"\">Tolerancia a la sequ\u00eda:<\/b> moderada<\/p>\n<p class=\"\"><b class=\"\">Requisitos de luz:<\/b> pleno sol a sol parcial<\/p>\n<p class=\"\"><b class=\"\">Color de la flor:<\/b> Rojo<\/p>\n<p class=\"\"><b class=\"\">Caracter\u00edsticas de la flor:<\/b> Racimos vistosos y densos<\/p>\n<p class=\"\"><b class=\"\">Temporada de floraci\u00f3n:<\/b> Primavera, Verano, oto\u00f1o<\/p>\n<p class=\"\"><b class=\"\">Fruto:<\/b> Bayas peque\u00f1as, redondas y de color oscuro<\/p>\n<p class=\"\"><b class=\"\">Fauna y ecolog\u00eda:<\/b> Las flores atraen a los polinizadores y proporcionan refugio y fruta ocasional para algunas aves<\/p>\n<p class=\"\"><b class=\"\">Notas de horticultura:<\/b> Propagaci\u00f3n por esquejes, semillas<\/p>\n<p class=\"\"><b class=\"\">Comentarios:<\/b><\/p>\n<p>&nbsp;<\/p>\n","protected":false},"excerpt":{"rendered":"<p><a href=\"https:\/\/smartyplantsnursery.com\/wp-content\/uploads\/2023\/04\/Screen-Shot-2023-04-22-at-11.28.02-PM.png\"><img decoding=\"async\" class=\"alignnone size-medium wp-image-31863\" src=\"https:\/\/smartyplantsnursery.com\/wp-content\/uploads\/2023\/04\/Screen-Shot-2023-04-22-at-11.28.02-PM-300x134.png\" alt=\"Compre con confianza en el vivero Smarty Plants.\" width=\"300\" height=\"134\"><\/a><\/p>\n<div class=\"container\">\n<div class=\"table-container\">\n<table>\n<thead>\n<tr>\n<th>Tama\u00f1o de la maceta<\/th>\n<th>Altura media plantada (desde la tierra hasta la parte superior de la planta)<\/th>\n<\/tr>\n<\/thead>\n<tbody>\n<tr>\n<td>3 galones\/10&#8243;<\/td>\n<td>1 &#8211; 2 pies<\/td>\n<\/tr>\n<tr>\n<td>7 galones\/14&#8243;<\/td>\n<td>0,6 &#8211; 0,9 m<\/td>\n<\/tr>\n<\/tbody>\n<\/table>\n<\/div>\n<\/div>\n","protected":false},"featured_media":48510,"comment_status":"open","ping_status":"closed","template":"","meta":[],"product_brand":[],"product_cat":[343,304,310,375,315,302,324,361,326,309,313,360,345,308,314,335,323,372,330,332,303,307],"product_tag":[350],"class_list":{"0":"post-44919","1":"product","2":"type-product","3":"status-publish","4":"has-post-thumbnail","6":"product_cat-acido","7":"product_cat-arbusto","8":"product_cat-bien-drenado","9":"product_cat-borde","10":"product_cat-esquejes","11":"product_cat-exotica","12":"product_cat-llamativo","13":"product_cat-moderada-es-4","14":"product_cat-moderada-es-2","15":"product_cat-moderada","16":"product_cat-moderada-es","17":"product_cat-moderada-es-3","18":"product_cat-neutro","19":"product_cat-otono","20":"product_cat-planta-de-especimen","21":"product_cat-pleno-sol","22":"product_cat-primavera","23":"product_cat-racimo","24":"product_cat-semilla","25":"product_cat-seto","26":"product_cat-sol-parcial","27":"product_cat-verano","28":"product_tag-rojo","29":"pa_pot-size-3-galones-10","30":"pa_pot-size-7-galones-14","33":"first","34":"instock","35":"taxable","36":"shipping-taxable","37":"purchasable","38":"product-type-variable"},"aioseo_notices":[],"_links":{"self":[{"href":"https:\/\/smartyplantsnursery.com\/es\/wp-json\/wp\/v2\/product\/44919","targetHints":{"allow":["GET"]}}],"collection":[{"href":"https:\/\/smartyplantsnursery.com\/es\/wp-json\/wp\/v2\/product"}],"about":[{"href":"https:\/\/smartyplantsnursery.com\/es\/wp-json\/wp\/v2\/types\/product"}],"replies":[{"embeddable":true,"href":"https:\/\/smartyplantsnursery.com\/es\/wp-json\/wp\/v2\/comments?post=44919"}],"wp:featuredmedia":[{"embeddable":true,"href":"https:\/\/smartyplantsnursery.com\/es\/wp-json\/wp\/v2\/media\/48510"}],"wp:attachment":[{"href":"https:\/\/smartyplantsnursery.com\/es\/wp-json\/wp\/v2\/media?parent=44919"}],"wp:term":[{"taxonomy":"product_brand","embeddable":true,"href":"https:\/\/smartyplantsnursery.com\/es\/wp-json\/wp\/v2\/product_brand?post=44919"},{"taxonomy":"product_cat","embeddable":true,"href":"https:\/\/smartyplantsnursery.com\/es\/wp-json\/wp\/v2\/product_cat?post=44919"},{"taxonomy":"product_tag","embeddable":true,"href":"https:\/\/smartyplantsnursery.com\/es\/wp-json\/wp\/v2\/product_tag?post=44919"}],"curies":[{"name":"wp","href":"https:\/\/api.w.org\/{rel}","templated":true}]}}