{"id":44924,"date":"2023-07-17T14:02:04","date_gmt":"2023-07-17T14:02:04","guid":{"rendered":"https:\/\/smartyplantsnursery.com\/product\/anturio-rizado-anturio-con-volantes-anthurium-plowmanii-fruffles\/"},"modified":"2026-02-05T14:08:25","modified_gmt":"2026-02-05T14:08:25","slug":"anturio-rizado-anturio-con-volantes-anthurium-plowmanii-fruffles","status":"publish","type":"product","link":"https:\/\/smartyplantsnursery.com\/es\/product\/anturio-rizado-anturio-con-volantes-anthurium-plowmanii-fruffles\/","title":{"rendered":"Anturio rizado, anturio con volantes &#8211; anthurium plowmanii \u201cfruffles\u201d"},"content":{"rendered":"<p class=\"\"><b class=\"\">Usos generales en el paisajismo: <\/b>Jardines tropicales sombreados, macetas<\/p>\n<p class=\"\"><b class=\"\">Notas sobre la restauraci\u00f3n ecol\u00f3gica:<\/b> No recomendado<\/p>\n<p class=\"\"><b class=\"\">Descripci\u00f3n: <\/b>Una variedad \u00fanica y llamativa de <em data-start=\"75\" data-end=\"96\">Anthurium plowmanii<\/em>, una especie conocida por su follaje grande, rizado y con forma de nido de p\u00e1jaro.<\/p>\n<p class=\"\"><b class=\"\">Dimensiones: <\/b>Altura: 2 &#8211; 3 pies.<\/p>\n<p class=\"\"><b class=\"\">Tasa de crecimiento:<\/b> moderada<\/p>\n<p class=\"\"><b class=\"\">Distribuci\u00f3n nativa:<\/b> Sudam\u00e9rica<\/p>\n<p class=\"\"><b class=\"\">H\u00e1bitats nativos:<\/b> Sotobosque de la selva tropical<\/p>\n<p class=\"\"><b class=\"\">Suelos: <\/b>Ricos y con buen drenaje<\/p>\n<p class=\"\"><b class=\"\">Requisitos nutricionales:<\/b> moderados<\/p>\n<p class=\"\"><b class=\"\">Tolerancia al agua salada:<\/b> baja<\/p>\n<p class=\"\"><b class=\"\">Tolerancia al viento salado:<\/b> baja<\/p>\n<p class=\"\"><b class=\"\">Tolerancia a la sequ\u00eda:<\/b> De baja a moderada<\/p>\n<p class=\"\"><b class=\"\">Requisitos de luz:<\/b> Pleno sol<\/p>\n<p class=\"\"><b class=\"\">Color de la flor: <\/b>Blanco verdoso a amarillo p\u00e1lido<\/p>\n<p class=\"\"><b class=\"\">Caracter\u00edsticas de la flor: <\/b>Espatas y esp\u00e1dices peque\u00f1os<\/p>\n<p class=\"\"><b class=\"\">Temporada de floraci\u00f3n: <\/b>irregular<\/p>\n<p class=\"\"><b class=\"\">Fruto: <\/b>Racimo de bayas peque\u00f1as en el esp\u00e1dice, a menudo de color naranja, rojo o p\u00farpura cuando est\u00e1n maduras<\/p>\n<p class=\"\"><b class=\"\">Fauna y ecolog\u00eda: <\/b>Proporciona microh\u00e1bitats para peque\u00f1os invertebrados; puede albergar epifitas o musgos.<\/p>\n<p class=\"\"><b class=\"\">Notas de horticultura:<\/b> Cultivado a partir de esquejes, divisi\u00f3n<\/p>\n<p class=\"\"><b class=\"\">Comentarios: <\/b>T\u00f3xico para mascotas y humanos si se ingiere<\/p>\n","protected":false},"excerpt":{"rendered":"<p><img decoding=\"async\" class=\"alignnone size-medium wp-image-31863\" src=\"https:\/\/smartyplantsnursery.com\/wp-content\/uploads\/2023\/04\/Screen-Shot-2023-04-22-at-11.28.02-PM-300x134.png\" alt=\"\" width=\"300\" height=\"134\"><\/p>\n<div class=\"container\">\n<div class=\"table-container\">\n<table>\n<thead>\n<tr>\n<th>Tama\u00f1o de la maceta<\/th>\n<th>Altura media plantada (desde la tierra hasta la parte superior de la planta)<\/th>\n<\/tr>\n<\/thead>\n<tbody>\n<tr>\n<td>1 gal\u00f3n\/6&#8243;<\/td>\n<td>0 &#8211; 1 ft.<\/td>\n<\/tr>\n<\/tbody>\n<\/table>\n<\/div>\n<\/div>\n","protected":false},"featured_media":47862,"comment_status":"open","ping_status":"closed","template":"","meta":[],"product_brand":[],"product_cat":[329,311,312,310,317,331,325,315,302,383,313,309,326,316,335],"product_tag":[319,318,327],"class_list":{"0":"post-44924","1":"product","2":"type-product","3":"status-publish","4":"has-post-thumbnail","6":"product_cat-baja-es-2","7":"product_cat-baja","8":"product_cat-baja-es","9":"product_cat-bien-drenado","10":"product_cat-contenedor","11":"product_cat-division-es","12":"product_cat-espata-y-espadice","13":"product_cat-esquejes","14":"product_cat-exotica","15":"product_cat-helecho","16":"product_cat-moderada-es","17":"product_cat-moderada","18":"product_cat-moderada-es-2","19":"product_cat-pequena","20":"product_cat-pleno-sol","21":"product_tag-amarillo","22":"product_tag-blanco","23":"product_tag-verde","24":"pa_pot-size-1-galon-6","27":"first","28":"instock","29":"taxable","30":"shipping-taxable","31":"purchasable","32":"product-type-variable"},"aioseo_notices":[],"_links":{"self":[{"href":"https:\/\/smartyplantsnursery.com\/es\/wp-json\/wp\/v2\/product\/44924","targetHints":{"allow":["GET"]}}],"collection":[{"href":"https:\/\/smartyplantsnursery.com\/es\/wp-json\/wp\/v2\/product"}],"about":[{"href":"https:\/\/smartyplantsnursery.com\/es\/wp-json\/wp\/v2\/types\/product"}],"replies":[{"embeddable":true,"href":"https:\/\/smartyplantsnursery.com\/es\/wp-json\/wp\/v2\/comments?post=44924"}],"wp:featuredmedia":[{"embeddable":true,"href":"https:\/\/smartyplantsnursery.com\/es\/wp-json\/wp\/v2\/media\/47862"}],"wp:attachment":[{"href":"https:\/\/smartyplantsnursery.com\/es\/wp-json\/wp\/v2\/media?parent=44924"}],"wp:term":[{"taxonomy":"product_brand","embeddable":true,"href":"https:\/\/smartyplantsnursery.com\/es\/wp-json\/wp\/v2\/product_brand?post=44924"},{"taxonomy":"product_cat","embeddable":true,"href":"https:\/\/smartyplantsnursery.com\/es\/wp-json\/wp\/v2\/product_cat?post=44924"},{"taxonomy":"product_tag","embeddable":true,"href":"https:\/\/smartyplantsnursery.com\/es\/wp-json\/wp\/v2\/product_tag?post=44924"}],"curies":[{"name":"wp","href":"https:\/\/api.w.org\/{rel}","templated":true}]}}