{"id":44931,"date":"2023-07-17T13:48:22","date_gmt":"2023-07-17T13:48:22","guid":{"rendered":"https:\/\/smartyplantsnursery.com\/product\/palmera-alejandra-palmera-solitaria-ptychosperma-elegans\/"},"modified":"2026-03-07T14:54:30","modified_gmt":"2026-03-07T14:54:30","slug":"palmera-alejandra-palmera-solitaria-ptychosperma-elegans","status":"publish","type":"product","link":"https:\/\/smartyplantsnursery.com\/es\/product\/palmera-alejandra-palmera-solitaria-ptychosperma-elegans\/","title":{"rendered":"Palmera alejandra, palmera solitaria &#8211; ptychosperma elegans"},"content":{"rendered":"<p><b>Usos generales en el paisaje:<\/b> jardines, paisajes urbanos y complejos tur\u00edsticos tropicales<\/p>\n<p><b>Notas sobre la restauraci\u00f3n ecol\u00f3gica:<\/b> restauraci\u00f3n y reforestaci\u00f3n de h\u00e1bitats, conservaci\u00f3n del suelo y del agua, h\u00e1bitat de la vida silvestre y polinizaci\u00f3n, resiliencia clim\u00e1tica y secuestro de carbono, no invasiva y de bajo mantenimiento<\/p>\n<p><b>Descripci\u00f3n:<\/b> palmera esbelta<\/p>\n<p><b>Dimensiones:<\/b> Altura 20 &#8211; 40 pies.<\/p>\n<p><b>Tasa de crecimiento:<\/b> de lenta a moderada con la edad<\/p>\n<p><b>Distribuci\u00f3n nativa:<\/b> Selvas tropicales del noreste de Australia<\/p>\n<p><b>H\u00e1bitats nativos:<\/b> Selvas tropicales de tierras bajas, a menudo a lo largo de arroyos y zonas h\u00famedas<\/p>\n<p><b>Suelos:<\/b> bien drenados, h\u00famedos<\/p>\n<p><b>Requisitos nutricionales:<\/b> suelo f\u00e9rtil<\/p>\n<p><b>Tolerancia al agua salada:<\/b> moderada<\/p>\n<p><b>Tolerancia al viento salado:<\/b> moderada<\/p>\n<p><b>Tolerancia a la sequ\u00eda:<\/b> de baja a moderada<\/p>\n<p><b>Requisitos de luz:<\/b> de sol parcial a pleno<\/p>\n<p><b>Color de la flor:<\/b> amarillo-verdoso<\/p>\n<p><b>Caracter\u00edsticas de la flor:<\/b> crecen en racimos colgantes<\/p>\n<p><b>Temporada de floraci\u00f3n:<\/b> durante todo el a\u00f1o, con un pico desde finales de primavera hasta el verano<\/p>\n<p><b>Fruto:<\/b> rojo brillante, de forma ovalada que madura en racimos<\/p>\n<p><b>Vida silvestre y ecolog\u00eda:<\/b> Contribuye a la biodiversidad, la estabilizaci\u00f3n del suelo y el apoyo a la vida silvestre en los ecosistemas tropicales y subtropicales.<\/p>\n<p><b>Notas de horticultura:<\/b> Propagaci\u00f3n por semilla.<\/p>\n<p><b>Comentarios:<\/b><\/p>\n<p>&nbsp;<\/p>\n","protected":false},"excerpt":{"rendered":"<p><img fetchpriority=\"high\" decoding=\"async\" class=\"alignnone size-medium wp-image-54744\" src=\"https:\/\/smartyplantsnursery.com\/wp-content\/uploads\/2023\/04\/Screenshot-2026-03-03-at-2.22.47-PM-300x185.png\" alt=\"\" width=\"300\" height=\"185\"><\/p>\n<div class=\"container\">\n<div class=\"table-container\">\n<table>\n<thead>\n<tr>\n<th>Tama\u00f1o de la maceta<\/th>\n<th>Altura media plantada (desde la tierra hasta la parte superior de la planta)<\/th>\n<\/tr>\n<\/thead>\n<tbody>\n<tr>\n<td>1 gal\u00f3n\/6&#8243;<\/td>\n<td>15 cm &#8211; 30 cm<\/td>\n<\/tr>\n<tr>\n<td>3 galones\/10&#8243;<\/td>\n<td>1 &#8211; 2 pies<\/td>\n<\/tr>\n<tr>\n<td>7 galones\/14&#8243;<\/td>\n<td>2 &#8211; 4 pies<\/td>\n<\/tr>\n<tr>\n<td>15 galones\/17&#8243;<\/td>\n<td>4 &#8211; 6 pies<\/td>\n<\/tr>\n<tr>\n<td>25 galones\/21&#8243;<\/td>\n<td>1,8 &#8211; 3 m<\/td>\n<\/tr>\n<tr>\n<td>45 galones\/28&#8243;<\/td>\n<td>3 &#8211; 4,3 m<\/td>\n<\/tr>\n<tr>\n<td>65 galones\/32&#8243;<\/td>\n<td>4,3 &#8211; 6 m<\/td>\n<\/tr>\n<\/tbody>\n<\/table>\n<\/div>\n<\/div>\n","protected":false},"featured_media":50257,"comment_status":"open","ping_status":"closed","template":"","meta":[],"product_brand":[],"product_cat":[348,344,329,310,302,306,313,326,360,361,370,335,323,372,330,303,307],"product_tag":[319,327],"class_list":{"0":"post-44931","1":"product","2":"type-product","3":"status-publish","4":"has-post-thumbnail","6":"product_cat-alta-es","7":"product_cat-arbol","8":"product_cat-baja-es-2","9":"product_cat-bien-drenado","10":"product_cat-exotica","11":"product_cat-lenta","12":"product_cat-moderada-es","13":"product_cat-moderada-es-2","14":"product_cat-moderada-es-3","15":"product_cat-moderada-es-4","16":"product_cat-palma","17":"product_cat-pleno-sol","18":"product_cat-primavera","19":"product_cat-racimo","20":"product_cat-semilla","21":"product_cat-sol-parcial","22":"product_cat-verano","23":"product_tag-amarillo","24":"product_tag-verde","25":"pa_pot-size-1-galon-6","26":"pa_pot-size-15-galones-17","27":"pa_pot-size-25-galones-21","28":"pa_pot-size-3-galones-10","29":"pa_pot-size-45-galones-28","30":"pa_pot-size-65-galones-32","31":"pa_pot-size-7-galones-14","34":"first","35":"instock","36":"taxable","37":"shipping-taxable","38":"purchasable","39":"product-type-variable"},"aioseo_notices":[],"_links":{"self":[{"href":"https:\/\/smartyplantsnursery.com\/es\/wp-json\/wp\/v2\/product\/44931","targetHints":{"allow":["GET"]}}],"collection":[{"href":"https:\/\/smartyplantsnursery.com\/es\/wp-json\/wp\/v2\/product"}],"about":[{"href":"https:\/\/smartyplantsnursery.com\/es\/wp-json\/wp\/v2\/types\/product"}],"replies":[{"embeddable":true,"href":"https:\/\/smartyplantsnursery.com\/es\/wp-json\/wp\/v2\/comments?post=44931"}],"wp:featuredmedia":[{"embeddable":true,"href":"https:\/\/smartyplantsnursery.com\/es\/wp-json\/wp\/v2\/media\/50257"}],"wp:attachment":[{"href":"https:\/\/smartyplantsnursery.com\/es\/wp-json\/wp\/v2\/media?parent=44931"}],"wp:term":[{"taxonomy":"product_brand","embeddable":true,"href":"https:\/\/smartyplantsnursery.com\/es\/wp-json\/wp\/v2\/product_brand?post=44931"},{"taxonomy":"product_cat","embeddable":true,"href":"https:\/\/smartyplantsnursery.com\/es\/wp-json\/wp\/v2\/product_cat?post=44931"},{"taxonomy":"product_tag","embeddable":true,"href":"https:\/\/smartyplantsnursery.com\/es\/wp-json\/wp\/v2\/product_tag?post=44931"}],"curies":[{"name":"wp","href":"https:\/\/api.w.org\/{rel}","templated":true}]}}