{"id":44934,"date":"2023-07-23T22:27:36","date_gmt":"2023-07-23T22:27:36","guid":{"rendered":"https:\/\/smartyplantsnursery.com\/product\/royal-poinciana-arbol-flamboyan-arbol-de-fuego-delonix-regia\/"},"modified":"2025-12-03T23:28:57","modified_gmt":"2025-12-03T23:28:57","slug":"royal-poinciana-arbol-flamboyan-arbol-de-fuego-delonix-regia","status":"publish","type":"product","link":"https:\/\/smartyplantsnursery.com\/es\/product\/royal-poinciana-arbol-flamboyan-arbol-de-fuego-delonix-regia\/","title":{"rendered":"Royal Poinciana, \u00e1rbol flamboy\u00e1n, \u00e1rbol de fuego &#8211; delonix regia"},"content":{"rendered":"<div>\n<p class=\"\"><b class=\"\">Usos generales en el paisaje:<\/b> \u00c1rbol de sombra, \u00e1rbol de calle, \u00e1rbol de floraci\u00f3n<\/p>\n<p class=\"\"><b class=\"\">Notas de restauraci\u00f3n ecol\u00f3gica:<\/b> N\u00e9ctar para polinizadores<\/p>\n<p class=\"\"><b class=\"\">Descripci\u00f3n:<\/b> Reconocido por sus brillantes flores de color rojo anaranjado, su amplia copa en forma de paraguas y sus delicadas hojas parecidas a helechos.<\/p>\n<p class=\"\"><b class=\"\">Dimensiones:<\/b> Altura 30 &#8211; 40 pies; Extensi\u00f3n 40 &#8211; 70 pies.<\/p>\n<p class=\"\"><b class=\"\">Tasa de crecimiento:<\/b> r\u00e1pida<\/p>\n<p class=\"\"><b class=\"\">Distribuci\u00f3n nativa:<\/b> Madagascar<\/p>\n<p class=\"\"><b class=\"\">H\u00e1bitats nativos:<\/b> Bosques secos caducifolios<\/p>\n<p class=\"\"><b class=\"\">Suelos:<\/b> Bien drenados, arenosos o limosos<\/p>\n<p class=\"\"><b class=\"\">Requisitos nutricionales:<\/b> De bajos a moderados<\/p>\n<p class=\"\"><b class=\"\">Tolerancia al agua salada:<\/b> baja<\/p>\n<p class=\"\"><b class=\"\">Tolerancia al viento salado:<\/b> baja<\/p>\n<p class=\"\"><b class=\"\">Tolerancia a la sequ\u00eda:<\/b> moderada<\/p>\n<p class=\"\"><b class=\"\">Requisitos de luz:<\/b> Pleno sol<\/p>\n<p class=\"\"><b class=\"\">Color de la flor:<\/b> Naranja escarlata<\/p>\n<p class=\"\"><b class=\"\">Caracter\u00edsticas de la flor:<\/b> llamativa<\/p>\n<p class=\"\"><b class=\"\">Temporada de floraci\u00f3n:<\/b> Junio a julio<\/p>\n<p class=\"\"><b class=\"\">Fruto:<\/b> Vainas le\u00f1osas largas y planas<\/p>\n<p class=\"\"><b class=\"\">Vida silvestre y ecolog\u00eda:<\/b> Apoyo a los polinizadores, h\u00e1bitat de dosel<\/p>\n<p class=\"\"><b class=\"\">Notas de horticultura:<\/b> Se cultiva a partir de semillas, esquejes<\/p>\n<p class=\"\"><b class=\"\">Comentarios:<\/b><\/p>\n<\/div>\n","protected":false},"excerpt":{"rendered":"<p><img decoding=\"async\" class=\"alignnone size-medium wp-image-31863\" src=\"https:\/\/smartyplantsnursery.com\/wp-content\/uploads\/2023\/04\/Screen-Shot-2023-04-22-at-11.28.02-PM-300x134.png\" alt=\"\" width=\"300\" height=\"134\"><\/p>\n<div class=\"container\">\n<div class=\"table-container\">\n<table>\n<thead>\n<tr>\n<th>Tama\u00f1o de la maceta<\/th>\n<th>Altura media plantada (desde la tierra hasta la parte superior de la planta)<\/th>\n<th>Calibre<\/th>\n<\/tr>\n<\/thead>\n<tbody>\n<tr>\n<td>1 gal\u00f3n\/6&#8243;<\/td>\n<td>0,3 &#8211; 0,6 m<\/td>\n<td><\/td>\n<\/tr>\n<tr>\n<td>3 galones\/10&#8243;<\/td>\n<td>0,6 &#8211; 1,2 m<\/td>\n<td><\/td>\n<\/tr>\n<tr>\n<td>7 galones\/14&#8243;<\/td>\n<td>1,2 &#8211; 1,8 m<\/td>\n<td><\/td>\n<\/tr>\n<tr>\n<td>15 galones\/17&#8243;<\/td>\n<td>6 &#8211; 8 pies<\/td>\n<td><\/td>\n<\/tr>\n<tr>\n<td>25 galones\/21&#8243;<\/td>\n<td>3 &#8211; 3,7 m<\/td>\n<td>5 &#8211; 6,3 cm<\/td>\n<\/tr>\n<tr>\n<td>45 galones\/28&#8243;<\/td>\n<td>3,7 &#8211; 4,3 m<\/td>\n<td>6,3 &#8211; 7,6 cm<\/td>\n<\/tr>\n<tr>\n<td>65 galones\/32&#8243;<\/td>\n<td>4,3 &#8211; 4,9 m<\/td>\n<td>7,6 &#8211; 8,9 cm<\/td>\n<\/tr>\n<tr>\n<td>100 galones\/36&#8243;<\/td>\n<td>4,9 &#8211; 5,5 m<\/td>\n<td>8,9 &#8211; 15,2 cm<\/td>\n<\/tr>\n<\/tbody>\n<\/table>\n<\/div>\n<\/div>\n","protected":false},"featured_media":47839,"comment_status":"open","ping_status":"closed","template":"","meta":[],"product_brand":[],"product_cat":[138,261,210,212,216,204,208,234,65,237,224,221,205,81,198,226,202],"product_tag":[248],"class_list":{"0":"post-44934","1":"product","2":"type-product","3":"status-publish","4":"has-post-thumbnail","6":"product_cat-tree","7":"product_cat-shade-tree","8":"product_cat-sand","9":"product_cat-low-salt-water-tolerance","10":"product_cat-low-salt-wind-tolerance","11":"product_cat-low","12":"product_cat-well-drained","13":"product_cat-cuttings","14":"product_cat-exotic","15":"product_cat-loam","16":"product_cat-showy","17":"product_cat-moderate-drought-tolerance","18":"product_cat-moderate-nutritional-requirements","19":"product_cat-full-sun","20":"product_cat-fast","21":"product_cat-seed","22":"product_cat-summer-flowering-season","23":"product_tag-orange","24":"pa_pot-size-1-gallon-6","25":"pa_pot-size-100-gallon-36","26":"pa_pot-size-15-gallon-17","27":"pa_pot-size-25-gallon-21","28":"pa_pot-size-3-gallon-10","29":"pa_pot-size-45-gallon-28","30":"pa_pot-size-65-gallon-32","31":"pa_pot-size-7-gallon-14","34":"first","35":"instock","36":"taxable","37":"shipping-taxable","38":"purchasable","39":"product-type-variable"},"aioseo_notices":[],"_links":{"self":[{"href":"https:\/\/smartyplantsnursery.com\/es\/wp-json\/wp\/v2\/product\/44934","targetHints":{"allow":["GET"]}}],"collection":[{"href":"https:\/\/smartyplantsnursery.com\/es\/wp-json\/wp\/v2\/product"}],"about":[{"href":"https:\/\/smartyplantsnursery.com\/es\/wp-json\/wp\/v2\/types\/product"}],"replies":[{"embeddable":true,"href":"https:\/\/smartyplantsnursery.com\/es\/wp-json\/wp\/v2\/comments?post=44934"}],"wp:featuredmedia":[{"embeddable":true,"href":"https:\/\/smartyplantsnursery.com\/es\/wp-json\/wp\/v2\/media\/47839"}],"wp:attachment":[{"href":"https:\/\/smartyplantsnursery.com\/es\/wp-json\/wp\/v2\/media?parent=44934"}],"wp:term":[{"taxonomy":"product_brand","embeddable":true,"href":"https:\/\/smartyplantsnursery.com\/es\/wp-json\/wp\/v2\/product_brand?post=44934"},{"taxonomy":"product_cat","embeddable":true,"href":"https:\/\/smartyplantsnursery.com\/es\/wp-json\/wp\/v2\/product_cat?post=44934"},{"taxonomy":"product_tag","embeddable":true,"href":"https:\/\/smartyplantsnursery.com\/es\/wp-json\/wp\/v2\/product_tag?post=44934"}],"curies":[{"name":"wp","href":"https:\/\/api.w.org\/{rel}","templated":true}]}}