{"id":44980,"date":"2023-07-03T04:40:57","date_gmt":"2023-07-03T04:40:57","guid":{"rendered":"https:\/\/smartyplantsnursery.com\/product\/palmera-alejandro-archontophoenix-alexandrae\/"},"modified":"2026-03-25T22:25:53","modified_gmt":"2026-03-25T22:25:53","slug":"palmera-alejandro-archontophoenix-alexandrae","status":"publish","type":"product","link":"https:\/\/smartyplantsnursery.com\/es\/product\/palmera-alejandro-archontophoenix-alexandrae\/","title":{"rendered":"Palmera Alejandro &#8211; archontophoenix alexandrae"},"content":{"rendered":"<div class=\"table_content_product\">\n<p class=\"\"><b class=\"\">Usos generales en el paisaje:<\/b> Plantaci\u00f3n en avenidas y calles, \u00e1rbol ornamental, jardines tropicales, plantaci\u00f3n junto a piscinas, jardines de lluvia y zonas ribere\u00f1as<\/p>\n<p class=\"\"><b class=\"\">Notas sobre restauraci\u00f3n ecol\u00f3gica:<\/b> Control de la erosi\u00f3n, secuestro de carbono<\/p>\n<p class=\"\"><b class=\"\">Descripci\u00f3n:<\/b> Elegante palmera.<\/p>\n<p class=\"\"><b class=\"\">Dimensiones:<\/b> Altura 13,7 m; Extensi\u00f3n 2,7 m.<\/p>\n<p class=\"\"><b class=\"\">Tasa de crecimiento:<\/b> r\u00e1pida<\/p>\n<p class=\"\"><b class=\"\">Distribuci\u00f3n nativa:<\/b> Australia<\/p>\n<p class=\"\"><b class=\"\">H\u00e1bitats nativos:<\/b> Selvas tropicales y subtropicales, zonas ribere\u00f1as y humedales, selvas costeras y selvas monz\u00f3nicas<\/p>\n<p class=\"\"><b class=\"\">Suelos:<\/b> Con buen drenaje, ricos, arcillosos<\/p>\n<p class=\"\"><b class=\"\">Requisitos nutricionales:<\/b> moderados<\/p>\n<p class=\"\"><b class=\"\">Tolerancia al agua salada:<\/b> De baja a moderada<\/p>\n<p class=\"\"><b class=\"\">Tolerancia al viento salado:<\/b> De baja a moderada<\/p>\n<p class=\"\"><b class=\"\">Tolerancia a la sequ\u00eda:<\/b> moderada<\/p>\n<p class=\"\"><b class=\"\">Requisitos de luz:<\/b> pleno sol \/ sol parcial<\/p>\n<p class=\"\"><b class=\"\">Color de la flor:<\/b> Blanco cremoso a amarillo p\u00e1lido<\/p>\n<p class=\"\"><b class=\"\">Caracter\u00edsticas de la flor:<\/b> Racimos grandes y ramificados<\/p>\n<p class=\"\"><b class=\"\">Temporada de floraci\u00f3n:<\/b> Primavera y verano<\/p>\n<p class=\"\"><b class=\"\">Fruto:<\/b> Rojo (drupas)<\/p>\n<p class=\"\"><b class=\"\">Vida silvestre y ecolog\u00eda:<\/b> El fruto atrae a aves, murci\u00e9lagos y otra fauna silvestre<\/p>\n<p class=\"\"><b class=\"\">Notas de horticultura:<\/b> Cultivada a partir de semillas<\/p>\n<p class=\"\"><b class=\"\">Comentarios:<\/b><\/p>\n<\/div>\n<div class=\"table_content_product\"><\/div>\n","protected":false},"excerpt":{"rendered":"<p><img decoding=\"async\" class=\"alignnone size-medium wp-image-31863\" src=\"https:\/\/smartyplantsnursery.com\/wp-content\/uploads\/2023\/04\/Screen-Shot-2023-04-22-at-11.28.02-PM-300x134.png\" alt=\"\" width=\"300\" height=\"134\"><\/p>\n<div class=\"container\">\n<div class=\"table-container\">\n<table>\n<thead>\n<tr>\n<th>Tama\u00f1o de la maceta<\/th>\n<th>Altura media plantada (desde la tierra hasta la parte superior de la planta)<\/th>\n<\/tr>\n<\/thead>\n<tbody>\n<tr>\n<td>1 gal\u00f3n\/6&#8243;<\/td>\n<td><\/td>\n<\/tr>\n<tr>\n<td>3 galones\/10&#8243;<\/td>\n<td>0,9 &#8211; 1,2 m<\/td>\n<\/tr>\n<tr>\n<td>7 galones\/14&#8243;<\/td>\n<td>4 &#8211; 5 pies<\/td>\n<\/tr>\n<tr>\n<td>15 galones\/17&#8243;<\/td>\n<td>1,5 &#8211; 2 m<\/td>\n<\/tr>\n<tr>\n<td>25 galones\/21&#8243;<\/td>\n<td>2 &#8211; 3 m<\/td>\n<\/tr>\n<tr>\n<td>45 galones\/28&#8243;<\/td>\n<td>10 &#8211; 12 pies<\/td>\n<\/tr>\n<\/tbody>\n<\/table>\n<\/div>\n<\/div>\n","protected":false},"featured_media":44268,"comment_status":"open","ping_status":"closed","template":"","meta":[],"product_brand":[],"product_cat":[344,311,312,310,302,369,368,309,361,360,370,314,335,323,372,322,330,303,307],"product_tag":[319,318,328],"class_list":{"0":"post-44980","1":"product","2":"type-product","3":"status-publish","4":"has-post-thumbnail","6":"product_cat-arbol","7":"product_cat-baja","8":"product_cat-baja-es","9":"product_cat-bien-drenado","10":"product_cat-exotica","11":"product_cat-franco","12":"product_cat-grande","13":"product_cat-moderada","14":"product_cat-moderada-es-4","15":"product_cat-moderada-es-3","16":"product_cat-palma","17":"product_cat-planta-de-especimen","18":"product_cat-pleno-sol","19":"product_cat-primavera","20":"product_cat-racimo","21":"product_cat-rapido","22":"product_cat-semilla","23":"product_cat-sol-parcial","24":"product_cat-verano","25":"product_tag-amarillo","26":"product_tag-blanco","27":"product_tag-crema","28":"pa_pot-size-15-galones-17","29":"pa_pot-size-25-galones-21","30":"pa_pot-size-3-galones-10","31":"pa_pot-size-45-galones-28","32":"pa_pot-size-7-galones-14","35":"first","36":"instock","37":"taxable","38":"shipping-taxable","39":"purchasable","40":"product-type-variable"},"aioseo_notices":[],"_links":{"self":[{"href":"https:\/\/smartyplantsnursery.com\/es\/wp-json\/wp\/v2\/product\/44980","targetHints":{"allow":["GET"]}}],"collection":[{"href":"https:\/\/smartyplantsnursery.com\/es\/wp-json\/wp\/v2\/product"}],"about":[{"href":"https:\/\/smartyplantsnursery.com\/es\/wp-json\/wp\/v2\/types\/product"}],"replies":[{"embeddable":true,"href":"https:\/\/smartyplantsnursery.com\/es\/wp-json\/wp\/v2\/comments?post=44980"}],"wp:featuredmedia":[{"embeddable":true,"href":"https:\/\/smartyplantsnursery.com\/es\/wp-json\/wp\/v2\/media\/44268"}],"wp:attachment":[{"href":"https:\/\/smartyplantsnursery.com\/es\/wp-json\/wp\/v2\/media?parent=44980"}],"wp:term":[{"taxonomy":"product_brand","embeddable":true,"href":"https:\/\/smartyplantsnursery.com\/es\/wp-json\/wp\/v2\/product_brand?post=44980"},{"taxonomy":"product_cat","embeddable":true,"href":"https:\/\/smartyplantsnursery.com\/es\/wp-json\/wp\/v2\/product_cat?post=44980"},{"taxonomy":"product_tag","embeddable":true,"href":"https:\/\/smartyplantsnursery.com\/es\/wp-json\/wp\/v2\/product_tag?post=44980"}],"curies":[{"name":"wp","href":"https:\/\/api.w.org\/{rel}","templated":true}]}}