{"id":44990,"date":"2023-07-02T22:52:42","date_gmt":"2023-07-02T22:52:42","guid":{"rendered":"https:\/\/smartyplantsnursery.com\/product\/arbol-de-jacaranda-jacaranda-mimosifoila\/"},"modified":"2026-03-07T14:05:15","modified_gmt":"2026-03-07T14:05:15","slug":"arbol-de-jacaranda-jacaranda-mimosifoila","status":"publish","type":"product","link":"https:\/\/smartyplantsnursery.com\/es\/product\/arbol-de-jacaranda-jacaranda-mimosifoila\/","title":{"rendered":"\u00c1rbol de jacarand\u00e1 &#8211; jacaranda mimosifoila"},"content":{"rendered":"<p class=\"\"><b class=\"\">Usos generales en el paisaje:<\/b> \u00c1rbol de calle, elemento de parque y jard\u00edn, \u00e1rbol de patio o jard\u00edn trasero grande<\/p>\n<p class=\"\"><b class=\"\">Notas de restauraci\u00f3n ecol\u00f3gica:<\/b> Apto para polinizadores, estabilizaci\u00f3n del suelo, secuestro de carbono<\/p>\n<p class=\"\"><b class=\"\">Descripci\u00f3n:<\/b> \u00c1rbol semi-perenne a caducifolio.<\/p>\n<p class=\"\"><b class=\"\">Dimensiones:<\/b> Altura 25 &#8211; 50 pies; Extensi\u00f3n 15 &#8211; 30 pies.<\/p>\n<p class=\"\"><b class=\"\">Tasa de crecimiento:<\/b> De moderada a r\u00e1pida<\/p>\n<p class=\"\"><b class=\"\">Distribuci\u00f3n nativa:<\/b> Sudam\u00e9rica<\/p>\n<p class=\"\"><b class=\"\">H\u00e1bitats nativos:<\/b> Bosques tropicales y subtropicales<\/p>\n<p class=\"\"><b class=\"\">Suelos:<\/b> Arenoso, bien drenado, neutro, \u00e1cido, pH 6 &#8211; 7.5<\/p>\n<p class=\"\"><b class=\"\">Requisitos nutricionales:<\/b> moderados<\/p>\n<p class=\"\"><b class=\"\">Tolerancia al agua salada:<\/b> baja<\/p>\n<p class=\"\"><b class=\"\">Tolerancia al viento salado:<\/b> baja<\/p>\n<p class=\"\"><b class=\"\">Tolerancia a la sequ\u00eda:<\/b> moderada<\/p>\n<p class=\"\"><b class=\"\">Requisitos de luz:<\/b> Pleno sol<\/p>\n<p class=\"\"><b class=\"\">Color de la flor:<\/b> P\u00farpura, azul<\/p>\n<p class=\"\"><b class=\"\">Caracter\u00edsticas de la flor:<\/b> Tubular, en forma de campana<\/p>\n<p class=\"\"><b class=\"\">Temporada de floraci\u00f3n:<\/b> Primavera, verano<\/p>\n<p class=\"\"><b class=\"\">Fruto:<\/b> C\u00e1psula le\u00f1osa, aplanada, en forma de disco<\/p>\n<p class=\"\"><b class=\"\">Vida silvestre y ecolog\u00eda:<\/b> Las flores atraen a abejas, mariposas y colibr\u00edes.<\/p>\n<p class=\"\"><b class=\"\">Notas de horticultura:<\/b> Se propaga por semilla, esquejes<\/p>\n<p class=\"\"><b class=\"\">Comentarios:<\/b><\/p>\n","protected":false},"excerpt":{"rendered":"<p><img decoding=\"async\" class=\"alignnone size-medium wp-image-31863\" src=\"https:\/\/smartyplantsnursery.com\/wp-content\/uploads\/2023\/04\/Screen-Shot-2023-04-22-at-11.28.02-PM-300x134.png\" alt=\"\" width=\"300\" height=\"134\"><\/p>\n<div class=\"container\">\n<div class=\"table-container\">\n<table>\n<thead>\n<tr>\n<th>Tama\u00f1o de la maceta<\/th>\n<th>Altura media plantada (desde la tierra hasta la parte superior de la planta)<\/th>\n<th>Calibre<\/th>\n<\/tr>\n<\/thead>\n<tbody>\n<tr>\n<td>3 galones\/10&#8243;<\/td>\n<td>0,6 &#8211; 1,2 m<\/td>\n<td><\/td>\n<\/tr>\n<tr>\n<td>7 galones\/14&#8243;<\/td>\n<td>1,2 &#8211; 1,8 m<\/td>\n<td><\/td>\n<\/tr>\n<tr>\n<td>15 galones\/17&#8243;<\/td>\n<td>6 &#8211; 8 pies<\/td>\n<td><\/td>\n<\/tr>\n<tr>\n<td>25 galones\/21&#8243;<\/td>\n<td>8 &#8211; 10 pies<\/td>\n<td><\/td>\n<\/tr>\n<tr>\n<td>45 galones\/28&#8243;<\/td>\n<td>3 &#8211; 4,2 m<\/td>\n<td>5 &#8211; 7,6 cm<\/td>\n<\/tr>\n<\/tbody>\n<\/table>\n<\/div>\n<\/div>\n","protected":false},"featured_media":44154,"comment_status":"open","ping_status":"closed","template":"","meta":[],"product_brand":[],"product_cat":[343,344,359,311,312,310,315,302,309,313,326,345,335,323,322,330,333,307],"product_tag":[385,338],"class_list":{"0":"post-44990","1":"product","2":"type-product","3":"status-publish","4":"has-post-thumbnail","6":"product_cat-acido","7":"product_cat-arbol","8":"product_cat-arena","9":"product_cat-baja","10":"product_cat-baja-es","11":"product_cat-bien-drenado","12":"product_cat-esquejes","13":"product_cat-exotica","14":"product_cat-moderada","15":"product_cat-moderada-es","16":"product_cat-moderada-es-2","17":"product_cat-neutro","18":"product_cat-pleno-sol","19":"product_cat-primavera","20":"product_cat-rapido","21":"product_cat-semilla","22":"product_cat-tubular-es","23":"product_cat-verano","24":"product_tag-azul","25":"product_tag-morado","26":"pa_pot-size-15-galones-17","27":"pa_pot-size-25-galones-21","28":"pa_pot-size-3-galones-10","29":"pa_pot-size-45-galones-28","30":"pa_pot-size-7-galones-14","33":"first","34":"instock","35":"taxable","36":"shipping-taxable","37":"purchasable","38":"product-type-variable"},"aioseo_notices":[],"_links":{"self":[{"href":"https:\/\/smartyplantsnursery.com\/es\/wp-json\/wp\/v2\/product\/44990","targetHints":{"allow":["GET"]}}],"collection":[{"href":"https:\/\/smartyplantsnursery.com\/es\/wp-json\/wp\/v2\/product"}],"about":[{"href":"https:\/\/smartyplantsnursery.com\/es\/wp-json\/wp\/v2\/types\/product"}],"replies":[{"embeddable":true,"href":"https:\/\/smartyplantsnursery.com\/es\/wp-json\/wp\/v2\/comments?post=44990"}],"wp:featuredmedia":[{"embeddable":true,"href":"https:\/\/smartyplantsnursery.com\/es\/wp-json\/wp\/v2\/media\/44154"}],"wp:attachment":[{"href":"https:\/\/smartyplantsnursery.com\/es\/wp-json\/wp\/v2\/media?parent=44990"}],"wp:term":[{"taxonomy":"product_brand","embeddable":true,"href":"https:\/\/smartyplantsnursery.com\/es\/wp-json\/wp\/v2\/product_brand?post=44990"},{"taxonomy":"product_cat","embeddable":true,"href":"https:\/\/smartyplantsnursery.com\/es\/wp-json\/wp\/v2\/product_cat?post=44990"},{"taxonomy":"product_tag","embeddable":true,"href":"https:\/\/smartyplantsnursery.com\/es\/wp-json\/wp\/v2\/product_tag?post=44990"}],"curies":[{"name":"wp","href":"https:\/\/api.w.org\/{rel}","templated":true}]}}