{"id":45027,"date":"2023-06-20T00:10:53","date_gmt":"2023-06-20T00:10:53","guid":{"rendered":"https:\/\/smartyplantsnursery.com\/product\/sanchezia-speciosa-sanchezia-speciosa\/"},"modified":"2026-02-05T14:12:15","modified_gmt":"2026-02-05T14:12:15","slug":"sanchezia-speciosa-sanchezia-speciosa","status":"publish","type":"product","link":"https:\/\/smartyplantsnursery.com\/es\/product\/sanchezia-speciosa-sanchezia-speciosa\/","title":{"rendered":"Sanchezia speciosa &#8211; sanchezia speciosa"},"content":{"rendered":"<div class=\"bloom-right\">\n<div>\n<p class=\"\"><b class=\"\">Usos generales en el paisajismo: <\/b>Planta de acento, seto, jard\u00edn de polinizadores, jardiner\u00eda en macetas, arriates tropicales mixtos<\/p>\n<p class=\"\"><b class=\"\">Notas sobre la restauraci\u00f3n ecol\u00f3gica:<\/b> No recomendado<\/p>\n<p class=\"\"><b class=\"\">Descripci\u00f3n: <\/b>Un llamativo arbusto tropical apreciado por su audaz follaje y sus brillantes flores tubulares.<\/p>\n<p class=\"\"><b class=\"\">Dimensiones: <\/b>Altura 3 &#8211; 6 pies; Extensi\u00f3n 2 &#8211; 4 pies<\/p>\n<p class=\"\"><b class=\"\">Tasa de crecimiento:<\/b> r\u00e1pida<\/p>\n<p class=\"\"><b class=\"\">Distribuci\u00f3n nativa: <\/b>Colombia, Ecuador y Per\u00fa<\/p>\n<p class=\"\"><b class=\"\">H\u00e1bitats nativos: <\/b>Selvas tropicales de tierras bajas y bordes de bosques h\u00famedos<\/p>\n<p class=\"\"><b class=\"\">Suelos:<\/b> Rico, con buen drenaje<\/p>\n<p class=\"\"><b class=\"\">Requisitos nutricionales:<\/b> De moderados a altos<\/p>\n<p class=\"\"><b class=\"\">Tolerancia al agua salada:<\/b> baja<\/p>\n<p class=\"\"><b class=\"\">Tolerancia al viento salado:<\/b> baja<\/p>\n<p class=\"\"><b class=\"\">Tolerancia a la sequ\u00eda:<\/b> baja<\/p>\n<p class=\"\"><b class=\"\">Requisitos de luz:<\/b> sol parcial<\/p>\n<p class=\"\"><b class=\"\">Color de la flor: <\/b>amarillo<\/p>\n<p class=\"\"><b class=\"\">Caracter\u00edsticas de la flor: <\/b>tubular<\/p>\n<p class=\"\"><b class=\"\">Temporada de floraci\u00f3n: <\/b>Verano a oto\u00f1o<\/p>\n<p class=\"\"><b class=\"\">Fruto: <\/b>C\u00e1psulas peque\u00f1as y secas, de color verde a marr\u00f3n cuando maduran<\/p>\n<p class=\"\"><b class=\"\">Vida silvestre y ecolog\u00eda: <\/b>Apoyo a los polinizadores, creaci\u00f3n de microh\u00e1bitats<\/p>\n<p class=\"\"><b class=\"\">Notas de horticultura: <\/b>Se propaga por esquejes<\/p>\n<p class=\"\"><b class=\"\">Comentarios:<\/b><\/p>\n<\/div>\n<div class=\"plant-info-line\"><\/div>\n<\/div>\n<div class=\"bloom-cont\">\n<p>&nbsp;<\/p>\n<p>&nbsp;<\/p>\n<\/div>\n","protected":false},"excerpt":{"rendered":"<p><img decoding=\"async\" class=\"alignnone size-medium wp-image-31863\" src=\"https:\/\/smartyplantsnursery.com\/wp-content\/uploads\/2023\/04\/Screen-Shot-2023-04-22-at-11.28.02-PM-300x134.png\" alt=\"\" width=\"300\" height=\"134\"><\/p>\n<div class=\"container\">\n<div class=\"table-container\">\n<table>\n<thead>\n<tr>\n<th>Tama\u00f1o de la maceta<\/th>\n<th>Altura media plantada (desde la tierra hasta la parte superior de la planta)<\/th>\n<\/tr>\n<\/thead>\n<tbody>\n<tr>\n<td>3 galones\/10&#8243;<\/td>\n<td>1 &#8211; 2 pies<\/td>\n<\/tr>\n<\/tbody>\n<\/table>\n<\/div>\n<\/div>\n","protected":false},"featured_media":48342,"comment_status":"open","ping_status":"closed","template":"","meta":[],"product_brand":[],"product_cat":[348,304,311,312,329,310,317,315,302,309,308,334,358,322,332,303,349,333,307],"product_tag":[319],"class_list":{"0":"post-45027","1":"product","2":"type-product","3":"status-publish","4":"has-post-thumbnail","6":"product_cat-alta-es","7":"product_cat-arbusto","8":"product_cat-baja","9":"product_cat-baja-es","10":"product_cat-baja-es-2","11":"product_cat-bien-drenado","12":"product_cat-contenedor","13":"product_cat-esquejes","14":"product_cat-exotica","15":"product_cat-moderada","16":"product_cat-otono","17":"product_cat-planta-de-acento","18":"product_cat-plantas-para-mariposas-plantas-para-polinizadores","19":"product_cat-rapido","20":"product_cat-seto","21":"product_cat-sol-parcial","22":"product_cat-sombra","23":"product_cat-tubular-es","24":"product_cat-verano","25":"product_tag-amarillo","26":"pa_pot-size-3-galones-10","29":"first","30":"instock","31":"taxable","32":"shipping-taxable","33":"purchasable","34":"product-type-variable"},"aioseo_notices":[],"_links":{"self":[{"href":"https:\/\/smartyplantsnursery.com\/es\/wp-json\/wp\/v2\/product\/45027","targetHints":{"allow":["GET"]}}],"collection":[{"href":"https:\/\/smartyplantsnursery.com\/es\/wp-json\/wp\/v2\/product"}],"about":[{"href":"https:\/\/smartyplantsnursery.com\/es\/wp-json\/wp\/v2\/types\/product"}],"replies":[{"embeddable":true,"href":"https:\/\/smartyplantsnursery.com\/es\/wp-json\/wp\/v2\/comments?post=45027"}],"wp:featuredmedia":[{"embeddable":true,"href":"https:\/\/smartyplantsnursery.com\/es\/wp-json\/wp\/v2\/media\/48342"}],"wp:attachment":[{"href":"https:\/\/smartyplantsnursery.com\/es\/wp-json\/wp\/v2\/media?parent=45027"}],"wp:term":[{"taxonomy":"product_brand","embeddable":true,"href":"https:\/\/smartyplantsnursery.com\/es\/wp-json\/wp\/v2\/product_brand?post=45027"},{"taxonomy":"product_cat","embeddable":true,"href":"https:\/\/smartyplantsnursery.com\/es\/wp-json\/wp\/v2\/product_cat?post=45027"},{"taxonomy":"product_tag","embeddable":true,"href":"https:\/\/smartyplantsnursery.com\/es\/wp-json\/wp\/v2\/product_tag?post=45027"}],"curies":[{"name":"wp","href":"https:\/\/api.w.org\/{rel}","templated":true}]}}