{"id":45047,"date":"2023-06-18T21:29:21","date_gmt":"2023-06-18T21:29:21","guid":{"rendered":"https:\/\/smartyplantsnursery.com\/product\/arbol-de-jupiter-arbol-lagerstroemia-indica\/"},"modified":"2026-04-03T17:29:06","modified_gmt":"2026-04-03T17:29:06","slug":"arbol-de-jupiter-arbol-lagerstroemia-indica","status":"publish","type":"product","link":"https:\/\/smartyplantsnursery.com\/es\/product\/arbol-de-jupiter-arbol-lagerstroemia-indica\/","title":{"rendered":"\u00c1rbol de J\u00fapiter (\u00e1rbol) &#8211; lagerstroemia indica"},"content":{"rendered":"<div>\n<p class=\"\"><b class=\"\">Usos generales en el paisaje:<\/b> \u00c1rbol de calle, seto o pantalla de privacidad, \u00e1rbol ornamental, xerojardiner\u00eda<\/p>\n<p class=\"\"><b class=\"\">Notas sobre la restauraci\u00f3n ecol\u00f3gica:<\/b> Apoyo a polinizadores, estabilizaci\u00f3n del suelo, tolerancia a la sequ\u00eda<\/p>\n<p class=\"\"><b class=\"\">Descripci\u00f3n:<\/b> Un \u00e1rbol o arbusto de hoja caduca y floraci\u00f3n conocido por sus vibrantes flores de verano, su atractiva corteza que se desprende y su colorido follaje oto\u00f1al.<\/p>\n<p class=\"\"><b class=\"\">Dimensiones:<\/b> Altura 25 pies; Extensi\u00f3n 20 pies.<\/p>\n<p class=\"\"><b class=\"\">Tasa de crecimiento:<\/b> De moderada a r\u00e1pida<\/p>\n<p class=\"\"><b class=\"\">Distribuci\u00f3n nativa:<\/b> China, Indochina, Himalaya, Jap\u00f3n<\/p>\n<p class=\"\"><b class=\"\">H\u00e1bitats nativos:<\/b> Bosques abiertos y bordes de bosques, zonas ribere\u00f1as, pastizales y matorrales, laderas rocosas y bien drenadas<\/p>\n<p class=\"\"><b class=\"\">Suelos:<\/b> Suelo bien drenado, franco o arenoso, ligeramente \u00e1cido a neutro (pH 5.5 &#8211; 7.5)<\/p>\n<p class=\"\"><b class=\"\">Requisitos nutricionales:<\/b> moderados<\/p>\n<p class=\"\"><b class=\"\">Tolerancia al agua salada:<\/b> De baja a moderada<\/p>\n<p class=\"\"><b class=\"\">Tolerancia al viento salado:<\/b> baja<\/p>\n<p class=\"\"><b class=\"\">Tolerancia a la sequ\u00eda:<\/b> moderada<\/p>\n<p class=\"\"><b class=\"\">Requisitos de luz:<\/b> Pleno sol<\/p>\n<p class=\"\"><b class=\"\">Color de la flor:<\/b> Rosa a rojo<\/p>\n<p class=\"\"><b class=\"\">Caracter\u00edsticas de la flor:<\/b> llamativa<\/p>\n<p class=\"\"><b class=\"\">Temporada de floraci\u00f3n:<\/b> De mediados de verano a principios de oto\u00f1o<\/p>\n<p class=\"\"><b class=\"\">Fruto:<\/b> C\u00e1psula seca y le\u00f1osa que es verde cuando es inmadura, y se vuelve marr\u00f3n o negra cuando madura<\/p>\n<p class=\"\"><b class=\"\">Vida silvestre y ecolog\u00eda:<\/b> Apoyo a polinizadores, control de la erosi\u00f3n, h\u00e1bitat de vida silvestre<\/p>\n<p class=\"\"><b class=\"\">Notas de horticultura:<\/b> Se propaga por esquejes, semillas o injertos<\/p>\n<p class=\"\"><b class=\"\">Comentarios:<\/b><\/p>\n<\/div>\n<div id=\"MainContentPlaceHolder_BloomTimeRow\" class=\"row\"><\/div>\n","protected":false},"excerpt":{"rendered":"<p><img fetchpriority=\"high\" decoding=\"async\" class=\"alignnone size-medium wp-image-54744\" src=\"https:\/\/smartyplantsnursery.com\/wp-content\/uploads\/2023\/04\/Screenshot-2026-03-03-at-2.22.47-PM-300x185.webp\" alt=\"\" width=\"300\" height=\"185\"><\/p>\n<div class=\"container\">\n<div class=\"table-container\">\n<table>\n<thead>\n<tr>\n<th>Tama\u00f1o de la maceta<\/th>\n<th>Altura media plantada (desde la tierra hasta la parte superior de la planta)<\/th>\n<th>Calibre<\/th>\n<\/tr>\n<\/thead>\n<tbody>\n<tr>\n<td>15 galones\/17&#8243;<\/td>\n<td>6 &#8211; 8 pies<\/td>\n<td><\/td>\n<\/tr>\n<tr>\n<td>25 galones\/21&#8243;<\/td>\n<td>8 &#8211; 10 pies<\/td>\n<td><\/td>\n<\/tr>\n<tr>\n<td>45 galones\/28&#8243;<\/td>\n<td>3 &#8211; 3,6 m<\/td>\n<td>5 &#8211; 7,5 cm<\/td>\n<\/tr>\n<tr>\n<td>100 galones\/36&#8243;<\/td>\n<td>4,2 &#8211; 4,8 m<\/td>\n<td>7,5 &#8211; 9 cm<\/td>\n<\/tr>\n<\/tbody>\n<\/table>\n<\/div>\n<\/div>\n","protected":false},"featured_media":43701,"comment_status":"open","ping_status":"closed","template":"","meta":[],"product_brand":[],"product_cat":[343,344,359,311,312,310,315,302,369,379,324,326,313,309,360,345,308,314,335,322,330,307,342],"product_tag":[350],"class_list":{"0":"post-45047","1":"product","2":"type-product","3":"status-publish","4":"has-post-thumbnail","6":"product_cat-acido","7":"product_cat-arbol","8":"product_cat-arena","9":"product_cat-baja","10":"product_cat-baja-es","11":"product_cat-bien-drenado","12":"product_cat-esquejes","13":"product_cat-exotica","14":"product_cat-franco","15":"product_cat-injerto","16":"product_cat-llamativo","17":"product_cat-moderada-es-2","18":"product_cat-moderada-es","19":"product_cat-moderada","20":"product_cat-moderada-es-3","21":"product_cat-neutro","22":"product_cat-otono","23":"product_cat-planta-de-especimen","24":"product_cat-pleno-sol","25":"product_cat-rapido","26":"product_cat-semilla","27":"product_cat-verano","28":"product_cat-xerojardin","29":"product_tag-rojo","30":"pa_pot-size-100-galones-36","31":"pa_pot-size-15-galones-17","32":"pa_pot-size-25-galones-21","33":"pa_pot-size-45-galones-28","36":"first","37":"instock","38":"taxable","39":"shipping-taxable","40":"purchasable","41":"product-type-variable"},"aioseo_notices":[],"_links":{"self":[{"href":"https:\/\/smartyplantsnursery.com\/es\/wp-json\/wp\/v2\/product\/45047","targetHints":{"allow":["GET"]}}],"collection":[{"href":"https:\/\/smartyplantsnursery.com\/es\/wp-json\/wp\/v2\/product"}],"about":[{"href":"https:\/\/smartyplantsnursery.com\/es\/wp-json\/wp\/v2\/types\/product"}],"replies":[{"embeddable":true,"href":"https:\/\/smartyplantsnursery.com\/es\/wp-json\/wp\/v2\/comments?post=45047"}],"wp:featuredmedia":[{"embeddable":true,"href":"https:\/\/smartyplantsnursery.com\/es\/wp-json\/wp\/v2\/media\/43701"}],"wp:attachment":[{"href":"https:\/\/smartyplantsnursery.com\/es\/wp-json\/wp\/v2\/media?parent=45047"}],"wp:term":[{"taxonomy":"product_brand","embeddable":true,"href":"https:\/\/smartyplantsnursery.com\/es\/wp-json\/wp\/v2\/product_brand?post=45047"},{"taxonomy":"product_cat","embeddable":true,"href":"https:\/\/smartyplantsnursery.com\/es\/wp-json\/wp\/v2\/product_cat?post=45047"},{"taxonomy":"product_tag","embeddable":true,"href":"https:\/\/smartyplantsnursery.com\/es\/wp-json\/wp\/v2\/product_tag?post=45047"}],"curies":[{"name":"wp","href":"https:\/\/api.w.org\/{rel}","templated":true}]}}