{"id":45054,"date":"2023-05-16T00:45:35","date_gmt":"2023-05-16T00:45:35","guid":{"rendered":"https:\/\/smartyplantsnursery.com\/product\/espino-indio-rhaphiolepis-indica\/"},"modified":"2025-12-30T17:20:05","modified_gmt":"2025-12-30T17:20:05","slug":"espino-indio-rhaphiolepis-indica","status":"publish","type":"product","link":"https:\/\/smartyplantsnursery.com\/es\/product\/espino-indio-rhaphiolepis-indica\/","title":{"rendered":"Espino indio &#8211; rhaphiolepis indica"},"content":{"rendered":"<p class=\"\"><b class=\"\">Usos generales en el paisaje:<\/b> setos, bordes, plantaciones de cimientos y jardiner\u00eda en macetas<\/p>\n<p class=\"\"><b class=\"\">Notas sobre la restauraci\u00f3n ecol\u00f3gica:<\/b> estabilizaci\u00f3n del suelo, restauraci\u00f3n costera, apoyo a la biodiversidad, adaptaci\u00f3n a la sequ\u00eda y al clima<\/p>\n<p class=\"\"><b class=\"\">Descripci\u00f3n:<\/b> Arbusto de hoja perenne.<\/p>\n<p class=\"\"><b class=\"\">Dimensiones:<\/b> Altura 3 &#8211; 4 pies; Extensi\u00f3n 3 &#8211; 4 pies.<\/p>\n<p class=\"\"><b class=\"\">Tasa de crecimiento:<\/b> Lento a moderado<\/p>\n<p class=\"\"><b class=\"\">Distribuci\u00f3n nativa:<\/b> China<\/p>\n<p class=\"\"><b class=\"\">H\u00e1bitats nativos:<\/b> Bosques subtropicales y templados c\u00e1lidos, laderas y pendientes rocosas, zonas costeras<\/p>\n<p class=\"\"><b class=\"\">Suelos:<\/b> Bien drenados<\/p>\n<p class=\"\"><b class=\"\">Requisitos nutricionales:<\/b> moderados<\/p>\n<p class=\"\"><b class=\"\">Tolerancia al agua salada:<\/b> Moderada a alta<\/p>\n<p class=\"\"><b class=\"\">Tolerancia al viento salado:<\/b> alta<\/p>\n<p class=\"\"><b class=\"\">Tolerancia a la sequ\u00eda:<\/b> alta<\/p>\n<p class=\"\"><b class=\"\">Requisitos de luz:<\/b> Pleno sol a sol parcial<\/p>\n<p class=\"\"><b class=\"\">Color de la flor:<\/b> Blanco<\/p>\n<p class=\"\"><b class=\"\">Caracter\u00edsticas de la flor:<\/b> fragante<\/p>\n<p class=\"\"><b class=\"\">Temporada de floraci\u00f3n:<\/b> Primavera<\/p>\n<p class=\"\"><b class=\"\">Fruto:<\/b> Bayas peque\u00f1as de color azul\/negro<\/p>\n<p class=\"\"><b class=\"\">Vida silvestre y ecolog\u00eda:<\/b> Atrae a los polinizadores y las bayas proporcionan alimento para las aves y los peque\u00f1os mam\u00edferos<\/p>\n<p class=\"\"><b class=\"\">Notas de horticultura:<\/b> Se propaga por semilla, esquejes y acodo<\/p>\n<p class=\"\"><b class=\"\">Comentarios:<\/b><\/p>\n<p>&nbsp;<\/p>\n","protected":false},"excerpt":{"rendered":"<p><img decoding=\"async\" class=\"alignnone size-medium wp-image-31863\" src=\"https:\/\/smartyplantsnursery.com\/wp-content\/uploads\/2023\/04\/Screen-Shot-2023-04-22-at-11.28.02-PM-300x134.png\" alt=\"\" width=\"300\" height=\"134\"><\/p>\n<div class=\"container\">\n<div class=\"table-container\">\n<table>\n<thead>\n<tr>\n<th>Tama\u00f1o de la maceta<\/th>\n<th>Altura media plantada (desde la tierra hasta la parte superior de la planta)<\/th>\n<\/tr>\n<\/thead>\n<tbody>\n<tr>\n<td>1 gal\u00f3n\/6&#8243;<\/td>\n<td>0 &#8211; 15 cm<\/td>\n<\/tr>\n<tr>\n<td>3 galones\/10&#8243;<\/td>\n<td>15 cm &#8211; 30 cm<\/td>\n<\/tr>\n<tr>\n<td>7 galones\/14&#8243;<\/td>\n<td>1 &#8211; 1,5 ft.<\/td>\n<\/tr>\n<\/tbody>\n<\/table>\n<\/div>\n<\/div>\n","protected":false},"featured_media":44113,"comment_status":"open","ping_status":"closed","template":"","meta":[],"product_brand":[],"product_cat":[336,376,340,362,304,310,375,317,315,302,374,306,309,326,360,335,323,330,332,303],"product_tag":[318],"class_list":{"0":"post-45054","1":"product","2":"type-product","3":"status-publish","4":"has-post-thumbnail","6":"product_cat-acodo-aereo","7":"product_cat-alta-es-3","8":"product_cat-alta","9":"product_cat-alta-es-2","10":"product_cat-arbusto","11":"product_cat-bien-drenado","12":"product_cat-borde","13":"product_cat-contenedor","14":"product_cat-esquejes","15":"product_cat-exotica","16":"product_cat-fragante-2","17":"product_cat-lenta","18":"product_cat-moderada","19":"product_cat-moderada-es-2","20":"product_cat-moderada-es-3","21":"product_cat-pleno-sol","22":"product_cat-primavera","23":"product_cat-semilla","24":"product_cat-seto","25":"product_cat-sol-parcial","26":"product_tag-blanco","27":"pa_pot-size-1-galon-6","28":"pa_pot-size-3-galones-10","29":"pa_pot-size-7-galones-14","32":"first","33":"instock","34":"taxable","35":"shipping-taxable","36":"purchasable","37":"product-type-variable"},"aioseo_notices":[],"_links":{"self":[{"href":"https:\/\/smartyplantsnursery.com\/es\/wp-json\/wp\/v2\/product\/45054","targetHints":{"allow":["GET"]}}],"collection":[{"href":"https:\/\/smartyplantsnursery.com\/es\/wp-json\/wp\/v2\/product"}],"about":[{"href":"https:\/\/smartyplantsnursery.com\/es\/wp-json\/wp\/v2\/types\/product"}],"replies":[{"embeddable":true,"href":"https:\/\/smartyplantsnursery.com\/es\/wp-json\/wp\/v2\/comments?post=45054"}],"wp:featuredmedia":[{"embeddable":true,"href":"https:\/\/smartyplantsnursery.com\/es\/wp-json\/wp\/v2\/media\/44113"}],"wp:attachment":[{"href":"https:\/\/smartyplantsnursery.com\/es\/wp-json\/wp\/v2\/media?parent=45054"}],"wp:term":[{"taxonomy":"product_brand","embeddable":true,"href":"https:\/\/smartyplantsnursery.com\/es\/wp-json\/wp\/v2\/product_brand?post=45054"},{"taxonomy":"product_cat","embeddable":true,"href":"https:\/\/smartyplantsnursery.com\/es\/wp-json\/wp\/v2\/product_cat?post=45054"},{"taxonomy":"product_tag","embeddable":true,"href":"https:\/\/smartyplantsnursery.com\/es\/wp-json\/wp\/v2\/product_tag?post=45054"}],"curies":[{"name":"wp","href":"https:\/\/api.w.org\/{rel}","templated":true}]}}