{"id":45116,"date":"2023-04-29T19:06:48","date_gmt":"2023-04-29T19:06:48","guid":{"rendered":"https:\/\/smartyplantsnursery.com\/product\/asclepias-curassavica\/"},"modified":"2026-01-27T19:09:27","modified_gmt":"2026-01-27T19:09:27","slug":"asclepias-curassavica","status":"publish","type":"product","link":"https:\/\/smartyplantsnursery.com\/es\/product\/asclepias-curassavica\/","title":{"rendered":"Asclepias curassavica"},"content":{"rendered":"<p class=\"\"><b class=\"\">Usos generales en el paisaje:<\/b> Jard\u00edn de mariposas y polinizadores, pradera de flores silvestres, plantaci\u00f3n en macetas<\/p>\n<p class=\"\"><b class=\"\">Notas sobre la restauraci\u00f3n ecol\u00f3gica:<\/b> Apoyo a los polinizadores, resistencia a la sequ\u00eda, estabilizaci\u00f3n del suelo y control de la erosi\u00f3n<\/p>\n<p class=\"\"><b class=\"\">Descripci\u00f3n:<\/b> La asclepia muestra un grupo de flores amarillas y rojas durante todo el a\u00f1o que atraen fuertemente a las mariposas. Son el anfitri\u00f3n de las orugas de la mariposa monarca. Es una planta de n\u00e9ctar y hospedadora. Son imprescindibles para cualquier jard\u00edn de mariposas.   <\/p>\n<p class=\"\"><b class=\"\">Dimensiones:<\/b> Altura 0,9 m; Extensi\u00f3n 0,6 &#8211; 0,9 m<\/p>\n<p class=\"\"><b class=\"\">Tasa de crecimiento:<\/b> r\u00e1pida<\/p>\n<p class=\"\"><b class=\"\">Distribuci\u00f3n nativa:<\/b> Centro y Sudam\u00e9rica<\/p>\n<p class=\"\"><b class=\"\">H\u00e1bitats nativos:<\/b> Campos abiertos<\/p>\n<p class=\"\"><b class=\"\">Suelos:<\/b> Bien drenados, arcillosos, arenosos, ligeramente rocosos<\/p>\n<p class=\"\"><b class=\"\">Requisitos nutricionales:<\/b> bajos<\/p>\n<p class=\"\"><b class=\"\">Tolerancia al agua salada:<\/b> De baja a moderada<\/p>\n<p class=\"\"><b class=\"\">Tolerancia al viento salado:<\/b> moderada<\/p>\n<p class=\"\"><b class=\"\">Tolerancia a la sequ\u00eda:<\/b> moderada<\/p>\n<p class=\"\"><b class=\"\">Requisitos de luz:<\/b> pleno sol<\/p>\n<p class=\"\"><b class=\"\">Color de la flor:<\/b> amarillo y rojo<\/p>\n<p class=\"\"><b class=\"\">Caracter\u00edsticas de la flor:<\/b> Peque\u00f1a, en forma de estrella<\/p>\n<p class=\"\"><b class=\"\">Temporada de floraci\u00f3n:<\/b> De primavera a oto\u00f1o<\/p>\n<p class=\"\"><b class=\"\">Fruto:<\/b> Vainas largas y delgadas<\/p>\n<p class=\"\"><b class=\"\">Vida silvestre y ecolog\u00eda:<\/b> Planta hospedadora de la mariposa monarca<\/p>\n<p class=\"\"><b class=\"\">Notas de horticultura:<\/b> Se cultiva a partir de semillas, esquejes<\/p>\n<p class=\"\"><b class=\"\">Comentarios:<\/b><\/p>\n","protected":false},"excerpt":{"rendered":"<p><img decoding=\"async\" class=\"alignnone size-medium wp-image-31863\" src=\"https:\/\/smartyplantsnursery.com\/wp-content\/uploads\/2023\/04\/Screen-Shot-2023-04-22-at-11.28.02-PM-300x134.png\" alt=\"\" width=\"300\" height=\"134\"><\/p>\n<div class=\"container\">\n<div class=\"table-container\">\n<table>\n<thead>\n<tr>\n<th>Tama\u00f1o de la maceta<\/th>\n<th>Altura media plantada (desde la tierra hasta la parte superior de la planta)<\/th>\n<\/tr>\n<\/thead>\n<tbody>\n<tr>\n<td>1 gal\u00f3n\/6&#8243;<\/td>\n<td>0 &#8211; 1 ft.<\/td>\n<\/tr>\n<tr>\n<td>3 galones\/10&#8243;<\/td>\n<td>1 &#8211; 2 pies<\/td>\n<\/tr>\n<\/tbody>\n<\/table>\n<\/div>\n<\/div>\n","protected":false},"featured_media":50062,"comment_status":"open","ping_status":"closed","template":"","meta":[],"product_brand":[],"product_cat":[304,359,357,311,310,317,315,302,369,313,360,361,308,316,358,335,323,322,330,307],"product_tag":[319,350],"class_list":{"0":"post-45116","1":"product","2":"type-product","3":"status-publish","4":"has-post-thumbnail","6":"product_cat-arbusto","7":"product_cat-arena","8":"product_cat-baja-es-3","9":"product_cat-baja","10":"product_cat-bien-drenado","11":"product_cat-contenedor","12":"product_cat-esquejes","13":"product_cat-exotica","14":"product_cat-franco","15":"product_cat-moderada-es","16":"product_cat-moderada-es-3","17":"product_cat-moderada-es-4","18":"product_cat-otono","19":"product_cat-pequena","20":"product_cat-plantas-para-mariposas-plantas-para-polinizadores","21":"product_cat-pleno-sol","22":"product_cat-primavera","23":"product_cat-rapido","24":"product_cat-semilla","25":"product_cat-verano","26":"product_tag-amarillo","27":"product_tag-rojo","28":"pa_pot-size-1-galon-6","29":"pa_pot-size-3-galones-10","30":"pa_pot-size-7-galones-14","33":"first","34":"instock","35":"taxable","36":"shipping-taxable","37":"purchasable","38":"product-type-variable"},"aioseo_notices":[],"_links":{"self":[{"href":"https:\/\/smartyplantsnursery.com\/es\/wp-json\/wp\/v2\/product\/45116","targetHints":{"allow":["GET"]}}],"collection":[{"href":"https:\/\/smartyplantsnursery.com\/es\/wp-json\/wp\/v2\/product"}],"about":[{"href":"https:\/\/smartyplantsnursery.com\/es\/wp-json\/wp\/v2\/types\/product"}],"replies":[{"embeddable":true,"href":"https:\/\/smartyplantsnursery.com\/es\/wp-json\/wp\/v2\/comments?post=45116"}],"wp:featuredmedia":[{"embeddable":true,"href":"https:\/\/smartyplantsnursery.com\/es\/wp-json\/wp\/v2\/media\/50062"}],"wp:attachment":[{"href":"https:\/\/smartyplantsnursery.com\/es\/wp-json\/wp\/v2\/media?parent=45116"}],"wp:term":[{"taxonomy":"product_brand","embeddable":true,"href":"https:\/\/smartyplantsnursery.com\/es\/wp-json\/wp\/v2\/product_brand?post=45116"},{"taxonomy":"product_cat","embeddable":true,"href":"https:\/\/smartyplantsnursery.com\/es\/wp-json\/wp\/v2\/product_cat?post=45116"},{"taxonomy":"product_tag","embeddable":true,"href":"https:\/\/smartyplantsnursery.com\/es\/wp-json\/wp\/v2\/product_tag?post=45116"}],"curies":[{"name":"wp","href":"https:\/\/api.w.org\/{rel}","templated":true}]}}