{"id":45121,"date":"2023-04-29T12:41:00","date_gmt":"2023-04-29T12:41:00","guid":{"rendered":"https:\/\/smartyplantsnursery.com\/product\/helecho-espada-gigante-helecho-macho-nephrolepis-biserrata-macho\/"},"modified":"2025-12-18T19:06:09","modified_gmt":"2025-12-18T19:06:09","slug":"helecho-espada-gigante-helecho-macho-nephrolepis-biserrata-macho","status":"publish","type":"product","link":"https:\/\/smartyplantsnursery.com\/es\/product\/helecho-espada-gigante-helecho-macho-nephrolepis-biserrata-macho\/","title":{"rendered":"Helecho espada gigante, helecho macho &#8211; nephrolepis biserrata \u201cmacho\u201d"},"content":{"rendered":"<p class=\"\"><b class=\"\">Usos generales en el paisaje:<\/b> Cobertura del suelo y plantaciones masivas, planta de sotobosque en jardines boscosos y tropicales, bordes y ribetes, plantaci\u00f3n en contenedores y cestas colgantes<\/p>\n<p class=\"\"><b class=\"\">Notas sobre la restauraci\u00f3n ecol\u00f3gica:<\/b> Control de la erosi\u00f3n y estabilizaci\u00f3n del suelo, reforestaci\u00f3n y regeneraci\u00f3n del sotobosque, restauraci\u00f3n del h\u00e1bitat y apoyo a la vida silvestre, rehabilitaci\u00f3n de humedales y riberas, purificaci\u00f3n del aire<\/p>\n<p class=\"\"><b class=\"\">Descripci\u00f3n:<\/b> El helecho macho es exuberante y frondoso. Utilice esta planta como cobertura del suelo de r\u00e1pido crecimiento para sol o sombra. <\/p>\n<p class=\"\"><b class=\"\">Dimensiones:<\/b> Altura 3 pies.<\/p>\n<p class=\"\"><b class=\"\">Tasa de crecimiento:<\/b> r\u00e1pida<\/p>\n<p class=\"\"><b class=\"\">Distribuci\u00f3n nativa:<\/b> Am\u00e9rica del Norte, Am\u00e9rica Central, Am\u00e9rica del Sur, \u00c1frica, Sudeste Asi\u00e1tico, norte de Australia<\/p>\n<p class=\"\"><b class=\"\">H\u00e1bitats nativos:<\/b> Bosques h\u00famedos, pantanos, a lo largo de las riberas de los r\u00edos<\/p>\n<p class=\"\"><b class=\"\">Suelos:<\/b> Bien drenados, ricos en materia org\u00e1nica, pH ligeramente \u00e1cido a neutro (5,5 &#8211; 7)<\/p>\n<p class=\"\"><b class=\"\">Requisitos nutricionales:<\/b> moderados<\/p>\n<p class=\"\"><b class=\"\">Tolerancia al agua salada:<\/b> De baja a moderada<\/p>\n<p class=\"\"><b class=\"\">Tolerancia al viento salino:<\/b> moderada<\/p>\n<p class=\"\"><b class=\"\">Tolerancia a la sequ\u00eda:<\/b> moderada<\/p>\n<p class=\"\"><b class=\"\">Requisitos de luz:<\/b> Pleno sol a sombra<\/p>\n<p class=\"\"><b class=\"\">Color de la flor:<\/b> n\/a<\/p>\n<p class=\"\"><b class=\"\">Caracter\u00edsticas de la flor:<\/b> n\/a<\/p>\n<p class=\"\"><b class=\"\">Temporada de floraci\u00f3n:<\/b> n\/a<\/p>\n<p class=\"\"><b class=\"\">Fruto:<\/b> n\/a<\/p>\n<p class=\"\"><b class=\"\">Vida silvestre y ecolog\u00eda:<\/b> Proporciona refugio a peque\u00f1os animales, insectos y anfibios<\/p>\n<p class=\"\"><b class=\"\">Notas de horticultura:<\/b> Propagaci\u00f3n por estolones, esporas<\/p>\n<p class=\"\"><b class=\"\">Comentarios:<\/b><\/p>\n<p>&nbsp;<\/p>\n<p>&nbsp;<\/p>\n","protected":false},"excerpt":{"rendered":"<p><img decoding=\"async\" class=\"alignnone size-medium wp-image-31863\" src=\"https:\/\/smartyplantsnursery.com\/wp-content\/uploads\/2023\/04\/Screen-Shot-2023-04-22-at-11.28.02-PM-300x134.png\" alt=\"\" width=\"300\" height=\"134\"><\/p>\n<div class=\"container\">\n<div class=\"table-container\">\n<table>\n<thead>\n<tr>\n<th>Tama\u00f1o de la maceta<\/th>\n<th>Altura media plantada (desde la tierra hasta la parte superior de la planta)<\/th>\n<\/tr>\n<\/thead>\n<tbody>\n<tr>\n<td>1 gal\u00f3n\/6&#8243;<\/td>\n<td>0 &#8211; 1 ft.<\/td>\n<\/tr>\n<tr>\n<td>3 galones\/10&#8243;<\/td>\n<td>1 &#8211; 2 pies<\/td>\n<\/tr>\n<tr>\n<td>7 galones\/14&#8243;<\/td>\n<td>0,6 &#8211; 0,9 m<\/td>\n<\/tr>\n<\/tbody>\n<\/table>\n<\/div>\n<\/div>\n","protected":false},"featured_media":48987,"comment_status":"open","ping_status":"closed","template":"","meta":[],"product_brand":[],"product_cat":[343,311,310,375,321,317,390,302,383,313,309,360,361,345,335,322,303,349,377],"product_tag":[],"class_list":{"0":"post-45121","1":"product","2":"type-product","3":"status-publish","4":"has-post-thumbnail","6":"product_cat-acido","7":"product_cat-baja","8":"product_cat-bien-drenado","9":"product_cat-borde","10":"product_cat-cobertura-del-suelo","11":"product_cat-contenedor","12":"product_cat-espora","13":"product_cat-exotica","14":"product_cat-helecho","15":"product_cat-moderada-es","16":"product_cat-moderada","17":"product_cat-moderada-es-3","18":"product_cat-moderada-es-4","19":"product_cat-neutro","20":"product_cat-pleno-sol","21":"product_cat-rapido","22":"product_cat-sol-parcial","23":"product_cat-sombra","24":"product_cat-sotobosque","25":"pa_pot-size-1-galon-6","26":"pa_pot-size-3-galones-10","27":"pa_pot-size-7-galones-14","30":"first","31":"instock","32":"featured","33":"taxable","34":"shipping-taxable","35":"purchasable","36":"product-type-variable"},"aioseo_notices":[],"_links":{"self":[{"href":"https:\/\/smartyplantsnursery.com\/es\/wp-json\/wp\/v2\/product\/45121","targetHints":{"allow":["GET"]}}],"collection":[{"href":"https:\/\/smartyplantsnursery.com\/es\/wp-json\/wp\/v2\/product"}],"about":[{"href":"https:\/\/smartyplantsnursery.com\/es\/wp-json\/wp\/v2\/types\/product"}],"replies":[{"embeddable":true,"href":"https:\/\/smartyplantsnursery.com\/es\/wp-json\/wp\/v2\/comments?post=45121"}],"wp:featuredmedia":[{"embeddable":true,"href":"https:\/\/smartyplantsnursery.com\/es\/wp-json\/wp\/v2\/media\/48987"}],"wp:attachment":[{"href":"https:\/\/smartyplantsnursery.com\/es\/wp-json\/wp\/v2\/media?parent=45121"}],"wp:term":[{"taxonomy":"product_brand","embeddable":true,"href":"https:\/\/smartyplantsnursery.com\/es\/wp-json\/wp\/v2\/product_brand?post=45121"},{"taxonomy":"product_cat","embeddable":true,"href":"https:\/\/smartyplantsnursery.com\/es\/wp-json\/wp\/v2\/product_cat?post=45121"},{"taxonomy":"product_tag","embeddable":true,"href":"https:\/\/smartyplantsnursery.com\/es\/wp-json\/wp\/v2\/product_tag?post=45121"}],"curies":[{"name":"wp","href":"https:\/\/api.w.org\/{rel}","templated":true}]}}