{"id":45128,"date":"2023-04-30T22:52:26","date_gmt":"2023-04-30T22:52:26","guid":{"rendered":"https:\/\/smartyplantsnursery.com\/product\/planta-monstera-filodendro-de-queso-suizo-monstera-adansonii\/"},"modified":"2026-01-27T19:32:00","modified_gmt":"2026-01-27T19:32:00","slug":"planta-monstera-filodendro-de-queso-suizo-monstera-adansonii","status":"publish","type":"product","link":"https:\/\/smartyplantsnursery.com\/es\/product\/planta-monstera-filodendro-de-queso-suizo-monstera-adansonii\/","title":{"rendered":"Planta Monstera, filodendro de queso suizo &#8211; monstera adansonii"},"content":{"rendered":"<p class=\"\"><b class=\"\">Usos generales en el paisaje:<\/b> Decoraci\u00f3n de interiores, paisajes tropicales, invernaderos<\/p>\n<p class=\"\"><b class=\"\">Notas sobre la restauraci\u00f3n ecol\u00f3gica:<\/b> Restauraci\u00f3n de bosques tropicales, replantaci\u00f3n de sotobosque, recuperaci\u00f3n de claros de dosel, estabilizaci\u00f3n de bordes<\/p>\n<p class=\"\"><b class=\"\">Descripci\u00f3n:<\/b> Esta Monstera tiene una apariencia de hoja \u00fanica y tiene una especie de h\u00e1bito trepador o enredadera. Ideal para mantener en macetas, ya sea en interiores o exteriores, con luz solar brillante pero indirecta. Les encantan los suelos ligeramente h\u00famedos y es mejor plantarlos en una mezcla para macetas con buen drenaje.  <\/p>\n<p class=\"\"><b class=\"\">Dimensiones:<\/b> altura 1,5 m<\/p>\n<p class=\"\"><b class=\"\">Tasa de crecimiento:<\/b> r\u00e1pida<\/p>\n<p class=\"\"><b class=\"\">Distribuci\u00f3n nativa:<\/b> Centro y Sudam\u00e9rica<\/p>\n<p class=\"\"><b class=\"\">H\u00e1bitats nativos:<\/b> Sotobosque de la selva tropical<\/p>\n<p class=\"\"><b class=\"\">Suelos:<\/b> Con buen drenaje<\/p>\n<p class=\"\"><b class=\"\">Requisitos nutricionales:<\/b> moderados<\/p>\n<p class=\"\"><b class=\"\">Tolerancia al agua salada:<\/b> baja<\/p>\n<p class=\"\"><b class=\"\">Tolerancia al viento salado:<\/b> baja<\/p>\n<p class=\"\"><b class=\"\">Tolerancia a la sequ\u00eda:<\/b> moderada<\/p>\n<p class=\"\"><b class=\"\">Requisitos de luz:<\/b> sol parcial a sombra<\/p>\n<p class=\"\"><b class=\"\">Color de la flor:<\/b> Verde p\u00e1lido a blanco cremoso<\/p>\n<p class=\"\"><b class=\"\">Caracter\u00edsticas de la flor:<\/b> Inflorescencia de estilo aroide<\/p>\n<p class=\"\"><b class=\"\">Temporada de floraci\u00f3n:<\/b> Primavera, verano<\/p>\n<p class=\"\"><b class=\"\">Fruto:<\/b> Peque\u00f1o, parecido a una baya<\/p>\n<p class=\"\"><b class=\"\">Vida silvestre y ecolog\u00eda:<\/b> Creaci\u00f3n de h\u00e1bitat<\/p>\n<p class=\"\"><b class=\"\">Notas de horticultura:<\/b> Cultivado a partir de esquejes, acodo a\u00e9reo, divisi\u00f3n<\/p>\n<p class=\"\"><b class=\"\">Comentarios:<\/b> Mantener fuera del alcance de las mascotas, ya que son levemente t\u00f3xicas.<\/p>\n","protected":false},"excerpt":{"rendered":"<p><img decoding=\"async\" class=\"alignnone size-medium wp-image-31863\" src=\"https:\/\/smartyplantsnursery.com\/wp-content\/uploads\/2023\/04\/Screen-Shot-2023-04-22-at-11.28.02-PM-300x134.png\" alt=\"\" width=\"300\" height=\"134\"><\/p>\n<div class=\"container\">\n<div class=\"table-container\">\n<table>\n<thead>\n<tr>\n<th>Tama\u00f1o de la maceta<\/th>\n<th>Altura media plantada (desde la tierra hasta la parte superior de la planta)<\/th>\n<\/tr>\n<\/thead>\n<tbody>\n<tr>\n<td>1 gal\u00f3n\/6&#8243;<\/td>\n<td>0 &#8211; 1 ft.<\/td>\n<\/tr>\n<tr>\n<td>3 galones\/10&#8243;<\/td>\n<td>1 &#8211; 2 pies<\/td>\n<\/tr>\n<tr>\n<td>7 galones\/14&#8243;<\/td>\n<td>0,6 &#8211; 0,9 m<\/td>\n<\/tr>\n<\/tbody>\n<\/table>\n<\/div>\n<\/div>\n","protected":false},"featured_media":44468,"comment_status":"open","ping_status":"closed","template":"","meta":[],"product_brand":[],"product_cat":[336,311,312,310,331,320,315,302,305,309,313,323,322,303,349,307],"product_tag":[318,327],"class_list":{"0":"post-45128","1":"product","2":"type-product","3":"status-publish","4":"has-post-thumbnail","6":"product_cat-acodo-aereo","7":"product_cat-baja","8":"product_cat-baja-es","9":"product_cat-bien-drenado","10":"product_cat-division-es","11":"product_cat-enredadera","12":"product_cat-esquejes","13":"product_cat-exotica","14":"product_cat-interior","15":"product_cat-moderada","16":"product_cat-moderada-es","17":"product_cat-primavera","18":"product_cat-rapido","19":"product_cat-sol-parcial","20":"product_cat-sombra","21":"product_cat-verano","22":"product_tag-blanco","23":"product_tag-verde","24":"pa_pot-size-1-galon-6","25":"pa_pot-size-3-galones-10","26":"pa_pot-size-7-galones-14","29":"first","30":"instock","31":"taxable","32":"shipping-taxable","33":"purchasable","34":"product-type-variable"},"aioseo_notices":[],"_links":{"self":[{"href":"https:\/\/smartyplantsnursery.com\/es\/wp-json\/wp\/v2\/product\/45128","targetHints":{"allow":["GET"]}}],"collection":[{"href":"https:\/\/smartyplantsnursery.com\/es\/wp-json\/wp\/v2\/product"}],"about":[{"href":"https:\/\/smartyplantsnursery.com\/es\/wp-json\/wp\/v2\/types\/product"}],"replies":[{"embeddable":true,"href":"https:\/\/smartyplantsnursery.com\/es\/wp-json\/wp\/v2\/comments?post=45128"}],"wp:featuredmedia":[{"embeddable":true,"href":"https:\/\/smartyplantsnursery.com\/es\/wp-json\/wp\/v2\/media\/44468"}],"wp:attachment":[{"href":"https:\/\/smartyplantsnursery.com\/es\/wp-json\/wp\/v2\/media?parent=45128"}],"wp:term":[{"taxonomy":"product_brand","embeddable":true,"href":"https:\/\/smartyplantsnursery.com\/es\/wp-json\/wp\/v2\/product_brand?post=45128"},{"taxonomy":"product_cat","embeddable":true,"href":"https:\/\/smartyplantsnursery.com\/es\/wp-json\/wp\/v2\/product_cat?post=45128"},{"taxonomy":"product_tag","embeddable":true,"href":"https:\/\/smartyplantsnursery.com\/es\/wp-json\/wp\/v2\/product_tag?post=45128"}],"curies":[{"name":"wp","href":"https:\/\/api.w.org\/{rel}","templated":true}]}}