{"id":45142,"date":"2023-04-26T01:56:46","date_gmt":"2023-04-26T01:56:46","guid":{"rendered":"https:\/\/smartyplantsnursery.com\/product\/nispero-eriobotrya-japonica\/"},"modified":"2026-01-09T17:25:44","modified_gmt":"2026-01-09T17:25:44","slug":"nispero-eriobotrya-japonica","status":"publish","type":"product","link":"https:\/\/smartyplantsnursery.com\/es\/product\/nispero-eriobotrya-japonica\/","title":{"rendered":"N\u00edspero &#8211; eriobotrya japonica"},"content":{"rendered":"<p class=\"\"><b class=\"\">Usos generales en el paisaje:<\/b> \u00c1rbol ornamental de sombra, huerto comestible, atracci\u00f3n de polinizadores, control de la erosi\u00f3n y cortavientos, cultivo en contenedores<\/p>\n<p class=\"\"><b class=\"\">Notas sobre la restauraci\u00f3n ecol\u00f3gica:<\/b> Estabilizaci\u00f3n del suelo y control de la erosi\u00f3n, secuestro de carbono, h\u00e1bitat y fuente de alimento para la vida silvestre, tolerancia a diferentes condiciones del suelo<\/p>\n<p class=\"\"><b class=\"\">Descripci\u00f3n:<\/b> Los n\u00edsperos son frutos amarillos o naranjas que tienen un sabor dulce y ligeramente \u00e1cido. La fruta madura desde finales del invierno hasta principios de la primavera. El \u00e1rbol se utiliza a menudo como ornamental debido a la forma de la copa y al tama\u00f1o y la textura de las hojas.  <\/p>\n<p class=\"\"><b class=\"\">Dimensiones:<\/b> Altura 15 pies; Extensi\u00f3n 15 &#8211; 25 pies.<\/p>\n<p class=\"\"><b class=\"\">Tasa de crecimiento:<\/b> De moderada a r\u00e1pida<\/p>\n<p class=\"\"><b class=\"\">Distribuci\u00f3n nativa:<\/b> China<\/p>\n<p class=\"\"><b class=\"\">H\u00e1bitats nativos:<\/b> Bosques h\u00famedos, laderas abiertas, valles<\/p>\n<p class=\"\"><b class=\"\">Suelos:<\/b> Franco, con buen drenaje, ligeramente \u00e1cido a neutro (pH 6 &#8211; 7,5)<\/p>\n<p class=\"\"><b class=\"\">Requisitos nutricionales:<\/b> De moderados a altos<\/p>\n<p class=\"\"><b class=\"\">Tolerancia al agua salada:<\/b> De baja a moderada<\/p>\n<p class=\"\"><b class=\"\">Tolerancia al viento salado:<\/b> moderada<\/p>\n<p class=\"\"><b class=\"\">Tolerancia a la sequ\u00eda:<\/b> moderada<\/p>\n<p class=\"\"><b class=\"\">Requisitos de luz:<\/b> pleno sol<\/p>\n<p class=\"\"><b class=\"\">Color de la flor:<\/b> Blanco<\/p>\n<p class=\"\"><b class=\"\">Caracter\u00edsticas de la flor:<\/b> Peque\u00f1a, fragante<\/p>\n<p class=\"\"><b class=\"\">Temporada de floraci\u00f3n:<\/b> Desde finales de oto\u00f1o hasta principios de invierno<\/p>\n<p class=\"\"><b class=\"\">Fruta:<\/b> Peque\u00f1a, ovalada o en forma de pera, que se vuelve de color amarillo a naranja cuando est\u00e1 madura.<\/p>\n<p class=\"\"><b class=\"\">Vida silvestre y ecolog\u00eda:<\/b> Apoyo a los polinizadores, h\u00e1bitat de la vida silvestre<\/p>\n<p class=\"\"><b class=\"\">Notas de horticultura:<\/b> Propagaci\u00f3n por semilla, injerto, acodo a\u00e9reo<\/p>\n<p class=\"\"><b class=\"\">Comentarios:<\/b><\/p>\n<p>&nbsp;<\/p>\n<p>&nbsp;<\/p>\n<p>&nbsp;<\/p>\n","protected":false},"excerpt":{"rendered":"<p><img decoding=\"async\" class=\"alignnone size-medium wp-image-31863\" src=\"https:\/\/smartyplantsnursery.com\/wp-content\/uploads\/2023\/04\/Screen-Shot-2023-04-22-at-11.28.02-PM-300x134.png\" alt=\"\" width=\"300\" height=\"134\"><\/p>\n<div class=\"container\">\n<div class=\"table-container\">\n<table>\n<thead>\n<tr>\n<th>Tama\u00f1o de la maceta<\/th>\n<th>Altura media plantada (desde la tierra hasta la parte superior de la planta)<\/th>\n<\/tr>\n<\/thead>\n<tbody>\n<tr>\n<td>3 galones\/10&#8243;<\/td>\n<td>1 &#8211; 2 pies<\/td>\n<\/tr>\n<tr>\n<td>7 galones\/14&#8243;<\/td>\n<td>2 &#8211; 4 pies<\/td>\n<\/tr>\n<tr>\n<td>15 galones\/17&#8243;<\/td>\n<td>4 &#8211; 6 pies<\/td>\n<\/tr>\n<\/tbody>\n<\/table>\n<\/div>\n<\/div>\n","protected":false},"featured_media":44375,"comment_status":"open","ping_status":"closed","template":"","meta":[],"product_brand":[],"product_cat":[343,336,348,344,371,311,310,353,317,374,369,379,355,360,361,326,313,309,345,308,316,358,335,322,330],"product_tag":[318],"class_list":{"0":"post-45142","1":"product","2":"type-product","3":"status-publish","4":"has-post-thumbnail","6":"product_cat-acido","7":"product_cat-acodo-aereo","8":"product_cat-alta-es","9":"product_cat-arbol","10":"product_cat-arbol-de-sombra","11":"product_cat-baja","12":"product_cat-bien-drenado","13":"product_cat-comestible","14":"product_cat-contenedor","15":"product_cat-fragante-2","16":"product_cat-franco","17":"product_cat-injerto","18":"product_cat-invierno","19":"product_cat-moderada-es-3","20":"product_cat-moderada-es-4","21":"product_cat-moderada-es-2","22":"product_cat-moderada-es","23":"product_cat-moderada","24":"product_cat-neutro","25":"product_cat-otono","26":"product_cat-pequena","27":"product_cat-plantas-para-mariposas-plantas-para-polinizadores","28":"product_cat-pleno-sol","29":"product_cat-rapido","30":"product_cat-semilla","31":"product_tag-blanco","32":"pa_pot-size-1-galon-6","33":"pa_pot-size-15-galones-17","34":"pa_pot-size-3-galones-10","35":"pa_pot-size-7-galones-14","38":"first","39":"instock","40":"taxable","41":"shipping-taxable","42":"purchasable","43":"product-type-variable"},"aioseo_notices":[],"_links":{"self":[{"href":"https:\/\/smartyplantsnursery.com\/es\/wp-json\/wp\/v2\/product\/45142","targetHints":{"allow":["GET"]}}],"collection":[{"href":"https:\/\/smartyplantsnursery.com\/es\/wp-json\/wp\/v2\/product"}],"about":[{"href":"https:\/\/smartyplantsnursery.com\/es\/wp-json\/wp\/v2\/types\/product"}],"replies":[{"embeddable":true,"href":"https:\/\/smartyplantsnursery.com\/es\/wp-json\/wp\/v2\/comments?post=45142"}],"wp:featuredmedia":[{"embeddable":true,"href":"https:\/\/smartyplantsnursery.com\/es\/wp-json\/wp\/v2\/media\/44375"}],"wp:attachment":[{"href":"https:\/\/smartyplantsnursery.com\/es\/wp-json\/wp\/v2\/media?parent=45142"}],"wp:term":[{"taxonomy":"product_brand","embeddable":true,"href":"https:\/\/smartyplantsnursery.com\/es\/wp-json\/wp\/v2\/product_brand?post=45142"},{"taxonomy":"product_cat","embeddable":true,"href":"https:\/\/smartyplantsnursery.com\/es\/wp-json\/wp\/v2\/product_cat?post=45142"},{"taxonomy":"product_tag","embeddable":true,"href":"https:\/\/smartyplantsnursery.com\/es\/wp-json\/wp\/v2\/product_tag?post=45142"}],"curies":[{"name":"wp","href":"https:\/\/api.w.org\/{rel}","templated":true}]}}