{"id":45159,"date":"2023-04-29T19:28:20","date_gmt":"2023-04-29T19:28:20","guid":{"rendered":"https:\/\/smartyplantsnursery.com\/product\/monstera-monstera-deliciosa\/"},"modified":"2026-01-27T19:24:27","modified_gmt":"2026-01-27T19:24:27","slug":"monstera-monstera-deliciosa","status":"publish","type":"product","link":"https:\/\/smartyplantsnursery.com\/es\/product\/monstera-monstera-deliciosa\/","title":{"rendered":"Monstera &#8211; monstera deliciosa"},"content":{"rendered":"<p class=\"\"><b class=\"\">Usos generales en el paisaje: <\/b>Planta tropical de acento o focal, planta de sotobosque o jard\u00edn de sombra, trepadora en estructuras, planta de contenedor<\/p>\n<p class=\"\"><b class=\"\">Notas sobre la restauraci\u00f3n ecol\u00f3gica: <\/b>Creaci\u00f3n de microh\u00e1bitats<\/p>\n<p class=\"\"><b class=\"\">Descripci\u00f3n: <\/b>\u00a1La monstera es a menudo conocida por su valor ornamental como enredadera, pero ofrece a\u00fan m\u00e1s con su deliciosa fruta! Sabe a una mezcla de pl\u00e1tano y pi\u00f1a. La monstera tarda un tiempo en madurar y debe comerse cuando las escamas empiecen a caerse.  <\/p>\n<p class=\"\"><b class=\"\">Dimensiones:<\/b> altura 1,2 m<\/p>\n<p class=\"\"><b class=\"\">Tasa de crecimiento:<\/b> De moderada a r\u00e1pida<\/p>\n<p class=\"\"><b class=\"\">Distribuci\u00f3n nativa:<\/b> Am\u00e9rica Central<\/p>\n<p class=\"\"><b class=\"\">H\u00e1bitats nativos: <\/b>Bosques tropicales de tierras bajas a media altura, arroyos, riberas de r\u00edos, m\u00e1rgenes de bosques<\/p>\n<p class=\"\"><b class=\"\">Suelos:<\/b> Con buen drenaje<\/p>\n<p class=\"\"><b class=\"\">Requisitos nutricionales:<\/b> altos<\/p>\n<p class=\"\"><b class=\"\">Tolerancia al agua salada:<\/b> baja<\/p>\n<p class=\"\"><b class=\"\">Tolerancia al viento salado:<\/b> baja<\/p>\n<p class=\"\"><b class=\"\">Tolerancia a la sequ\u00eda:<\/b> moderada<\/p>\n<p class=\"\"><b class=\"\">Requisitos de luz:<\/b> pleno sol a sombra<\/p>\n<p class=\"\"><b class=\"\">Color de la flor: <\/b>Espata (blanco cremoso a amarillo p\u00e1lido); Esp\u00e1dice (amarillento a verdoso)<\/p>\n<p class=\"\"><b class=\"\">Caracter\u00edsticas de la flor: <\/b>Esp\u00e1dice y espata<\/p>\n<p class=\"\"><b class=\"\">Temporada de floraci\u00f3n: <\/b>Primavera o verano<\/p>\n<p class=\"\"><b class=\"\">Fruto: <\/b>Cono verde parecido al ma\u00edz, comestible<\/p>\n<p class=\"\"><b class=\"\">Vida silvestre y ecolog\u00eda: <\/b>Proporciona refugio y microh\u00e1bitats para peque\u00f1os animales, insectos y anfibios.<\/p>\n<p class=\"\"><b class=\"\">Notas de horticultura: <\/b>Cultivado a partir de esquejes, acodo a\u00e9reo, divisi\u00f3n, semilla<\/p>\n<p class=\"\"><b class=\"\">Comentarios:<\/b><\/p>\n","protected":false},"excerpt":{"rendered":"<p><img decoding=\"async\" class=\"alignnone size-medium wp-image-31863\" src=\"https:\/\/smartyplantsnursery.com\/wp-content\/uploads\/2023\/04\/Screen-Shot-2023-04-22-at-11.28.02-PM-300x134.png\" alt=\"\" width=\"300\" height=\"134\"><\/p>\n<div class=\"container\">\n<div class=\"table-container\">\n<table>\n<thead>\n<tr>\n<th>Tama\u00f1o de la maceta<\/th>\n<th>Altura media plantada (desde la tierra hasta la parte superior de la planta)<\/th>\n<\/tr>\n<\/thead>\n<tbody>\n<tr>\n<td>1 gal\u00f3n\/6&#8243;<\/td>\n<td>0 &#8211; 1 ft.<\/td>\n<\/tr>\n<tr>\n<td>3 galones\/10&#8243;<\/td>\n<td>1 &#8211; 2 pies<\/td>\n<\/tr>\n<tr>\n<td>7 galones\/14&#8243;<\/td>\n<td>0,6 &#8211; 0,9 m<\/td>\n<\/tr>\n<tr>\n<td>15 galones\/17&#8243;<\/td>\n<td>0,9 &#8211; 1,2 m<\/td>\n<\/tr>\n<\/tbody>\n<\/table>\n<\/div>\n<\/div>\n","protected":false},"featured_media":49028,"comment_status":"open","ping_status":"closed","template":"","meta":[],"product_brand":[],"product_cat":[336,348,311,312,310,317,331,320,325,315,302,305,313,326,334,335,323,322,330,303,349,377,307],"product_tag":[319,318,327],"class_list":{"0":"post-45159","1":"product","2":"type-product","3":"status-publish","4":"has-post-thumbnail","6":"product_cat-acodo-aereo","7":"product_cat-alta-es","8":"product_cat-baja","9":"product_cat-baja-es","10":"product_cat-bien-drenado","11":"product_cat-contenedor","12":"product_cat-division-es","13":"product_cat-enredadera","14":"product_cat-espata-y-espadice","15":"product_cat-esquejes","16":"product_cat-exotica","17":"product_cat-interior","18":"product_cat-moderada-es","19":"product_cat-moderada-es-2","20":"product_cat-planta-de-acento","21":"product_cat-pleno-sol","22":"product_cat-primavera","23":"product_cat-rapido","24":"product_cat-semilla","25":"product_cat-sol-parcial","26":"product_cat-sombra","27":"product_cat-sotobosque","28":"product_cat-verano","29":"product_tag-amarillo","30":"product_tag-blanco","31":"product_tag-verde","32":"pa_pot-size-1-galon-6","33":"pa_pot-size-15-galones-17","34":"pa_pot-size-3-galones-10","35":"pa_pot-size-7-galones-14","38":"first","39":"instock","40":"taxable","41":"shipping-taxable","42":"purchasable","43":"product-type-variable"},"aioseo_notices":[],"_links":{"self":[{"href":"https:\/\/smartyplantsnursery.com\/es\/wp-json\/wp\/v2\/product\/45159","targetHints":{"allow":["GET"]}}],"collection":[{"href":"https:\/\/smartyplantsnursery.com\/es\/wp-json\/wp\/v2\/product"}],"about":[{"href":"https:\/\/smartyplantsnursery.com\/es\/wp-json\/wp\/v2\/types\/product"}],"replies":[{"embeddable":true,"href":"https:\/\/smartyplantsnursery.com\/es\/wp-json\/wp\/v2\/comments?post=45159"}],"wp:featuredmedia":[{"embeddable":true,"href":"https:\/\/smartyplantsnursery.com\/es\/wp-json\/wp\/v2\/media\/49028"}],"wp:attachment":[{"href":"https:\/\/smartyplantsnursery.com\/es\/wp-json\/wp\/v2\/media?parent=45159"}],"wp:term":[{"taxonomy":"product_brand","embeddable":true,"href":"https:\/\/smartyplantsnursery.com\/es\/wp-json\/wp\/v2\/product_brand?post=45159"},{"taxonomy":"product_cat","embeddable":true,"href":"https:\/\/smartyplantsnursery.com\/es\/wp-json\/wp\/v2\/product_cat?post=45159"},{"taxonomy":"product_tag","embeddable":true,"href":"https:\/\/smartyplantsnursery.com\/es\/wp-json\/wp\/v2\/product_tag?post=45159"}],"curies":[{"name":"wp","href":"https:\/\/api.w.org\/{rel}","templated":true}]}}