{"id":45168,"date":"2023-04-26T01:14:00","date_gmt":"2023-04-26T01:14:00","guid":{"rendered":"https:\/\/smartyplantsnursery.com\/product\/manto-de-rey-azul-thunbergia-erecta\/"},"modified":"2026-01-07T19:44:31","modified_gmt":"2026-01-07T19:44:31","slug":"manto-de-rey-azul-thunbergia-erecta","status":"publish","type":"product","link":"https:\/\/smartyplantsnursery.com\/es\/product\/manto-de-rey-azul-thunbergia-erecta\/","title":{"rendered":"Manto de rey &#8211; azul &#8211; thunbergia erecta"},"content":{"rendered":"<p class=\"\"><b class=\"\">Usos generales en el paisaje:<\/b> Arbusto ornamental, setos y pantallas, enrejados y arcos, plantaci\u00f3n en contenedores, jardines de mariposas<\/p>\n<p class=\"\"><b class=\"\">Notas sobre la restauraci\u00f3n ecol\u00f3gica:<\/b> Estabilizaci\u00f3n del suelo y control de la erosi\u00f3n, apoyo a los polinizadores y mejora de la biodiversidad, cobertura vegetal, adaptabilidad a suelos pobres, restauraci\u00f3n de tierras secas,<\/p>\n<p class=\"\"><b class=\"\">Descripci\u00f3n:<\/b> Este arbusto lleno florece con flores de color p\u00farpura brillante con gargantas amarillas. Excelente para una planta de seto con color. <\/p>\n<p class=\"\"><b class=\"\">Dimensiones:<\/b> Altura 1,5 m; Extensi\u00f3n 0,6 &#8211; 1,2 m.<\/p>\n<p class=\"\"><b class=\"\">Tasa de crecimiento:<\/b> De moderada a r\u00e1pida<\/p>\n<p class=\"\"><b class=\"\">Distribuci\u00f3n nativa:<\/b> \u00c1frica Occidental<\/p>\n<p class=\"\"><b class=\"\">H\u00e1bitats nativos:<\/b> Bosque tropical, bordes de sabana, riberas de r\u00edos y humedales, \u00e1reas perturbadas<\/p>\n<p class=\"\"><b class=\"\">Suelos:<\/b> Con buen drenaje, f\u00e9rtiles<\/p>\n<p class=\"\"><b class=\"\">Nutricionales<\/b> <strong>requisitos<\/strong>: moderados<\/p>\n<p class=\"\"><b class=\"\">Tolerancia al agua salada:<\/b> De baja a moderada<\/p>\n<p class=\"\"><b class=\"\">Tolerancia al viento salado:<\/b> baja<\/p>\n<p class=\"\"><b class=\"\">Tolerancia a la sequ\u00eda:<\/b> moderada<\/p>\n<p class=\"\"><b class=\"\">Requisitos de luz:<\/b> pleno sol<\/p>\n<p class=\"\"><b class=\"\">Color de la flor:<\/b> Azul p\u00farpura<\/p>\n<p class=\"\"><b class=\"\">Caracter\u00edsticas de la flor:<\/b> En forma de trompeta<\/p>\n<p class=\"\"><b class=\"\">Temporada de floraci\u00f3n:<\/b> Todo el a\u00f1o<\/p>\n<p class=\"\"><b class=\"\">Fruto:<\/b> C\u00e1psula seca y dehiscente que es verde cuando est\u00e1 inmadura y se vuelve marr\u00f3n a medida que se seca<\/p>\n<p class=\"\"><b class=\"\">Vida silvestre y ecolog\u00eda:<\/b> Atrae a polinizadores como abejas, mariposas y colibr\u00edes<\/p>\n<p class=\"\"><b class=\"\">Notas de horticultura:<\/b> Cultivado a partir de esquejes, semillas<\/p>\n<p class=\"\"><b class=\"\">Comentarios:<\/b><\/p>\n","protected":false},"excerpt":{"rendered":"<p><img decoding=\"async\" class=\"alignnone size-medium wp-image-31863\" src=\"https:\/\/smartyplantsnursery.com\/wp-content\/uploads\/2023\/04\/Screen-Shot-2023-04-22-at-11.28.02-PM-300x134.png\" alt=\"\" width=\"300\" height=\"134\"><\/p>\n<div class=\"container\">\n<div class=\"table-container\">\n<table>\n<thead>\n<tr>\n<th>Tama\u00f1o de la maceta<\/th>\n<th>Altura media plantada (desde la tierra hasta la parte superior de la planta)<\/th>\n<\/tr>\n<\/thead>\n<tbody>\n<tr>\n<td>3 galones\/10&#8243;<\/td>\n<td>1 &#8211; 2 pies<\/td>\n<\/tr>\n<tr>\n<td>7 galones\/14&#8243;<\/td>\n<td>0,6 &#8211; 0,9 m<\/td>\n<\/tr>\n<\/tbody>\n<\/table>\n<\/div>\n<\/div>\n","protected":false},"featured_media":49024,"comment_status":"open","ping_status":"closed","template":"","meta":[],"product_brand":[],"product_cat":[304,311,312,310,317,315,302,355,326,313,309,360,308,378,358,335,323,322,330,332,307],"product_tag":[385,338],"class_list":{"0":"post-45168","1":"product","2":"type-product","3":"status-publish","4":"has-post-thumbnail","6":"product_cat-arbusto","7":"product_cat-baja","8":"product_cat-baja-es","9":"product_cat-bien-drenado","10":"product_cat-contenedor","11":"product_cat-esquejes","12":"product_cat-exotica","13":"product_cat-invierno","14":"product_cat-moderada-es-2","15":"product_cat-moderada-es","16":"product_cat-moderada","17":"product_cat-moderada-es-3","18":"product_cat-otono","19":"product_cat-pantalla","20":"product_cat-plantas-para-mariposas-plantas-para-polinizadores","21":"product_cat-pleno-sol","22":"product_cat-primavera","23":"product_cat-rapido","24":"product_cat-semilla","25":"product_cat-seto","26":"product_cat-verano","27":"product_tag-azul","28":"product_tag-morado","29":"pa_pot-size-3-galones-10","30":"pa_pot-size-7-galones-14","33":"first","34":"instock","35":"taxable","36":"shipping-taxable","37":"purchasable","38":"product-type-variable"},"aioseo_notices":[],"_links":{"self":[{"href":"https:\/\/smartyplantsnursery.com\/es\/wp-json\/wp\/v2\/product\/45168","targetHints":{"allow":["GET"]}}],"collection":[{"href":"https:\/\/smartyplantsnursery.com\/es\/wp-json\/wp\/v2\/product"}],"about":[{"href":"https:\/\/smartyplantsnursery.com\/es\/wp-json\/wp\/v2\/types\/product"}],"replies":[{"embeddable":true,"href":"https:\/\/smartyplantsnursery.com\/es\/wp-json\/wp\/v2\/comments?post=45168"}],"wp:featuredmedia":[{"embeddable":true,"href":"https:\/\/smartyplantsnursery.com\/es\/wp-json\/wp\/v2\/media\/49024"}],"wp:attachment":[{"href":"https:\/\/smartyplantsnursery.com\/es\/wp-json\/wp\/v2\/media?parent=45168"}],"wp:term":[{"taxonomy":"product_brand","embeddable":true,"href":"https:\/\/smartyplantsnursery.com\/es\/wp-json\/wp\/v2\/product_brand?post=45168"},{"taxonomy":"product_cat","embeddable":true,"href":"https:\/\/smartyplantsnursery.com\/es\/wp-json\/wp\/v2\/product_cat?post=45168"},{"taxonomy":"product_tag","embeddable":true,"href":"https:\/\/smartyplantsnursery.com\/es\/wp-json\/wp\/v2\/product_tag?post=45168"}],"curies":[{"name":"wp","href":"https:\/\/api.w.org\/{rel}","templated":true}]}}