{"id":45169,"date":"2023-04-26T01:50:30","date_gmt":"2023-04-26T01:50:30","guid":{"rendered":"https:\/\/smartyplantsnursery.com\/product\/lilyturf-liriope-muscari-variegata\/"},"modified":"2026-01-08T17:03:23","modified_gmt":"2026-01-08T17:03:23","slug":"lilyturf-liriope-muscari-variegata","status":"publish","type":"product","link":"https:\/\/smartyplantsnursery.com\/es\/product\/lilyturf-liriope-muscari-variegata\/","title":{"rendered":"Lilyturf &#8211; liriope muscari \u201cvariegata\u201d"},"content":{"rendered":"<p class=\"\"><b class=\"\">Usos generales en el paisaje:<\/b> Cobertura del suelo, borde, plantaci\u00f3n de sotobosque<\/p>\n<p class=\"\"><b class=\"\">Notas sobre la restauraci\u00f3n ecol\u00f3gica:<\/b> Control de la erosi\u00f3n y estabilizaci\u00f3n del suelo, tolerancia a la sequ\u00eda, supresi\u00f3n de malezas, apoyo a polinizadores y vida silvestre<\/p>\n<p class=\"\"><b class=\"\">Descripci\u00f3n:<\/b> El Liriope variegado es una cobertura de suelo herb\u00e1cea que tiene una mezcla de blanco y verde en la hoja. Es una planta de muy bajo mantenimiento que es capaz de producir una floraci\u00f3n p\u00farpura si hace suficiente fr\u00edo. <\/p>\n<p class=\"\"><b class=\"\">Dimensiones:<\/b> Altura 1 &#8211; 1,5 pies; Extensi\u00f3n 1,5 &#8211; 2 pies.<\/p>\n<p class=\"\"><b class=\"\">Tasa de crecimiento:<\/b> De moderada a r\u00e1pida<\/p>\n<p class=\"\"><b class=\"\">Distribuci\u00f3n nativa:<\/b> Asia oriental<\/p>\n<p class=\"\"><b class=\"\">H\u00e1bitats nativos:<\/b> Bosques, laderas sombreadas, sotobosques<\/p>\n<p class=\"\"><b class=\"\">Suelos:<\/b> H\u00famedos, con buen drenaje, ligeramente \u00e1cidos a neutros (pH 6 &#8211; 7,5)<\/p>\n<p class=\"\"><b class=\"\">Requisitos nutricionales:<\/b> moderados<\/p>\n<p class=\"\"><b class=\"\">Tolerancia al agua salada:<\/b> moderada<\/p>\n<p class=\"\"><b class=\"\">Tolerancia al viento salado:<\/b> moderada<\/p>\n<p class=\"\"><b class=\"\">Tolerancia a la sequ\u00eda:<\/b> Moderada a alta<\/p>\n<p class=\"\"><b class=\"\">Requisitos de luz:<\/b> pleno sol<\/p>\n<p class=\"\"><b class=\"\">Color de la flor:<\/b> P\u00farpura lavanda<\/p>\n<p class=\"\"><b class=\"\">Caracter\u00edsticas de la flor:<\/b> Las espigas de flores se elevan por encima del follaje<\/p>\n<p class=\"\"><b class=\"\">Temporada de floraci\u00f3n:<\/b> De mediados a finales del verano<\/p>\n<p class=\"\"><b class=\"\">Fruto:<\/b> Bayas peque\u00f1as y oscuras (de negro a azul)<\/p>\n<p class=\"\"><b class=\"\">Vida silvestre y ecolog\u00eda:<\/b> Las flores p\u00farpuras proporcionan n\u00e9ctar para las abejas y mariposas, las bayas atraen a las aves<\/p>\n<p class=\"\"><b class=\"\">Notas de horticultura:<\/b> Propagaci\u00f3n por divisi\u00f3n, semilla<\/p>\n<p class=\"\"><b class=\"\">Comentarios:<\/b><\/p>\n","protected":false},"excerpt":{"rendered":"<p><img decoding=\"async\" class=\"alignnone size-medium wp-image-31863\" src=\"https:\/\/smartyplantsnursery.com\/wp-content\/uploads\/2023\/04\/Screen-Shot-2023-04-22-at-11.28.02-PM-300x134.png\" alt=\"\" width=\"300\" height=\"134\"><\/p>\n<div class=\"container\">\n<div class=\"table-container\">\n<table>\n<thead>\n<tr>\n<th>Tama\u00f1o de la maceta<\/th>\n<th>Altura media plantada (desde la tierra hasta la parte superior de la planta)<\/th>\n<\/tr>\n<\/thead>\n<tbody>\n<tr>\n<td>1 gal\u00f3n\/6&#8243;<\/td>\n<td>0 &#8211; 1 ft.<\/td>\n<\/tr>\n<\/tbody>\n<\/table>\n<\/div>\n<\/div>\n","protected":false},"featured_media":52940,"comment_status":"open","ping_status":"closed","template":"","meta":[],"product_brand":[],"product_cat":[343,340,310,375,321,331,363,302,387,326,361,313,360,309,345,335,322,330,377,307],"product_tag":[337,338],"class_list":{"0":"post-45169","1":"product","2":"type-product","3":"status-publish","4":"has-post-thumbnail","6":"product_cat-acido","7":"product_cat-alta","8":"product_cat-bien-drenado","9":"product_cat-borde","10":"product_cat-cobertura-del-suelo","11":"product_cat-division-es","12":"product_cat-espiga","13":"product_cat-exotica","14":"product_cat-hierba-es","15":"product_cat-moderada-es-2","16":"product_cat-moderada-es-4","17":"product_cat-moderada-es","18":"product_cat-moderada-es-3","19":"product_cat-moderada","20":"product_cat-neutro","21":"product_cat-pleno-sol","22":"product_cat-rapido","23":"product_cat-semilla","24":"product_cat-sotobosque","25":"product_cat-verano","26":"product_tag-lavanda","27":"product_tag-morado","28":"pa_pot-size-1-galon-6","29":"pa_pot-size-3-galones-10","30":"pa_pot-size-7-galones-14","33":"first","34":"instock","35":"taxable","36":"shipping-taxable","37":"purchasable","38":"product-type-variable"},"aioseo_notices":[],"_links":{"self":[{"href":"https:\/\/smartyplantsnursery.com\/es\/wp-json\/wp\/v2\/product\/45169","targetHints":{"allow":["GET"]}}],"collection":[{"href":"https:\/\/smartyplantsnursery.com\/es\/wp-json\/wp\/v2\/product"}],"about":[{"href":"https:\/\/smartyplantsnursery.com\/es\/wp-json\/wp\/v2\/types\/product"}],"replies":[{"embeddable":true,"href":"https:\/\/smartyplantsnursery.com\/es\/wp-json\/wp\/v2\/comments?post=45169"}],"wp:featuredmedia":[{"embeddable":true,"href":"https:\/\/smartyplantsnursery.com\/es\/wp-json\/wp\/v2\/media\/52940"}],"wp:attachment":[{"href":"https:\/\/smartyplantsnursery.com\/es\/wp-json\/wp\/v2\/media?parent=45169"}],"wp:term":[{"taxonomy":"product_brand","embeddable":true,"href":"https:\/\/smartyplantsnursery.com\/es\/wp-json\/wp\/v2\/product_brand?post=45169"},{"taxonomy":"product_cat","embeddable":true,"href":"https:\/\/smartyplantsnursery.com\/es\/wp-json\/wp\/v2\/product_cat?post=45169"},{"taxonomy":"product_tag","embeddable":true,"href":"https:\/\/smartyplantsnursery.com\/es\/wp-json\/wp\/v2\/product_tag?post=45169"}],"curies":[{"name":"wp","href":"https:\/\/api.w.org\/{rel}","templated":true}]}}