{"id":45174,"date":"2023-04-26T01:08:25","date_gmt":"2023-04-26T01:08:25","guid":{"rendered":"https:\/\/smartyplantsnursery.com\/product\/palma-de-guano-thrinax-morrisii\/"},"modified":"2026-02-25T19:42:19","modified_gmt":"2026-02-25T19:42:19","slug":"palma-de-guano-thrinax-morrisii","status":"publish","type":"product","link":"https:\/\/smartyplantsnursery.com\/es\/product\/palma-de-guano-thrinax-morrisii\/","title":{"rendered":"Palma de guano &#8211; thrinax morrisii"},"content":{"rendered":"<p class=\"\"><b class=\"\">Usos generales en el paisaje:<\/b> Jardines costeros y frente a la playa, jardines xeriscape, plantaci\u00f3n en calles, jardines aptos para la vida silvestre, cortavientos y estabilizaci\u00f3n del suelo<\/p>\n<p class=\"\"><b class=\"\">Notas sobre restauraci\u00f3n ecol\u00f3gica:<\/b> Estabilizaci\u00f3n de dunas costeras y suelos, mejora del h\u00e1bitat de la vida silvestre, resistencia a la sequ\u00eda y la sal, reintroducci\u00f3n de especies nativas<\/p>\n<p class=\"\"><b class=\"\">Descripci\u00f3n:<\/b> La palma de guano es una palma excelente para su hogar. Las hojas son hermosas, con una parte inferior plateada. Al ser nativa de Florida, es muy tolerante a la sequ\u00eda y a la sal, y tambi\u00e9n es resistente a enfermedades y plagas. Las palmas de guano tienen un crecimiento lento y se pueden utilizar para cualquier paisaje.   <\/p>\n<p class=\"\"><b class=\"\">Dimensiones:<\/b> Altura 4,5-6 m; Extensi\u00f3n 1,8 &#8211; 3 m.<\/p>\n<p class=\"\"><b class=\"\">Tasa de crecimiento:<\/b> lenta<\/p>\n<p class=\"\"><b class=\"\">Distribuci\u00f3n nativa:<\/b> Cayos de Florida, Bahamas, Cuba, Islas Caim\u00e1n, Jamaica y otras islas del Caribe<\/p>\n<p class=\"\"><b class=\"\">H\u00e1bitats nativos:<\/b> Dunas costeras y h\u00e1bitats frente a la playa, pinares rocosos y calizos, bosques secos tropicales y subtropicales, zonas de transici\u00f3n de manglares<\/p>\n<p class=\"\"><b class=\"\">Suelos:<\/b> Arenoso, bien drenado<\/p>\n<p class=\"\"><b class=\"\">Requisitos nutricionales:<\/b> moderados<\/p>\n<p class=\"\"><b class=\"\">Tolerancia al agua salada:<\/b> alta<\/p>\n<p class=\"\"><b class=\"\">Tolerancia al viento salado:<\/b> alta<\/p>\n<p class=\"\"><b class=\"\">Tolerancia a la sequ\u00eda:<\/b> de alta a moderada<\/p>\n<p class=\"\"><b class=\"\">Requisitos de luz:<\/b> pleno sol<\/p>\n<p class=\"\"><b class=\"\">Color de la flor:<\/b> Blanco a amarillo cremoso<\/p>\n<p class=\"\"><b class=\"\">Caracter\u00edsticas de la flor:<\/b> peque\u00f1a<\/p>\n<p class=\"\"><b class=\"\">Temporada de floraci\u00f3n:<\/b> Primavera a verano<\/p>\n<p class=\"\"><b class=\"\">Fruto:<\/b> Drupa peque\u00f1a, redonda y blanca<\/p>\n<p class=\"\"><b class=\"\">Vida silvestre y ecolog\u00eda:<\/b> Los frutos atraen a aves y peque\u00f1os mam\u00edferos, proporciona sitios de anidaci\u00f3n y refugio para la fauna nativa<\/p>\n<p class=\"\"><b class=\"\">Notas de horticultura:<\/b> Se propaga por semilla<\/p>\n<p class=\"\"><b class=\"\">Comentarios:<\/b><\/p>\n","protected":false},"excerpt":{"rendered":"<p><img decoding=\"async\" class=\"alignnone size-medium wp-image-31863\" src=\"https:\/\/smartyplantsnursery.com\/wp-content\/uploads\/2023\/04\/Screen-Shot-2023-04-22-at-11.28.02-PM-300x134.png\" alt=\"\" width=\"300\" height=\"134\"><\/p>\n<div class=\"container\">\n<div class=\"table-container\">\n<table>\n<thead>\n<tr>\n<th>Tama\u00f1o de la maceta<\/th>\n<th>Altura media plantada (desde la tierra hasta la parte superior de la planta)<\/th>\n<\/tr>\n<\/thead>\n<tbody>\n<tr>\n<td>3 galones\/10&#8243;<\/td>\n<td>1 &#8211; 2 pies<\/td>\n<\/tr>\n<tr>\n<td>7 galones\/14&#8243;<\/td>\n<td>0,6 &#8211; 0,9 m<\/td>\n<\/tr>\n<tr>\n<td>15 galones\/17&#8243;<\/td>\n<td>0,9 &#8211; 1,2 m<\/td>\n<\/tr>\n<tr>\n<td>25 galones\/21&#8243;<\/td>\n<td>120 &#8211; 150 cm<\/td>\n<\/tr>\n<tr>\n<td>45 galones\/28&#8243;<\/td>\n<td>150 &#8211; 180 cm<\/td>\n<\/tr>\n<tr>\n<td>65 galones\/32&#8243;<\/td>\n<td>180 &#8211; 210 cm<\/td>\n<\/tr>\n<\/tbody>\n<\/table>\n<\/div>\n<\/div>\n","protected":false},"featured_media":44252,"comment_status":"open","ping_status":"closed","template":"","meta":[],"product_brand":[],"product_cat":[340,362,376,344,359,310,384,302,306,309,313,370,316,335,323,330,307,342],"product_tag":[319,318,328],"class_list":{"0":"post-45174","1":"product","2":"type-product","3":"status-publish","4":"has-post-thumbnail","6":"product_cat-alta","7":"product_cat-alta-es-2","8":"product_cat-alta-es-3","9":"product_cat-arbol","10":"product_cat-arena","11":"product_cat-bien-drenado","12":"product_cat-costero","13":"product_cat-exotica","14":"product_cat-lenta","15":"product_cat-moderada","16":"product_cat-moderada-es","17":"product_cat-palma","18":"product_cat-pequena","19":"product_cat-pleno-sol","20":"product_cat-primavera","21":"product_cat-semilla","22":"product_cat-verano","23":"product_cat-xerojardin","24":"product_tag-amarillo","25":"product_tag-blanco","26":"product_tag-crema","27":"pa_pot-size-1-galon-6","28":"pa_pot-size-15-galones-17","29":"pa_pot-size-25-galones-21","30":"pa_pot-size-3-galones-10","31":"pa_pot-size-45-galones-28","32":"pa_pot-size-65-galones-32","33":"pa_pot-size-7-galones-14","36":"first","37":"instock","38":"taxable","39":"shipping-taxable","40":"purchasable","41":"product-type-variable"},"aioseo_notices":[],"_links":{"self":[{"href":"https:\/\/smartyplantsnursery.com\/es\/wp-json\/wp\/v2\/product\/45174","targetHints":{"allow":["GET"]}}],"collection":[{"href":"https:\/\/smartyplantsnursery.com\/es\/wp-json\/wp\/v2\/product"}],"about":[{"href":"https:\/\/smartyplantsnursery.com\/es\/wp-json\/wp\/v2\/types\/product"}],"replies":[{"embeddable":true,"href":"https:\/\/smartyplantsnursery.com\/es\/wp-json\/wp\/v2\/comments?post=45174"}],"wp:featuredmedia":[{"embeddable":true,"href":"https:\/\/smartyplantsnursery.com\/es\/wp-json\/wp\/v2\/media\/44252"}],"wp:attachment":[{"href":"https:\/\/smartyplantsnursery.com\/es\/wp-json\/wp\/v2\/media?parent=45174"}],"wp:term":[{"taxonomy":"product_brand","embeddable":true,"href":"https:\/\/smartyplantsnursery.com\/es\/wp-json\/wp\/v2\/product_brand?post=45174"},{"taxonomy":"product_cat","embeddable":true,"href":"https:\/\/smartyplantsnursery.com\/es\/wp-json\/wp\/v2\/product_cat?post=45174"},{"taxonomy":"product_tag","embeddable":true,"href":"https:\/\/smartyplantsnursery.com\/es\/wp-json\/wp\/v2\/product_tag?post=45174"}],"curies":[{"name":"wp","href":"https:\/\/api.w.org\/{rel}","templated":true}]}}