{"id":45185,"date":"2023-04-26T01:38:11","date_gmt":"2023-04-26T01:38:11","guid":{"rendered":"https:\/\/smartyplantsnursery.com\/product\/aligustre-japones-aligustre-de-hoja-de-cera-ligustrum-japonicum\/"},"modified":"2026-01-06T23:57:34","modified_gmt":"2026-01-06T23:57:34","slug":"aligustre-japones-aligustre-de-hoja-de-cera-ligustrum-japonicum","status":"publish","type":"product","link":"https:\/\/smartyplantsnursery.com\/es\/product\/aligustre-japones-aligustre-de-hoja-de-cera-ligustrum-japonicum\/","title":{"rendered":"Aligustre japon\u00e9s, aligustre de hoja de cera &#8211; ligustrum japonicum"},"content":{"rendered":"<p class=\"\"><b class=\"\">Usos generales en el paisaje:<\/b> Pantalla de privacidad, seto, \u00e1rbol ornamental, control de la erosi\u00f3n, \u00e1rbol tolerante a la sequ\u00eda y al calor<\/p>\n<p class=\"\"><b class=\"\">Notas sobre la restauraci\u00f3n ecol\u00f3gica:<\/b> Control de la erosi\u00f3n, silvicultura urbana, paisajes amigables para los polinizadores<\/p>\n<p class=\"\"><b class=\"\">Descripci\u00f3n:<\/b> Este arbusto de color verde s\u00f3lido se puede utilizar como seto o para crear una pantalla de privacidad alta. El ligustrum a menudo se transforma en peque\u00f1os \u00e1rboles tipo bons\u00e1i a medida que envejece. <\/p>\n<p class=\"\"><b class=\"\">Dimensiones:<\/b> Altura 12 pies; Extensi\u00f3n 6 &#8211; 8 pies.<\/p>\n<p class=\"\"><b class=\"\">Tasa de crecimiento:<\/b> r\u00e1pida<\/p>\n<p class=\"\"><b class=\"\">Distribuci\u00f3n nativa:<\/b> Jap\u00f3n, Corea, China<\/p>\n<p class=\"\"><b class=\"\">H\u00e1bitats nativos:<\/b> \u00c1reas boscosas, laderas, terrenos perturbados<\/p>\n<p class=\"\"><b class=\"\">Suelos:<\/b> Bien drenados<\/p>\n<p class=\"\"><b class=\"\">Requisitos nutricionales:<\/b> moderados<\/p>\n<p class=\"\"><b class=\"\">Tolerancia al agua salada:<\/b> moderada<\/p>\n<p class=\"\"><b class=\"\">Tolerancia al viento salado:<\/b> moderada<\/p>\n<p class=\"\"><b class=\"\">Tolerancia a la sequ\u00eda:<\/b> moderada<\/p>\n<p class=\"\"><b class=\"\">Requisitos de luz:<\/b> pleno sol a sol parcial<\/p>\n<p class=\"\"><b class=\"\">Color de la flor:<\/b> Blanco<\/p>\n<p class=\"\"><b class=\"\">Caracter\u00edsticas de la flor:<\/b> fragante<\/p>\n<p class=\"\"><b class=\"\">Temporada de floraci\u00f3n:<\/b> Desde finales de primavera hasta principios de verano<\/p>\n<p class=\"\"><b class=\"\">Fruto:<\/b> Bayas peque\u00f1as de color azul oscuro a negro<\/p>\n<p class=\"\"><b class=\"\">Vida silvestre y ecolog\u00eda:<\/b> Las flores atraen a los polinizadores, las aves comen las bayas<\/p>\n<p class=\"\"><b class=\"\">Notas de horticultura:<\/b> Propagaci\u00f3n por semilla, esquejes<\/p>\n<p class=\"\"><b class=\"\">Comentarios:<\/b><\/p>\n","protected":false},"excerpt":{"rendered":"<p><img decoding=\"async\" class=\"alignnone size-medium wp-image-31863\" src=\"https:\/\/smartyplantsnursery.com\/wp-content\/uploads\/2023\/04\/Screen-Shot-2023-04-22-at-11.28.02-PM-300x134.png\" alt=\"\" width=\"300\" height=\"134\"><\/p>\n<div class=\"container\">\n<div class=\"table-container\">\n<table>\n<thead>\n<tr>\n<th>Tama\u00f1o de la maceta<\/th>\n<th>Altura media plantada (desde la tierra hasta la parte superior de la planta)<\/th>\n<\/tr>\n<\/thead>\n<tbody>\n<tr>\n<td>7 galones\/14&#8243;<\/td>\n<td>0,6 &#8211; 0,9 m<\/td>\n<\/tr>\n<tr>\n<td>25 galones\/21&#8243;<\/td>\n<td>4 &#8211; 6 pies<\/td>\n<\/tr>\n<\/tbody>\n<\/table>\n<\/div>\n","protected":false},"featured_media":44230,"comment_status":"open","ping_status":"closed","template":"","meta":[],"product_brand":[],"product_cat":[304,310,315,302,374,361,360,309,313,378,335,323,322,330,332,303,307],"product_tag":[318],"class_list":{"0":"post-45185","1":"product","2":"type-product","3":"status-publish","4":"has-post-thumbnail","6":"product_cat-arbusto","7":"product_cat-bien-drenado","8":"product_cat-esquejes","9":"product_cat-exotica","10":"product_cat-fragante-2","11":"product_cat-moderada-es-4","12":"product_cat-moderada-es-3","13":"product_cat-moderada","14":"product_cat-moderada-es","15":"product_cat-pantalla","16":"product_cat-pleno-sol","17":"product_cat-primavera","18":"product_cat-rapido","19":"product_cat-semilla","20":"product_cat-seto","21":"product_cat-sol-parcial","22":"product_cat-verano","23":"product_tag-blanco","24":"pa_pot-size-1-galon-6","25":"pa_pot-size-25-galones-21","26":"pa_pot-size-3-galones-10","27":"pa_pot-size-7-galones-14","30":"first","31":"instock","32":"taxable","33":"shipping-taxable","34":"purchasable","35":"product-type-variable"},"aioseo_notices":[],"_links":{"self":[{"href":"https:\/\/smartyplantsnursery.com\/es\/wp-json\/wp\/v2\/product\/45185","targetHints":{"allow":["GET"]}}],"collection":[{"href":"https:\/\/smartyplantsnursery.com\/es\/wp-json\/wp\/v2\/product"}],"about":[{"href":"https:\/\/smartyplantsnursery.com\/es\/wp-json\/wp\/v2\/types\/product"}],"replies":[{"embeddable":true,"href":"https:\/\/smartyplantsnursery.com\/es\/wp-json\/wp\/v2\/comments?post=45185"}],"wp:featuredmedia":[{"embeddable":true,"href":"https:\/\/smartyplantsnursery.com\/es\/wp-json\/wp\/v2\/media\/44230"}],"wp:attachment":[{"href":"https:\/\/smartyplantsnursery.com\/es\/wp-json\/wp\/v2\/media?parent=45185"}],"wp:term":[{"taxonomy":"product_brand","embeddable":true,"href":"https:\/\/smartyplantsnursery.com\/es\/wp-json\/wp\/v2\/product_brand?post=45185"},{"taxonomy":"product_cat","embeddable":true,"href":"https:\/\/smartyplantsnursery.com\/es\/wp-json\/wp\/v2\/product_cat?post=45185"},{"taxonomy":"product_tag","embeddable":true,"href":"https:\/\/smartyplantsnursery.com\/es\/wp-json\/wp\/v2\/product_tag?post=45185"}],"curies":[{"name":"wp","href":"https:\/\/api.w.org\/{rel}","templated":true}]}}