{"id":45192,"date":"2023-04-26T01:29:38","date_gmt":"2023-04-26T01:29:38","guid":{"rendered":"https:\/\/smartyplantsnursery.com\/product\/hierba-de-limon-cymbopogon-citratus\/"},"modified":"2026-03-27T18:14:36","modified_gmt":"2026-03-27T18:14:36","slug":"hierba-de-limon-cymbopogon-citratus","status":"publish","type":"product","link":"https:\/\/smartyplantsnursery.com\/es\/product\/hierba-de-limon-cymbopogon-citratus\/","title":{"rendered":"Hierba de lim\u00f3n &#8211; cymbopogon citratus"},"content":{"rendered":"<p class=\"\"><b class=\"\">Usos generales en el paisaje:<\/b> Bordes, contenedores, jardines de hierbas, setos<\/p>\n<p class=\"\"><b class=\"\">Notas sobre la restauraci\u00f3n ecol\u00f3gica:<\/b> Reduce la erosi\u00f3n del suelo, el secuestro de carbono, apoya a los polinizadores e insectos beneficiosos, repele naturalmente a los mosquitos<\/p>\n<p class=\"\"><b class=\"\">Descripci\u00f3n:<\/b> La hierba de lim\u00f3n tiene un sabor c\u00edtrico y se utiliza para hacer t\u00e9 y sopas. Se est\u00e1 volviendo muy popular para aquellos que buscan plantas comestibles e incluso remedios caseros. Mucha gente utiliza esta planta para repeler a los mosquitos, ya que est\u00e1 relacionada con la hierba de citronela.  <\/p>\n<p class=\"\"><b class=\"\">Dimensiones:<\/b> Altura 1,5 m; Extensi\u00f3n 0,6 &#8211; 1,2 m.<\/p>\n<p class=\"\"><b class=\"\">Tasa de crecimiento:<\/b> r\u00e1pida<\/p>\n<p class=\"\"><b class=\"\">Distribuci\u00f3n nativa:<\/b> Sudeste asi\u00e1tico, India, \u00c1frica<\/p>\n<p class=\"\"><b class=\"\">H\u00e1bitats nativos:<\/b> Praderas, campos abiertos, bordes de bosques<\/p>\n<p class=\"\"><b class=\"\">Suelos:<\/b> Bien drenados, arenosos o limosos, ligeramente \u00e1cidos a neutros (pH 5 &#8211; 8,4)<\/p>\n<p class=\"\"><b class=\"\">Requisitos nutricionales:<\/b> moderados<\/p>\n<p class=\"\"><b class=\"\">Tolerancia al agua salada:<\/b> moderada<\/p>\n<p class=\"\"><b class=\"\">Tolerancia al viento salado:<\/b> moderada<\/p>\n<p class=\"\"><b class=\"\">Tolerancia a la sequ\u00eda:<\/b> alta<\/p>\n<p class=\"\"><b class=\"\">Requisitos de luz:<\/b> pleno sol<\/p>\n<p class=\"\"><b class=\"\">Color de la flor:<\/b> Tonalidad marr\u00f3n claro, ros\u00e1ceo o rojizo<\/p>\n<p class=\"\"><b class=\"\">Caracter\u00edsticas de la flor:<\/b> Menos arom\u00e1tica que las hojas<\/p>\n<p class=\"\"><b class=\"\">Temporada de floraci\u00f3n:<\/b> Desde finales de verano hasta oto\u00f1o<\/p>\n<p class=\"\"><b class=\"\">Fruto:<\/b> n\/a<\/p>\n<p class=\"\"><b class=\"\">Fauna y ecolog\u00eda:<\/b> Apoya a los polinizadores e insectos beneficiosos; repele a los mosquitos y algunas plagas debido a su fuerte olor<\/p>\n<p class=\"\"><b class=\"\">Notas de horticultura:<\/b> Se propaga por divisi\u00f3n, semilla,<\/p>\n<p class=\"\"><b class=\"\">Comentarios:<\/b><\/p>\n<p>&nbsp;<\/p>\n<p>&nbsp;<\/p>\n","protected":false},"excerpt":{"rendered":"<p><img decoding=\"async\" class=\"alignnone size-medium wp-image-31863\" src=\"https:\/\/smartyplantsnursery.com\/wp-content\/uploads\/2023\/04\/Screen-Shot-2023-04-22-at-11.28.02-PM-300x134.png\" alt=\"\" width=\"300\" height=\"134\"><\/p>\n<div class=\"container\">\n<div class=\"table-container\">\n<table>\n<thead>\n<tr>\n<th>Tama\u00f1o de la maceta<\/th>\n<th>Altura media plantada (desde la tierra hasta la parte superior de la planta)<\/th>\n<\/tr>\n<\/thead>\n<tbody>\n<tr>\n<td>1 gal\u00f3n\/6&#8243;<\/td>\n<td>0 &#8211; 1 ft.<\/td>\n<\/tr>\n<tr>\n<td>3 galones\/10&#8243;<\/td>\n<td>1 &#8211; 2 pies<\/td>\n<\/tr>\n<\/tbody>\n<\/table>\n<\/div>\n<\/div>\n","protected":false},"featured_media":50935,"comment_status":"open","ping_status":"closed","template":"","meta":[],"product_brand":[],"product_cat":[343,340,359,310,375,353,317,331,302,374,369,387,361,360,309,345,308,335,322,330,332,307],"product_tag":[356,350,352],"class_list":{"0":"post-45192","1":"product","2":"type-product","3":"status-publish","4":"has-post-thumbnail","6":"product_cat-acido","7":"product_cat-alta","8":"product_cat-arena","9":"product_cat-bien-drenado","10":"product_cat-borde","11":"product_cat-comestible","12":"product_cat-contenedor","13":"product_cat-division-es","14":"product_cat-exotica","15":"product_cat-fragante-2","16":"product_cat-franco","17":"product_cat-hierba-es","18":"product_cat-moderada-es-4","19":"product_cat-moderada-es-3","20":"product_cat-moderada","21":"product_cat-neutro","22":"product_cat-otono","23":"product_cat-pleno-sol","24":"product_cat-rapido","25":"product_cat-semilla","26":"product_cat-seto","27":"product_cat-verano","28":"product_tag-marron","29":"product_tag-rojo","30":"product_tag-rosa","31":"pa_pot-size-1-galon-6","32":"pa_pot-size-3-galones-10","33":"pa_pot-size-7-galones-14","36":"first","37":"instock","38":"taxable","39":"shipping-taxable","40":"purchasable","41":"product-type-variable"},"aioseo_notices":[],"_links":{"self":[{"href":"https:\/\/smartyplantsnursery.com\/es\/wp-json\/wp\/v2\/product\/45192","targetHints":{"allow":["GET"]}}],"collection":[{"href":"https:\/\/smartyplantsnursery.com\/es\/wp-json\/wp\/v2\/product"}],"about":[{"href":"https:\/\/smartyplantsnursery.com\/es\/wp-json\/wp\/v2\/types\/product"}],"replies":[{"embeddable":true,"href":"https:\/\/smartyplantsnursery.com\/es\/wp-json\/wp\/v2\/comments?post=45192"}],"wp:featuredmedia":[{"embeddable":true,"href":"https:\/\/smartyplantsnursery.com\/es\/wp-json\/wp\/v2\/media\/50935"}],"wp:attachment":[{"href":"https:\/\/smartyplantsnursery.com\/es\/wp-json\/wp\/v2\/media?parent=45192"}],"wp:term":[{"taxonomy":"product_brand","embeddable":true,"href":"https:\/\/smartyplantsnursery.com\/es\/wp-json\/wp\/v2\/product_brand?post=45192"},{"taxonomy":"product_cat","embeddable":true,"href":"https:\/\/smartyplantsnursery.com\/es\/wp-json\/wp\/v2\/product_cat?post=45192"},{"taxonomy":"product_tag","embeddable":true,"href":"https:\/\/smartyplantsnursery.com\/es\/wp-json\/wp\/v2\/product_tag?post=45192"}],"curies":[{"name":"wp","href":"https:\/\/api.w.org\/{rel}","templated":true}]}}