{"id":45195,"date":"2023-04-26T00:55:02","date_gmt":"2023-04-26T00:55:02","guid":{"rendered":"https:\/\/smartyplantsnursery.com\/product\/jazmin-arabe-jazmin-sambac-jasminum-sambac\/"},"modified":"2026-03-04T18:10:22","modified_gmt":"2026-03-04T18:10:22","slug":"jazmin-arabe-jazmin-sambac-jasminum-sambac","status":"publish","type":"product","link":"https:\/\/smartyplantsnursery.com\/es\/product\/jazmin-arabe-jazmin-sambac-jasminum-sambac\/","title":{"rendered":"Jazm\u00edn \u00e1rabe, jazm\u00edn sambac &#8211; jasminum sambac"},"content":{"rendered":"<p><b>Usos generales en el paisaje:<\/b> seto ornamental o planta trepadora para p\u00e9rgolas<\/p>\n<p><b>Notas sobre la restauraci\u00f3n ecol\u00f3gica:<\/b> restauraci\u00f3n de riberas, jardines de polinizadores, reforestaci\u00f3n con plantaci\u00f3n de sotobosque, reverdecimiento urbano<\/p>\n<p><b>Descripci\u00f3n:<\/b> esta planta es conocida por sus fragantes flores blancas.<\/p>\n<p><b>Dimensiones:<\/b> altura 1,5 m<\/p>\n<p><b>Tasa de crecimiento:<\/b> R\u00e1pido a moderado<\/p>\n<p><b>Distribuci\u00f3n nativa:<\/b> sur de Asia (India, Myanmar, Sri Lanka)<\/p>\n<p><b>H\u00e1bitats nativos:<\/b> bordes de bosques tropicales y subtropicales, bosques caducifolios secos y h\u00famedos, riberas de r\u00edos y zonas ribere\u00f1as<\/p>\n<p><b>Suelos:<\/b> bien drenados, suelo franco, pH 6 &#8211; 7,5<\/p>\n<p><b>Requisitos nutricionales:<\/b> suelo con materia org\u00e1nica<\/p>\n<p><b>Tolerancia al agua salada:<\/b> baja<\/p>\n<p><b>Tolerancia al viento salado:<\/b> baja<\/p>\n<p><b>Tolerancia a la sequ\u00eda:<\/b> moderada<\/p>\n<p><b>Requisitos de luz:<\/b> Pleno sol<\/p>\n<p><b>Color de la flor:<\/b> Blanco<\/p>\n<p><b>Caracter\u00edsticas de la flor:<\/b> fragante<\/p>\n<p><b>Temporada de floraci\u00f3n:<\/b> Todo el a\u00f1o<\/p>\n<p><b>Fruto:<\/b> bayas de color negro p\u00farpura<\/p>\n<p><b>Fauna y ecolog\u00eda:<\/b> atrayente de polinizadores, estabilizaci\u00f3n del suelo y purificaci\u00f3n del aire<\/p>\n<p><b>Notas de horticultura:<\/b> se cultiva a partir de esquejes o acodos.<\/p>\n<p><b>Comentarios:<\/b><\/p>\n<p>&nbsp;<\/p>\n<p>&nbsp;<\/p>\n<p>&nbsp;<\/p>\n","protected":false},"excerpt":{"rendered":"<p><img fetchpriority=\"high\" decoding=\"async\" class=\"alignnone size-medium wp-image-54744\" src=\"https:\/\/smartyplantsnursery.com\/wp-content\/uploads\/2023\/04\/Screenshot-2026-03-03-at-2.22.47-PM-300x185.png\" alt=\"\" width=\"300\" height=\"185\"><\/p>\n<div class=\"container\">\n<div class=\"table-container\">\n<table>\n<thead>\n<tr>\n<th>Tama\u00f1o de la maceta<\/th>\n<th>Altura media plantada (desde la tierra hasta la parte superior de la planta)<\/th>\n<\/tr>\n<\/thead>\n<tbody>\n<tr>\n<td>3 galones\/10&#8243;<\/td>\n<td>1 &#8211; 2 pies<\/td>\n<\/tr>\n<\/tbody>\n<\/table>\n<\/div>\n<\/div>\n","protected":false},"featured_media":48879,"comment_status":"open","ping_status":"closed","template":"","meta":[],"product_brand":[],"product_cat":[343,336,304,311,312,310,320,315,302,374,369,355,313,326,345,308,335,323,322,332,307],"product_tag":[318],"class_list":{"0":"post-45195","1":"product","2":"type-product","3":"status-publish","4":"has-post-thumbnail","6":"product_cat-acido","7":"product_cat-acodo-aereo","8":"product_cat-arbusto","9":"product_cat-baja","10":"product_cat-baja-es","11":"product_cat-bien-drenado","12":"product_cat-enredadera","13":"product_cat-esquejes","14":"product_cat-exotica","15":"product_cat-fragante-2","16":"product_cat-franco","17":"product_cat-invierno","18":"product_cat-moderada-es","19":"product_cat-moderada-es-2","20":"product_cat-neutro","21":"product_cat-otono","22":"product_cat-pleno-sol","23":"product_cat-primavera","24":"product_cat-rapido","25":"product_cat-seto","26":"product_cat-verano","27":"product_tag-blanco","28":"pa_pot-size-1-galon-6","29":"pa_pot-size-3-galones-10","30":"pa_pot-size-7-galones-14","33":"first","34":"instock","35":"taxable","36":"shipping-taxable","37":"purchasable","38":"product-type-variable"},"aioseo_notices":[],"_links":{"self":[{"href":"https:\/\/smartyplantsnursery.com\/es\/wp-json\/wp\/v2\/product\/45195","targetHints":{"allow":["GET"]}}],"collection":[{"href":"https:\/\/smartyplantsnursery.com\/es\/wp-json\/wp\/v2\/product"}],"about":[{"href":"https:\/\/smartyplantsnursery.com\/es\/wp-json\/wp\/v2\/types\/product"}],"replies":[{"embeddable":true,"href":"https:\/\/smartyplantsnursery.com\/es\/wp-json\/wp\/v2\/comments?post=45195"}],"wp:featuredmedia":[{"embeddable":true,"href":"https:\/\/smartyplantsnursery.com\/es\/wp-json\/wp\/v2\/media\/48879"}],"wp:attachment":[{"href":"https:\/\/smartyplantsnursery.com\/es\/wp-json\/wp\/v2\/media?parent=45195"}],"wp:term":[{"taxonomy":"product_brand","embeddable":true,"href":"https:\/\/smartyplantsnursery.com\/es\/wp-json\/wp\/v2\/product_brand?post=45195"},{"taxonomy":"product_cat","embeddable":true,"href":"https:\/\/smartyplantsnursery.com\/es\/wp-json\/wp\/v2\/product_cat?post=45195"},{"taxonomy":"product_tag","embeddable":true,"href":"https:\/\/smartyplantsnursery.com\/es\/wp-json\/wp\/v2\/product_tag?post=45195"}],"curies":[{"name":"wp","href":"https:\/\/api.w.org\/{rel}","templated":true}]}}