{"id":45202,"date":"2023-04-26T01:19:53","date_gmt":"2023-04-26T01:19:53","guid":{"rendered":"https:\/\/smartyplantsnursery.com\/product\/palmito-elevado-rhapis-excelsa\/"},"modified":"2026-01-07T19:56:36","modified_gmt":"2026-01-07T19:56:36","slug":"palmito-elevado-rhapis-excelsa","status":"publish","type":"product","link":"https:\/\/smartyplantsnursery.com\/es\/product\/palmito-elevado-rhapis-excelsa\/","title":{"rendered":"Palmito elevado &#8211; rhapis excelsa"},"content":{"rendered":"<p class=\"\"><b class=\"\">Usos generales en el paisajismo:<\/b> jardines tropicales y asi\u00e1ticos, pantalla de privacidad y seto, plantaci\u00f3n en contenedores<\/p>\n<p class=\"\"><b class=\"\">Notas sobre restauraci\u00f3n ecol\u00f3gica:<\/b> estabilizaci\u00f3n del suelo y control de la erosi\u00f3n, creaci\u00f3n de microh\u00e1bitats para la biodiversidad<\/p>\n<p class=\"\"><b class=\"\">Descripci\u00f3n:<\/b> Esta elegante palmera de crecimiento lento es perfecta para cualquier \u00e1rea interior o sombreada. F\u00e1cil de cultivar, ya que requiere muy poco cuidado. <\/p>\n<p class=\"\"><b class=\"\">Dimensiones:<\/b> Altura 2,4 m; Extensi\u00f3n 1,2 &#8211; 1,8 m<\/p>\n<p class=\"\"><b class=\"\">Tasa de crecimiento:<\/b> lenta<\/p>\n<p class=\"\"><b class=\"\">Distribuci\u00f3n nativa:<\/b> sur de China, Taiw\u00e1n<\/p>\n<p class=\"\"><b class=\"\">H\u00e1bitats nativos:<\/b> Sotobosques de bosques subtropicales y tropicales, riberas sombreadas y \u00e1reas boscosas h\u00famedas<\/p>\n<p class=\"\"><b class=\"\">Suelos:<\/b> Rico, con buen drenaje, franco o arenoso, pH ligeramente \u00e1cido a neutro (6 &#8211; 7,5)<\/p>\n<p class=\"\"><b class=\"\">Requisitos nutricionales:<\/b> moderados<\/p>\n<p class=\"\"><b class=\"\">Tolerancia al agua salada:<\/b> baja<\/p>\n<p class=\"\"><b class=\"\">Tolerancia al viento salado:<\/b> baja<\/p>\n<p class=\"\"><b class=\"\">Tolerancia a la sequ\u00eda:<\/b> moderada<\/p>\n<p class=\"\"><b class=\"\">Requisitos de luz:<\/b> sol parcial a sombra<\/p>\n<p class=\"\"><b class=\"\">Color de la flor:<\/b> Amarillo a crema<\/p>\n<p class=\"\"><b class=\"\">Caracter\u00edsticas de la flor:<\/b> peque\u00f1a, discreta<\/p>\n<p class=\"\"><b class=\"\">Temporada de floraci\u00f3n:<\/b> Desde finales de primavera hasta verano<\/p>\n<p class=\"\"><b class=\"\">Fruto:<\/b> Peque\u00f1o, carnoso, blanco<\/p>\n<p class=\"\"><b class=\"\">Fauna y ecolog\u00eda:<\/b> Proporciona refugio a peque\u00f1os insectos, lagartos y aves<\/p>\n<p class=\"\"><b class=\"\">Notas de horticultura:<\/b> Se propaga por divisi\u00f3n, semilla<\/p>\n<p class=\"\"><b class=\"\">Comentarios:<\/b><\/p>\n<p>&nbsp;<\/p>\n","protected":false},"excerpt":{"rendered":"<p><img decoding=\"async\" class=\"alignnone size-medium wp-image-31863\" src=\"https:\/\/smartyplantsnursery.com\/wp-content\/uploads\/2023\/04\/Screen-Shot-2023-04-22-at-11.28.02-PM-300x134.png\" alt=\"\" width=\"300\" height=\"134\"><\/p>\n<div class=\"container\">\n<div class=\"table-container\">\n<table>\n<thead>\n<tr>\n<th>Tama\u00f1o de la maceta<\/th>\n<th>Altura media plantada (desde la tierra hasta la parte superior de la planta)<\/th>\n<\/tr>\n<\/thead>\n<tbody>\n<tr>\n<td>1 gal\u00f3n\/6&#8243;<\/td>\n<td>0 &#8211; 1 ft.<\/td>\n<\/tr>\n<tr>\n<td>3 galones\/10&#8243;<\/td>\n<td>1 &#8211; 2 pies<\/td>\n<\/tr>\n<tr>\n<td>7 galones\/14&#8243;<\/td>\n<td>2 &#8211; 4 pies<\/td>\n<\/tr>\n<tr>\n<td>15 galones\/17&#8243;<\/td>\n<td>1,2 &#8211; 1,5 m<\/td>\n<\/tr>\n<tr>\n<td>25 galones\/21&#8243;<\/td>\n<td>1,5 &#8211; 1,8 m<\/td>\n<\/tr>\n<tr>\n<td>45 galones\/28&#8243;<\/td>\n<td>1,8 &#8211; 2,1 m<\/td>\n<\/tr>\n<tr>\n<td>65 galones\/32&#8243;<\/td>\n<td>7 &#8211; 8 pies<\/td>\n<\/tr>\n<\/tbody>\n<\/table>\n<\/div>\n<\/div>\n","protected":false},"featured_media":44290,"comment_status":"open","ping_status":"closed","template":"","meta":[],"product_brand":[],"product_cat":[343,344,359,312,311,310,317,331,302,369,365,305,306,313,309,345,370,378,316,323,330,332,303,349,307],"product_tag":[319,328],"class_list":{"0":"post-45202","1":"product","2":"type-product","3":"status-publish","4":"has-post-thumbnail","6":"product_cat-acido","7":"product_cat-arbol","8":"product_cat-arena","9":"product_cat-baja-es","10":"product_cat-baja","11":"product_cat-bien-drenado","12":"product_cat-contenedor","13":"product_cat-division-es","14":"product_cat-exotica","15":"product_cat-franco","16":"product_cat-inconspicuo","17":"product_cat-interior","18":"product_cat-lenta","19":"product_cat-moderada-es","20":"product_cat-moderada","21":"product_cat-neutro","22":"product_cat-palma","23":"product_cat-pantalla","24":"product_cat-pequena","25":"product_cat-primavera","26":"product_cat-semilla","27":"product_cat-seto","28":"product_cat-sol-parcial","29":"product_cat-sombra","30":"product_cat-verano","31":"product_tag-amarillo","32":"product_tag-crema","33":"pa_pot-size-1-galon-6","34":"pa_pot-size-15-galones-17","35":"pa_pot-size-25-galones-21","36":"pa_pot-size-3-galones-10","37":"pa_pot-size-45-galones-28","38":"pa_pot-size-65-galones-32","39":"pa_pot-size-7-galones-14","42":"first","43":"instock","44":"taxable","45":"shipping-taxable","46":"purchasable","47":"product-type-variable"},"aioseo_notices":[],"_links":{"self":[{"href":"https:\/\/smartyplantsnursery.com\/es\/wp-json\/wp\/v2\/product\/45202","targetHints":{"allow":["GET"]}}],"collection":[{"href":"https:\/\/smartyplantsnursery.com\/es\/wp-json\/wp\/v2\/product"}],"about":[{"href":"https:\/\/smartyplantsnursery.com\/es\/wp-json\/wp\/v2\/types\/product"}],"replies":[{"embeddable":true,"href":"https:\/\/smartyplantsnursery.com\/es\/wp-json\/wp\/v2\/comments?post=45202"}],"wp:featuredmedia":[{"embeddable":true,"href":"https:\/\/smartyplantsnursery.com\/es\/wp-json\/wp\/v2\/media\/44290"}],"wp:attachment":[{"href":"https:\/\/smartyplantsnursery.com\/es\/wp-json\/wp\/v2\/media?parent=45202"}],"wp:term":[{"taxonomy":"product_brand","embeddable":true,"href":"https:\/\/smartyplantsnursery.com\/es\/wp-json\/wp\/v2\/product_brand?post=45202"},{"taxonomy":"product_cat","embeddable":true,"href":"https:\/\/smartyplantsnursery.com\/es\/wp-json\/wp\/v2\/product_cat?post=45202"},{"taxonomy":"product_tag","embeddable":true,"href":"https:\/\/smartyplantsnursery.com\/es\/wp-json\/wp\/v2\/product_tag?post=45202"}],"curies":[{"name":"wp","href":"https:\/\/api.w.org\/{rel}","templated":true}]}}