{"id":45203,"date":"2023-04-26T00:48:52","date_gmt":"2023-04-26T00:48:52","guid":{"rendered":"https:\/\/smartyplantsnursery.com\/product\/jazmin-de-crepe-gardenia-de-florida-tabernaemontana-divaricata\/"},"modified":"2026-04-03T17:13:56","modified_gmt":"2026-04-03T17:13:56","slug":"jazmin-de-crepe-gardenia-de-florida-tabernaemontana-divaricata","status":"publish","type":"product","link":"https:\/\/smartyplantsnursery.com\/es\/product\/jazmin-de-crepe-gardenia-de-florida-tabernaemontana-divaricata\/","title":{"rendered":"Jazm\u00edn de Crep\u00e9, Gardenia de Florida &#8211; tabernaemontana divaricata"},"content":{"rendered":"<p class=\"\"><b class=\"\">Usos generales en el paisaje:<\/b> seto o \u00e1rbol peque\u00f1o<\/p>\n<p class=\"\"><b class=\"\">Notas sobre la restauraci\u00f3n ecol\u00f3gica:<\/b> estabilizaci\u00f3n del suelo, apoyo a los polinizadores<\/p>\n<p class=\"\"><b class=\"\">Descripci\u00f3n:<\/b> este jazm\u00edn florece todo el a\u00f1o con flores blancas que se asemejan a molinillos de viento. Las hojas son brillantes y de color verde oscuro, lo que proporciona un contraste encantador para las flores de color blanco brillante. El jazm\u00edn Pinwheel seguir\u00e1 floreciendo en una buena cantidad de sombra, lo cual es poco com\u00fan para muchos arbustos con flores.  <\/p>\n<p class=\"\"><b class=\"\">Dimensiones:<\/b> altura 1,2 m<\/p>\n<p class=\"\"><b class=\"\">Tasa de crecimiento:<\/b> De moderada a r\u00e1pida<\/p>\n<p class=\"\"><b class=\"\">Distribuci\u00f3n nativa:<\/b> India, Sri Lanka, Sudeste Asi\u00e1tico, sur de China<\/p>\n<p class=\"\"><b class=\"\">H\u00e1bitats nativos:<\/b> bosques, riberas de r\u00edos y bosques de tierras bajas<\/p>\n<p class=\"\"><b class=\"\">Suelos:<\/b> bien drenados, ligeramente \u00e1cidos a neutros (pH 5,5 &#8211; 7,5)<\/p>\n<p class=\"\"><b class=\"\">Requisitos nutricionales:<\/b> moderados<\/p>\n<p class=\"\"><b class=\"\">Tolerancia al agua salada:<\/b> De baja a moderada<\/p>\n<p class=\"\"><b class=\"\">Tolerancia al viento salado:<\/b> moderada<\/p>\n<p class=\"\"><b class=\"\">Tolerancia a la sequ\u00eda:<\/b> moderada<\/p>\n<p class=\"\"><b class=\"\">Requisitos de luz:<\/b> pleno sol a sol parcial<\/p>\n<p class=\"\"><b class=\"\">Color de la flor:<\/b> Blanco<\/p>\n<p class=\"\"><b class=\"\">Caracter\u00edsticas de la flor:<\/b> fragante, con forma de molinillo de viento<\/p>\n<p class=\"\"><b class=\"\">Temporada de floraci\u00f3n:<\/b> todo el a\u00f1o<\/p>\n<p class=\"\"><b class=\"\">Fruto:<\/b> fol\u00edculos peque\u00f1os, emparejados, de color marr\u00f3n verdoso que se abren al madurar, revelando semillas de color rojo anaranjado<\/p>\n<p class=\"\"><b class=\"\">Vida silvestre y ecolog\u00eda:<\/b> apoyo a los polinizadores; estabilizaci\u00f3n del suelo y control de la erosi\u00f3n; atrae a peque\u00f1os insectos, aves y mam\u00edferos<\/p>\n<p class=\"\"><b class=\"\">Notas de horticultura:<\/b> cultivado a partir de semillas o esquejes<\/p>\n<p class=\"\"><b class=\"\">Comentarios:<\/b><\/p>\n","protected":false},"excerpt":{"rendered":"<p><img fetchpriority=\"high\" decoding=\"async\" class=\"alignnone size-medium wp-image-54744\" src=\"https:\/\/smartyplantsnursery.com\/wp-content\/uploads\/2023\/04\/Screenshot-2026-03-03-at-2.22.47-PM-300x185.webp\" alt=\"\" width=\"300\" height=\"185\"><\/p>\n<div class=\"container\">\n<div class=\"table-container\">\n<table>\n<thead>\n<tr>\n<th>Tama\u00f1o de la maceta<\/th>\n<th>Altura media plantada (desde la tierra hasta la parte superior de la planta)<\/th>\n<\/tr>\n<\/thead>\n<tbody>\n<tr>\n<td>3 galones\/10&#8243;<\/td>\n<td>1 &#8211; 2 pies<\/td>\n<\/tr>\n<tr>\n<td>7 galones\/14&#8243;<\/td>\n<td>0,6 &#8211; 0,9 m<\/td>\n<\/tr>\n<\/tbody>\n<\/table>\n<\/div>\n<\/div>\n","protected":false},"featured_media":43692,"comment_status":"open","ping_status":"closed","template":"","meta":[],"product_brand":[],"product_cat":[343,304,311,310,315,302,374,355,309,313,360,361,326,345,308,335,323,322,330,332,303,307],"product_tag":[318],"class_list":{"0":"post-45203","1":"product","2":"type-product","3":"status-publish","4":"has-post-thumbnail","6":"product_cat-acido","7":"product_cat-arbusto","8":"product_cat-baja","9":"product_cat-bien-drenado","10":"product_cat-esquejes","11":"product_cat-exotica","12":"product_cat-fragante-2","13":"product_cat-invierno","14":"product_cat-moderada","15":"product_cat-moderada-es","16":"product_cat-moderada-es-3","17":"product_cat-moderada-es-4","18":"product_cat-moderada-es-2","19":"product_cat-neutro","20":"product_cat-otono","21":"product_cat-pleno-sol","22":"product_cat-primavera","23":"product_cat-rapido","24":"product_cat-semilla","25":"product_cat-seto","26":"product_cat-sol-parcial","27":"product_cat-verano","28":"product_tag-blanco","29":"pa_pot-size-1-galon-6","30":"pa_pot-size-3-galones-10","31":"pa_pot-size-7-galones-14","34":"first","35":"instock","36":"taxable","37":"shipping-taxable","38":"purchasable","39":"product-type-variable"},"aioseo_notices":[],"_links":{"self":[{"href":"https:\/\/smartyplantsnursery.com\/es\/wp-json\/wp\/v2\/product\/45203","targetHints":{"allow":["GET"]}}],"collection":[{"href":"https:\/\/smartyplantsnursery.com\/es\/wp-json\/wp\/v2\/product"}],"about":[{"href":"https:\/\/smartyplantsnursery.com\/es\/wp-json\/wp\/v2\/types\/product"}],"replies":[{"embeddable":true,"href":"https:\/\/smartyplantsnursery.com\/es\/wp-json\/wp\/v2\/comments?post=45203"}],"wp:featuredmedia":[{"embeddable":true,"href":"https:\/\/smartyplantsnursery.com\/es\/wp-json\/wp\/v2\/media\/43692"}],"wp:attachment":[{"href":"https:\/\/smartyplantsnursery.com\/es\/wp-json\/wp\/v2\/media?parent=45203"}],"wp:term":[{"taxonomy":"product_brand","embeddable":true,"href":"https:\/\/smartyplantsnursery.com\/es\/wp-json\/wp\/v2\/product_brand?post=45203"},{"taxonomy":"product_cat","embeddable":true,"href":"https:\/\/smartyplantsnursery.com\/es\/wp-json\/wp\/v2\/product_cat?post=45203"},{"taxonomy":"product_tag","embeddable":true,"href":"https:\/\/smartyplantsnursery.com\/es\/wp-json\/wp\/v2\/product_tag?post=45203"}],"curies":[{"name":"wp","href":"https:\/\/api.w.org\/{rel}","templated":true}]}}