{"id":45218,"date":"2023-04-25T00:36:51","date_gmt":"2023-04-25T00:36:51","guid":{"rendered":"https:\/\/smartyplantsnursery.com\/product\/jaboticaba-myrciaria-cauliflora\/"},"modified":"2025-12-31T14:38:30","modified_gmt":"2025-12-31T14:38:30","slug":"jaboticaba-myrciaria-cauliflora","status":"publish","type":"product","link":"https:\/\/smartyplantsnursery.com\/es\/product\/jaboticaba-myrciaria-cauliflora\/","title":{"rendered":"Jaboticaba &#8211; myrciaria cauliflora"},"content":{"rendered":"<p class=\"\"><b class=\"\">Usos generales en el paisajismo: <\/b>\u00c1rbol ornamental, plantaci\u00f3n de setos o pantallas, \u00e1rbol de sombra, paisaje comestible, plantaci\u00f3n en contenedores, control de la erosi\u00f3n y estabilizaci\u00f3n del suelo, atracci\u00f3n de fauna silvestre<\/p>\n<p class=\"\"><b class=\"\">Notas sobre la restauraci\u00f3n ecol\u00f3gica: <\/b>Reforestaci\u00f3n de especies nativas, mejora del suelo y control de la erosi\u00f3n, apoyo a la fauna silvestre y mejora de la biodiversidad, secuestro de carbono, regulaci\u00f3n del microclima<\/p>\n<p class=\"\"><b class=\"\">Descripci\u00f3n: <\/b>La jaboticaba es un peque\u00f1o \u00e1rbol tupido con muchas ramas. El fruto es parecido a la uva, con una piel dura y pulpa en el interior. Se pueden comer frescos, hacer mermelada o congelarlos para disfrutarlos todo el a\u00f1o. El fruto solo crece en las ramas viejas, por lo que es mejor no podar el \u00e1rbol.   <\/p>\n<p class=\"\"><b class=\"\">Dimensiones: <\/b>Altura: 4,5 metros.<\/p>\n<p class=\"\"><b class=\"\">Tasa de crecimiento:<\/b> lenta<\/p>\n<p class=\"\"><b class=\"\">Distribuci\u00f3n nativa:<\/b> Brasil<\/p>\n<p class=\"\"><b class=\"\">H\u00e1bitats nativos: <\/b>Bioma del Bosque Atl\u00e1ntico, bosques ribere\u00f1os, selvas tropicales, bosques semi-caducifolios<\/p>\n<p class=\"\"><b class=\"\">Suelos:<\/b> Bien drenados, ligeramente \u00e1cidos (pH 5.5 &#8211; 6.5)<\/p>\n<p class=\"\"><b class=\"\">Requisitos nutricionales:<\/b> moderados<\/p>\n<p class=\"\"><b class=\"\">Tolerancia al agua salada:<\/b> baja<\/p>\n<p class=\"\"><b class=\"\">Tolerancia al viento salado:<\/b> moderada<\/p>\n<p class=\"\"><b class=\"\">Tolerancia a la sequ\u00eda:<\/b> moderada<\/p>\n<p class=\"\"><b class=\"\">Requisitos de luz:<\/b> pleno sol<\/p>\n<p class=\"\"><b class=\"\">Color de la flor: <\/b>Blanco, blanco cremoso<\/p>\n<p class=\"\"><b class=\"\">Caracter\u00edsticas de la flor: <\/b>Peque\u00f1os y numerosos estambres delicados<\/p>\n<p class=\"\"><b class=\"\">\u00c9poca de floraci\u00f3n: <\/b>Despu\u00e9s de fuertes lluvias o humedad estacional<\/p>\n<p class=\"\"><b class=\"\">Fruto: <\/b>Peque\u00f1o, parecido a la uva, de color p\u00farpura oscuro a negro<\/p>\n<p class=\"\"><b class=\"\">Fauna y ecolog\u00eda: <\/b>Proporciona alimento para aves, mam\u00edferos e insectos.<\/p>\n<p class=\"\"><b class=\"\">Notas de horticultura:<\/b> Cultivado a partir de semillas, injertos, acodos a\u00e9reos, esquejes<\/p>\n<p class=\"\"><b class=\"\">Comentarios:<\/b><\/p>\n","protected":false},"excerpt":{"rendered":"<p><img decoding=\"async\" class=\"alignnone size-medium wp-image-31863\" src=\"https:\/\/smartyplantsnursery.com\/wp-content\/uploads\/2023\/04\/Screen-Shot-2023-04-22-at-11.28.02-PM-300x134.png\" alt=\"\" width=\"300\" height=\"134\"><\/p>\n<div class=\"container\">\n<div class=\"table-container\">\n<table>\n<thead>\n<tr>\n<th>Tama\u00f1o de la maceta<\/th>\n<th>Altura media plantada (desde la tierra hasta la parte superior de la planta)<\/th>\n<\/tr>\n<\/thead>\n<tbody>\n<tr>\n<td>3 galones\/10&#8243;<\/td>\n<td>1 &#8211; 2 pies<\/td>\n<\/tr>\n<tr>\n<td>15 galones\/17&#8243;<\/td>\n<td>0,9 &#8211; 1,2 m<\/td>\n<\/tr>\n<tr>\n<td>25 galones\/21&#8243;<\/td>\n<td>120 &#8211; 150 cm<\/td>\n<\/tr>\n<tr>\n<td>45 galones\/28&#8243;<\/td>\n<td>1,5 &#8211; 2 m<\/td>\n<\/tr>\n<\/tbody>\n<\/table>\n<\/div>\n<\/div>\n","protected":false},"featured_media":52216,"comment_status":"open","ping_status":"closed","template":"","meta":[],"product_brand":[],"product_cat":[343,336,344,371,311,310,353,317,391,315,302,379,306,309,313,361,378,316,314,335,330,332],"product_tag":[318],"class_list":{"0":"post-45218","1":"product","2":"type-product","3":"status-publish","4":"has-post-thumbnail","6":"product_cat-acido","7":"product_cat-acodo-aereo","8":"product_cat-arbol","9":"product_cat-arbol-de-sombra","10":"product_cat-baja","11":"product_cat-bien-drenado","12":"product_cat-comestible","13":"product_cat-contenedor","14":"product_cat-en-oferta","15":"product_cat-esquejes","16":"product_cat-exotica","17":"product_cat-injerto","18":"product_cat-lenta","19":"product_cat-moderada","20":"product_cat-moderada-es","21":"product_cat-moderada-es-4","22":"product_cat-pantalla","23":"product_cat-pequena","24":"product_cat-planta-de-especimen","25":"product_cat-pleno-sol","26":"product_cat-semilla","27":"product_cat-seto","28":"product_tag-blanco","29":"pa_pot-size-15-galones-17","30":"pa_pot-size-25-galones-21","31":"pa_pot-size-3-galones-10","32":"pa_pot-size-45-galones-28","35":"first","36":"instock","37":"sale","38":"taxable","39":"shipping-taxable","40":"purchasable","41":"product-type-variable"},"aioseo_notices":[],"_links":{"self":[{"href":"https:\/\/smartyplantsnursery.com\/es\/wp-json\/wp\/v2\/product\/45218","targetHints":{"allow":["GET"]}}],"collection":[{"href":"https:\/\/smartyplantsnursery.com\/es\/wp-json\/wp\/v2\/product"}],"about":[{"href":"https:\/\/smartyplantsnursery.com\/es\/wp-json\/wp\/v2\/types\/product"}],"replies":[{"embeddable":true,"href":"https:\/\/smartyplantsnursery.com\/es\/wp-json\/wp\/v2\/comments?post=45218"}],"wp:featuredmedia":[{"embeddable":true,"href":"https:\/\/smartyplantsnursery.com\/es\/wp-json\/wp\/v2\/media\/52216"}],"wp:attachment":[{"href":"https:\/\/smartyplantsnursery.com\/es\/wp-json\/wp\/v2\/media?parent=45218"}],"wp:term":[{"taxonomy":"product_brand","embeddable":true,"href":"https:\/\/smartyplantsnursery.com\/es\/wp-json\/wp\/v2\/product_brand?post=45218"},{"taxonomy":"product_cat","embeddable":true,"href":"https:\/\/smartyplantsnursery.com\/es\/wp-json\/wp\/v2\/product_cat?post=45218"},{"taxonomy":"product_tag","embeddable":true,"href":"https:\/\/smartyplantsnursery.com\/es\/wp-json\/wp\/v2\/product_tag?post=45218"}],"curies":[{"name":"wp","href":"https:\/\/api.w.org\/{rel}","templated":true}]}}