{"id":45222,"date":"2023-04-26T00:38:05","date_gmt":"2023-04-26T00:38:05","guid":{"rendered":"https:\/\/smartyplantsnursery.com\/product\/jazmin-asiatico-trachelospermum-asiaticum-minima\/"},"modified":"2026-03-05T16:10:43","modified_gmt":"2026-03-05T16:10:43","slug":"jazmin-asiatico-trachelospermum-asiaticum-minima","status":"publish","type":"product","link":"https:\/\/smartyplantsnursery.com\/es\/product\/jazmin-asiatico-trachelospermum-asiaticum-minima\/","title":{"rendered":"Jazm\u00edn asi\u00e1tico &#8211; trachelospermum asiaticum \u201cminima\u201d"},"content":{"rendered":"<p><b>Usos generales en el paisaje:<\/b> Cobertura del suelo<\/p>\n<p><b>Notas sobre restauraci\u00f3n ecol\u00f3gica:<\/b> Control de la erosi\u00f3n, tolerancia a la sequ\u00eda, bajo mantenimiento, mejora la cobertura del suelo<\/p>\n<p><b>Descripci\u00f3n:<\/b> El jazm\u00edn asi\u00e1tico es una cobertura del suelo densa, de r\u00e1pido crecimiento y con una atractiva hoja brillante. Es una planta vers\u00e1til, que prospera al sol o a la sombra, y es f\u00e1cil de cultivar. <\/p>\n<p><b>Dimensiones:<\/b> 15 cm<\/p>\n<p><b>Tasa de crecimiento:<\/b> de moderada a r\u00e1pida<\/p>\n<p><b>Distribuci\u00f3n nativa:<\/b> Asia oriental<\/p>\n<p><b>H\u00e1bitats nativos:<\/b> Sotobosques, a lo largo de las riberas de los r\u00edos<\/p>\n<p><b>Suelos:<\/b> Prefiere suelos bien drenados, pero se adapta a diferentes tipos de suelo una vez establecido.<\/p>\n<p><b>Requisitos nutricionales:<\/b> Suelo f\u00e9rtil<\/p>\n<p><b>Tolerancia al agua salada:<\/b> moderada<\/p>\n<p><b>Tolerancia al viento salado:<\/b> moderada<\/p>\n<p><b>Tolerancia a la sequ\u00eda:<\/b> moderada<\/p>\n<p><b>Requisitos de luz:<\/b> A pleno sol o a la sombra<\/p>\n<p><b>Color de la flor:<\/b> Amarillo cremoso o blanco<\/p>\n<p><b>Caracter\u00edsticas de la flor:<\/b> Peque\u00f1a, fragante, en forma de estrella<\/p>\n<p><b>Temporada de floraci\u00f3n:<\/b> Desde finales de primavera hasta principios de verano<\/p>\n<p><b>Fruto:<\/b> Largo, delgado y parecido a una vaina, t\u00edpicamente de 5 a 10 cm de largo. Pasa de verde a marr\u00f3n a medida que madura.  <\/p>\n<p><b>Vida silvestre y ecolog\u00eda:<\/b> Las semillas no son consumidas por la vida silvestre.<\/p>\n<p><b>Notas de horticultura:<\/b> Se cultiva a partir de esquejes, acodos, semillas<\/p>\n<p><b>Comentarios:<\/b><\/p>\n<p>&nbsp;<\/p>\n<p>&nbsp;<\/p>\n<p>&nbsp;<\/p>\n<p>&nbsp;<\/p>\n<p>&nbsp;<\/p>\n","protected":false},"excerpt":{"rendered":"<p><img fetchpriority=\"high\" decoding=\"async\" class=\"alignnone size-medium wp-image-54744\" src=\"https:\/\/smartyplantsnursery.com\/wp-content\/uploads\/2023\/04\/Screenshot-2026-03-03-at-2.22.47-PM-300x185.png\" alt=\"\" width=\"300\" height=\"185\"><\/p>\n<div class=\"container\">\n<div class=\"table-container\">\n<table>\n<thead>\n<tr>\n<th>Tama\u00f1o de la maceta<\/th>\n<th>Altura media plantada (desde la tierra hasta la parte superior de la planta)<\/th>\n<\/tr>\n<\/thead>\n<tbody>\n<tr>\n<td>1 gal\u00f3n\/6&#8243;<\/td>\n<td>0 &#8211; 15 cm<\/td>\n<\/tr>\n<\/tbody>\n<\/table>\n<\/div>\n<\/div>\n","protected":false},"featured_media":49083,"comment_status":"open","ping_status":"closed","template":"","meta":[],"product_brand":[],"product_cat":[336,348,310,321,315,302,374,313,326,360,361,316,335,323,322,330,303,349,307],"product_tag":[319,318],"class_list":{"0":"post-45222","1":"product","2":"type-product","3":"status-publish","4":"has-post-thumbnail","6":"product_cat-acodo-aereo","7":"product_cat-alta-es","8":"product_cat-bien-drenado","9":"product_cat-cobertura-del-suelo","10":"product_cat-esquejes","11":"product_cat-exotica","12":"product_cat-fragante-2","13":"product_cat-moderada-es","14":"product_cat-moderada-es-2","15":"product_cat-moderada-es-3","16":"product_cat-moderada-es-4","17":"product_cat-pequena","18":"product_cat-pleno-sol","19":"product_cat-primavera","20":"product_cat-rapido","21":"product_cat-semilla","22":"product_cat-sol-parcial","23":"product_cat-sombra","24":"product_cat-verano","25":"product_tag-amarillo","26":"product_tag-blanco","27":"pa_pot-size-1-galon-6","28":"pa_pot-size-3-galones-10","29":"pa_pot-size-7-galones-14","32":"first","33":"instock","34":"featured","35":"taxable","36":"shipping-taxable","37":"purchasable","38":"product-type-variable"},"aioseo_notices":[],"_links":{"self":[{"href":"https:\/\/smartyplantsnursery.com\/es\/wp-json\/wp\/v2\/product\/45222","targetHints":{"allow":["GET"]}}],"collection":[{"href":"https:\/\/smartyplantsnursery.com\/es\/wp-json\/wp\/v2\/product"}],"about":[{"href":"https:\/\/smartyplantsnursery.com\/es\/wp-json\/wp\/v2\/types\/product"}],"replies":[{"embeddable":true,"href":"https:\/\/smartyplantsnursery.com\/es\/wp-json\/wp\/v2\/comments?post=45222"}],"wp:featuredmedia":[{"embeddable":true,"href":"https:\/\/smartyplantsnursery.com\/es\/wp-json\/wp\/v2\/media\/49083"}],"wp:attachment":[{"href":"https:\/\/smartyplantsnursery.com\/es\/wp-json\/wp\/v2\/media?parent=45222"}],"wp:term":[{"taxonomy":"product_brand","embeddable":true,"href":"https:\/\/smartyplantsnursery.com\/es\/wp-json\/wp\/v2\/product_brand?post=45222"},{"taxonomy":"product_cat","embeddable":true,"href":"https:\/\/smartyplantsnursery.com\/es\/wp-json\/wp\/v2\/product_cat?post=45222"},{"taxonomy":"product_tag","embeddable":true,"href":"https:\/\/smartyplantsnursery.com\/es\/wp-json\/wp\/v2\/product_tag?post=45222"}],"curies":[{"name":"wp","href":"https:\/\/api.w.org\/{rel}","templated":true}]}}