{"id":45229,"date":"2023-04-25T00:28:13","date_gmt":"2023-04-25T00:28:13","guid":{"rendered":"https:\/\/smartyplantsnursery.com\/product\/llama-de-los-bosques-llama-de-la-jungla-geranio-de-la-jungla-ixora-coccinea-nora-grant\/"},"modified":"2025-12-17T17:33:23","modified_gmt":"2025-12-17T17:33:23","slug":"llama-de-los-bosques-llama-de-la-jungla-geranio-de-la-jungla-ixora-coccinea-nora-grant","status":"publish","type":"product","link":"https:\/\/smartyplantsnursery.com\/es\/product\/llama-de-los-bosques-llama-de-la-jungla-geranio-de-la-jungla-ixora-coccinea-nora-grant\/","title":{"rendered":"Llama de los bosques, llama de la jungla, geranio de la jungla &#8211; ixora coccinea \u201cNora Grant\u201d"},"content":{"rendered":"<p class=\"\"><b class=\"\">Usos generales en el paisajismo:<\/b> setos y bordes, plantaci\u00f3n en contenedores, jardines de polinizadores, jardines tropicales<\/p>\n<p class=\"\"><b class=\"\">Notas sobre la restauraci\u00f3n ecol\u00f3gica:<\/b> mejora del h\u00e1bitat de polinizadores, control de la erosi\u00f3n<\/p>\n<p class=\"\"><b class=\"\">Descripci\u00f3n:<\/b> La Ixora Nora Grant tiene racimos de peque\u00f1as flores rosas que florecen durante los meses m\u00e1s c\u00e1lidos del a\u00f1o. Se utiliza mejor como seto. <\/p>\n<p class=\"\"><b class=\"\">Dimensiones:<\/b> Altura: 1,80 m<\/p>\n<p class=\"\"><b class=\"\">Tasa de crecimiento:<\/b> moderada<\/p>\n<p class=\"\"><b class=\"\">Distribuci\u00f3n nativa:<\/b> Sudeste asi\u00e1tico, sur de la India<\/p>\n<p class=\"\"><b class=\"\">H\u00e1bitats nativos:<\/b> Selvas tropicales, bosques<\/p>\n<p class=\"\"><b class=\"\">Suelos:<\/b> Ligeramente \u00e1cidos a neutros, con buen drenaje, ricos en materia org\u00e1nica<\/p>\n<p class=\"\"><b class=\"\">Requisitos nutricionales:<\/b> moderados<\/p>\n<p class=\"\"><b class=\"\">Tolerancia al agua salada:<\/b> moderada<\/p>\n<p class=\"\"><b class=\"\">Tolerancia al viento salado:<\/b> moderada<\/p>\n<p class=\"\"><b class=\"\">Tolerancia a la sequ\u00eda:<\/b> moderada<\/p>\n<p class=\"\"><b class=\"\">Requisitos de luz:<\/b> Pleno sol<\/p>\n<p class=\"\"><b class=\"\">Color de la flor:<\/b> Rosa<\/p>\n<p class=\"\"><b class=\"\">Caracter\u00edsticas de la flor:<\/b> Peque\u00f1as, tubulares, dispuestas en densos racimos redondeados<\/p>\n<p class=\"\"><b class=\"\">Temporada de floraci\u00f3n:<\/b> Todo el a\u00f1o<\/p>\n<p class=\"\"><b class=\"\">Fruto:<\/b> Drupa carnosa que es verde cuando est\u00e1 inmadura y se vuelve negra cuando est\u00e1 madura<\/p>\n<p class=\"\"><b class=\"\">Vida silvestre y ecolog\u00eda:<\/b> Apoyo a los polinizadores, h\u00e1bitat de aves<\/p>\n<p class=\"\"><b class=\"\">Notas de horticultura:<\/b> Se propaga por esquejes, semillas<\/p>\n<p class=\"\"><b class=\"\">Comentarios:<\/b><\/p>\n","protected":false},"excerpt":{"rendered":"<p><img decoding=\"async\" class=\"alignnone size-medium wp-image-31863\" src=\"https:\/\/smartyplantsnursery.com\/wp-content\/uploads\/2023\/04\/Screen-Shot-2023-04-22-at-11.28.02-PM-300x134.png\" alt=\"\" width=\"300\" height=\"134\"><\/p>\n<div class=\"container\">\n<div class=\"table-container\">\n<table>\n<thead>\n<tr>\n<th>Tama\u00f1o de la maceta<\/th>\n<th>Altura media plantada (desde la tierra hasta la parte superior de la planta)<\/th>\n<\/tr>\n<\/thead>\n<tbody>\n<tr>\n<td>3 galones\/10&#8243;<\/td>\n<td>1 &#8211; 2 pies<\/td>\n<\/tr>\n<tr>\n<td>7 galones\/14&#8243;<\/td>\n<td>2 &#8211; 2,5 pies<\/td>\n<\/tr>\n<\/tbody>\n<\/table>\n<\/div>\n<\/div>\n","protected":false},"featured_media":43910,"comment_status":"open","ping_status":"closed","template":"","meta":[],"product_brand":[],"product_cat":[343,304,310,375,317,315,302,355,361,360,309,313,326,345,308,316,358,335,323,372,330,332,333,307],"product_tag":[385,352],"class_list":{"0":"post-45229","1":"product","2":"type-product","3":"status-publish","4":"has-post-thumbnail","6":"product_cat-acido","7":"product_cat-arbusto","8":"product_cat-bien-drenado","9":"product_cat-borde","10":"product_cat-contenedor","11":"product_cat-esquejes","12":"product_cat-exotica","13":"product_cat-invierno","14":"product_cat-moderada-es-4","15":"product_cat-moderada-es-3","16":"product_cat-moderada","17":"product_cat-moderada-es","18":"product_cat-moderada-es-2","19":"product_cat-neutro","20":"product_cat-otono","21":"product_cat-pequena","22":"product_cat-plantas-para-mariposas-plantas-para-polinizadores","23":"product_cat-pleno-sol","24":"product_cat-primavera","25":"product_cat-racimo","26":"product_cat-semilla","27":"product_cat-seto","28":"product_cat-tubular-es","29":"product_cat-verano","30":"product_tag-azul","31":"product_tag-rosa","32":"pa_pot-size-1-galon-6","33":"pa_pot-size-3-galones-10","34":"pa_pot-size-7-galones-14","37":"first","38":"instock","39":"taxable","40":"shipping-taxable","41":"purchasable","42":"product-type-variable"},"aioseo_notices":[],"_links":{"self":[{"href":"https:\/\/smartyplantsnursery.com\/es\/wp-json\/wp\/v2\/product\/45229","targetHints":{"allow":["GET"]}}],"collection":[{"href":"https:\/\/smartyplantsnursery.com\/es\/wp-json\/wp\/v2\/product"}],"about":[{"href":"https:\/\/smartyplantsnursery.com\/es\/wp-json\/wp\/v2\/types\/product"}],"replies":[{"embeddable":true,"href":"https:\/\/smartyplantsnursery.com\/es\/wp-json\/wp\/v2\/comments?post=45229"}],"wp:featuredmedia":[{"embeddable":true,"href":"https:\/\/smartyplantsnursery.com\/es\/wp-json\/wp\/v2\/media\/43910"}],"wp:attachment":[{"href":"https:\/\/smartyplantsnursery.com\/es\/wp-json\/wp\/v2\/media?parent=45229"}],"wp:term":[{"taxonomy":"product_brand","embeddable":true,"href":"https:\/\/smartyplantsnursery.com\/es\/wp-json\/wp\/v2\/product_brand?post=45229"},{"taxonomy":"product_cat","embeddable":true,"href":"https:\/\/smartyplantsnursery.com\/es\/wp-json\/wp\/v2\/product_cat?post=45229"},{"taxonomy":"product_tag","embeddable":true,"href":"https:\/\/smartyplantsnursery.com\/es\/wp-json\/wp\/v2\/product_tag?post=45229"}],"curies":[{"name":"wp","href":"https:\/\/api.w.org\/{rel}","templated":true}]}}