{"id":45232,"date":"2023-04-26T00:30:10","date_gmt":"2023-04-26T00:30:10","guid":{"rendered":"https:\/\/smartyplantsnursery.com\/product\/jazmin-confederado-variegado-trachelospermum-jasminoides-variegatum\/"},"modified":"2026-04-02T13:45:20","modified_gmt":"2026-04-02T13:45:20","slug":"jazmin-confederado-variegado-trachelospermum-jasminoides-variegatum","status":"publish","type":"product","link":"https:\/\/smartyplantsnursery.com\/es\/product\/jazmin-confederado-variegado-trachelospermum-jasminoides-variegatum\/","title":{"rendered":"Jazm\u00edn confederado &#8211; variegado &#8211; trachelospermum jasminoides \u201cvariegatum\u201d"},"content":{"rendered":"<p class=\"\"><b class=\"\">Usos generales en el paisajismo:<\/b> Paisajismo ornamental, fragancia en el jard\u00edn, plantaci\u00f3n en macetas, atracci\u00f3n de fauna silvestre<\/p>\n<p class=\"\"><b class=\"\">Notas sobre la restauraci\u00f3n ecol\u00f3gica:<\/b> Cobertura del suelo y control de la erosi\u00f3n, mejora del h\u00e1bitat para la fauna silvestre<\/p>\n<p class=\"\"><b class=\"\">Descripci\u00f3n:<\/b> El jazm\u00edn confederado variegado es una enredadera de r\u00e1pido crecimiento con hojas variegadas blancas y verdes muy atractivas. \u00a1Produce racimos de peque\u00f1as flores blancas durante todo el a\u00f1o que tienen una fragancia maravillosa! \u00a1Perfecto para un enrejado o una valla!  <\/p>\n<p class=\"\"><b class=\"\">Dimensiones:<\/b> Altura 1,5 m; Extensi\u00f3n 1,2 &#8211; 1,8 m<\/p>\n<p class=\"\"><b class=\"\">Tasa de crecimiento:<\/b> r\u00e1pida<\/p>\n<p class=\"\"><b class=\"\">Distribuci\u00f3n nativa:<\/b> Asia oriental<\/p>\n<p class=\"\"><b class=\"\">H\u00e1bitats nativos:<\/b> Bosques, terrenos boscosos y a lo largo de las riberas de los r\u00edos.<\/p>\n<p class=\"\"><b class=\"\">Suelos:<\/b> Suelos francos, f\u00e9rtiles y con buen drenaje, con un pH ligeramente \u00e1cido a neutro (6 &#8211; 7,5)<\/p>\n<p class=\"\"><b class=\"\">Requisitos nutricionales:<\/b> moderados<\/p>\n<p class=\"\"><b class=\"\">Tolerancia al agua salada:<\/b> baja a moderada<\/p>\n<p class=\"\"><b class=\"\">Tolerancia al viento salado:<\/b> moderada<\/p>\n<p class=\"\"><b class=\"\">Tolerancia a la sequ\u00eda:<\/b> moderada<\/p>\n<p class=\"\"><b class=\"\">Requisitos de luz:<\/b> pleno sol<\/p>\n<p class=\"\"><b class=\"\">Color de la flor:<\/b> Blanco<\/p>\n<p class=\"\"><b class=\"\">Caracter\u00edsticas de la flor:<\/b> Peque\u00f1a, fragante<\/p>\n<p class=\"\"><b class=\"\">Temporada de floraci\u00f3n:<\/b> Todo el a\u00f1o<\/p>\n<p class=\"\"><b class=\"\">Fruto:<\/b> C\u00e1psula peque\u00f1a llena de semillas<\/p>\n<p class=\"\"><b class=\"\">Fauna y ecolog\u00eda:<\/b> Las flores atraen a abejas, mariposas y polillas, lo que contribuye a la biodiversidad del jard\u00edn. El denso follaje tambi\u00e9n proporciona cobertura para animales peque\u00f1os. <\/p>\n<p class=\"\"><b class=\"\">Notas de horticultura:<\/b> Se propaga por esquejes o acodos.<\/p>\n<p class=\"\"><b class=\"\">Comentarios:<\/b><\/p>\n<p>&nbsp;<\/p>\n<p>&nbsp;<\/p>\n","protected":false},"excerpt":{"rendered":"<p><img fetchpriority=\"high\" decoding=\"async\" class=\"alignnone size-medium wp-image-54744\" src=\"https:\/\/smartyplantsnursery.com\/wp-content\/uploads\/2023\/04\/Screenshot-2026-03-03-at-2.22.47-PM-300x185.webp\" alt=\"\" width=\"300\" height=\"185\"><\/p>\n<div class=\"container\">\n<div class=\"table-container\">\n<table>\n<thead>\n<tr>\n<th>Tama\u00f1o de la maceta<\/th>\n<th>Altura media plantada (desde la tierra hasta la parte superior de la planta)<\/th>\n<\/tr>\n<\/thead>\n<tbody>\n<tr>\n<td>1 gal\u00f3n\/6&#8243;<\/td>\n<td>15 cm &#8211; 30 cm<\/td>\n<\/tr>\n<tr>\n<td>3 galones\/10&#8243;<\/td>\n<td>1 &#8211; 2 pies<\/td>\n<\/tr>\n<\/tbody>\n<\/table>\n<\/div>\n<\/div>\n","protected":false},"featured_media":43637,"comment_status":"open","ping_status":"closed","template":"","meta":[],"product_brand":[],"product_cat":[343,336,311,310,317,320,315,302,374,369,361,313,309,360,345,316,335,322],"product_tag":[318],"class_list":{"0":"post-45232","1":"product","2":"type-product","3":"status-publish","4":"has-post-thumbnail","6":"product_cat-acido","7":"product_cat-acodo-aereo","8":"product_cat-baja","9":"product_cat-bien-drenado","10":"product_cat-contenedor","11":"product_cat-enredadera","12":"product_cat-esquejes","13":"product_cat-exotica","14":"product_cat-fragante-2","15":"product_cat-franco","16":"product_cat-moderada-es-4","17":"product_cat-moderada-es","18":"product_cat-moderada","19":"product_cat-moderada-es-3","20":"product_cat-neutro","21":"product_cat-pequena","22":"product_cat-pleno-sol","23":"product_cat-rapido","24":"product_tag-blanco","25":"pa_pot-size-1-galon-6","26":"pa_pot-size-3-galones-10","27":"pa_pot-size-7-galones-14","30":"first","31":"instock","32":"taxable","33":"shipping-taxable","34":"purchasable","35":"product-type-variable"},"aioseo_notices":[],"_links":{"self":[{"href":"https:\/\/smartyplantsnursery.com\/es\/wp-json\/wp\/v2\/product\/45232","targetHints":{"allow":["GET"]}}],"collection":[{"href":"https:\/\/smartyplantsnursery.com\/es\/wp-json\/wp\/v2\/product"}],"about":[{"href":"https:\/\/smartyplantsnursery.com\/es\/wp-json\/wp\/v2\/types\/product"}],"replies":[{"embeddable":true,"href":"https:\/\/smartyplantsnursery.com\/es\/wp-json\/wp\/v2\/comments?post=45232"}],"wp:featuredmedia":[{"embeddable":true,"href":"https:\/\/smartyplantsnursery.com\/es\/wp-json\/wp\/v2\/media\/43637"}],"wp:attachment":[{"href":"https:\/\/smartyplantsnursery.com\/es\/wp-json\/wp\/v2\/media?parent=45232"}],"wp:term":[{"taxonomy":"product_brand","embeddable":true,"href":"https:\/\/smartyplantsnursery.com\/es\/wp-json\/wp\/v2\/product_brand?post=45232"},{"taxonomy":"product_cat","embeddable":true,"href":"https:\/\/smartyplantsnursery.com\/es\/wp-json\/wp\/v2\/product_cat?post=45232"},{"taxonomy":"product_tag","embeddable":true,"href":"https:\/\/smartyplantsnursery.com\/es\/wp-json\/wp\/v2\/product_tag?post=45232"}],"curies":[{"name":"wp","href":"https:\/\/api.w.org\/{rel}","templated":true}]}}